{"id":1223,"date":"2026-01-04T06:46:40","date_gmt":"2026-01-04T06:46:40","guid":{"rendered":"https:\/\/lyfilter.com\/?post_type=product&#038;p=1223"},"modified":"2026-01-04T06:46:40","modified_gmt":"2026-01-04T06:46:40","slug":"oem-customized-polypropylene-melt-blown-filter-with-pp-water-filter-media-1-5-10-100micron","status":"publish","type":"product","link":"https:\/\/lyfilter.com\/pt\/oem-customized-polypropylene-melt-blown-filter-with-pp-water-filter-media-1-5-10-100micron\/","title":{"rendered":"Filtro de polipropileno fundido-soprado personalizado OEM com meio de filtro de \u00e1gua PP 1 5 10 100micron"},"content":{"rendered":"<table>\n<thead>\n<tr>\n<th>Vis\u00e3o geral<\/th>\n<th>Cartucho filtrante em polipropileno fundido e soprado (s\u00e9rie LY-PPF)<\/th>\n<\/tr>\n<\/thead>\n<tbody>\n<tr>\n<td>Local de origem<\/td>\n<td>Guangdong, China<\/td>\n<\/tr>\n<tr>\n<td>Nome da marca<\/td>\n<td>Lvyuan \/ OEM<\/td>\n<\/tr>\n<tr>\n<td>N\u00famero do modelo<\/td>\n<td>S\u00e9rie LY-PPF<\/td>\n<\/tr>\n<tr>\n<td>Nome do produto<\/td>\n<td>filtro de polipropileno fundido-soprado<\/td>\n<\/tr>\n<tr>\n<td>Taxa de microns<\/td>\n<td>Cartucho de filtros de 1, 3, 5, 10~100 m\u00edcrones<\/td>\n<\/tr>\n<tr>\n<td>Certifica\u00e7\u00e3o<\/td>\n<td>CE, SGS<\/td>\n<\/tr>\n<tr>\n<td>Aplica\u00e7\u00e3o<\/td>\n<td>pe\u00e7as para filtros de \u00e1gua, Osmose Inversa<\/td>\n<\/tr>\n<tr>\n<td>Utiliza\u00e7\u00e3o<\/td>\n<td>Filtro de cartucho para l\u00edquidos<\/td>\n<\/tr>\n<tr>\n<td>Comprimento<\/td>\n<td>5\u2033, 10\u2033, 20\u2033, 30\u2033, 40\u2033, 50\u201d polegadas<\/td>\n<\/tr>\n<tr>\n<td>Meios filtrantes<\/td>\n<td>Membrana de polipropileno PP<\/td>\n<\/tr>\n<tr>\n<td>Tampa da extremidade<\/td>\n<td>DOE, 222+Fin, 222+Flat, 226+Fin, 226+Flat<\/td>\n<\/tr>\n<tr>\n<td>OEM Di\u00e2metro exterior<\/td>\n<td>Op\u00e7\u00e3o de 15mm a 200mm<\/td>\n<\/tr>\n<tr>\n<td>N\u00facleo interno<\/td>\n<td>PP ou Nenhum<\/td>\n<\/tr>\n<tr>\n<td>Capacidade de fornecimento<\/td>\n<td>5000 pe\u00e7as\/pe\u00e7as por dia (meio filtrante de \u00e1gua pp)<\/td>\n<\/tr>\n<\/tbody>\n<\/table>","protected":false},"excerpt":{"rendered":"<p>Este cartucho em PP fundido ajuda a proteger os sistemas de \u00e1gua e as unidades RO, retendo as part\u00edculas finas. Escolha a classifica\u00e7\u00e3o de microns, o comprimento, o estilo da tampa da extremidade e o di\u00e2metro para se adaptar \u00e0 sua caixa, com op\u00e7\u00f5es OEM dispon\u00edveis.<\/p>","protected":false},"featured_media":1242,"comment_status":"open","ping_status":"closed","template":"","meta":{"_gspb_post_css":""},"product_brand":[],"product_cat":[23,17],"product_tag":[644,650,651,647,648,649],"class_list":{"0":"post-1223","1":"product","2":"type-product","3":"status-publish","4":"has-post-thumbnail","6":"product_cat-pp-filter-cartridge","7":"product_cat-sediment-filter","8":"product_tag-1-micron-filter-cartridge","9":"product_tag-doe-222-226-end-cap","10":"product_tag-oem-diameter-filter","11":"product_tag-polypropylene-melt-blown-filter","12":"product_tag-pp-filter-cartridge","13":"product_tag-reverse-osmosis-prefilter","15":"first","16":"instock","17":"shipping-taxable","18":"product-type-simple"},"_links":{"self":[{"href":"https:\/\/lyfilter.com\/pt\/wp-json\/wp\/v2\/product\/1223","targetHints":{"allow":["GET"]}}],"collection":[{"href":"https:\/\/lyfilter.com\/pt\/wp-json\/wp\/v2\/product"}],"about":[{"href":"https:\/\/lyfilter.com\/pt\/wp-json\/wp\/v2\/types\/product"}],"replies":[{"embeddable":true,"href":"https:\/\/lyfilter.com\/pt\/wp-json\/wp\/v2\/comments?post=1223"}],"wp:featuredmedia":[{"embeddable":true,"href":"https:\/\/lyfilter.com\/pt\/wp-json\/wp\/v2\/media\/1242"}],"wp:attachment":[{"href":"https:\/\/lyfilter.com\/pt\/wp-json\/wp\/v2\/media?parent=1223"}],"wp:term":[{"taxonomy":"product_brand","embeddable":true,"href":"https:\/\/lyfilter.com\/pt\/wp-json\/wp\/v2\/product_brand?post=1223"},{"taxonomy":"product_cat","embeddable":true,"href":"https:\/\/lyfilter.com\/pt\/wp-json\/wp\/v2\/product_cat?post=1223"},{"taxonomy":"product_tag","embeddable":true,"href":"https:\/\/lyfilter.com\/pt\/wp-json\/wp\/v2\/product_tag?post=1223"}],"curies":[{"name":"wp","href":"https:\/\/api.w.org\/{rel}","templated":true}]}}