{"id":1218,"date":"2026-01-04T06:42:31","date_gmt":"2026-01-04T06:42:31","guid":{"rendered":"https:\/\/lyfilter.com\/?post_type=product&#038;p=1218"},"modified":"2026-01-04T06:42:31","modified_gmt":"2026-01-04T06:42:31","slug":"10-20-30-40-inch-pp-melt-blown-filter-cartridge-filter-water-with-1-3-5-micron","status":"publish","type":"product","link":"https:\/\/lyfilter.com\/pt\/10-20-30-40-inch-pp-melt-blown-filter-cartridge-filter-water-with-1-3-5-micron\/","title":{"rendered":"10 20 30 40 polegadas pp melt blown filtro cartucho filtro \u00e1gua com 1 3 5 m\u00edcron"},"content":{"rendered":"<table>\n<thead>\n<tr>\n<th>Vis\u00e3o geral<\/th>\n<th>Cartucho de filtro de \u00e1gua de fibra PP para tratamento de \u00e1gua<\/th>\n<\/tr>\n<\/thead>\n<tbody>\n<tr>\n<td>Sectores aplic\u00e1veis<\/td>\n<td>F\u00e1brica de produ\u00e7\u00e3o, F\u00e1brica de alimentos e bebidas, tratamento de \u00e1gua<\/td>\n<\/tr>\n<tr>\n<td>Local de origem<\/td>\n<td>Guangdong, China<\/td>\n<\/tr>\n<tr>\n<td>Nome da marca<\/td>\n<td>Lvyuan, OEM, ODM<\/td>\n<\/tr>\n<tr>\n<td>Material<\/td>\n<td>pp<\/td>\n<\/tr>\n<tr>\n<td>Mat\u00e9ria-prima<\/td>\n<td>fibra pp<\/td>\n<\/tr>\n<tr>\n<td>Tamanho<\/td>\n<td>personalizado<\/td>\n<\/tr>\n<tr>\n<td>Comprimento<\/td>\n<td>10 \/ 20 \/ 30 \/ 40 polegadas ou personalizado<\/td>\n<\/tr>\n<tr>\n<td>Peso<\/td>\n<td>personalizado<\/td>\n<\/tr>\n<tr>\n<td>Pot\u00eancia<\/td>\n<td>0<\/td>\n<\/tr>\n<tr>\n<td>Carater\u00edstica<\/td>\n<td>Alta efici\u00eancia<\/td>\n<\/tr>\n<tr>\n<td>Taxa de remo\u00e7\u00e3o<\/td>\n<td>1 m\u00edcron, 5 m\u00edcron<\/td>\n<\/tr>\n<tr>\n<td>Utiliza\u00e7\u00e3o<\/td>\n<td>tratamento da \u00e1gua<\/td>\n<\/tr>\n<tr>\n<td>Aplica\u00e7\u00e3o<\/td>\n<td>setorial<\/td>\n<\/tr>\n<tr>\n<td>Cor<\/td>\n<td>branco<\/td>\n<\/tr>\n<tr>\n<td>Apar\u00eancia<\/td>\n<td>em relevo, brilhante, etc.<\/td>\n<\/tr>\n<tr>\n<td>Embalagem<\/td>\n<td>caixa de papel<\/td>\n<\/tr>\n<tr>\n<td>Certifica\u00e7\u00e3o<\/td>\n<td>SGS<\/td>\n<\/tr>\n<tr>\n<td>Garantia<\/td>\n<td>N\u00e3o dispon\u00edvel<\/td>\n<\/tr>\n<tr>\n<td>Servi\u00e7o p\u00f3s-venda prestado<\/td>\n<td>Sem servi\u00e7o p\u00f3s-venda<\/td>\n<\/tr>\n<tr>\n<td>Capacidade de fornecimento<\/td>\n<td>500 unidades\/pe\u00e7as por ano<\/td>\n<\/tr>\n<tr>\n<td>Descri\u00e7\u00e3o do v\u00eddeo<\/td>\n<td>N\u00e3o fornecido<\/td>\n<\/tr>\n<\/tbody>\n<\/table>","protected":false},"excerpt":{"rendered":"<p>Um cartucho de filtro de fibra PP de alta efici\u00eancia concebido para ajudar a manter os sistemas de \u00e1gua limpos em f\u00e1bricas e no processamento de alimentos e bebidas. Dispon\u00edvel em comprimentos de 10-40 polegadas ou tamanhos personalizados, com op\u00e7\u00f5es de 1 ou 5 microns.<\/p>","protected":false},"featured_media":1235,"comment_status":"open","ping_status":"closed","template":"","meta":{"_gspb_post_css":""},"product_brand":[],"product_cat":[23,17],"product_tag":[644,645,646,641,638,340],"class_list":{"0":"post-1218","1":"product","2":"type-product","3":"status-publish","4":"has-post-thumbnail","6":"product_cat-pp-filter-cartridge","7":"product_cat-sediment-filter","8":"product_tag-1-micron-filter-cartridge","9":"product_tag-5-micron-filter-cartridge","10":"product_tag-custom-length-filter","11":"product_tag-oem-odm-water-filter","12":"product_tag-pp-fiber-filter-cartridge","13":"product_tag-water-treatment-filter","15":"first","16":"instock","17":"shipping-taxable","18":"product-type-simple"},"_links":{"self":[{"href":"https:\/\/lyfilter.com\/pt\/wp-json\/wp\/v2\/product\/1218","targetHints":{"allow":["GET"]}}],"collection":[{"href":"https:\/\/lyfilter.com\/pt\/wp-json\/wp\/v2\/product"}],"about":[{"href":"https:\/\/lyfilter.com\/pt\/wp-json\/wp\/v2\/types\/product"}],"replies":[{"embeddable":true,"href":"https:\/\/lyfilter.com\/pt\/wp-json\/wp\/v2\/comments?post=1218"}],"wp:featuredmedia":[{"embeddable":true,"href":"https:\/\/lyfilter.com\/pt\/wp-json\/wp\/v2\/media\/1235"}],"wp:attachment":[{"href":"https:\/\/lyfilter.com\/pt\/wp-json\/wp\/v2\/media?parent=1218"}],"wp:term":[{"taxonomy":"product_brand","embeddable":true,"href":"https:\/\/lyfilter.com\/pt\/wp-json\/wp\/v2\/product_brand?post=1218"},{"taxonomy":"product_cat","embeddable":true,"href":"https:\/\/lyfilter.com\/pt\/wp-json\/wp\/v2\/product_cat?post=1218"},{"taxonomy":"product_tag","embeddable":true,"href":"https:\/\/lyfilter.com\/pt\/wp-json\/wp\/v2\/product_tag?post=1218"}],"curies":[{"name":"wp","href":"https:\/\/api.w.org\/{rel}","templated":true}]}}