{"id":905,"date":"2025-12-25T03:17:46","date_gmt":"2025-12-25T03:17:46","guid":{"rendered":"https:\/\/lyfilter.com\/?post_type=product&#038;p=905"},"modified":"2025-12-25T03:17:46","modified_gmt":"2025-12-25T03:17:46","slug":"melt-blown-pp-filter-cartridge-with-pp-filter-core-for-water-filtration","status":"publish","type":"product","link":"https:\/\/lyfilter.com\/it\/melt-blown-pp-filter-cartridge-with-pp-filter-core-for-water-filtration\/","title":{"rendered":"cartuccia filtrante in pp soffiato con nucleo filtrante in pp per la filtrazione dell'acqua"},"content":{"rendered":"<div class=\"pro_aliData\">\n<div class=\"detail-box\">\n<div class=\"scc-wrapper detail-module module-productSpecification\" data-spm=\"pronpeci14\">\n<div id=\"J-rich-text-description\" class=\"richtext richtext-detail rich-text-description\">\n<div id=\"detail_decorate_root\" data-host=\"111234190\" data-id=\"detail_decorate_root\">\n<div id=\"_root\" class=\"engine-app\" data-reactroot=\"\">\n<div id=\"ali-anchor-AliMagic-nzusbc\" class=\"magic-0\" data-section=\"AliMagic-nzusbc\" data-section-title=\"Product Description\">Descrizione del prodotto<\/div>\n<div class=\"icbu-pc-images magic-1\">\n<div>\n<div class=\"flex-layout-v\">\n<div class=\"flex-layout-h magic-1\">\n<div class=\"magic-2\"><img decoding=\"async\" class=\"magic-3\" src=\"https:\/\/img.yfisher.com\/m6076\/1725726990g0q\/jpg70-t3-scale100.webp\" alt=\"cartuccia filtrante in pp soffiato con nucleo filtrante in pp per la filtrazione dell&#039;acqua 7\" data-lazy=\"2\" title=\"\"><\/div>\n<\/div>\n<\/div>\n<\/div>\n<\/div>\n<div class=\"detail-decorate-json-renderer-container\">\n<div class=\"magic-4\">\n<div class=\"magic-5\">\n<div class=\"magic-6\">\n<div class=\"magic-7\">\n<p class=\"magic-8\"><b>Descrizione generale<\/b><\/p>\n<p class=\"magic-8\">Lvyuan pp <a href=\"https:\/\/lyfilter.com\/it\/melt-blown-filter-cartridge.html\/\">cartuccia filtrante soffiata per fusione<\/a> \u00e8 un tipo di cartuccia filtrante standard e semplice per la purificazione dell'acqua. Si tratta di fibre di polipropilene fuse e intrecciate senza l'uso di collanti chimici.<\/p>\n<p class=\"magic-8\">\nLa cartuccia filtrante \u00e8 realizzata in polipropilene puro 100%. Questa cartuccia filtrante \u00e8 radom per formare micropori 3D che rendono la cartuccia a 3 strati con fibre fini in superficie e fibre grossolane e filtrazione profonda. Come la fibra e la densit\u00e0 di alta filtrazione e la capacit\u00e0 di trattenere gli inquinanti sul diametro della cartuccia filtrante, la bassa caduta di pressione, il cambiamento graduale della struttura di filtrazione profonda con l'esterno e l'interno vicino, la forte capacit\u00e0 di trattenere gli inquinanti, pu\u00f2 rimuovere efficacemente il contaminante, come la sostanza sospesa, il particolato e la ruggine, fornendo una filtrazione efficiente e una lunga durata.<\/p>\n<\/div>\n<\/div>\n<\/div>\n<\/div>\n<\/div>\n<div class=\"icbu-pc-images magic-1\">\n<div>\n<div class=\"flex-layout-v\">\n<div class=\"flex-layout-h magic-1\">\n<div class=\"magic-9\"><img decoding=\"async\" class=\"magic-10\" src=\"https:\/\/img.yfisher.com\/m6076\/17257276796e1\/jpg70-t3-scale100.webp\" alt=\"cartuccia filtrante in pp soffiato con nucleo filtrante in pp per la filtrazione dell&#039;acqua 9\" data-lazy=\"2\" title=\"\"><\/div>\n<\/div>\n<\/div>\n<\/div>\n<\/div>\n<div class=\"detail-decorate-json-renderer-container\">\n<div class=\"magic-4\">\n<div class=\"magic-5\">\n<div class=\"magic-6\">\n<div class=\"magic-7\">\n<p class=\"magic-8\"><b><span style=\"font-family: Arial, Helvetica; font-size: medium;\">Caratteristiche:<\/span><\/b><\/p>\n<p>1. Elevata capacit\u00e0 di trattenere lo sporco e lunga durata.<\/p>\n<p>2. Dimensioni personalizzate e logo in acciaio.<\/p>\n<p>3. Non causerebbe la caduta di fibre.<\/p>\n<\/div>\n<\/div>\n<\/div>\n<\/div>\n<\/div>\n<div class=\"icbu-pc-images magic-1\">\n<div>\n<div class=\"flex-layout-v\">\n<div class=\"flex-layout-h magic-1\">\n<div class=\"magic-11\"><img decoding=\"async\" class=\"magic-12\" src=\"https:\/\/img.yfisher.com\/m6076\/172572699030m\/jpg70-t3-scale100.webp\" alt=\"cartuccia filtrante in pp soffiato con nucleo filtrante in pp per la filtrazione dell&#039;acqua 11\" data-lazy=\"2\" title=\"\"><\/div>\n<\/div>\n<\/div>\n<\/div>\n<\/div>\n<div class=\"detail-decorate-json-renderer-container\">\n<div class=\"magic-4\">\n<div class=\"magic-5\">\n<div class=\"magic-6\">\n<div class=\"magic-7\">\n<p class=\"magic-8\"><b>\u00a0Specifiche della cartuccia filtrante per acqua soffiata Lvyuan pp:<\/b><\/p>\n<\/div>\n<\/div>\n<\/div>\n<\/div>\n<\/div>\n<div class=\"ife-detail-decorate-table\">\n<div class=\"table-responsive\">\n<table class=\"all magic-13\">\n<tbody>\n<tr>\n<td>\n<div class=\"magic-14\">Materiale del supporto filtrante<\/div>\n<\/td>\n<td>\n<div class=\"magic-15\">PP (polipropilene)<\/div>\n<\/td>\n<\/tr>\n<tr>\n<td>\n<div class=\"magic-14\">Nucleo centrale\/Cappelli finali<\/div>\n<\/td>\n<td>\n<div class=\"magic-15\">PP\/nessuno<\/div>\n<\/td>\n<\/tr>\n<tr>\n<td>\n<div class=\"magic-14\">Materiale della guarnizione<\/div>\n<\/td>\n<td>\n<div class=\"magic-15\">Silicone, EPDM, NBR, VITON, TEFLON, ecc.<\/div>\n<\/td>\n<\/tr>\n<tr>\n<td>\n<div class=\"magic-14\">Adattatori<\/div>\n<\/td>\n<td>\n<div class=\"magic-15\">DOE, 222flat, 222fin, 226flat, 226fin o personalizzato<\/div>\n<\/td>\n<\/tr>\n<tr>\n<td>\n<div class=\"magic-14\">Superficie<\/div>\n<\/td>\n<td>\n<div class=\"magic-15\">Superficie lucida, scanalata, in rilievo, agugliata, a buccia d'arancia<\/div>\n<\/td>\n<\/tr>\n<tr>\n<td>\n<div class=\"magic-14\">diametro interno<\/div>\n<\/td>\n<td>\n<div class=\"magic-15\">28 mm, 30 mm o personalizzato<\/div>\n<\/td>\n<\/tr>\n<tr>\n<td>\n<div class=\"magic-14\">diametro esterno<\/div>\n<\/td>\n<td>\n<div class=\"magic-15\">63 mm, 65 mm o personalizzato<\/div>\n<\/td>\n<\/tr>\n<tr>\n<td>\n<div class=\"magic-14\">lunghezza<\/div>\n<\/td>\n<td>\n<div class=\"magic-15\">10 pollici, 20 pollici, 30 pollici, 40 pollici<\/div>\n<\/td>\n<\/tr>\n<tr>\n<td>\n<div class=\"magic-14\">Pressione differenziale massima<\/div>\n<\/td>\n<td>\n<div class=\"magic-15\">3,5 bar a 20\u2103<\/div>\n<\/td>\n<\/tr>\n<\/tbody>\n<\/table>\n<\/div>\n<\/div>\n<div class=\"detail-decorate-json-renderer-container\">\n<div class=\"magic-4\">\n<div class=\"magic-5\">\n<div class=\"magic-6\">\n<div class=\"magic-7\">\n<p class=\"magic-8\"><b>\u00a0Con anni di produzione di pp fuso soffiato, possiamo accettare specifiche personalizzate, multi-adattatori, due tipi di media filtranti.<\/b><\/p>\n<\/div>\n<\/div>\n<\/div>\n<\/div>\n<\/div>\n<div class=\"icbu-pc-images magic-1\">\n<div>\n<div class=\"flex-layout-v\">\n<div class=\"flex-layout-h magic-1\">\n<div class=\"magic-16\"><img decoding=\"async\" class=\"magic-17\" src=\"https:\/\/img.yfisher.com\/m6076\/1725727022zxt\/jpg70-t3-scale100.webp\" alt=\"cartuccia filtrante in pp soffiato con anima filtrante in pp per la filtrazione dell&#039;acqua 13\" data-lazy=\"2\" title=\"\"><\/div>\n<\/div>\n<\/div>\n<\/div>\n<\/div>\n<div class=\"detail-decorate-json-renderer-container\">\n<div class=\"magic-4\">\n<div class=\"magic-5\">\n<div class=\"magic-6\">\n<div class=\"magic-7\">\n<p class=\"magic-8\"><b>Servizio di personalizzazione:<\/b><\/p>\n<p class=\"magic-8\">1. Accettare dimensioni e lunghezze personalizzate.                            2. Accettare un adattatore personalizzato.<\/p>\n<p>3. Accettare la personalizzazione dell'aspetto.                                    4. Accettare due precisioni.<\/p>\n<p>5. Accettare il grammo personalizzato<\/p>\n<\/div>\n<\/div>\n<\/div>\n<\/div>\n<\/div>\n<div class=\"icbu-pc-images magic-1\">\n<div>\n<div class=\"flex-layout-v\">\n<div class=\"flex-layout-h magic-1\">\n<div class=\"magic-18\"><img decoding=\"async\" class=\"magic-19\" src=\"https:\/\/img.yfisher.com\/m6076\/172572699016s\/jpg70-t3-scale100.webp\" alt=\"cartuccia filtrante in pp soffiato con nucleo filtrante in pp per la filtrazione dell&#039;acqua 15\" data-lazy=\"2\" title=\"\"><\/div>\n<\/div>\n<\/div>\n<\/div>\n<\/div>\n<div class=\"icbu-pc-images magic-1\">\n<div>\n<div class=\"flex-layout-v\">\n<div class=\"flex-layout-h magic-1\">\n<div class=\"magic-20\"><img decoding=\"async\" class=\"magic-21\" src=\"https:\/\/img.yfisher.com\/m6076\/1725726990cd9\/jpg70-t3-scale100.webp\" alt=\"cartuccia filtrante in pp soffiato con nucleo filtrante in pp per la filtrazione dell&#039;acqua 17\" data-lazy=\"2\" title=\"\"><\/div>\n<\/div>\n<\/div>\n<\/div>\n<\/div>\n<div id=\"ali-anchor-AliMagic-pwy42l\" class=\"magic-0\" data-section=\"AliMagic-pwy42l\" data-section-title=\"Application\">Applicazione<\/div>\n<div class=\"detail-decorate-json-renderer-container\">\n<div class=\"magic-4\">\n<div class=\"magic-5\">\n<div class=\"magic-6\">\n<div class=\"magic-7\">\n<p class=\"magic-8\">1. Pre-trattamento dell'acqua RO nell'acqua di rubinetto comunale<\/p>\n<p>2. Filtrazione dell'acqua industriale e della placcatura<\/p>\n<p>3. Cibo e bevande<\/p>\n<p>4. Prefiltrazione dell'acqua sterile e dell'acqua ultra pura<\/p>\n<p>5. Acqua chimica e solvente<\/p>\n<\/div>\n<\/div>\n<\/div>\n<\/div>\n<\/div>\n<div class=\"icbu-pc-images magic-1\">\n<div>\n<div class=\"flex-layout-v\">\n<div class=\"flex-layout-h magic-1\">\n<div class=\"magic-22\"><img decoding=\"async\" class=\"magic-23\" src=\"https:\/\/img.yfisher.com\/m6076\/1725726869o53\/jpg70-t3-scale100.webp\" alt=\"cartuccia filtrante in pp soffiato con nucleo filtrante in pp per la filtrazione dell&#039;acqua 19\" data-lazy=\"2\" title=\"\"><\/div>\n<\/div>\n<\/div>\n<\/div>\n<\/div>\n<div class=\"icbu-pc-images magic-1\">\n<div>\n<div class=\"flex-layout-v\">\n<div class=\"flex-layout-h magic-1\">\n<div class=\"magic-24\"><img decoding=\"async\" class=\"magic-25\" src=\"https:\/\/img.yfisher.com\/m6076\/1725726963xoc\/jpg70-t3-scale100.webp\" alt=\"cartuccia filtrante in pp soffiato con nucleo filtrante in pp per la filtrazione dell&#039;acqua 21\" data-lazy=\"2\" title=\"\"><\/div>\n<\/div>\n<\/div>\n<\/div>\n<\/div>\n<div id=\"ali-anchor-AliMagic-x6u3x0\" class=\"magic-0\" data-section=\"AliMagic-x6u3x0\" data-section-title=\"Related Products\">Prodotti correlati<\/div>\n<div class=\"icbu-pc-images magic-1\">\n<div>\n<div class=\"flex-layout-v\">\n<div class=\"flex-layout-h magic-1\">\n<div class=\"magic-26\"><a href=\"https:\/\/lyfilter.com\/it\/melt-blown-pp-filter-cartridge-with-pp-filter-core-for-water-filtration-3963.html\/\" target=\"_blank\" rel=\"noopener noreferrer\"><img decoding=\"async\" class=\"magic-27\" src=\"https:\/\/img.yfisher.com\/m6076\/17257269064o0\/jpg70-t3-scale100.webp\" alt=\"cartuccia filtrante in pp soffiato con nucleo filtrante in pp per la filtrazione dell&#039;acqua 23\" data-id=\"child-image-0\" data-lazy=\"2\" title=\"\"><\/a><\/div>\n<div class=\"magic-28\"><a href=\"https:\/\/lyfilter.com\/it\/melt-blown-pp-filter-cartridge-with-pp-filter-core-for-water-filtration-3963.html\/\" target=\"_blank\" rel=\"noopener noreferrer\"><img decoding=\"async\" class=\"magic-29\" src=\"https:\/\/img.yfisher.com\/m6076\/1725726804kyf\/jpg70-t3-scale100.webp\" alt=\"cartuccia filtrante in pp soffiato con nucleo filtrante in pp per la filtrazione dell&#039;acqua 25\" data-id=\"child-image-1\" data-lazy=\"2\" title=\"\"><\/a><\/div>\n<div class=\"magic-28\"><a href=\"https:\/\/lyfilter.com\/it\/melt-blown-pp-filter-cartridge-with-pp-filter-core-for-water-filtration-3963.html\/\" target=\"_blank\" rel=\"noopener noreferrer\"><img decoding=\"async\" class=\"magic-30\" src=\"https:\/\/img.yfisher.com\/m6076\/1725726811o37\/jpg70-t3-scale100.webp\" alt=\"cartuccia filtrante in pp soffiato con nucleo filtrante in pp per la filtrazione dell&#039;acqua 27\" data-id=\"child-image-2\" data-lazy=\"2\" title=\"\"><\/a><\/div>\n<div class=\"magic-28\"><a href=\"https:\/\/lyfilter.com\/it\/melt-blown-pp-filter-cartridge-with-pp-filter-core-for-water-filtration-3963.html\/\" target=\"_blank\" rel=\"noopener noreferrer\"><img decoding=\"async\" class=\"magic-31\" src=\"https:\/\/img.yfisher.com\/m6076\/1725727679jt9\/jpg70-t3-scale100.webp\" alt=\"cartuccia filtrante in pp soffiato con nucleo filtrante in pp per la filtrazione dell&#039;acqua 29\" data-id=\"child-image-3\" data-lazy=\"1\" title=\"\"><\/a><\/div>\n<\/div>\n<\/div>\n<\/div>\n<\/div>\n<div class=\"detail-decorate-json-renderer-container\">\n<div class=\"magic-4\">\n<div class=\"magic-5\">\n<div class=\"magic-6\">\n<div class=\"magic-7\">\n<p class=\"magic-8\">\u00a0 \u00a0Membrana filtrante Tianium filtro pieghettato filtro a stringhe filtro a carbone<\/p>\n<\/div>\n<\/div>\n<\/div>\n<\/div>\n<\/div>\n<div class=\"icbu-pc-images magic-1\">\n<div>\n<div class=\"flex-layout-v\">\n<div class=\"flex-layout-h magic-1\">\n<div class=\"magic-26\"><a href=\"https:\/\/lyfilter.com\/it\/melt-blown-pp-filter-cartridge-with-pp-filter-core-for-water-filtration-3963.html\/\" target=\"_blank\" rel=\"noopener noreferrer\"><img decoding=\"async\" class=\"magic-32\" src=\"https:\/\/img.yfisher.com\/m6076\/1725727024tme\/jpg70-t3-scale100.webp\" alt=\"cartuccia filtrante in pp soffiato con nucleo filtrante in pp per la filtrazione dell&#039;acqua 31\" data-id=\"child-image-0\" data-lazy=\"1\" title=\"\"><\/a><\/div>\n<div class=\"magic-28\"><a href=\"https:\/\/lyfilter.com\/it\/melt-blown-pp-filter-cartridge-with-pp-filter-core-for-water-filtration-3963.html\/\" target=\"_blank\" rel=\"noopener noreferrer\"><img decoding=\"async\" class=\"magic-33\" src=\"https:\/\/img.yfisher.com\/m6076\/1725727679pje\/jpg70-t3-scale100.webp\" alt=\"cartuccia filtrante in pp soffiato con nucleo filtrante in pp per la filtrazione dell&#039;acqua 33\" data-id=\"child-image-1\" data-lazy=\"2\" title=\"\"><\/a><\/div>\n<div class=\"magic-28\"><a href=\"https:\/\/lyfilter.com\/it\/melt-blown-pp-filter-cartridge-with-pp-filter-core-for-water-filtration-3963.html\/\" target=\"_blank\" rel=\"noopener noreferrer\"><img decoding=\"async\" class=\"magic-34\" src=\"https:\/\/img.yfisher.com\/m6076\/1725726906nz7\/jpg70-t3-scale100.webp\" alt=\"cartuccia filtrante in pp soffiato con nucleo filtrante in pp per la filtrazione dell&#039;acqua 35\" data-id=\"child-image-2\" data-lazy=\"2\" title=\"\"><\/a><\/div>\n<div class=\"magic-28\"><a href=\"https:\/\/lyfilter.com\/it\/melt-blown-pp-filter-cartridge-with-pp-filter-core-for-water-filtration-3963.html\/\" target=\"_blank\" rel=\"noopener noreferrer\"><img decoding=\"async\" class=\"magic-35\" src=\"https:\/\/img.yfisher.com\/m6076\/1725726906vyz\/jpg70-t3-scale100.webp\" alt=\"cartuccia filtrante in pp soffiato con nucleo filtrante in pp per la filtrazione dell&#039;acqua 37\" data-id=\"child-image-3\" data-lazy=\"2\" title=\"\"><\/a><\/div>\n<\/div>\n<\/div>\n<\/div>\n<\/div>\n<div class=\"detail-decorate-json-renderer-container\">\n<div class=\"magic-4\">\n<div class=\"magic-5\">\n<div class=\"magic-6\">\n<div class=\"magic-7\">\n<p class=\"magic-8\">\u00a0alloggiamento del filtro a sacchetto alloggiamento del filtro a cartuccia singola alloggiamento del filtro a cartuccia multipla alloggiamento del filtro per vino<\/p>\n<\/div>\n<\/div>\n<\/div>\n<\/div>\n<\/div>\n<div class=\"icbu-pc-images magic-1\">\n<div>\n<div class=\"flex-layout-v\">\n<div class=\"flex-layout-h magic-1\">\n<div class=\"magic-36\"><a href=\"https:\/\/lyfilter.com\/it\/melt-blown-pp-filter-cartridge-with-pp-filter-core-for-water-filtration-3963.html\/\" target=\"_blank\" rel=\"noopener noreferrer\"><img decoding=\"async\" class=\"magic-37\" src=\"https:\/\/img.yfisher.com\/m6076\/17257268694mn\/jpg70-t3-scale100.webp\" alt=\"cartuccia filtrante in pp soffiato con nucleo filtrante in pp per la filtrazione dell&#039;acqua 39\" data-lazy=\"2\" title=\"\"><\/a><\/div>\n<\/div>\n<\/div>\n<\/div>\n<\/div>\n<div id=\"ali-anchor-AliMagic-wuidpp\" class=\"magic-0\" data-section=\"AliMagic-wuidpp\" data-section-title=\"Our Certifications\">Le nostre certificazioni<\/div>\n<div class=\"icbu-pc-images magic-1\">\n<div>\n<div class=\"flex-layout-v\">\n<div class=\"flex-layout-h magic-1\">\n<div class=\"magic-38\"><img decoding=\"async\" class=\"magic-39\" src=\"https:\/\/img.yfisher.com\/m6076\/17257267814f6\/jpg70-t3-scale100.webp\" alt=\"cartuccia filtrante in pp soffiato con nucleo filtrante in pp per la filtrazione dell&#039;acqua 41\" data-lazy=\"2\" title=\"\"><\/div>\n<\/div>\n<\/div>\n<\/div>\n<\/div>\n<div id=\"ali-anchor-AliMagic-3az86z\" class=\"magic-0\" data-section=\"AliMagic-3az86z\" data-section-title=\"About us\">Chi siamo<\/div>\n<div class=\"detail-decorate-json-renderer-container\">\n<div class=\"magic-4\">\n<div class=\"magic-5\">\n<div class=\"magic-6\">\n<div class=\"magic-7\">\n<p class=\"magic-8\">1. 10 anni di esperienza professionale del produttore.<\/p>\n<p>2. Forniamo il servizio di personalizzazione dell'OEM e del ODM, potete trovare tutti i tipi di parti del filtro dell'acqua industriale nella nostra azienda.<\/p>\n<p>3. Tutti i prodotti hanno una garanzia di qualit\u00e0. La nostra certificazione: CE ISO SGS<\/p>\n<p class=\"magic-8\">\n4. I nostri lavoratori sono efficienti e le nostre vendite sono professionali, daremo il servizio professionale personalizzato.<\/p>\n<p>5. I nostri prodotti vengono esportati in pi\u00f9 di 100 paesi e regioni. Hanno ricevuto una buona reputazione.<\/p>\n<p>6. Molti cooperatori sono al nostro fianco da molti anni.<\/p>\n<p>7. Siamo determinati a fornire il miglior servizio e la buona qualit\u00e0 ai nostri clienti globali, saremo una societ\u00e0 sempre pi\u00f9 professionale in futuro.<\/p>\n<\/div>\n<\/div>\n<\/div>\n<\/div>\n<\/div>\n<div class=\"icbu-pc-images magic-1\">\n<div>\n<div class=\"flex-layout-v\">\n<div class=\"flex-layout-h magic-1\">\n<div class=\"magic-40\"><img decoding=\"async\" class=\"magic-41\" src=\"https:\/\/img.yfisher.com\/m6076\/1725726781v86\/jpg70-t3-scale100.webp\" alt=\"cartuccia filtrante in pp soffiato con nucleo filtrante in pp per la filtrazione dell&#039;acqua 43\" data-lazy=\"2\" title=\"\"><\/div>\n<\/div>\n<\/div>\n<\/div>\n<\/div>\n<div id=\"ali-anchor-AliMagic-muwlep\" class=\"magic-0\" data-section=\"AliMagic-muwlep\" data-section-title=\"Our Service\">Il nostro servizio<\/div>\n<div class=\"detail-decorate-json-renderer-container\">\n<div class=\"magic-4\">\n<div class=\"magic-5\">\n<div class=\"magic-6\">\n<div class=\"magic-7\">\n<p class=\"magic-8\"><b>Abbiamo costruito un rapporto a lungo termine con i nostri clienti e ci siamo guadagnati una buona reputazione da parte dei nostri clienti. Fornendo il miglior servizio possibile.<\/b><\/p>\n<p>1. Accetti la lunghezza su misura, il pacchetto, il logo ecc, come offrite il vostro disegno e l'immagine.<\/p>\n<p class=\"magic-8\">\n2. Accetti l'ordine degli acquisti del campione, accetti MOQ=10.<\/p>\n<p>3. Risponderemo entro 20 ore.<\/p>\n<p>4. Ricevuto il pagamento, ci metteremo in contatto con voi alla prima occasione per organizzare la produzione e farvi conoscere l'ultimo processo.<\/p>\n<p>5. Qualsiasi dubbio, contattare con noi, vi aiuteremo a risolvere il problema al pi\u00f9 presto.<\/p>\n<\/div>\n<\/div>\n<\/div>\n<\/div>\n<\/div>\n<div id=\"ali-anchor-AliMagic-mpbvmb\" class=\"magic-0\" data-section=\"AliMagic-mpbvmb\" data-section-title=\"Packing &amp; Delivery\">Imballaggio e consegna<\/div>\n<div class=\"detail-decorate-json-renderer-container\">\n<div class=\"magic-4\">\n<div class=\"magic-5\">\n<div class=\"magic-6\">\n<div class=\"magic-7\">\n<p class=\"magic-8\"><b>Imballaggio:<\/b><\/p>\n<p class=\"magic-8\">\nI prodotti sono imballati in cartoni\/valigie di alta qualit\u00e0, adatti al trasporto marittimo a lunga distanza e ai climi pi\u00f9 diversi, con una buona resistenza all'umidit\u00e0 e agli urti.<\/p>\n<p><b>Tempi di consegna:<\/b><\/p>\n<p>1. Se questo tipo di prodotti \u00e8 in stock, il prodotto sar\u00e0 inviato per voi 1-7 giorni dopo il pagamento.<\/p>\n<p>2. Se questo tipo di prodotti non \u00e8 in stock, i prodotti richiederanno circa 7-25 giorni per essere prodotti.<\/p>\n<p class=\"magic-8\">\n<b>Spedizione:<\/b><\/p>\n<p>Marittimo, ferroviario, aereo (DHL\/UPS\/TNT\/FEDEX)<\/p>\n<\/div>\n<\/div>\n<\/div>\n<\/div>\n<\/div>\n<div class=\"icbu-pc-images magic-1\">\n<div>\n<div class=\"flex-layout-v\">\n<div class=\"flex-layout-h magic-1\">\n<div class=\"magic-42\"><img decoding=\"async\" class=\"magic-43\" src=\"https:\/\/img.yfisher.com\/m6076\/1725726773qyg\/jpg70-t3-scale100.webp\" alt=\"cartuccia filtrante in pp soffiato con nucleo filtrante in pp per la filtrazione dell&#039;acqua 45\" data-lazy=\"2\" title=\"\"><\/div>\n<\/div>\n<\/div>\n<\/div>\n<\/div>\n<div id=\"ali-anchor-AliMagic-o4lh8d\" class=\"magic-0\" data-section=\"AliMagic-o4lh8d\" data-section-title=\"Contact us\">Contattateci<\/div>\n<div class=\"detail-decorate-json-renderer-container\">\n<div class=\"magic-4\">\n<div class=\"magic-5\">\n<div class=\"magic-6\">\n<div class=\"magic-7\">\n<p class=\"magic-8\">\u00a0wechat\/skype\/whatsapp:+8613574135785 (contatto di risposta rapida)<\/p>\n<\/div>\n<\/div>\n<\/div>\n<\/div>\n<\/div>\n<div class=\"icbu-pc-images magic-1\">\n<div>\n<div class=\"flex-layout-v\">\n<div class=\"flex-layout-h magic-1\">\n<div class=\"magic-44\"><img decoding=\"async\" class=\"magic-45\" src=\"https:\/\/img.yfisher.com\/m6076\/1725726869dv4\/jpg70-t3-scale100.webp\" alt=\"cartuccia filtrante in pp soffiato con nucleo filtrante in pp per la filtrazione dell&#039;acqua 47\" data-lazy=\"2\" title=\"\"><\/div>\n<\/div>\n<\/div>\n<\/div>\n<\/div>\n<\/div>\n<\/div>\n<\/div>\n<\/div>\n<div data-module=\"detailMarketPackage\"><\/div>\n<div data-module=\"productAuth\"><\/div>\n<\/div>\n<\/div>\n<div class=\"diffStatement\">L'uso di questo prodotto ha aumentato notevolmente la produttivit\u00e0 del lavoro e ha ridotto l'intensit\u00e0 di lavoro dei lavoratori. Per questo motivo, \u00e8 considerato un prodotto indispensabile per i produttori. La porosit\u00e0 \u00e8 diversa a seconda della profondit\u00e0 del mezzo filtrante. Non richiede un grande coinvolgimento umano, tranne che per le riparazioni e i test, e riduce anche l'incidenza di incidenti e infortuni. La porosit\u00e0 \u00e8 diversa a seconda della profondit\u00e0 del mezzo filtrante.<\/div>","protected":false},"excerpt":{"rendered":"<table>\n<thead>\n<tr>\n<th>Campo<\/th>\n<th>Dettagli<\/th>\n<\/tr>\n<\/thead>\n<tbody>\n<tr>\n<td>Industrie applicabili<\/td>\n<td>Stabilimento di produzione, fabbrica di alimenti e bevande, uso domestico, trattamento delle acque<\/td>\n<\/tr>\n<tr>\n<td>Luogo di origine<\/td>\n<td>Guangdong, Cina<\/td>\n<\/tr>\n<tr>\n<td>Nome del marchio<\/td>\n<td>Lvyuan, OEM, ODM<\/td>\n<\/tr>\n<tr>\n<td>Materiale<\/td>\n<td>PP<\/td>\n<\/tr>\n<tr>\n<td>Peso<\/td>\n<td>Personalizzato<\/td>\n<\/tr>\n<tr>\n<td>Dimensione<\/td>\n<td>Personalizzato<\/td>\n<\/tr>\n<tr>\n<td>Potenza<\/td>\n<td>0<\/td>\n<\/tr>\n<tr>\n<td>Garanzia<\/td>\n<td>Non disponibile<\/td>\n<\/tr>\n<tr>\n<td>Caratteristica<\/td>\n<td>Dimensione personalizzata e logo acciaio rubare<\/td>\n<\/tr>\n<tr>\n<td>Certificazione<\/td>\n<td>SGS<\/td>\n<\/tr>\n<tr>\n<td>Forma<\/td>\n<td>Cilindro<\/td>\n<\/tr>\n<tr>\n<td>Utilizzo<\/td>\n<td>Trattamento dell'acqua<\/td>\n<\/tr>\n<tr>\n<td>Applicazione<\/td>\n<td>Industria<\/td>\n<\/tr>\n<tr>\n<td>Colore<\/td>\n<td>Bianco<\/td>\n<\/tr>\n<tr>\n<td>Imballaggio<\/td>\n<td>Scatola di carta<\/td>\n<\/tr>\n<tr>\n<td>Materia prima<\/td>\n<td>Fibra di PP<\/td>\n<\/tr>\n<tr>\n<td>Aspetto<\/td>\n<td>In rilievo, lucido, ecc.<\/td>\n<\/tr>\n<tr>\n<td>Lunghezza<\/td>\n<td>5\/10\/20\/30\/40 pollici o personalizzato<\/td>\n<\/tr>\n<tr>\n<td>Servizio post-vendita fornito<\/td>\n<td>Assistenza online<\/td>\n<\/tr>\n<tr>\n<td>Capacit\u00e0 di approvvigionamento<\/td>\n<td>5000 pezzo\/pezzi a settimana<\/td>\n<\/tr>\n<\/tbody>\n<\/table>","protected":false},"featured_media":906,"comment_status":"open","ping_status":"closed","template":"","meta":{"_gspb_post_css":""},"product_brand":[],"product_cat":[23,17],"product_tag":[386,385,324,320,306,340],"class_list":{"0":"post-905","1":"product","2":"type-product","3":"status-publish","4":"has-post-thumbnail","6":"product_cat-pp-filter-cartridge","7":"product_cat-sediment-filter","8":"product_tag-custom-length","9":"product_tag-cylinder-filter-cartridge","10":"product_tag-oem-odm-filter","11":"product_tag-pp-fiber-filter","12":"product_tag-sgs-certified","13":"product_tag-water-treatment-filter","15":"first","16":"instock","17":"shipping-taxable","18":"product-type-simple"},"_links":{"self":[{"href":"https:\/\/lyfilter.com\/it\/wp-json\/wp\/v2\/product\/905","targetHints":{"allow":["GET"]}}],"collection":[{"href":"https:\/\/lyfilter.com\/it\/wp-json\/wp\/v2\/product"}],"about":[{"href":"https:\/\/lyfilter.com\/it\/wp-json\/wp\/v2\/types\/product"}],"replies":[{"embeddable":true,"href":"https:\/\/lyfilter.com\/it\/wp-json\/wp\/v2\/comments?post=905"}],"wp:featuredmedia":[{"embeddable":true,"href":"https:\/\/lyfilter.com\/it\/wp-json\/wp\/v2\/media\/906"}],"wp:attachment":[{"href":"https:\/\/lyfilter.com\/it\/wp-json\/wp\/v2\/media?parent=905"}],"wp:term":[{"taxonomy":"product_brand","embeddable":true,"href":"https:\/\/lyfilter.com\/it\/wp-json\/wp\/v2\/product_brand?post=905"},{"taxonomy":"product_cat","embeddable":true,"href":"https:\/\/lyfilter.com\/it\/wp-json\/wp\/v2\/product_cat?post=905"},{"taxonomy":"product_tag","embeddable":true,"href":"https:\/\/lyfilter.com\/it\/wp-json\/wp\/v2\/product_tag?post=905"}],"curies":[{"name":"wp","href":"https:\/\/api.w.org\/{rel}","templated":true}]}}