{"id":739,"date":"2025-12-24T07:54:47","date_gmt":"2025-12-24T07:54:47","guid":{"rendered":"https:\/\/lyfilter.com\/?post_type=product&#038;p=739"},"modified":"2026-04-24T23:40:07","modified_gmt":"2026-04-24T23:40:07","slug":"1-micron-pp-water-filter-cartridge-10-filter-water-element","status":"publish","type":"product","link":"https:\/\/lyfilter.com\/it\/1-micron-pp-water-filter-cartridge-10-filter-water-element\/","title":{"rendered":"1 micron pp cartuccia filtro acqua 10\u201d elemento filtrante acqua"},"content":{"rendered":"<div class=\"pro_aliData\">\n<div class=\"detail-box\">\n<div class=\"scc-wrapper detail-module module-productSpecification\" data-spm=\"pronpeci14\">\n<div id=\"J-rich-text-description\" class=\"richtext richtext-detail rich-text-description\">\n<div id=\"detail_decorate_root\" data-host=\"1123108243\" data-id=\"detail_decorate_root\">\n<div id=\"_root\" class=\"engine-app\" data-reactroot=\"\">\n<div id=\"ali-anchor-AliMagic-ygspww\" class=\"magic-0\" data-section=\"AliMagic-ygspww\" data-section-title=\"Product Description\">Descrizione del prodotto<\/div>\n<div class=\"icbu-pc-images magic-1\">\n<div>\n<div class=\"flex-layout-v\">\n<div class=\"flex-layout-h magic-1\">\n<div class=\"magic-2\"><img decoding=\"async\" class=\"magic-3\" src=\"https:\/\/img.yfisher.com\/m6076\/1725726990g0q\/jpg70-t3-scale100.webp\" alt=\"1 micron pp cartuccia filtro acqua 10&#039;&#039; elemento filtro acqua 7\" data-lazy=\"2\" title=\"\"><\/div>\n<\/div>\n<\/div>\n<\/div>\n<\/div>\n<div class=\"detail-decorate-json-renderer-container\">\n<div class=\"magic-4\">\n<div class=\"magic-5\">\n<div class=\"magic-6\">\n<div class=\"magic-7\">\n<p class=\"magic-8\"><b>Descrizione generale<\/b><\/p>\n<p class=\"magic-8\"><span style=\"font-family: Arial, Helvetica;\">La serie di cartucce filtranti Lvyuan pp melt blown \u00e8 una sorta di cartuccia filtrante standard e semplice per la purificazione dell'acqua. Si tratta di fibre di polipropilene fuse e intrecciate senza l'uso di collanti chimici.<\/span><\/p>\n<p>La cartuccia filtrante \u00e8 realizzata in polipropilene puro 100%. Questa cartuccia filtrante \u00e8 radom per formare micropori 3D che rendono la cartuccia a 3 strati con fibre fini in superficie e fibre grossolane e filtrazione profonda. Come la fibra e la densit\u00e0 da alta filtrazione rating e inquinanti capacit\u00e0 di tenuta sul diametro della cartuccia filtrante, bassa caduta di pressione, graduale cambiando strcture filtrazione profonda con losse fuori e vicino interno, forte capacit\u00e0 di tenuta polluctants, pu\u00f2 rimuovere contaminante efficacemente, come la sostanza sospesa, particolato e ruggine, fornendo filtrazione efficiente e lunga vita serivce.<\/p>\n<\/div>\n<\/div>\n<\/div>\n<\/div>\n<\/div>\n<div class=\"icbu-pc-images magic-1\">\n<div>\n<div class=\"flex-layout-v\">\n<div class=\"flex-layout-h magic-1\">\n<div class=\"magic-9\"><img decoding=\"async\" class=\"magic-10\" src=\"https:\/\/img.yfisher.com\/m6076\/1725727005qte\/jpg70-t3-scale100.webp\" alt=\"1 micron pp cartuccia filtro acqua 10&#039;&#039; elemento filtro acqua 9\" data-lazy=\"1\" title=\"\"><\/div>\n<\/div>\n<\/div>\n<\/div>\n<\/div>\n<div class=\"detail-decorate-json-renderer-container\">\n<div class=\"magic-4\">\n<div class=\"magic-5\">\n<div class=\"magic-6\">\n<div class=\"magic-7\">\n<p class=\"magic-8\"><b>Caratteristiche:<\/b><\/p>\n<p>1. Elevata capacit\u00e0 di trattenere lo sporco e lunga durata.<\/p>\n<p>2. Dimensioni personalizzate e logo in acciaio.<\/p>\n<p>3. Non causerebbe la caduta di fibre.<\/p>\n<\/div>\n<\/div>\n<\/div>\n<\/div>\n<\/div>\n<div class=\"icbu-pc-images magic-1\">\n<div>\n<div class=\"flex-layout-v\">\n<div class=\"flex-layout-h magic-1\">\n<div class=\"magic-11\"><img decoding=\"async\" class=\"magic-12\" src=\"https:\/\/img.yfisher.com\/m6076\/172572699030m\/jpg70-t3-scale100.webp\" alt=\"1 micron pp cartuccia filtro acqua 10&#039;&#039; elemento filtro acqua 11\" data-lazy=\"2\" title=\"\"><\/div>\n<\/div>\n<\/div>\n<\/div>\n<\/div>\n<div class=\"detail-decorate-json-renderer-container\">\n<div class=\"magic-4\">\n<div class=\"magic-5\">\n<div class=\"magic-6\">\n<div class=\"magic-7\">\n<p class=\"magic-8\"><b>\u00a0Specifiche del filtro a sedimenti Lvyuan pp:<\/b><\/p>\n<\/div>\n<\/div>\n<\/div>\n<\/div>\n<\/div>\n<div class=\"ife-detail-decorate-table\">\n<div class=\"table-responsive\">\n<table class=\"all magic-13\">\n<tbody>\n<tr>\n<td>\n<div class=\"magic-14\">Materiale del supporto filtrante<\/div>\n<\/td>\n<td>\n<div class=\"magic-15\">PP (polipropilene)<\/div>\n<\/td>\n<\/tr>\n<tr>\n<td>\n<div class=\"magic-14\">Nucleo centrale\/Cappelli finali<\/div>\n<\/td>\n<td>\n<div class=\"magic-15\">PP\/nessuno<\/div>\n<\/td>\n<\/tr>\n<tr>\n<td>\n<div class=\"magic-14\">Materiale della guarnizione<\/div>\n<\/td>\n<td>\n<div class=\"magic-15\">Silicone, EPDM, NBR, VITON, TEFLON, ecc.<\/div>\n<\/td>\n<\/tr>\n<tr>\n<td>\n<div class=\"magic-14\">Adattatori<\/div>\n<\/td>\n<td>\n<div class=\"magic-15\">DOE, 222flat, 222fin, 226flat, 226fin o personalizzato<\/div>\n<\/td>\n<\/tr>\n<tr>\n<td>\n<div class=\"magic-14\">Superficie<\/div>\n<\/td>\n<td>\n<div class=\"magic-15\">Superficie lucida, scanalata, in rilievo, agugliata, a buccia d'arancia<\/div>\n<\/td>\n<\/tr>\n<tr>\n<td>\n<div class=\"magic-14\">Diametro interno<\/div>\n<\/td>\n<td>\n<div class=\"magic-15\">28 mm, 30 mm o personalizzato<\/div>\n<\/td>\n<\/tr>\n<tr>\n<td>\n<div class=\"magic-14\">Diametro esterno<\/div>\n<\/td>\n<td>\n<div class=\"magic-15\">63 mm, 65 mm o personalizzato<\/div>\n<\/td>\n<\/tr>\n<tr>\n<td>\n<div class=\"magic-14\">Lunghezza<\/div>\n<\/td>\n<td>\n<div class=\"magic-15\">10 pollici, 20 pollici, 30 pollici, 40 pollici<\/div>\n<\/td>\n<\/tr>\n<tr>\n<td>\n<div class=\"magic-14\">Pressione differenziale massima<\/div>\n<\/td>\n<td>\n<div class=\"magic-15\">3,5 bar a 20\u2103<\/div>\n<\/td>\n<\/tr>\n<tr>\n<td>\n<div class=\"magic-14\">Temperatura massima di esercizio<\/div>\n<\/td>\n<td>\n<div class=\"magic-15\">82\u2103<\/div>\n<\/td>\n<\/tr>\n<tr>\n<td>\n<div class=\"magic-14\">Pressione differenziale di ricambio<\/div>\n<\/td>\n<td>\n<div class=\"magic-15\">1-1,5 bar<\/div>\n<\/td>\n<\/tr>\n<\/tbody>\n<\/table>\n<\/div>\n<\/div>\n<div class=\"detail-decorate-json-renderer-container\">\n<div class=\"magic-4\">\n<div class=\"magic-5\">\n<div class=\"magic-6\">\n<div class=\"magic-7\">\n<p class=\"magic-8\"><b>Con 10 anni di produzione di filtri soffiati in pp, possiamo accettare specifiche personalizzate, adattatori personalizzati, superficie personalizzata, grammi personalizzati.<\/b><\/p>\n<\/div>\n<\/div>\n<\/div>\n<\/div>\n<\/div>\n<div class=\"detail-decorate-json-renderer-container\">\n<div class=\"magic-4\">\n<div class=\"magic-16\">\n<div class=\"magic-17\">\n<div class=\"magic-17\">\n<div class=\"magic-18\"><img decoding=\"async\" class=\"magic-19\" src=\"https:\/\/img.yfisher.com\/m6076\/1725726990f1j\/jpg70-t3-scale100.webp\" alt=\"1 micron pp cartuccia filtro acqua 10&#039;&#039; elemento filtro acqua 13\" data-lazy=\"2\" title=\"\"><\/div>\n<\/div>\n<\/div>\n<div class=\"magic-6\">\n<div class=\"magic-20\">\n<p class=\"magic-8\">specifiche personalizzate<\/p>\n<\/div>\n<\/div>\n<\/div>\n<div class=\"magic-16\">\n<div class=\"magic-17\">\n<div class=\"magic-17\">\n<div class=\"magic-18\"><img decoding=\"async\" class=\"magic-21\" src=\"https:\/\/img.yfisher.com\/m6076\/1725726990yl3\/jpg70-t3-scale100.webp\" alt=\"1 micron pp cartuccia filtro acqua 10&#039;&#039; elemento filtro acqua 15\" data-lazy=\"2\" title=\"\"><\/div>\n<\/div>\n<\/div>\n<div class=\"magic-6\">\n<div class=\"magic-20\">\n<p class=\"magic-8\">adattatore multiplo\/soe<\/p>\n<\/div>\n<\/div>\n<\/div>\n<div class=\"magic-16\">\n<div class=\"magic-17\">\n<div class=\"magic-17\">\n<div class=\"magic-18\"><img decoding=\"async\" class=\"magic-21\" src=\"https:\/\/img.yfisher.com\/m6076\/17257269907i1\/jpg70-t3-scale100.webp\" alt=\"1 micron pp cartuccia filtro acqua 10&#039;&#039; elemento filtro acqua 17\" data-lazy=\"2\" title=\"\"><\/div>\n<\/div>\n<\/div>\n<div class=\"magic-6\">\n<div class=\"magic-20\">\n<p class=\"magic-8\">5 tipi di superficie<\/p>\n<\/div>\n<\/div>\n<\/div>\n<\/div>\n<\/div>\n<div class=\"detail-decorate-json-renderer-container\">\n<div class=\"magic-4\">\n<div class=\"magic-5\">\n<div class=\"magic-6\">\n<div class=\"magic-7\">\n<p class=\"magic-8\"><b>Servizio di personalizzazione:<\/b><\/p>\n<p>1. Accettare dimensioni e lunghezze personalizzate.               2. Accettare un adattatore personalizzato.<\/p>\n<p>3. Accettare la personalizzazione dell'aspetto.                        4. Accettare due precisioni.<\/p>\n<p>5. Accettare il grammo personalizzato<\/p>\n<\/div>\n<\/div>\n<\/div>\n<\/div>\n<\/div>\n<div class=\"icbu-pc-images magic-1\">\n<div>\n<div class=\"flex-layout-v\">\n<div class=\"flex-layout-h magic-1\">\n<div class=\"magic-22\"><img decoding=\"async\" class=\"magic-23\" src=\"https:\/\/img.yfisher.com\/m6076\/172572699016s\/jpg70-t3-scale100.webp\" alt=\"1 micron pp cartuccia filtro acqua 10&#039;&#039; elemento filtro acqua 19\" data-lazy=\"2\" title=\"\"><\/div>\n<\/div>\n<\/div>\n<\/div>\n<\/div>\n<div class=\"icbu-pc-images magic-1\">\n<div>\n<div class=\"flex-layout-v\">\n<div class=\"flex-layout-h magic-1\">\n<div class=\"magic-24\"><img decoding=\"async\" class=\"magic-25\" src=\"https:\/\/img.yfisher.com\/m6076\/1725726990cd9\/jpg70-t3-scale100.webp\" alt=\"1 micron pp cartuccia filtro acqua 10&#039;&#039; elemento filtro acqua 21\" data-lazy=\"2\" title=\"\"><\/div>\n<\/div>\n<\/div>\n<\/div>\n<\/div>\n<div id=\"ali-anchor-AliMagic-y371t1\" class=\"magic-0\" data-section=\"AliMagic-y371t1\" data-section-title=\"Related Products\">Prodotti correlati<\/div>\n<div class=\"detail-decorate-json-renderer-container\">\n<div class=\"magic-4\">\n<div class=\"magic-5\">\n<div class=\"magic-6\">\n<div class=\"magic-7\">\n<p class=\"magic-8\"><b>I nostri prodotti sono secondo gli standard internazionali e l'esportazione in molti paesi e regioni. hanno buon quailty e buon prezzo. chiamami, +86 13574135485, parliamo il dettaglio.<\/b><\/p>\n<\/div>\n<\/div>\n<\/div>\n<\/div>\n<\/div>\n<div class=\"icbu-pc-images magic-1\">\n<div>\n<div class=\"flex-layout-v\">\n<div class=\"flex-layout-h magic-1\">\n<div class=\"magic-26\"><a href=\"https:\/\/lyfilter.com\/it\/1-micron-pp-water-filter-cartridge-10-filter-water-element-3725.html\/\" target=\"_blank\" rel=\"noopener noreferrer\"><img decoding=\"async\" class=\"magic-27\" src=\"https:\/\/img.yfisher.com\/m6076\/1725726990f89\/jpg70-t3-scale100.webp\" alt=\"1 micron pp cartuccia filtro acqua 10&#039;&#039; elemento filtro acqua 23\" data-lazy=\"2\" title=\"\"><\/a><\/div>\n<div class=\"magic-28\"><a href=\"https:\/\/lyfilter.com\/it\/1-micron-pp-water-filter-cartridge-10-filter-water-element-3725.html\/\" target=\"_blank\" rel=\"noopener noreferrer\"><img decoding=\"async\" class=\"magic-27\" src=\"https:\/\/img.yfisher.com\/m6076\/1725726963owy\/jpg70-t3-scale100.webp\" alt=\"1 micron pp cartuccia filtro acqua 10&#039;&#039; elemento filtro acqua 25\" data-lazy=\"2\" title=\"\"><\/a><\/div>\n<div class=\"magic-28\"><a href=\"https:\/\/lyfilter.com\/it\/1-micron-pp-water-filter-cartridge-10-filter-water-element-3725.html\/\" target=\"_blank\" rel=\"noopener noreferrer\"><img decoding=\"async\" class=\"magic-29\" src=\"https:\/\/img.yfisher.com\/m6076\/1725726990fwc\/jpg70-t3-scale100.webp\" alt=\"1 micron pp cartuccia filtro acqua 10&#039;&#039; elemento filtro acqua 27\" data-lazy=\"2\" title=\"\"><\/a><\/div>\n<\/div>\n<\/div>\n<\/div>\n<\/div>\n<div class=\"detail-decorate-json-renderer-container\">\n<div class=\"magic-4\">\n<div class=\"magic-5\">\n<div class=\"magic-6\">\n<div class=\"magic-7\">\n<p class=\"magic-8\">\u00a0 \u00a0 \u00a0Alloggiamento del filtro a cartuccia singola Alloggiamento del filtro a cartuccia multipla Alloggiamento del filtro in UPVC<\/p>\n<\/div>\n<\/div>\n<\/div>\n<\/div>\n<\/div>\n<div class=\"icbu-pc-images magic-1\">\n<div>\n<div class=\"flex-layout-v\">\n<div class=\"flex-layout-h magic-1\">\n<div class=\"magic-30\"><a href=\"https:\/\/lyfilter.com\/it\/1-micron-pp-water-filter-cartridge-10-filter-water-element-3725.html\/\" target=\"_blank\" rel=\"noopener noreferrer\"><img decoding=\"async\" class=\"magic-31\" src=\"https:\/\/img.yfisher.com\/m6076\/1725726990atz\/jpg70-t3-scale100.webp\" alt=\"1 micron pp cartuccia filtro acqua 10&#039;&#039; elemento filtro acqua 29\" data-lazy=\"2\" title=\"\"><\/a><\/div>\n<div class=\"magic-32\"><a href=\"https:\/\/lyfilter.com\/it\/1-micron-pp-water-filter-cartridge-10-filter-water-element-3725.html\/\" target=\"_blank\" rel=\"noopener noreferrer\"><img decoding=\"async\" class=\"magic-33\" src=\"https:\/\/img.yfisher.com\/m6076\/1725726804kyf\/jpg70-t3-scale100.webp\" alt=\"1 micron pp cartuccia filtro acqua 10&#039;&#039; elemento filtro acqua 31\" data-lazy=\"2\" title=\"\"><\/a><\/div>\n<div class=\"magic-32\"><a href=\"https:\/\/lyfilter.com\/it\/1-micron-pp-water-filter-cartridge-10-filter-water-element-3725.html\/\" target=\"_blank\" rel=\"noopener noreferrer\"><img decoding=\"async\" class=\"magic-34\" src=\"https:\/\/img.yfisher.com\/m6076\/1725726869yfm\/jpg70-t3-scale100.webp\" alt=\"1 micron pp cartuccia filtro acqua 10&#039;&#039; elemento filtro acqua 33\" data-lazy=\"2\" title=\"\"><\/a><\/div>\n<div class=\"magic-32\"><a href=\"https:\/\/lyfilter.com\/it\/1-micron-pp-water-filter-cartridge-10-filter-water-element-3725.html\/\" target=\"_blank\" rel=\"noopener noreferrer\"><img decoding=\"async\" class=\"magic-35\" src=\"https:\/\/img.yfisher.com\/m6076\/1725726990oyc\/jpg70-t3-scale100.webp\" alt=\"1 micron pp cartuccia filtro acqua 10&#039;&#039; filtro acqua 35\" data-lazy=\"2\" title=\"\"><\/a><\/div>\n<\/div>\n<\/div>\n<\/div>\n<\/div>\n<div class=\"detail-decorate-json-renderer-container\">\n<div class=\"magic-4\">\n<div class=\"magic-5\">\n<div class=\"magic-6\">\n<div class=\"magic-7\">\n<p class=\"magic-8\">\u00a0 \u00a0 \u00a0 \u00a0 \u00a0 \u00a0 \u00a0Filtro al titanio Filtro pieghettato a membrana Filtro per acqua ad alta portata Filtro a carbone sinterizzato<\/p>\n<\/div>\n<\/div>\n<\/div>\n<\/div>\n<\/div>\n<div class=\"icbu-pc-images magic-1\">\n<div>\n<div class=\"flex-layout-v\">\n<div class=\"flex-layout-h magic-1\">\n<div class=\"magic-36\"><a href=\"https:\/\/lyfilter.com\/it\/1-micron-pp-water-filter-cartridge-10-filter-water-element-3725.html\/\" target=\"_blank\" rel=\"noopener noreferrer\"><img decoding=\"async\" class=\"magic-37\" src=\"https:\/\/img.yfisher.com\/m6076\/17257268694mn\/jpg70-t3-scale100.webp\" alt=\"1 micron pp cartuccia filtro acqua 10&#039;&#039; elemento filtro acqua 37\" data-lazy=\"2\" title=\"\"><\/a><\/div>\n<\/div>\n<\/div>\n<\/div>\n<\/div>\n<div id=\"ali-anchor-AliMagic-qiev8k\" class=\"magic-0\" data-section=\"AliMagic-qiev8k\" data-section-title=\"Application\">Applicazione<\/div>\n<div class=\"detail-decorate-json-renderer-container\">\n<div class=\"magic-4\">\n<div class=\"magic-5\">\n<div class=\"magic-6\">\n<div class=\"magic-7\">\n<p class=\"magic-8\">1. Pre-trattamento dell'acqua RO nell'acqua di rubinetto comunale<\/p>\n<p>2. Filtrazione dell'acqua industriale e della placcatura<\/p>\n<p>3. Cibo e bevande<\/p>\n<p>4. Prefiltrazione dell'acqua sterile e dell'acqua ultra pura<\/p>\n<p>5. Acqua chimica e solvente<\/p>\n<\/div>\n<\/div>\n<\/div>\n<\/div>\n<\/div>\n<div class=\"icbu-pc-images magic-1\">\n<div>\n<div class=\"flex-layout-v\">\n<div class=\"flex-layout-h magic-1\">\n<div class=\"magic-38\"><img decoding=\"async\" class=\"magic-39\" src=\"https:\/\/img.yfisher.com\/m6076\/1725726940dfq\/jpg70-t3-scale100.webp\" alt=\"1 micron pp cartuccia filtro acqua 10&#039;&#039; elemento filtro acqua 39\" data-lazy=\"2\" title=\"\"><\/div>\n<\/div>\n<\/div>\n<\/div>\n<\/div>\n<div class=\"icbu-pc-images magic-1\">\n<div>\n<div class=\"flex-layout-v\">\n<div class=\"flex-layout-h magic-1\">\n<div class=\"magic-40\"><img decoding=\"async\" class=\"magic-41\" src=\"https:\/\/img.yfisher.com\/m6076\/17257269068bl\/jpg70-t3-scale100.webp\" alt=\"1 micron pp cartuccia filtro acqua 10&#039;&#039; elemento filtro acqua 41\" data-lazy=\"2\" title=\"\"><\/div>\n<\/div>\n<\/div>\n<\/div>\n<\/div>\n<div id=\"ali-anchor-AliMagic-tdt5ii\" class=\"magic-0\" data-section=\"AliMagic-tdt5ii\" data-section-title=\"Certifications\">Certificazioni<\/div>\n<div class=\"icbu-pc-images magic-1\">\n<div>\n<div class=\"flex-layout-v\">\n<div class=\"flex-layout-h magic-1\">\n<div class=\"magic-42\"><img decoding=\"async\" class=\"magic-43\" src=\"https:\/\/img.yfisher.com\/m6076\/17257267814f6\/jpg70-t3-scale100.webp\" alt=\"1 micron pp cartuccia filtro acqua 10&#039;&#039; elemento filtro acqua 43\" data-lazy=\"2\" title=\"\"><\/div>\n<\/div>\n<\/div>\n<\/div>\n<\/div>\n<div id=\"ali-anchor-AliMagic-1qegh7\" class=\"magic-0\" data-section=\"AliMagic-1qegh7\" data-section-title=\"About us\">Chi siamo<\/div>\n<div class=\"detail-decorate-json-renderer-container\">\n<div class=\"magic-4\">\n<div class=\"magic-5\">\n<div class=\"magic-6\">\n<div class=\"magic-7\">\n<p class=\"magic-8\">1. 10 anni di esperienza professionale del produttore.<\/p>\n<p>2. Forniamo il servizio di personalizzazione dell'OEM e del ODM, potete trovare tutti i tipi di parti del filtro dell'acqua industriale nella nostra azienda.<\/p>\n<p>3. Tutti i prodotti hanno una garanzia di qualit\u00e0. La nostra certificazione: CE ISO SGS<\/p>\n<p>4. I nostri lavoratori sono efficienti e le nostre vendite sono professionali, daremo il servizio professionale personalizzato.<\/p>\n<p>5. I nostri prodotti vengono esportati in pi\u00f9 di 100 paesi e regioni. Hanno ricevuto una buona reputazione.<\/p>\n<p>6. Molti cooperatori sono al nostro fianco da molti anni.<\/p>\n<p>7. Siamo determinati a fornire il miglior servizio e la buona qualit\u00e0 ai nostri clienti globali, saremo una societ\u00e0 sempre pi\u00f9 professionale in futuro.<\/p>\n<\/div>\n<\/div>\n<\/div>\n<\/div>\n<\/div>\n<div class=\"icbu-pc-images magic-1\">\n<div>\n<div class=\"flex-layout-v\">\n<div class=\"flex-layout-h magic-1\">\n<div class=\"magic-44\"><img decoding=\"async\" class=\"magic-45\" src=\"https:\/\/img.yfisher.com\/m6076\/1725726781v86\/jpg70-t3-scale100.webp\" alt=\"1 micron pp cartuccia filtro acqua 10&#039;&#039; elemento filtro acqua 45\" data-lazy=\"2\" title=\"\"><\/div>\n<\/div>\n<\/div>\n<\/div>\n<\/div>\n<div id=\"ali-anchor-AliMagic-jcqty8\" class=\"magic-0\" data-section=\"AliMagic-jcqty8\" data-section-title=\"Our Service\">Il nostro servizio<\/div>\n<div class=\"detail-decorate-json-renderer-container\">\n<div class=\"magic-4\">\n<h3 class=\"magic-46\"><\/h3>\n<h3 class=\"magic-47\"><span style=\"font-size: medium;\">Abbiamo un rapporto a lungo termine con il nostro cliente e guadagniamo una buona reputazione dai nostri clienti. Spero che vi unirete a noi e collaborerete con noi.<\/span><\/h3>\n<div><\/div>\n<div class=\"magic-5\">\n<div class=\"magic-6\">\n<div class=\"magic-7\">\n<p class=\"magic-8\"><span style=\"font-family: Arial, Helvetica;\">1. Accetti la lunghezza su misura, il pacchetto, il logo ecc, come offrite il vostro disegno e l'immagine.<\/span><\/p>\n<p>2. Accettare l'ordine di acquisto del campione, accettare la cartuccia filtrante MOQ=10.filter housing MOQ=1.<\/p>\n<p>3. Vi risponderemo entro 24 ore.<\/p>\n<p>4. Ricevuto il pagamento, ci metteremo in contatto con voi alla prima occasione per organizzare la produzione e farvi conoscere l'ultimo processo.<\/p>\n<p>5. Qualsiasi dubbio, contattare con noi, vi aiuteremo a risolvere il problema al pi\u00f9 presto.<\/p>\n<\/div>\n<\/div>\n<\/div>\n<\/div>\n<\/div>\n<div id=\"ali-anchor-AliMagic-3uqflx\" class=\"magic-0\" data-section=\"AliMagic-3uqflx\" data-section-title=\"Packing &amp; Delivery\">Imballaggio e consegna<\/div>\n<div class=\"detail-decorate-json-renderer-container\">\n<div class=\"magic-4\">\n<div class=\"magic-5\">\n<div class=\"magic-6\">\n<div class=\"magic-7\">\n<p class=\"magic-8\"><b>I nostri lavoratori sono efficienti e le nostre vendite sono professionali.  Per qualsiasi richiesta saremo pazienti e attenti a rispondere e risolvere.<br \/>\nFaremo del nostro meglio per assicurarci di organizzare la produzione e la consegna nel vostro paese al pi\u00f9 presto. <\/b><\/p>\n<p class=\"magic-8\"><span style=\"font-family: Arial, Helvetica;\"><b>Imballaggio:<\/b><\/span><\/p>\n<p class=\"magic-8\"><span style=\"font-family: Arial, Helvetica;\"><b><br \/>\n<\/b>I prodotti sono imballati in cartoni\/valigie di alta qualit\u00e0, adatti al trasporto marittimo a lunga distanza e ai climi pi\u00f9 diversi, con una buona resistenza all'umidit\u00e0 e agli urti.<\/span><\/p>\n<p><b>Tempi di consegna:<\/b><\/p>\n<p>1. Se questo tipo di prodotti \u00e8 in stock, il prodotto sar\u00e0 inviato per voi 1-7 giorni dopo il pagamento.<\/p>\n<p class=\"magic-8\"><span style=\"font-family: Arial, Helvetica;\"><br \/>\n2. Se questo tipo di prodotti non \u00e8 in stock, i prodotti richiederanno circa 7-25 giorni per essere prodotti.<\/span><\/p>\n<p><b>Spedizione:<\/b><\/p>\n<p class=\"magic-8\"><span style=\"font-family: Arial, Helvetica;\"><b><br \/>\n<\/b>Marittimo, ferroviario, aereo (DHL\/UPS\/TNT\/FEDEX)<\/span><\/p>\n<\/div>\n<\/div>\n<\/div>\n<\/div>\n<\/div>\n<div class=\"icbu-pc-images magic-1\">\n<div>\n<div class=\"flex-layout-v\">\n<div class=\"flex-layout-h magic-1\">\n<div class=\"magic-48\"><img decoding=\"async\" class=\"magic-49\" src=\"https:\/\/img.yfisher.com\/m6076\/1725726773qyg\/jpg70-t3-scale100.webp\" alt=\"1 micron pp cartuccia filtro acqua 10&#039;&#039; elemento filtro acqua 47\" data-lazy=\"2\" title=\"\"><\/div>\n<\/div>\n<\/div>\n<\/div>\n<\/div>\n<div id=\"ali-anchor-AliMagic-1ue21a\" class=\"magic-0\" data-section=\"AliMagic-1ue21a\" data-section-title=\"Contact us\">Contattateci<\/div>\n<div class=\"detail-decorate-json-renderer-container\">\n<div class=\"magic-4\">\n<div class=\"magic-5\">\n<div class=\"magic-6\">\n<div class=\"magic-7\">\n<p class=\"magic-8\">Wechat\/skype\/whatsapp: +8613574135485 (risposta rapida)<\/p>\n<\/div>\n<\/div>\n<\/div>\n<\/div>\n<\/div>\n<div class=\"icbu-pc-images magic-1\">\n<div>\n<div class=\"flex-layout-v\">\n<div class=\"flex-layout-h magic-1\">\n<div class=\"magic-50\"><img decoding=\"async\" class=\"magic-51\" src=\"https:\/\/img.yfisher.com\/m6076\/1725726869dv4\/jpg70-t3-scale100.webp\" alt=\"1 micron pp cartuccia filtro acqua 10&#039;&#039; elemento filtro acqua 49\" data-lazy=\"2\" title=\"\"><\/div>\n<\/div>\n<\/div>\n<\/div>\n<\/div>\n<\/div>\n<\/div>\n<\/div>\n<\/div>\n<div data-module=\"detailMarketPackage\"><\/div>\n<div data-module=\"productAuth\"><\/div>\n<\/div>\n<\/div>\n<div class=\"diffStatement\">Le nostre cartucce filtranti per l'acqua sono di qualit\u00e0 eccellente e sono molto apprezzate dai clienti. Sono caratterizzate da un'elevata portata e da una precisione di filtraggio stabile. Guangzhou Lvyuan Water Purification Equipment Co., Ltd. ha un team di talenti competenti e una linea di produzione stabile e affidabile. Presenta un'elevata portata e una precisione di filtraggio stabile.<\/div>","protected":false},"excerpt":{"rendered":"<table>\n<thead>\n<tr>\n<th><strong>Campo<\/strong><\/th>\n<th><strong>Valore<\/strong><\/th>\n<\/tr>\n<\/thead>\n<tbody>\n<tr>\n<td>Industrie applicabili<\/td>\n<td>Stabilimento di produzione, fabbrica di alimenti e bevande, uso domestico, trattamento dell'acqua<\/td>\n<\/tr>\n<tr>\n<td>Luogo di origine<\/td>\n<td>Guangdong, Cina<\/td>\n<\/tr>\n<tr>\n<td>Nome del marchio<\/td>\n<td>Lvyuan, OEM, ODM<\/td>\n<\/tr>\n<tr>\n<td>Materiale<\/td>\n<td>PP<\/td>\n<\/tr>\n<tr>\n<td>Materia prima<\/td>\n<td>Fibra di PP<\/td>\n<\/tr>\n<tr>\n<td>Peso<\/td>\n<td>Personalizzato<\/td>\n<\/tr>\n<tr>\n<td>Dimensione<\/td>\n<td>Personalizzato, Slim, Jumbo<\/td>\n<\/tr>\n<tr>\n<td>Forma<\/td>\n<td>Cilindro<\/td>\n<\/tr>\n<tr>\n<td>Colore<\/td>\n<td>Bianco<\/td>\n<\/tr>\n<tr>\n<td>Aspetto<\/td>\n<td>In rilievo, lucido, ecc.<\/td>\n<\/tr>\n<tr>\n<td>Caratteristica<\/td>\n<td>Dimensione personalizzata e logo acciaio rubare<\/td>\n<\/tr>\n<tr>\n<td>Certificazione<\/td>\n<td>SGS<\/td>\n<\/tr>\n<tr>\n<td>Utilizzo<\/td>\n<td>Trattamento dell'acqua<\/td>\n<\/tr>\n<tr>\n<td>Applicazione<\/td>\n<td>Industria<\/td>\n<\/tr>\n<tr>\n<td>Imballaggio<\/td>\n<td>Scatola di carta<\/td>\n<\/tr>\n<tr>\n<td>Potenza<\/td>\n<td>0<\/td>\n<\/tr>\n<tr>\n<td>Garanzia<\/td>\n<td>Non disponibile<\/td>\n<\/tr>\n<tr>\n<td>Servizio post-vendita fornito<\/td>\n<td>Assistenza online<\/td>\n<\/tr>\n<tr>\n<td>Capacit\u00e0 di approvvigionamento<\/td>\n<td>5000 pezzo\/pezzi a settimana<\/td>\n<\/tr>\n<\/tbody>\n<\/table>","protected":false},"featured_media":745,"comment_status":"open","ping_status":"closed","template":"","meta":{"_gspb_post_css":""},"product_brand":[],"product_cat":[23,17],"product_tag":[322,324,320,306,323,321],"class_list":{"0":"post-739","1":"product","2":"type-product","3":"status-publish","4":"has-post-thumbnail","6":"product_cat-pp-filter-cartridge","7":"product_cat-sediment-filter","8":"product_tag-customized-cylinder-filter","9":"product_tag-oem-odm-filter","10":"product_tag-pp-fiber-filter","11":"product_tag-sgs-certified","12":"product_tag-slim-jumbo-sizes","13":"product_tag-water-treatment-cartridge","15":"first","16":"instock","17":"shipping-taxable","18":"product-type-simple"},"_links":{"self":[{"href":"https:\/\/lyfilter.com\/it\/wp-json\/wp\/v2\/product\/739","targetHints":{"allow":["GET"]}}],"collection":[{"href":"https:\/\/lyfilter.com\/it\/wp-json\/wp\/v2\/product"}],"about":[{"href":"https:\/\/lyfilter.com\/it\/wp-json\/wp\/v2\/types\/product"}],"replies":[{"embeddable":true,"href":"https:\/\/lyfilter.com\/it\/wp-json\/wp\/v2\/comments?post=739"}],"wp:featuredmedia":[{"embeddable":true,"href":"https:\/\/lyfilter.com\/it\/wp-json\/wp\/v2\/media\/745"}],"wp:attachment":[{"href":"https:\/\/lyfilter.com\/it\/wp-json\/wp\/v2\/media?parent=739"}],"wp:term":[{"taxonomy":"product_brand","embeddable":true,"href":"https:\/\/lyfilter.com\/it\/wp-json\/wp\/v2\/product_brand?post=739"},{"taxonomy":"product_cat","embeddable":true,"href":"https:\/\/lyfilter.com\/it\/wp-json\/wp\/v2\/product_cat?post=739"},{"taxonomy":"product_tag","embeddable":true,"href":"https:\/\/lyfilter.com\/it\/wp-json\/wp\/v2\/product_tag?post=739"}],"curies":[{"name":"wp","href":"https:\/\/api.w.org\/{rel}","templated":true}]}}