{"id":680,"date":"2025-12-24T06:21:24","date_gmt":"2025-12-24T06:21:24","guid":{"rendered":"https:\/\/lyfilter.com\/?post_type=product&#038;p=680"},"modified":"2025-12-24T06:21:24","modified_gmt":"2025-12-24T06:21:24","slug":"factory-price-porous-pe-frit-disc-with-custom-size","status":"publish","type":"product","link":"https:\/\/lyfilter.com\/it\/factory-price-porous-pe-frit-disc-with-custom-size\/","title":{"rendered":"Prezzo di fabbrica PE poroso Frit Disc con dimensione personalizzata"},"content":{"rendered":"<div class=\"d-tem11-graphic tem11-graphic mockup\" data-detail=\"wrap\">\n<div class=\"tab_row\">\n<div class=\"img\"><img decoding=\"async\" src=\"https:\/\/img.yfisher.com\/m6076\/1725726704dwx\/jpg70-t3-scale100.webp\" alt=\"Prezzo di fabbrica PE poroso Frit Disc con dimensioni personalizzate 2\" data-lazy=\"2\" title=\"\"><\/div>\n<div class=\"text_box\">\n<div class=\"txt\">\n<div class=\"title\">Lvyuan produce ampie gamme di\u00a0<a href=\"https:\/\/lyfilter.com\/it\/sintered-porous-plastic.html\/\">plastica porosa sinterizzata<\/a>\u00a0prodotti filtranti, tra cui PE poroso, HDPE, PTFE, PVDF, PA, Nylon 6, con forme di tubo, asta, candela, foglio ecc. Con vari tassi di filtrazione, forme e caratteristiche, le cartucce filtranti in plastica porosa sinterizzata sono ampiamente utilizzate nel trattamento delle acque, nell'ingegneria chimica, nel trattamento medico, nell'automobile, nella protezione ambientale e in altri settori, come il separatore di acqua e il silenziatore, il tester per la guida in stato di ebbrezza, il tappo cieco per il trattamento mediale, il dispositivo di filtraggio per sciroppo e grasso, le fette antideflagranti per la batteria industriale, le fette antiacido per la batteria dell'automobile, il trattamento delle acque reflue, il sistema di filtraggio per la depurazione delle acque e altro ancora.<\/div>\n<\/div>\n<\/div>\n<\/div>\n<\/div>\n<div class=\"er-fangkuang1\">\n<p>I filtri porosi sinterizzati Lvyuan possono soddisfare le esigenze di diversi clienti. Sono disponibili forme stampate su misura.<\/p>\n<p>PE e HDPE\u00a0<a href=\"https:\/\/lyfilter.com\/it\/sintered-filter-cartridge.html\/\">Cartuccia filtrante sinterizzata<\/a>\uff1a<br \/>\nI prodotti in polietilene poroso sinterizzato (PE) sono la plastica pi\u00f9 comunemente utilizzata.\u00a0<a href=\"https:\/\/lyfilter.com\/it\/products.html\/\">elemento filtrante<\/a>\u00a0nel mondo. La plastica PE porosa \u00e8 una termoplastica robusta e leggera, con una forte resistenza chimica (acidi e alcali) e un'ampia gamma di micron da 1 a 200um. Esistono polietilene ad altissimo peso molecolare (UHMWPE) e polietilene ad alta densit\u00e0 (HDPE) disponibili in tubi, fogli, barre e forme stampate per diverse applicazioni.<\/p>\n<p>Cartuccia filtrante sinterizzata in PTFE:<br \/>\nGli elementi filtranti in PTFE microporoso sono prodotti mediante sinterizzazione di granuli di PTFE (politetrafluoroetilene) puro, senza l'impiego di altre sostanze. Questi elementi filtranti vengono solitamente offerti quando \u00e8 possibile utilizzare solo PTFE puro monouso 100%. Il vantaggio del PTFE \u00e8 una temperatura massima pi\u00f9 elevata, fino a 200\u2103, e una resistenza chimica leggermente migliore. Per ottenere risultati ottimali, questi elementi filtranti devono essere puliti a ultrasuoni.<\/p>\n<p>Cartuccia filtrante sinterizzata in PVDF:<br \/>\nI prodotti in PVDF (fluoruro di polivinilidene) poroso sinterizzato sono una buona scelta in caso di esposizione a condizioni termiche, ultraviolette, ozono e chimiche difficili. I prodotti in PVDF poroso sono estremamente duri e hanno una dimensione media dei pori di 25 micron. Pu\u00f2 lavorare a temperature comprese tra -62 e 149\u2103.<\/p>\n<p>Cartuccia filtrante sinterizzata in PA\/Nylon:<br \/>\nIl nylon, nome commerciale delle poliammidi (PA), \u00e8 un polimero semicristallino che contiene gruppi amminici e carbonilici. Ne esistono numerose versioni. Il nylon\/PA ha un'elevata forza e resistenza termica con una temperatura di rammollimento di 190\u2103. Con temperature di lavoro da -40\u2103 a 121\u2103, i prodotti porosi in PA\/Nylon sinterizzato hanno un'elevata resistenza alla trazione, una buona resistenza all'abrasione e agli agenti chimici e un basso coefficiente di attrito.<\/p>\n<\/div>\n<div class=\"er-fangkuang1\">\n<p>\u00a0 Caratteristiche del prodotto<\/p>\n<div class=\"description\">\n<ul>\n<li><span class=\"font-color\">\u25ea \u00a0\u00a0<\/span>Elevata porosit\u00e0 (60%) per garantire un maggiore flusso per unit\u00e0 di superficie;<\/li>\n<li><span class=\"font-color\">\u25ea\u00a0 \u00a0<\/span>Superficie esterna liscia, le impurit\u00e0 non aderiscono facilmente, il lavaggio posteriore \u00e8 facile e accurato;<\/li>\n<li><span class=\"font-color\">\u25ea\u00a0 \u00a0<\/span>Capacit\u00e0 antivegetativa: le piccole dimensioni del filtro impediscono alle impurit\u00e0 di essere trattenute nel corpo del filtro;<\/li>\n<li><span class=\"font-color\">\u25ea\u00a0 \u00a0<\/span>Resistenza alla corrosione di acidi e alcali forti, resistenza ai solventi organici;<\/li>\n<li><span class=\"font-color\">\u25ea\u00a0 \u00a0<\/span>Eccellenti propriet\u00e0 meccaniche;<\/li>\n<li><span class=\"font-color\">\u25ea\u00a0 \u00a0<\/span>Nessun rilascio di particelle.<\/li>\n<li><span class=\"font-color\">\u25ea\u00a0 \u00a0<\/span>Gamma di prodotti e ampio campo di applicazione<\/li>\n<\/ul>\n<\/div>\n<\/div>\n<div class=\"d-tem04-title text-left d-interval manS\" data-detail=\"wrap\">\n<h2 class=\"heading\">Parametri del prodotto<\/h2>\n<\/div>\n<div class=\"table-responsive\">\n<table class=\"table table-bordered table-hover\">\n<tbody>\n<tr class=\"firstRow\">\n<td colspan=\"2\"><strong>Dimensioni della cartuccia Fiter<\/strong><\/td>\n<\/tr>\n<tr>\n<td width=\"284\">Dimensione regolare (mm)<\/td>\n<td width=\"660\">31x12x1000, 31x20x1000, 38x20x1000, 38x18x1000, 38x20x1200, 38x20x1300, 38x20x150, 38x20x400, 38x20x250, 38x20x200, 38x20x180, 38x20x150, 50x20x1000, 50x31x1000, 50x38x1000, 65x31x1000, 65x38x1000, 64x44x1000, 78x62x750mm, ecc.<\/td>\n<\/tr>\n<tr>\n<td width=\"193\">Altre dimensioni<\/td>\n<td width=\"659\">Personalizzato su richiesta del cliente.<\/td>\n<\/tr>\n<tr>\n<td colspan=\"2\"><strong>Materiale delle costruzioni<\/strong><\/td>\n<\/tr>\n<tr>\n<td width=\"193\">Opzione media filtrante<\/td>\n<td width=\"659\">PE, HDPE, PTFE, PVDF, PA\/Nylon ecc.<\/td>\n<\/tr>\n<tr>\n<td width=\"193\">Tipo di connettore<\/td>\n<td width=\"659\">Piatto, tipo di inserto, tipo di filettatura, aletta<\/td>\n<\/tr>\n<tr>\n<td width=\"193\">Tappi terminali<\/td>\n<td width=\"659\">PP, M36, M30, M25, M22, M14, M12 o su richiesta.<\/td>\n<\/tr>\n<tr>\n<td colspan=\"2\"><strong>Prestazioni<\/strong><\/td>\n<\/tr>\n<tr>\n<td width=\"193\">Tasso di rimozione<\/td>\n<td width=\"659\">0,3, 0,45, 1, 3, 5, 10,20, 30, 40, 50 \u03bcm<\/td>\n<\/tr>\n<tr>\n<td width=\"193\">Temperatura massima di esercizio<\/td>\n<td width=\"659\">\u2266 82 \u2103<\/td>\n<\/tr>\n<tr>\n<td width=\"193\">Pressione massima di esercizio<\/td>\n<td width=\"659\">6,0 bar<\/td>\n<\/tr>\n<\/tbody>\n<\/table>\n<\/div>","protected":false},"excerpt":{"rendered":"<table>\n<thead>\n<tr>\n<th>Articolo<\/th>\n<th>Dettagli<\/th>\n<\/tr>\n<\/thead>\n<tbody>\n<tr>\n<td>Porta di partenza<\/td>\n<td>Guangzhou<\/td>\n<\/tr>\n<tr>\n<td>Capacit\u00e0 di produzione<\/td>\n<td>10.000 unit\u00e0\/mese<\/td>\n<\/tr>\n<tr>\n<td>Luogo di origine<\/td>\n<td>Guangdong, Cina<\/td>\n<\/tr>\n<tr>\n<td>Pagamento<\/td>\n<td>L\/C, D\/P, Alibaba Trade Assurance, PayPal<\/td>\n<\/tr>\n<tr>\n<td>Modello<\/td>\n<td>LY-HFPL-7<\/td>\n<\/tr>\n<tr>\n<td>Tempi di consegna<\/td>\n<td>Entro 7 giorni lavorativi<\/td>\n<\/tr>\n<tr>\n<td>Certificazione<\/td>\n<td>ISO 9001<\/td>\n<\/tr>\n<tr>\n<td>Marchio<\/td>\n<td>OEM\/Lvyuan<\/td>\n<\/tr>\n<\/tbody>\n<\/table>","protected":false},"featured_media":681,"comment_status":"open","ping_status":"closed","template":"","meta":{"_gspb_post_css":""},"product_brand":[],"product_cat":[17,22],"product_tag":[279,261,289,260,278,282],"class_list":{"0":"post-680","1":"product","2":"type-product","3":"status-publish","4":"has-post-thumbnail","6":"product_cat-sediment-filter","7":"product_cat-sintered-filter-cartridge","8":"product_tag-alibaba-trade-assurance","9":"product_tag-guangdong-china","10":"product_tag-guangzhou-shipping","11":"product_tag-iso-9001","12":"product_tag-ly-hfpl-7","13":"product_tag-oem-lvyuan","15":"first","16":"instock","17":"shipping-taxable","18":"product-type-simple"},"_links":{"self":[{"href":"https:\/\/lyfilter.com\/it\/wp-json\/wp\/v2\/product\/680","targetHints":{"allow":["GET"]}}],"collection":[{"href":"https:\/\/lyfilter.com\/it\/wp-json\/wp\/v2\/product"}],"about":[{"href":"https:\/\/lyfilter.com\/it\/wp-json\/wp\/v2\/types\/product"}],"replies":[{"embeddable":true,"href":"https:\/\/lyfilter.com\/it\/wp-json\/wp\/v2\/comments?post=680"}],"wp:featuredmedia":[{"embeddable":true,"href":"https:\/\/lyfilter.com\/it\/wp-json\/wp\/v2\/media\/681"}],"wp:attachment":[{"href":"https:\/\/lyfilter.com\/it\/wp-json\/wp\/v2\/media?parent=680"}],"wp:term":[{"taxonomy":"product_brand","embeddable":true,"href":"https:\/\/lyfilter.com\/it\/wp-json\/wp\/v2\/product_brand?post=680"},{"taxonomy":"product_cat","embeddable":true,"href":"https:\/\/lyfilter.com\/it\/wp-json\/wp\/v2\/product_cat?post=680"},{"taxonomy":"product_tag","embeddable":true,"href":"https:\/\/lyfilter.com\/it\/wp-json\/wp\/v2\/product_tag?post=680"}],"curies":[{"name":"wp","href":"https:\/\/api.w.org\/{rel}","templated":true}]}}