{"id":647,"date":"2025-12-24T03:37:00","date_gmt":"2025-12-24T03:37:00","guid":{"rendered":"https:\/\/lyfilter.com\/?post_type=product&#038;p=647"},"modified":"2025-12-24T06:31:18","modified_gmt":"2025-12-24T06:31:18","slug":"sintered-metal-filters-suppliers-porous-titanium-rod-filter-cartridge-titanium-water-filter","status":"publish","type":"product","link":"https:\/\/lyfilter.com\/it\/sintered-metal-filters-suppliers-porous-titanium-rod-filter-cartridge-titanium-water-filter\/","title":{"rendered":"Fornitori di filtri metallici sinterizzati cartuccia filtrante in titanio poroso a barre filtro acqua in titanio"},"content":{"rendered":"<div class=\"d-tem11-graphic tem11-graphic mockup\" data-detail=\"wrap\">\n<div class=\"tab_row\">\n<div class=\"img\"><img decoding=\"async\" title=\"\" src=\"https:\/\/img.yfisher.com\/m6076\/1725726659fo8\/jpg70-t3-scale100.webp\" alt=\"Fornitori di filtri in metallo sinterizzato cartuccia filtrante in titanio poroso 5\" data-lazy=\"2\"><\/div>\n<div class=\"text_box\">\n<div class=\"txt\">\n<div class=\"title\">La cartuccia filtrante in titanio sinterizzato si basa sulla polvere di titanio puro (99,7% o superiore) come materia prima principale, realizzata attraverso un processo di sinterizzazione ad alta temperatura. La struttura uniforme, la densit\u00e0 dei pori piccoli \u00e8 elevata, la resistenza alla filtrazione, la permeabilit\u00e0 buona. Inoltre, ha un'elevata precisione di filtrazione, corrosione da acidi e alcali, resistenza alle alte temperature. Pu\u00f2 essere utilizzato per la separazione e la purificazione di liquidi e gas solidi. Le prestazioni di servizio sono eccellenti, ma il filtro di aspirazione e il filtro a pressione non formano inquinamento secondario, sono semplici da utilizzare, possono essere rigenerati in linea, sono facili da pulire e hanno una lunga durata.<\/div>\n<\/div>\n<\/div>\n<\/div>\n<\/div>\n<div class=\"er-fangkuang1\">\n<p>\u00a0 Caratteristiche del prodotto<\/p>\n<div class=\"description\">\n<ul>\n<li style=\"list-style-type: none;\">\n<ul>\n<li><\/li>\n<li><span class=\"font-color\">\u25ea \u00a0\u00a0<\/span>Struttura uniforme, distribuzione stretta delle dimensioni dei pori ed elevata efficienza di separazione.<\/li>\n<li><span class=\"font-color\">\u25ea\u00a0 \u00a0<\/span>Grazie all'elevata porosit\u00e0, la resistenza alla filtrazione \u00e8 minore e l'efficienza di penetrazione \u00e8 elevata.<\/li>\n<li><span class=\"font-color\">\u25ea\u00a0 \u00a0<\/span>Resistente alle alte temperature, pu\u00f2 essere normalmente utilizzato al di sotto dei 280 gradi.<\/li>\n<li><span class=\"font-color\">\u25ea\u00a0 \u00a0<\/span>Buona stabilit\u00e0 chimica, resistenza alla corrosione da acidi e alcali e resistenza all'ossidazione.<\/li>\n<\/ul>\n<\/li>\n<\/ul>\n<p><span class=\"font-color\">\u25ea\u00a0 \u00a0<\/span>Non c'\u00e8 caduta di particelle, non si forma inquinamento secondario nel concentrato, \u00e8 conforme ai requisiti di igiene alimentare e alle GMP farmaceutiche.<\/p>\n<ul>\n<li><span class=\"font-color\">\u25ea\u00a0 \u00a0<\/span>Buone prestazioni meccaniche, pu\u00f2 avere la filtrazione in aspirazione e la filtrazione a pressione, semplice da usare.<\/li>\n<li><span class=\"font-color\">\u25ea\u00a0 \u00a0<\/span>Bassa pressione differenziale, area di copertura ridotta e grande portata d'acqua; prestazioni meccaniche elevate, filtrazione in aspirazione e filtrazione a pressione, funzionamento semplice.<\/li>\n<li><span class=\"font-color\">\u25ea\u00a0 \u00a0<\/span>Forte capacit\u00e0 antimicrobica, assenza di microbi.<\/li>\n<li><span class=\"font-color\">\u25ea\u00a0 \u00a0<\/span>La tecnologia dei prodotti finiti \u00e8 buona, la lunghezza complessiva pu\u00f2 essere raggiunta fino a 1000 mm.<\/li>\n<li><span class=\"font-color\">\u25ea\u00a0 \u00a0<\/span>Pu\u00f2 essere rigenerato in linea, \u00e8 facile da pulire e ha una lunga durata.<\/li>\n<\/ul>\n<\/div>\n<\/div>\n<div class=\"d-tem04-title text-left d-interval manS\" data-detail=\"wrap\">\n<h2 class=\"heading\">Parametri del prodotto<\/h2>\n<\/div>\n<div class=\"table-responsive\">\n<table class=\"table table-bordered table-hover\">\n<tbody>\n<tr class=\"firstRow\">\n<td colspan=\"2\"><strong>Dimensioni della cartuccia Fiter<\/strong><\/td>\n<\/tr>\n<tr>\n<td>Lunghezza<\/td>\n<td>5\u2019\u2019 (125 mm), 10\u2019\u2019 (250 mm), 20\u2019\u2019 (500 mm), 30\u2019\u2019 (750 mm), 40\u2019\u2019 (1000 mm)<\/td>\n<\/tr>\n<tr>\n<td>Diametro<\/td>\n<td>\u00d822, 30, 50, 60, 70, 80, 100, 120 mm<\/td>\n<\/tr>\n<tr>\n<td>Altre dimensioni<\/td>\n<td>Personalizzato su richiesta del cliente.<\/td>\n<\/tr>\n<tr>\n<td colspan=\"2\"><strong>Materiale delle costruzioni<\/strong><\/td>\n<\/tr>\n<tr>\n<td>Mezzi filtranti<\/td>\n<td>Titanio<\/td>\n<\/tr>\n<tr>\n<td>Tipo di connettore<\/td>\n<td>Piatto, tipo di inserto, tipo di filettatura, aletta<\/td>\n<\/tr>\n<tr>\n<td>Tappi terminali<\/td>\n<td>DOE, 215, 222, 226, M20, M30, M42 o su richiesta.<\/td>\n<\/tr>\n<tr>\n<td>Materiale di tenuta<\/td>\n<td>Silicone, NBR, EPDM, gomma fluorurata, ecc.<\/td>\n<\/tr>\n<tr>\n<td colspan=\"2\"><strong>Prestazioni<\/strong><\/td>\n<\/tr>\n<tr>\n<td>Tasso di rimozione<\/td>\n<td>0,1, 0,45, 1, 3, 5, 10,20, 30, 40, 50, 100um<\/td>\n<\/tr>\n<tr>\n<td>Porosit\u00e0<\/td>\n<td>28-50%<\/td>\n<\/tr>\n<tr>\n<td>Tolleranza alla temperatura<\/td>\n<td>\u2266 300\u2103 bagnato<\/td>\n<\/tr>\n<tr>\n<td>Permeabilit\u00e0<\/td>\n<td>0,02-20L\/cm2 min Pa<\/td>\n<\/tr>\n<tr>\n<td>Differenziale di pressione massima di esercizio<\/td>\n<td>6,0 bar<\/td>\n<\/tr>\n<tr>\n<td>Portata (L\/H)<\/td>\n<td>180, 200, 250, 280, 300, 350, 500, 800, 1000, 1500, 1600<\/td>\n<\/tr>\n<\/tbody>\n<\/table>\n<\/div>\n<p>Tabella di riferimento della portata di acqua pura: valore iniziale della cartuccia in titanio sinterizzato da 10\u201d (P=0,2 MPa, 1cP, 25\u2103).<\/p>\n<div class=\"table-responsive\">\n<table class=\"table table-bordered table-hover\">\n<tbody>\n<tr class=\"firstRow\">\n<td>Tasso di micron (\u03bcm)<\/td>\n<td>0.2<\/td>\n<td>0.45<\/td>\n<td>1<\/td>\n<td>2<\/td>\n<td>3<\/td>\n<td>5<\/td>\n<td>10<\/td>\n<td>20<\/td>\n<td>30<\/td>\n<\/tr>\n<tr>\n<td>Portata (L\/H)<\/td>\n<td>180<\/td>\n<td>200<\/td>\n<td>250<\/td>\n<td>280<\/td>\n<td>300<\/td>\n<td>350<\/td>\n<td>500<\/td>\n<td>800<\/td>\n<td>1000<\/td>\n<\/tr>\n<\/tbody>\n<\/table>\n<\/div>","protected":false},"excerpt":{"rendered":"<table>\n<thead>\n<tr>\n<th>Porta di partenza:<\/th>\n<th>Guangzhou<\/th>\n<\/tr>\n<\/thead>\n<tbody>\n<tr>\n<td>Capacit\u00e0 produttiva:<\/td>\n<td>400 unit\u00e0\/mese<\/td>\n<\/tr>\n<tr>\n<td>Luogo di origine:<\/td>\n<td>Guangdong, Cina<\/td>\n<\/tr>\n<tr>\n<td>Pagamento:<\/td>\n<td>T\/T, garanzia di commercio di Alibaba, paypal<\/td>\n<\/tr>\n<tr>\n<td>MOQ:<\/td>\n<td>10 pezzi<\/td>\n<\/tr>\n<tr>\n<td>Modello:<\/td>\n<td>LY-TIC<\/td>\n<\/tr>\n<tr>\n<td>Tempi di consegna:<\/td>\n<td>In 7-15 giorni lavorativi<\/td>\n<\/tr>\n<tr>\n<td>Certificazione:<\/td>\n<td>SGS, ISO 9001<\/td>\n<\/tr>\n<tr>\n<td>Marchio:<\/td>\n<td>OEM\/Lvyuan<\/td>\n<\/tr>\n<\/tbody>\n<\/table>","protected":false},"featured_media":651,"comment_status":"open","ping_status":"closed","template":"","meta":{"_gspb_post_css":""},"product_brand":[],"product_cat":[17,22],"product_tag":[266,260,265,277,259,269],"class_list":{"0":"post-647","1":"product","2":"type-product","3":"status-publish","4":"has-post-thumbnail","6":"product_cat-sediment-filter","7":"product_cat-sintered-filter-cartridge","8":"product_tag-guangzhou","9":"product_tag-iso-9001","10":"product_tag-lvyuan","11":"product_tag-ly-tic","12":"product_tag-oem","13":"product_tag-sgs","15":"first","16":"instock","17":"shipping-taxable","18":"product-type-simple"},"_links":{"self":[{"href":"https:\/\/lyfilter.com\/it\/wp-json\/wp\/v2\/product\/647","targetHints":{"allow":["GET"]}}],"collection":[{"href":"https:\/\/lyfilter.com\/it\/wp-json\/wp\/v2\/product"}],"about":[{"href":"https:\/\/lyfilter.com\/it\/wp-json\/wp\/v2\/types\/product"}],"replies":[{"embeddable":true,"href":"https:\/\/lyfilter.com\/it\/wp-json\/wp\/v2\/comments?post=647"}],"wp:featuredmedia":[{"embeddable":true,"href":"https:\/\/lyfilter.com\/it\/wp-json\/wp\/v2\/media\/651"}],"wp:attachment":[{"href":"https:\/\/lyfilter.com\/it\/wp-json\/wp\/v2\/media?parent=647"}],"wp:term":[{"taxonomy":"product_brand","embeddable":true,"href":"https:\/\/lyfilter.com\/it\/wp-json\/wp\/v2\/product_brand?post=647"},{"taxonomy":"product_cat","embeddable":true,"href":"https:\/\/lyfilter.com\/it\/wp-json\/wp\/v2\/product_cat?post=647"},{"taxonomy":"product_tag","embeddable":true,"href":"https:\/\/lyfilter.com\/it\/wp-json\/wp\/v2\/product_tag?post=647"}],"curies":[{"name":"wp","href":"https:\/\/api.w.org\/{rel}","templated":true}]}}