{"id":5018,"date":"2026-04-07T07:50:24","date_gmt":"2026-04-07T07:50:24","guid":{"rendered":"https:\/\/lyfilter.com\/"},"modified":"2026-04-07T07:50:24","modified_gmt":"2026-04-07T07:50:24","slug":"lvyuan-filter-water-treatment-plant-manufacturers-high-safety-for-factory","status":"publish","type":"product","link":"https:\/\/lyfilter.com\/it\/lvyuan-filter-water-treatment-plant-manufacturers-high-safety-for-factory\/","title":{"rendered":"Lvyuan filtro impianto di trattamento dell'acqua produttori di alta sicurezza per la fabbrica"},"content":{"rendered":"<table>\n<thead>\n<tr>\n<th>Luogo di origine<\/th>\n<th>Guangdong, Cina<\/th>\n<\/tr>\n<\/thead>\n<tbody>\n<tr>\n<td>Nome del marchio<\/td>\n<td>Guangzhou Lvyuan<\/td>\n<\/tr>\n<tr>\n<td>Numero di modello<\/td>\n<td>LY-PV001<\/td>\n<\/tr>\n<tr>\n<td>Nome<\/td>\n<td>Recipienti a pressione a membrana in acciaio inox 316<\/td>\n<\/tr>\n<tr>\n<td>Materiale dell'alloggiamento<\/td>\n<td>SS304, SS316<\/td>\n<\/tr>\n<tr>\n<td>tipo di alloggiamento<\/td>\n<td>senza cuciture o con cuciture<\/td>\n<\/tr>\n<tr>\n<td>materiale del tappo terminale<\/td>\n<td>ABS, acciaio inox<\/td>\n<\/tr>\n<tr>\n<td>tasso di pressione<\/td>\n<td>300psi, 400psi, 1000psi<\/td>\n<\/tr>\n<tr>\n<td>modalit\u00e0 di ingresso<\/td>\n<td>estremit\u00e0 o lato<\/td>\n<\/tr>\n<tr>\n<td>porta di ingresso<\/td>\n<td>3\/4\u2033 femmina o 1,5\u2033 femmina<\/td>\n<\/tr>\n<tr>\n<td>porta di uscita<\/td>\n<td>1\/2\u2033 femmina o 1\u2033 femmina<\/td>\n<\/tr>\n<tr>\n<td>Certificazione<\/td>\n<td>Certificato CE<\/td>\n<\/tr>\n<tr>\n<td>Applicazione<\/td>\n<td>Recipiente a pressione per osmosi inversa RO<\/td>\n<\/tr>\n<tr>\n<td>Capacit\u00e0 di approvvigionamento<\/td>\n<td>10000 pezzo\/pezzi al mese recipiente a pressione dell'acciaio inossidabile<\/td>\n<\/tr>\n<\/tbody>\n<\/table>","protected":false},"excerpt":{"rendered":"<p>Vantaggi dell'azienda<br \/>\n1. Il filtro Lvyuan \u00e8 realizzato con materie prime della migliore qualit\u00e0 che assicurano ai clienti la nostra autenticit\u00e0. Non contiene leganti, agenti, solventi, materiali antistatici o agenti umidificanti.<br \/>\n2. Grazie a queste caratteristiche ha conquistato il favore dei clienti di tutto il mondo. La guarnizione ad anello a forma di stella facilita lo smontaggio e la manutenzione dell'elemento filtrante.<br \/>\n3. Il prodotto \u00e8 resistente alla temperatura. La sua rigidit\u00e0 o resistenza alla fatica non viene facilmente modificata dalle variazioni di temperatura. Pu\u00f2 fornire analisi e risultati accurati per la cromatografia ionica sensibile.<\/p>\n<p>Guangzhou Lvyuan offre una gamma completa di alloggiamenti per membrane RO in acciaio inox per membrane RO da 2,5\u201d, 4\u201d e 8\u201d. Gli alloggiamenti sono progettati con ingresso laterale o terminale e sono compatibili con varie dimensioni di porte permeato e concentrato. Le diverse opzioni offrono ai clienti la possibilit\u00e0 di soddisfare diverse applicazioni e di risparmiare investimenti costosi in collettori complicati. Tutti gli alloggiamenti per membrane RO in acciaio inox sono sottoposti a test idraulici per garantire una qualit\u00e0 costante al momento dell'utilizzo.<\/p>","protected":false},"featured_media":5019,"comment_status":"open","ping_status":"closed","template":"","meta":{"_gspb_post_css":""},"product_brand":[],"product_cat":[1202],"product_tag":[1942,1943,1717,1534,1941,1136],"class_list":{"0":"post-5018","1":"product","2":"type-product","3":"status-publish","4":"has-post-thumbnail","6":"product_cat-filter-cartridge","7":"product_tag-factory-water-filtration","8":"product_tag-high-safety-filtration-system","9":"product_tag-industrial-water-purification","10":"product_tag-inversafilterpurification","11":"product_tag-lvyuan-water-treatment-plant","12":"product_tag-water-filter-locks","14":"first","15":"instock","16":"shipping-taxable","17":"product-type-simple"},"_links":{"self":[{"href":"https:\/\/lyfilter.com\/it\/wp-json\/wp\/v2\/product\/5018","targetHints":{"allow":["GET"]}}],"collection":[{"href":"https:\/\/lyfilter.com\/it\/wp-json\/wp\/v2\/product"}],"about":[{"href":"https:\/\/lyfilter.com\/it\/wp-json\/wp\/v2\/types\/product"}],"replies":[{"embeddable":true,"href":"https:\/\/lyfilter.com\/it\/wp-json\/wp\/v2\/comments?post=5018"}],"wp:featuredmedia":[{"embeddable":true,"href":"https:\/\/lyfilter.com\/it\/wp-json\/wp\/v2\/media\/5019"}],"wp:attachment":[{"href":"https:\/\/lyfilter.com\/it\/wp-json\/wp\/v2\/media?parent=5018"}],"wp:term":[{"taxonomy":"product_brand","embeddable":true,"href":"https:\/\/lyfilter.com\/it\/wp-json\/wp\/v2\/product_brand?post=5018"},{"taxonomy":"product_cat","embeddable":true,"href":"https:\/\/lyfilter.com\/it\/wp-json\/wp\/v2\/product_cat?post=5018"},{"taxonomy":"product_tag","embeddable":true,"href":"https:\/\/lyfilter.com\/it\/wp-json\/wp\/v2\/product_tag?post=5018"}],"curies":[{"name":"wp","href":"https:\/\/api.w.org\/{rel}","templated":true}]}}