{"id":4998,"date":"2026-04-07T07:27:47","date_gmt":"2026-04-07T07:27:47","guid":{"rendered":"https:\/\/lyfilter.com\/"},"modified":"2026-04-07T07:27:47","modified_gmt":"2026-04-07T07:27:47","slug":"affordable-activated-carbon-filter-element-replace-for-sea-water","status":"publish","type":"product","link":"https:\/\/lyfilter.com\/it\/affordable-activated-carbon-filter-element-replace-for-sea-water\/","title":{"rendered":"L'elemento filtrante a carbone attivo conveniente sostituisce per l'acqua di mare"},"content":{"rendered":"<table>\n<thead>\n<tr>\n<th>Industrie applicabili<\/th>\n<th>Fabbrica di alimenti e bevande, negozi di alimenti e bevande<\/th>\n<\/tr>\n<\/thead>\n<tbody>\n<tr>\n<td>Servizio post garanzia<\/td>\n<td>Assistenza online<\/td>\n<\/tr>\n<tr>\n<td>Sede del servizio locale<\/td>\n<td>nessuno<\/td>\n<\/tr>\n<tr>\n<td>Posizione dello showroom<\/td>\n<td>nessuno<\/td>\n<\/tr>\n<tr>\n<td>Video uscita-ispezione<\/td>\n<td>Fornito<\/td>\n<\/tr>\n<tr>\n<td>Rapporto di prova del macchinario<\/td>\n<td>Fornito<\/td>\n<\/tr>\n<tr>\n<td>Tipo di marketing<\/td>\n<td>Prodotto ordinario<\/td>\n<\/tr>\n<tr>\n<td>Garanzia dei componenti principali<\/td>\n<td>1 anno<\/td>\n<\/tr>\n<tr>\n<td>Componenti principali<\/td>\n<td>Recipiente a pressione<\/td>\n<\/tr>\n<tr>\n<td>Luogo di origine<\/td>\n<td>Cina<\/td>\n<\/tr>\n<tr>\n<td>Nome del marchio<\/td>\n<td>Lvyuan\/Oem<\/td>\n<\/tr>\n<tr>\n<td>Garanzia<\/td>\n<td>1 anno<\/td>\n<\/tr>\n<tr>\n<td>Servizio post-vendita fornito<\/td>\n<td>Assistenza online<\/td>\n<\/tr>\n<tr>\n<td>Nome<\/td>\n<td>Filtro a cartuccia da 02 micron<\/td>\n<\/tr>\n<tr>\n<td>Materiale della membrana filtrante<\/td>\n<td>PP\/PVDF\/PTFE\/PES\/Nylon<\/td>\n<\/tr>\n<tr>\n<td>Lunghezza<\/td>\n<td>5 \/ 10 \/ 20 \/ 30 \/ 40 \/ 50 \/ 60 pollici<\/td>\n<\/tr>\n<tr>\n<td>Conettore<\/td>\n<td>Fin\/222\/226\/215\/DOE\/Thread<\/td>\n<\/tr>\n<tr>\n<td>Micron<\/td>\n<td>0.22\/0.5\/1\/3\/5\/10\/25\/50\/75\/100\/150<\/td>\n<\/tr>\n<tr>\n<td>Metodo di sigillatura<\/td>\n<td>Saldatura a caldo<\/td>\n<\/tr>\n<tr>\n<td>Diametro<\/td>\n<td>70 mm\/OEM<\/td>\n<\/tr>\n<tr>\n<td>Nucleo interno<\/td>\n<td>PP\/SS\/OEM<\/td>\n<\/tr>\n<tr>\n<td>MOQ<\/td>\n<td>Al momento non \u00e8 previsto un numero limitato di<\/td>\n<\/tr>\n<tr>\n<td>Capacit\u00e0 di approvvigionamento<\/td>\n<td>5000 pezzo\/pezzi a settimana<\/td>\n<\/tr>\n<\/tbody>\n<\/table>","protected":false},"excerpt":{"rendered":"<p><b>Vantaggi dell'azienda<\/b><br \/>\n<b>1.<\/b>\u00a0La combinazione di materiali, tra cui\u00a0<a href=\"https:\/\/lyfilter.com\/it\/sediment-filter.html\/\">filtro a sedimenti<\/a>\u00a0La cartuccia di carbone attivo rende l'elemento filtrante perfetto dal punto di vista qualitativo. La sua esclusiva struttura a gradiente di densit\u00e0 massimizza l'efficienza e riduce al minimo le perdite di carico.<br \/>\n<b>2.<\/b>\u00a0Un buon servizio e una qualit\u00e0 superiore sono i fattori chiave del successo dell'elemento filtrante a carboni attivi nel mercato estero. Ha un'ampia area filtrante effettiva<br \/>\n<b>3.<\/b>\u00a0Il prodotto \u00e8 stabile nella qualit\u00e0 e superiore nelle prestazioni. La porosit\u00e0 \u00e8 diversa a seconda della profondit\u00e0 del mezzo filtrante.<br \/>\n<b>4.<\/b>\u00a0Il nostro team tecnico professionale ottimizza notevolmente le prestazioni dei nostri prodotti. Pu\u00f2 controllare efficacemente la precisione di filtrazione<br \/>\n<b>5.<\/b>\u00a0Siamo impegnati nella ricerca e nello sviluppo di nuove tecnologie, in modo che la qualit\u00e0 e le prestazioni dei nostri prodotti siano all'avanguardia nel settore. Il media filtrante \u00e8 incollato termicamente per evitare il rilascio di fibre mentre<\/p>","protected":false},"featured_media":4999,"comment_status":"open","ping_status":"closed","template":"","meta":{"_gspb_post_css":""},"product_brand":[],"product_cat":[1339],"product_tag":[1177,1577,1534,1546,1924,1136],"class_list":{"0":"post-4998","1":"product","2":"type-product","3":"status-publish","4":"has-post-thumbnail","6":"product_cat-carbon-filter","7":"product_tag-activated-carbon-filter-element","8":"product_tag-carbon-water-filter-cartridge","9":"product_tag-inversafilterpurification","10":"product_tag-sea-water-filter-replacement","11":"product_tag-sea-water-filtration-filter","12":"product_tag-water-filter-locks","14":"first","15":"instock","16":"shipping-taxable","17":"product-type-simple"},"_links":{"self":[{"href":"https:\/\/lyfilter.com\/it\/wp-json\/wp\/v2\/product\/4998","targetHints":{"allow":["GET"]}}],"collection":[{"href":"https:\/\/lyfilter.com\/it\/wp-json\/wp\/v2\/product"}],"about":[{"href":"https:\/\/lyfilter.com\/it\/wp-json\/wp\/v2\/types\/product"}],"replies":[{"embeddable":true,"href":"https:\/\/lyfilter.com\/it\/wp-json\/wp\/v2\/comments?post=4998"}],"wp:featuredmedia":[{"embeddable":true,"href":"https:\/\/lyfilter.com\/it\/wp-json\/wp\/v2\/media\/4999"}],"wp:attachment":[{"href":"https:\/\/lyfilter.com\/it\/wp-json\/wp\/v2\/media?parent=4998"}],"wp:term":[{"taxonomy":"product_brand","embeddable":true,"href":"https:\/\/lyfilter.com\/it\/wp-json\/wp\/v2\/product_brand?post=4998"},{"taxonomy":"product_cat","embeddable":true,"href":"https:\/\/lyfilter.com\/it\/wp-json\/wp\/v2\/product_cat?post=4998"},{"taxonomy":"product_tag","embeddable":true,"href":"https:\/\/lyfilter.com\/it\/wp-json\/wp\/v2\/product_tag?post=4998"}],"curies":[{"name":"wp","href":"https:\/\/api.w.org\/{rel}","templated":true}]}}