{"id":4968,"date":"2026-04-07T07:00:19","date_gmt":"2026-04-07T07:00:19","guid":{"rendered":"https:\/\/lyfilter.com\/"},"modified":"2026-04-07T07:00:19","modified_gmt":"2026-04-07T07:00:19","slug":"stainless-steel-high-flow-filter-housing","status":"publish","type":"product","link":"https:\/\/lyfilter.com\/it\/stainless-steel-high-flow-filter-housing\/","title":{"rendered":"Alloggiamento del filtro ad alto flusso in acciaio inox"},"content":{"rendered":"<table>\n<thead>\n<tr>\n<th>Porta di partenza<\/th>\n<th>Guangzhou<\/th>\n<\/tr>\n<\/thead>\n<tbody>\n<tr>\n<td>Capacit\u00e0 di produzione<\/td>\n<td>10000 unit\u00e0\/mese<\/td>\n<\/tr>\n<tr>\n<td>Luogo di origine<\/td>\n<td>Guangdong, Cina<\/td>\n<\/tr>\n<tr>\n<td>Pagamento<\/td>\n<td>T\/T, garanzia di commercio di Alibaba, paypal<\/td>\n<\/tr>\n<tr>\n<td>MOQ<\/td>\n<td>1 pezzo<\/td>\n<\/tr>\n<tr>\n<td>Tempi di consegna<\/td>\n<td>Entro 7 giorni lavorativi<\/td>\n<\/tr>\n<tr>\n<td>Certificazione<\/td>\n<td>CE, ISO 9001<\/td>\n<\/tr>\n<\/tbody>\n<\/table>","protected":false},"excerpt":{"rendered":"<p>L'alloggiamento del filtro ad alta portata \u00e8 una macchina installata sulla tubazione per rimuovere varie particelle solide inquinanti nel fluido, che pu\u00f2 raggiungere lo scopo di prolungare la durata dei componenti e migliorare la stabilit\u00e0 del funzionamento del sistema. La caratteristica principale di questa serie di filtri \u00e8 il dispositivo di autosigillatura. Quando si sostituisce il\u00a0<a href=\"https:\/\/lyfilter.com\/it\/products.html\/\">elemento filtrante<\/a>, Il filtro deve solo ruotare di 90\u00b0 quando si allenta la flangia, in modo da soddisfare il requisito di autosigillatura per evitare il traboccamento del fluido e facilitare la sostituzione dell'elemento filtrante.<\/p>","protected":false},"featured_media":4973,"comment_status":"open","ping_status":"closed","template":"","meta":{"_gspb_post_css":""},"product_brand":[],"product_cat":[15],"product_tag":[1911,1740,38,1534,34,1136],"class_list":{"0":"post-4968","1":"product","2":"type-product","3":"status-publish","4":"has-post-thumbnail","6":"product_cat-stainless-steel-filter-housing","7":"product_tag-durable-filter-housing","8":"product_tag-high-flow-filter-housing","9":"product_tag-industrial-water-filtration","10":"product_tag-inversafilterpurification","11":"product_tag-stainless-steel-filter-housing","12":"product_tag-water-filter-locks","14":"first","15":"instock","16":"shipping-taxable","17":"product-type-simple"},"_links":{"self":[{"href":"https:\/\/lyfilter.com\/it\/wp-json\/wp\/v2\/product\/4968","targetHints":{"allow":["GET"]}}],"collection":[{"href":"https:\/\/lyfilter.com\/it\/wp-json\/wp\/v2\/product"}],"about":[{"href":"https:\/\/lyfilter.com\/it\/wp-json\/wp\/v2\/types\/product"}],"replies":[{"embeddable":true,"href":"https:\/\/lyfilter.com\/it\/wp-json\/wp\/v2\/comments?post=4968"}],"wp:featuredmedia":[{"embeddable":true,"href":"https:\/\/lyfilter.com\/it\/wp-json\/wp\/v2\/media\/4973"}],"wp:attachment":[{"href":"https:\/\/lyfilter.com\/it\/wp-json\/wp\/v2\/media?parent=4968"}],"wp:term":[{"taxonomy":"product_brand","embeddable":true,"href":"https:\/\/lyfilter.com\/it\/wp-json\/wp\/v2\/product_brand?post=4968"},{"taxonomy":"product_cat","embeddable":true,"href":"https:\/\/lyfilter.com\/it\/wp-json\/wp\/v2\/product_cat?post=4968"},{"taxonomy":"product_tag","embeddable":true,"href":"https:\/\/lyfilter.com\/it\/wp-json\/wp\/v2\/product_tag?post=4968"}],"curies":[{"name":"wp","href":"https:\/\/api.w.org\/{rel}","templated":true}]}}