{"id":4939,"date":"2026-04-07T06:38:45","date_gmt":"2026-04-07T06:38:45","guid":{"rendered":"https:\/\/lyfilter.com\/"},"modified":"2026-04-07T06:38:45","modified_gmt":"2026-04-07T06:38:45","slug":"pp-plastic-filter-housing","status":"publish","type":"product","link":"https:\/\/lyfilter.com\/it\/pp-plastic-filter-housing\/","title":{"rendered":"Alloggiamento del filtro in plastica PP"},"content":{"rendered":"<table>\n<thead>\n<tr>\n<th>Porta di partenza<\/th>\n<th>Guangzhou<\/th>\n<\/tr>\n<\/thead>\n<tbody>\n<tr>\n<td>Capacit\u00e0 di produzione<\/td>\n<td>10000 unit\u00e0\/mese<\/td>\n<\/tr>\n<tr>\n<td>Luogo di origine<\/td>\n<td>Guangdong, Cina<\/td>\n<\/tr>\n<tr>\n<td>Pagamento<\/td>\n<td>T\/T, garanzia di commercio di Alibaba, paypal<\/td>\n<\/tr>\n<tr>\n<td>MOQ<\/td>\n<td>1 pezzo<\/td>\n<\/tr>\n<tr>\n<td>Modello<\/td>\n<td>LY-HFPL-7<\/td>\n<\/tr>\n<tr>\n<td>Tempi di consegna<\/td>\n<td>Entro 7 giorni lavorativi<\/td>\n<\/tr>\n<tr>\n<td>Certificazione<\/td>\n<td>ISO 9001<\/td>\n<\/tr>\n<tr>\n<td>Marchio<\/td>\n<td>OEM\/Lvyuan<\/td>\n<\/tr>\n<\/tbody>\n<\/table>","protected":false},"excerpt":{"rendered":"<p>ALLOGGIAMENTO DEL FILTRO A SACCO IN PP<\/p>\n<ol>\n<li>Adotta un'esclusiva tecnologia di progettazione dei filtri. resistenza agli acidi e agli alcali, resistenza alla corrosione.<\/li>\n<li>Il flusso di lavorazione per unit\u00e0 di area di filtrazione \u00e8 maggiore, la resistenza di filtrazione \u00e8 minore e l'efficienza di filtrazione \u00e8 elevata.<\/li>\n<li>Ampiamente utilizzato in: acque reflue, prodotti chimici<\/li>\n<li>liquido, farmaceutico, chimico, elettronica PCB, trattamento delle acque reflue. industria galvanica, ecc.<\/li>\n<li>Il tempo di installazione e sostituzione \u00e8 2 volte inferiore rispetto al filtro tradizionale e l'efficienza di lavoro \u00e8 aumentata di 80%<\/li>\n<\/ol>\n<ul>\n<li>Adotta un'esclusiva tecnologia di progettazione dei filtri. resistenza agli acidi e agli alcali, resistenza alla corrosione.<\/li>\n<li>Il flusso di lavorazione per unit\u00e0 di area di filtrazione \u00e8 maggiore, la resistenza di filtrazione \u00e8 minore e l'efficienza di filtrazione \u00e8 elevata.<\/li>\n<li>Ampiamente utilizzato in: acque reflue, prodotti chimici<\/li>\n<li>liquido, farmaceutico, chimico, elettronica PCB, trattamento delle acque reflue. industria galvanica, ecc.<\/li>\n<li>Il tempo di installazione e sostituzione \u00e8 2 volte inferiore rispetto al filtro tradizionale e l'efficienza di lavoro \u00e8 aumentata di 80%<\/li>\n<\/ul>","protected":false},"featured_media":4941,"comment_status":"open","ping_status":"closed","template":"","meta":{"_gspb_post_css":""},"product_brand":[],"product_cat":[15],"product_tag":[1898,1534,1897,1896,1136,1800],"class_list":{"0":"post-4939","1":"product","2":"type-product","3":"status-publish","4":"has-post-thumbnail","6":"product_cat-stainless-steel-filter-housing","7":"product_tag-filter-housing-for-purification","8":"product_tag-inversafilterpurification","9":"product_tag-plastic-filter-housing","10":"product_tag-pp-plastic-filter-housing","11":"product_tag-water-filter-locks","12":"product_tag-water-treatment-housing","14":"first","15":"instock","16":"shipping-taxable","17":"product-type-simple"},"_links":{"self":[{"href":"https:\/\/lyfilter.com\/it\/wp-json\/wp\/v2\/product\/4939","targetHints":{"allow":["GET"]}}],"collection":[{"href":"https:\/\/lyfilter.com\/it\/wp-json\/wp\/v2\/product"}],"about":[{"href":"https:\/\/lyfilter.com\/it\/wp-json\/wp\/v2\/types\/product"}],"replies":[{"embeddable":true,"href":"https:\/\/lyfilter.com\/it\/wp-json\/wp\/v2\/comments?post=4939"}],"wp:featuredmedia":[{"embeddable":true,"href":"https:\/\/lyfilter.com\/it\/wp-json\/wp\/v2\/media\/4941"}],"wp:attachment":[{"href":"https:\/\/lyfilter.com\/it\/wp-json\/wp\/v2\/media?parent=4939"}],"wp:term":[{"taxonomy":"product_brand","embeddable":true,"href":"https:\/\/lyfilter.com\/it\/wp-json\/wp\/v2\/product_brand?post=4939"},{"taxonomy":"product_cat","embeddable":true,"href":"https:\/\/lyfilter.com\/it\/wp-json\/wp\/v2\/product_cat?post=4939"},{"taxonomy":"product_tag","embeddable":true,"href":"https:\/\/lyfilter.com\/it\/wp-json\/wp\/v2\/product_tag?post=4939"}],"curies":[{"name":"wp","href":"https:\/\/api.w.org\/{rel}","templated":true}]}}