{"id":4932,"date":"2026-04-07T06:35:31","date_gmt":"2026-04-07T06:35:31","guid":{"rendered":"https:\/\/lyfilter.com\/"},"modified":"2026-04-07T06:35:31","modified_gmt":"2026-04-07T06:35:31","slug":"seawater-desalination-ro-membrane-seawater-membrane-elements","status":"publish","type":"product","link":"https:\/\/lyfilter.com\/it\/seawater-desalination-ro-membrane-seawater-membrane-elements\/","title":{"rendered":"Membrana RO di desalinizzazione dell'acqua di mare Elementi della membrana dell'acqua di mare"},"content":{"rendered":"<table>\n<thead>\n<tr>\n<th>Propriet\u00e0<\/th>\n<th>Valore<\/th>\n<\/tr>\n<\/thead>\n<tbody>\n<tr>\n<td>Servizio post garanzia<\/td>\n<td>Assistenza online<\/td>\n<\/tr>\n<tr>\n<td>Sede del servizio locale<\/td>\n<td>nessuno<\/td>\n<\/tr>\n<tr>\n<td>Posizione dello showroom<\/td>\n<td>nessuno<\/td>\n<\/tr>\n<tr>\n<td>Video uscita-ispezione<\/td>\n<td>Fornito<\/td>\n<\/tr>\n<tr>\n<td>Rapporto di prova del macchinario<\/td>\n<td>Non disponibile<\/td>\n<\/tr>\n<tr>\n<td>Tipo di marketing<\/td>\n<td>Prodotto ordinario<\/td>\n<\/tr>\n<tr>\n<td>Garanzia dei componenti principali<\/td>\n<td>Non disponibile<\/td>\n<\/tr>\n<tr>\n<td>Luogo di origine<\/td>\n<td>Guangdong, Cina<\/td>\n<\/tr>\n<tr>\n<td>Nome del marchio<\/td>\n<td>Lvyuan \/ OEM<\/td>\n<\/tr>\n<tr>\n<td>Materiale<\/td>\n<td>cartone<\/td>\n<\/tr>\n<tr>\n<td>Peso<\/td>\n<td>dipende<\/td>\n<\/tr>\n<tr>\n<td>Dimensione<\/td>\n<td>dipende<\/td>\n<\/tr>\n<tr>\n<td>Potenza<\/td>\n<td>0<\/td>\n<\/tr>\n<tr>\n<td>Garanzia<\/td>\n<td>Non disponibile<\/td>\n<\/tr>\n<tr>\n<td>Nome del prodotto<\/td>\n<td>Elementi di membrana per acqua di mare<\/td>\n<\/tr>\n<tr>\n<td>Tasso di micron<\/td>\n<td>Da 1, 5, 10 a 100 micron<\/td>\n<\/tr>\n<tr>\n<td>Lunghezza<\/td>\n<td>20\u2033, 40\u2033, 60\u201d pollici<\/td>\n<\/tr>\n<tr>\n<td>Filtro medio<\/td>\n<td>PP, PP soffiato a caldo, cellulosa<\/td>\n<\/tr>\n<tr>\n<td>Codice \/ Tappo terminale<\/td>\n<td>polipropilene rinforzato con fibra di vetro<\/td>\n<\/tr>\n<tr>\n<td>Utilizzo<\/td>\n<td>elementi filtranti per liquidi, parti di filtri per acqua<\/td>\n<\/tr>\n<tr>\n<td>Nucleo interno<\/td>\n<td>PP o fibra di vetro<\/td>\n<\/tr>\n<tr>\n<td>Certificazione<\/td>\n<td>CE ISO<\/td>\n<\/tr>\n<tr>\n<td>Diametro<\/td>\n<td>6\u201d, 152 mm \/ 6,5\u201d, 165 mm<\/td>\n<\/tr>\n<tr>\n<td>Sostituzione<\/td>\n<td>P\/ALL PARK\/ER 3\/M<\/td>\n<\/tr>\n<tr>\n<td>Componenti principali<\/td>\n<td>filtri a cartuccia per liquidi<\/td>\n<\/tr>\n<tr>\n<td>Capacit\u00e0 di approvvigionamento<\/td>\n<td>5000 pezzo\/pezzi a settimana filtro ad alto flusso<\/td>\n<\/tr>\n<tr>\n<td>Descrizione<\/td>\n<td>Membrana di desalinizzazione dell'acqua di mare Elementi di membrana per l'acqua di mare<\/td>\n<\/tr>\n<\/tbody>\n<\/table>","protected":false},"excerpt":{"rendered":"<p>Costruito per i sistemi di acqua di mare, questo elemento a membrana RO combina la forza di desalinizzazione con una sicura chiusura del filtro per un'aderenza perfetta. InversaFilterPurification favorisce flussi pi\u00f9 puliti e un trattamento uniforme laddove la resa \u00e8 pi\u00f9 affidabile.<\/p>","protected":false},"featured_media":4938,"comment_status":"open","ping_status":"closed","template":"","meta":{"_gspb_post_css":""},"product_brand":[],"product_cat":[20],"product_tag":[1895,1534,1893,1892,1894,1136],"class_list":{"0":"post-4932","1":"product","2":"type-product","3":"status-publish","4":"has-post-thumbnail","6":"product_cat-high-flow-filter-cartridge","7":"product_tag-desalination-water-treatment","8":"product_tag-inversafilterpurification","9":"product_tag-ro-membrane-elements","10":"product_tag-seawater-desalination-membrane","11":"product_tag-seawater-ro-membrane","12":"product_tag-water-filter-locks","14":"first","15":"instock","16":"shipping-taxable","17":"product-type-simple"},"_links":{"self":[{"href":"https:\/\/lyfilter.com\/it\/wp-json\/wp\/v2\/product\/4932","targetHints":{"allow":["GET"]}}],"collection":[{"href":"https:\/\/lyfilter.com\/it\/wp-json\/wp\/v2\/product"}],"about":[{"href":"https:\/\/lyfilter.com\/it\/wp-json\/wp\/v2\/types\/product"}],"replies":[{"embeddable":true,"href":"https:\/\/lyfilter.com\/it\/wp-json\/wp\/v2\/comments?post=4932"}],"wp:featuredmedia":[{"embeddable":true,"href":"https:\/\/lyfilter.com\/it\/wp-json\/wp\/v2\/media\/4938"}],"wp:attachment":[{"href":"https:\/\/lyfilter.com\/it\/wp-json\/wp\/v2\/media?parent=4932"}],"wp:term":[{"taxonomy":"product_brand","embeddable":true,"href":"https:\/\/lyfilter.com\/it\/wp-json\/wp\/v2\/product_brand?post=4932"},{"taxonomy":"product_cat","embeddable":true,"href":"https:\/\/lyfilter.com\/it\/wp-json\/wp\/v2\/product_cat?post=4932"},{"taxonomy":"product_tag","embeddable":true,"href":"https:\/\/lyfilter.com\/it\/wp-json\/wp\/v2\/product_tag?post=4932"}],"curies":[{"name":"wp","href":"https:\/\/api.w.org\/{rel}","templated":true}]}}