{"id":4906,"date":"2026-04-07T03:59:36","date_gmt":"2026-04-07T03:59:36","guid":{"rendered":"https:\/\/lyfilter.com\/"},"modified":"2026-04-07T03:59:36","modified_gmt":"2026-04-07T03:59:36","slug":"factory-price-customize-size-stainless-steel-sintered-mesh-filter-element","status":"publish","type":"product","link":"https:\/\/lyfilter.com\/it\/factory-price-customize-size-stainless-steel-sintered-mesh-filter-element\/","title":{"rendered":"Il prezzo di fabbrica personalizza la dimensione dell'elemento filtrante sinterizzato della maglia dell'acciaio inossidabile"},"content":{"rendered":"<table>\n<thead>\n<tr>\n<th>Porta di partenza<\/th>\n<th>Guangzhou<\/th>\n<th>Capacit\u00e0 di produzione<\/th>\n<th>10000 unit\u00e0\/mese<\/th>\n<th>Luogo di origine<\/th>\n<th>Guangdong, Cina<\/th>\n<\/tr>\n<\/thead>\n<tbody>\n<tr>\n<td>Pagamento<\/td>\n<td>T\/T, Western Union, Alibaba Trade Assurance, paypal<\/td>\n<td>MOQ<\/td>\n<td>1 pezzo<\/td>\n<td>Certificazione<\/td>\n<td>ISO 9001<\/td>\n<\/tr>\n<tr>\n<td>Marchio<\/td>\n<td>OEM\/Lvyuan<\/td>\n<td><\/td>\n<td><\/td>\n<td><\/td>\n<td><\/td>\n<\/tr>\n<\/tbody>\n<\/table>\n<p>Realizzato per le attivit\u00e0 di filtrazione, questo elemento filtrante a maglia sinterizzata in acciaio inossidabile supporta un dimensionamento personalizzato, una struttura robusta e un flusso pulito. InversaFilterPurification offre prestazioni affidabili e valore per il lavoro e l'uso industriale quotidiano.<\/p>","protected":false},"excerpt":{"rendered":"<div class=\"unit-detail-html-tabs__content-attr\">\n<div class=\"unit-product-attrparam\">\n<div class=\"unit-product-attrparam__items row\">\n<div class=\"col-12 col-md-6\">\n<div class=\"unit-product-attrparam__item\"><\/div>\n<\/div>\n<div class=\"col-12 col-md-6\">\n<div class=\"unit-product-attrparam__item\">\n<div class=\"unit-product-attrparam__value\" title=\"OEM\/ODM\">La rete sinterizzata in acciaio inox <a href=\"https:\/\/lyfilter.com\/it\/products.html\/\">elemento filtrante<\/a>\u00e8 quello di intrecciare le maglie di ciascuna rete metallica per formare un materiale filtrante uniforme e ideale. La precisione dell'elemento filtrante a rete sinterizzata \u00e8 uniforme e stabile, con una forte resistenza e rigidit\u00e0, e richiede una resistenza alla compressione e una precisione di filtrazione estremamente elevate. \u00c8 la scelta ideale per le occasioni che richiedono uniformit\u00e0.<\/div>\n<\/div>\n<\/div>\n<\/div>\n<\/div>\n<\/div>\n<div class=\"unit-detail-html-tabs__content-html\">\n<p>\u00a0Campo di applicazione dell'elemento filtrante a maglia sinterizzata: filtrazione di precisione dell'olio idraulico e dell'olio lubrificante, filtrazione dell'industria petrolifera, filtrazione delle acque reflue, cemento, industria mineraria, metallurgia, automobile, filtrazione dell'acqua di circolazione industriale, filtro di precisione, filtro di controlavaggio e altre industrie. Filtrazione di materiali nell'industria farmaceutica.<\/p>\n<\/div>","protected":false},"featured_media":4907,"comment_status":"open","ping_status":"closed","template":"","meta":{"_gspb_post_css":""},"product_brand":[],"product_cat":[18],"product_tag":[879,1390,1534,1884,1883,1136],"class_list":{"0":"post-4906","1":"product","2":"type-product","3":"status-publish","4":"has-post-thumbnail","6":"product_cat-sintered-metal-filters","7":"product_tag-custom-size-filter-element","8":"product_tag-industrial-mesh-filter","9":"product_tag-inversafilterpurification","10":"product_tag-sintered-mesh-filter-element","11":"product_tag-stainless-steel-sintered-mesh-filter","12":"product_tag-water-filter-locks","14":"first","15":"instock","16":"shipping-taxable","17":"product-type-simple"},"_links":{"self":[{"href":"https:\/\/lyfilter.com\/it\/wp-json\/wp\/v2\/product\/4906","targetHints":{"allow":["GET"]}}],"collection":[{"href":"https:\/\/lyfilter.com\/it\/wp-json\/wp\/v2\/product"}],"about":[{"href":"https:\/\/lyfilter.com\/it\/wp-json\/wp\/v2\/types\/product"}],"replies":[{"embeddable":true,"href":"https:\/\/lyfilter.com\/it\/wp-json\/wp\/v2\/comments?post=4906"}],"wp:featuredmedia":[{"embeddable":true,"href":"https:\/\/lyfilter.com\/it\/wp-json\/wp\/v2\/media\/4907"}],"wp:attachment":[{"href":"https:\/\/lyfilter.com\/it\/wp-json\/wp\/v2\/media?parent=4906"}],"wp:term":[{"taxonomy":"product_brand","embeddable":true,"href":"https:\/\/lyfilter.com\/it\/wp-json\/wp\/v2\/product_brand?post=4906"},{"taxonomy":"product_cat","embeddable":true,"href":"https:\/\/lyfilter.com\/it\/wp-json\/wp\/v2\/product_cat?post=4906"},{"taxonomy":"product_tag","embeddable":true,"href":"https:\/\/lyfilter.com\/it\/wp-json\/wp\/v2\/product_tag?post=4906"}],"curies":[{"name":"wp","href":"https:\/\/api.w.org\/{rel}","templated":true}]}}