{"id":4825,"date":"2026-04-07T02:53:16","date_gmt":"2026-04-07T02:53:16","guid":{"rendered":"https:\/\/lyfilter.com\/"},"modified":"2026-04-07T02:53:16","modified_gmt":"2026-04-07T02:53:16","slug":"cost-effective-activated-carbon-water-filtration-activated-carbon-water-filtration-company","status":"publish","type":"product","link":"https:\/\/lyfilter.com\/it\/cost-effective-activated-carbon-water-filtration-activated-carbon-water-filtration-company\/","title":{"rendered":"Filtrazione dell'acqua a carbone attivo conveniente Societ\u00e0 di filtrazione dell'acqua a carbone attivo"},"content":{"rendered":"<p><strong>Introduzione<\/strong><\/p>\n<p>10\u2033 La cartuccia filtrante T33, realizzata con carbone attivo a guscio di cocco, pu\u00f2 rimuovere gli odori e mantenere l'acqua fresca, ha gusci di colore diverso, come rosso, blu, giallo e bianco.<\/p>\n<p>La cartuccia filtrante T33 \u00e8 progettata per essere collegata direttamente ai tubi. \u00c8 molto conveniente per l'installazione e la sostituzione frequente. Pu\u00f2 essere riempita con diversi materiali filtranti, come PP\u00a0<a href=\"https:\/\/lyfilter.com\/it\/sediment-filter.html\/\">Filtro a sedimenti<\/a>\u00a0cartuccia, carbone attivo granulare, resina, pietra minerale e cos\u00ec via per soddisfare le diverse esigenze.<\/p>\n<table>\n<thead>\n<tr>\n<th>Campo<\/th>\n<th>Valore<\/th>\n<th>Campo<\/th>\n<th>Valore<\/th>\n<\/tr>\n<\/thead>\n<tbody>\n<tr>\n<td>Luogo di origine<\/td>\n<td>Guangdong, Cina<\/td>\n<td>Nome del marchio<\/td>\n<td>Lvyuan\/OEM<\/td>\n<\/tr>\n<tr>\n<td>Potenza (W)<\/td>\n<td>0<\/td>\n<td>Tensione (V)<\/td>\n<td>0<\/td>\n<\/tr>\n<tr>\n<td>Servizio post-vendita fornito<\/td>\n<td>Installazione in loco<\/td>\n<td>Garanzia<\/td>\n<td>1 anno<\/td>\n<\/tr>\n<tr>\n<td>Tipo<\/td>\n<td>Carbone attivo<\/td>\n<td>Certificazione<\/td>\n<td>ce, GS<\/td>\n<\/tr>\n<tr>\n<td>Utilizzo<\/td>\n<td>Prefiltrazione domestica<\/td>\n<td>Applicazione<\/td>\n<td>Hotel, Auto, Esterno, Garage, RV, Commerciale, Domestico<\/td>\n<\/tr>\n<tr>\n<td>Fonte di alimentazione<\/td>\n<td>Manuale<\/td>\n<td>cartuccia del filtro dell'acqua<\/td>\n<td>T33<\/td>\n<\/tr>\n<tr>\n<td>dimensione<\/td>\n<td>50*255 mm<\/td>\n<td>materiale<\/td>\n<td>carbone attivo in guscio di cocco<\/td>\n<\/tr>\n<tr>\n<td>funzione<\/td>\n<td>rimuovere gli odori, rendere l'acqua fresca<\/td>\n<td>vita utile<\/td>\n<td>3-6 mesi<\/td>\n<\/tr>\n<tr>\n<td>Capacit\u00e0 di approvvigionamento<\/td>\n<td>5000 pezzo\/pezzi al giorno<\/td>\n<td><\/td>\n<td><\/td>\n<\/tr>\n<\/tbody>\n<\/table>\n<p><strong>Parametro<\/strong><\/p>\n<div class=\"table-responsive\">\n<table class=\"aliDataTable\" border=\"1\">\n<tbody>\n<tr>\n<td>cartuccia del filtro dell'acqua<\/td>\n<td>T33<\/td>\n<\/tr>\n<tr>\n<td>dimensione<\/td>\n<td>50\u00d7255 mm o 60\u00d7285 mm<\/td>\n<\/tr>\n<tr>\n<td>mezzi filtranti<\/td>\n<td>carbone attivo in guscio di cocco<\/td>\n<\/tr>\n<tr>\n<td>funzione<\/td>\n<td>rimuovere l'odore, rendere l'acqua fresca<\/td>\n<\/tr>\n<tr>\n<td>vita utile<\/td>\n<td>3-6 mesi<\/td>\n<\/tr>\n<\/tbody>\n<\/table>\n<\/div>","protected":false},"excerpt":{"rendered":"<p><b>Vantaggi dell'azienda<\/b><\/p>\n<p>- La progettazione di\u00a0<a href=\"https:\/\/lyfilter.com\/it\/\">Filtro Lvyuan<\/a>\u00a0La filtrazione dell'acqua a carboni attivi \u00e8 progettata in modo elaborato con una combinazione di funzionalit\u00e0 ed estetica.<\/p>\n<p>- \u00c8 disponibile un laboratorio interno completo per garantire la consistenza e la qualit\u00e0 della materia prima.<\/p>\n<p>- Guangzhou Lvyuan Water Purification Equipment Co., Ltd. ha una forte capacit\u00e0 di produrre la migliore filtrazione dell'acqua a carboni attivi.<\/p>","protected":false},"featured_media":4826,"comment_status":"open","ping_status":"closed","template":"","meta":{"_gspb_post_css":""},"product_brand":[],"product_cat":[1339],"product_tag":[1845,1846,1847,1534,1849,1848],"class_list":{"0":"post-4825","1":"product","2":"type-product","3":"status-publish","4":"has-post-thumbnail","6":"product_cat-carbon-filter","7":"product_tag-activated-carbon-water-filtration","8":"product_tag-carbon-water-filter","9":"product_tag-cost-effective-water-filter","10":"product_tag-inversafilterpurification","11":"product_tag-odor-control-filter","12":"product_tag-water-filtration-company","14":"first","15":"instock","16":"shipping-taxable","17":"product-type-simple"},"_links":{"self":[{"href":"https:\/\/lyfilter.com\/it\/wp-json\/wp\/v2\/product\/4825","targetHints":{"allow":["GET"]}}],"collection":[{"href":"https:\/\/lyfilter.com\/it\/wp-json\/wp\/v2\/product"}],"about":[{"href":"https:\/\/lyfilter.com\/it\/wp-json\/wp\/v2\/types\/product"}],"replies":[{"embeddable":true,"href":"https:\/\/lyfilter.com\/it\/wp-json\/wp\/v2\/comments?post=4825"}],"wp:featuredmedia":[{"embeddable":true,"href":"https:\/\/lyfilter.com\/it\/wp-json\/wp\/v2\/media\/4826"}],"wp:attachment":[{"href":"https:\/\/lyfilter.com\/it\/wp-json\/wp\/v2\/media?parent=4825"}],"wp:term":[{"taxonomy":"product_brand","embeddable":true,"href":"https:\/\/lyfilter.com\/it\/wp-json\/wp\/v2\/product_brand?post=4825"},{"taxonomy":"product_cat","embeddable":true,"href":"https:\/\/lyfilter.com\/it\/wp-json\/wp\/v2\/product_cat?post=4825"},{"taxonomy":"product_tag","embeddable":true,"href":"https:\/\/lyfilter.com\/it\/wp-json\/wp\/v2\/product_tag?post=4825"}],"curies":[{"name":"wp","href":"https:\/\/api.w.org\/{rel}","templated":true}]}}