{"id":4816,"date":"2026-04-07T02:48:28","date_gmt":"2026-04-07T02:48:28","guid":{"rendered":"https:\/\/lyfilter.com\/"},"modified":"2026-04-07T02:48:28","modified_gmt":"2026-04-07T02:48:28","slug":"lvyuan-ss-cartridge-filter-housing-exporter-for-factory","status":"publish","type":"product","link":"https:\/\/lyfilter.com\/it\/lvyuan-ss-cartridge-filter-housing-exporter-for-factory\/","title":{"rendered":"Lvyuan SS cartuccia filtro Housing esportatore per la fabbrica"},"content":{"rendered":"<table>\n<thead>\n<tr>\n<th>Campo<\/th>\n<th>Valore<\/th>\n<th>Campo<\/th>\n<th>Valore<\/th>\n<\/tr>\n<\/thead>\n<tbody>\n<tr>\n<td>Luogo di origine<\/td>\n<td>Guangdong, Cina<\/td>\n<td>Nome del marchio<\/td>\n<td>Personalizzato<\/td>\n<\/tr>\n<tr>\n<td>Materiale<\/td>\n<td>Personalizzato<\/td>\n<td>Peso<\/td>\n<td>Personalizzato<\/td>\n<\/tr>\n<tr>\n<td>Dimensione<\/td>\n<td>Personalizzato<\/td>\n<td>Potenza<\/td>\n<td>Personalizzato<\/td>\n<\/tr>\n<tr>\n<td>Garanzia<\/td>\n<td>Non disponibile<\/td>\n<td>Nome dell'articolo<\/td>\n<td>Fornitori di filtri per la depurazione dell'acqua alloggiamento del depuratore di acqua salata<\/td>\n<\/tr>\n<tr>\n<td>Lunghezza della cartuccia filtrante<\/td>\n<td>10\u2033 20\u2033 30\u2033 40\u2033<\/td>\n<td>Acciaio inox<\/td>\n<td>SUS304, SUS316L<\/td>\n<\/tr>\n<tr>\n<td>Quantit\u00e0 di filtri a cartuccia<\/td>\n<td>Nucleo singolo<\/td>\n<td>Trattamento della superficie<\/td>\n<td>Lucidato e sabbiato<\/td>\n<\/tr>\n<tr>\n<td>O-ring di tenuta<\/td>\n<td>Silastico\/NBR\/EPDM\/Viton<\/td>\n<td>Tipo di tappo superiore installato<\/td>\n<td>Tipo di morsetto<\/td>\n<\/tr>\n<tr>\n<td>Tipo di connettore<\/td>\n<td>222\/226\/DOE<\/td>\n<td>Tipo di ingresso e uscita<\/td>\n<td>Filettatura interna<\/td>\n<\/tr>\n<tr>\n<td>Metodo di imballaggio<\/td>\n<td>Scatola standard per l'esportazione<\/td>\n<td>Servizio post-vendita fornito<\/td>\n<td>Assistenza online<\/td>\n<\/tr>\n<\/tbody>\n<\/table>","protected":false},"excerpt":{"rendered":"<p><b>Vantaggi dell'azienda<\/b><br \/>\n<b>1.<\/b>\u00a0L'alloggiamento del filtro a cartuccia ss, come prodotto importante nel suo settore, dovrebbe essere progettato con l'alloggiamento del filtro micron ss. La sua esclusiva struttura a gradiente di densit\u00e0 massimizza l'efficienza e riduce al minimo le perdite di carico.<br \/>\n<b>2.<\/b>\u00a0Guangzhou Lvyuan Water Purification Equipment Co., Ltd. ha pi\u00f9 di decenni di storia nella ricerca e sviluppo e nella produzione di alloggiamenti per filtri a cartuccia SS. \u00c8 in grado di fornire analisi e risultati accurati per le applicazioni di cromatografia ionica sensibile.<br \/>\n<b>3.<\/b>\u00a0Il prodotto ha prestazioni stabili in condizioni climatiche estreme. Non \u00e8 soggetto a tuoni e fulmini, tempeste o clima umido. La porosit\u00e0 \u00e8 diversa a seconda della profondit\u00e0 del mezzo filtrante.<br \/>\n<b>4.<\/b>\u00a0Il prodotto \u00e8 costruito per durare nel tempo. Tutti i componenti elettrici sono realizzati con prestazioni elettriche stabili e di alta qualit\u00e0, che ne garantiscono la resistenza all'invecchiamento. Il media filtrante \u00e8 incollato termicamente per evitare il rilascio di fibre e garantire una portata costante.<\/p>\n<h3 class=\"do-entry-title\">Imballaggio e consegna<\/h3>\n<div class=\"do-entry-list\">\n<dl class=\"do-entry-item\">\n<dt class=\"do-entry-item-key\">Unit\u00e0 di vendita:<\/dt>\n<dd class=\"do-entry-item-val\">Articolo singolo<\/dd>\n<\/dl>\n<dl class=\"do-entry-item\">\n<dt class=\"do-entry-item-key\" title=\"Dimensione della confezione singola:\">Dimensione della confezione singola:<\/dt>\n<dd class=\"do-entry-item-val\">50X25X25 cm<\/dd>\n<\/dl>\n<dl class=\"do-entry-item\">\n<dt class=\"do-entry-item-key\" title=\"Peso lordo singolo:\">Peso lordo singolo:<\/dt>\n<dd class=\"do-entry-item-val\">6.000 kg<\/dd>\n<\/dl>\n<dl class=\"do-entry-item\">\n<dt class=\"do-entry-item-key\">Tipo di confezione:<\/dt>\n<dd class=\"do-entry-item-val pkg-method\">Fornitori di filtri per la purificazione dell'acqua alloggiamento del depuratore di acqua salata in acciaio inox SS304 316 per il trattamento delle acque industriali: Imballaggio: Scatola standard di esportazione\/come richiesto<\/dd>\n<\/dl>\n<dl class=\"do-entry-item\">\n<dt class=\"do-entry-item-key\" title=\"Tempi di consegna\">Tempi di consegna\u00a0<i class=\"next-icon next-icon-help next-icon-xs js-leadtimes-tips\"><\/i>:<\/dt>\n<dd class=\"do-entry-item-val\" title=\"Tempi di consegna\">\n<div class=\"table-responsive\">\n<table class=\"supply-ability-table ui2-table ui2-table-normal ui2-table-zebra ui2-table-hover\">\n<tbody>\n<tr>\n<td>Quantit\u00e0 (unit\u00e0)<\/td>\n<td>1 - 10<\/td>\n<td>11 - 100<\/td>\n<td>&gt;100<\/td>\n<\/tr>\n<tr>\n<td>Est. Tempo (giorni)<\/td>\n<td>7<\/td>\n<td>15<\/td>\n<td>Da negoziare<\/td>\n<\/tr>\n<\/tbody>\n<\/table>\n<\/div>\n<\/dd>\n<\/dl>\n<\/div>","protected":false},"featured_media":4817,"comment_status":"open","ping_status":"closed","template":"","meta":{"_gspb_post_css":""},"product_brand":[],"product_cat":[1245],"product_tag":[1842,1084,1534,1186,1841,1703],"class_list":{"0":"post-4816","1":"product","2":"type-product","3":"status-publish","4":"has-post-thumbnail","6":"product_cat-stainless-steel-cartridge-filter-housing","7":"product_tag-factory-water-filter-housing","8":"product_tag-industrial-filter-housing","9":"product_tag-inversafilterpurification","10":"product_tag-lvyuan-filter-housing","11":"product_tag-stainless-steel-cartridge-housing","12":"product_tag-water-purification-housing","14":"first","15":"instock","16":"shipping-taxable","17":"product-type-simple"},"_links":{"self":[{"href":"https:\/\/lyfilter.com\/it\/wp-json\/wp\/v2\/product\/4816","targetHints":{"allow":["GET"]}}],"collection":[{"href":"https:\/\/lyfilter.com\/it\/wp-json\/wp\/v2\/product"}],"about":[{"href":"https:\/\/lyfilter.com\/it\/wp-json\/wp\/v2\/types\/product"}],"replies":[{"embeddable":true,"href":"https:\/\/lyfilter.com\/it\/wp-json\/wp\/v2\/comments?post=4816"}],"wp:featuredmedia":[{"embeddable":true,"href":"https:\/\/lyfilter.com\/it\/wp-json\/wp\/v2\/media\/4817"}],"wp:attachment":[{"href":"https:\/\/lyfilter.com\/it\/wp-json\/wp\/v2\/media?parent=4816"}],"wp:term":[{"taxonomy":"product_brand","embeddable":true,"href":"https:\/\/lyfilter.com\/it\/wp-json\/wp\/v2\/product_brand?post=4816"},{"taxonomy":"product_cat","embeddable":true,"href":"https:\/\/lyfilter.com\/it\/wp-json\/wp\/v2\/product_cat?post=4816"},{"taxonomy":"product_tag","embeddable":true,"href":"https:\/\/lyfilter.com\/it\/wp-json\/wp\/v2\/product_tag?post=4816"}],"curies":[{"name":"wp","href":"https:\/\/api.w.org\/{rel}","templated":true}]}}