{"id":4806,"date":"2026-04-07T02:44:46","date_gmt":"2026-04-07T02:44:46","guid":{"rendered":"https:\/\/lyfilter.com\/"},"modified":"2026-04-07T02:44:46","modified_gmt":"2026-04-07T02:44:46","slug":"professional-ss-cartridge-filter-housing-suppliers-for-water-purification","status":"publish","type":"product","link":"https:\/\/lyfilter.com\/it\/professional-ss-cartridge-filter-housing-suppliers-for-water-purification\/","title":{"rendered":"Fornitori professionali dell'alloggiamento del filtro a cartuccia dello Ss per la depurazione dell'acqua"},"content":{"rendered":"<table>\n<thead>\n<tr>\n<th>Campo<\/th>\n<th>Valore<\/th>\n<th>Campo<\/th>\n<th>Valore<\/th>\n<\/tr>\n<\/thead>\n<tbody>\n<tr>\n<td>Luogo di origine<\/td>\n<td>Guangdong, Cina<\/td>\n<td>Nome del marchio<\/td>\n<td>Lvyuan, OEM, ODM<\/td>\n<\/tr>\n<tr>\n<td>Materiale<\/td>\n<td>acciaio inox 304\/316<\/td>\n<td>Peso<\/td>\n<td>personalizzato<\/td>\n<\/tr>\n<tr>\n<td>Dimensione<\/td>\n<td>personalizzato, 10\u201d20\u201d30\u201d40\u201d.\u201d<\/td>\n<td>Potenza<\/td>\n<td>personalizzato<\/td>\n<\/tr>\n<tr>\n<td>Garanzia<\/td>\n<td>1 anno<\/td>\n<td>Servizio post-vendita fornito<\/td>\n<td>Assistenza online<\/td>\n<\/tr>\n<tr>\n<td>Caratteristica<\/td>\n<td>purificare i liquidi<\/td>\n<td>Certificazione<\/td>\n<td>SGS<\/td>\n<\/tr>\n<tr>\n<td>Forma<\/td>\n<td>cilindro<\/td>\n<td>Utilizzo<\/td>\n<td>trattamento dell'acqua<\/td>\n<\/tr>\n<tr>\n<td>Applicazione<\/td>\n<td>industria<\/td>\n<td>superficie<\/td>\n<td>lucido\/specchio<\/td>\n<\/tr>\n<tr>\n<td>Modello<\/td>\n<td>LY-FL-SF<\/td>\n<td>Materia prima<\/td>\n<td>acciaio inox<\/td>\n<\/tr>\n<tr>\n<td>Colore<\/td>\n<td>Argento<\/td>\n<td>Capacit\u00e0 di approvvigionamento<\/td>\n<td>5000 pezzo\/pezzi a settimana<\/td>\n<\/tr>\n<\/tbody>\n<\/table>","protected":false},"excerpt":{"rendered":"<p><b>Vantaggi dell'azienda<\/b><br \/>\n<b>1.<\/b>\u00a0La pianificazione dei fabbisogni di materiali (MRP) \u00e8 uno dei fattori principali di Lvyuan 5 micron.\u00a0<a href=\"https:\/\/lyfilter.com\/it\/stainless-steel-filter-housing.html\/\">alloggiamento del filtro dell'acqua<\/a>\u00a0produzione. I materiali utilizzati nel prodotto devono essere testati in termini di resistenza, propriet\u00e0 meccaniche e durata. Ha una maggiore capacit\u00e0 di trattenere lo sporco e una maggiore durata<br \/>\n<b>2.<\/b>\u00a0Alcuni dei nostri clienti che hanno acquistato questo prodotto 3 anni fa hanno dichiarato che il prodotto \u00e8 altamente resistente all'usura e sembra ancora nuovo anche se usato per cos\u00ec tanto tempo. Lo strato di supporto interno \u00e8 strettamente collegato al materiale del filtro, che lo rende molto resistente agli urti.<br \/>\n<b>3.<\/b>\u00a0Viene istituito un sistema di garanzia della qualit\u00e0 per dimostrare la conformit\u00e0 ai requisiti degli standard. La matrice di fibre autoportanti consente un design senza anima, economico e resistente.<br \/>\n<b>4.<\/b>\u00a0Il nostro team QC implementa un rigoroso sistema di controllo della qualit\u00e0 e un metodo di monitoraggio perfetto. Ha trovato una variet\u00e0 di applicazioni che vanno dall'industria, ai processi chimici, agli alimenti e alle bevande, ai cosmetici e all'acqua.<\/p>","protected":false},"featured_media":4814,"comment_status":"open","ping_status":"closed","template":"","meta":{"_gspb_post_css":""},"product_brand":[],"product_cat":[1245],"product_tag":[1701,1264,1534,1840,34,1703],"class_list":{"0":"post-4806","1":"product","2":"type-product","3":"status-publish","4":"has-post-thumbnail","6":"product_cat-stainless-steel-cartridge-filter-housing","7":"product_tag-cartridge-filter-housing","8":"product_tag-industrial-water-filter-housing","9":"product_tag-inversafilterpurification","10":"product_tag-ss-filter-housing-supplier","11":"product_tag-stainless-steel-filter-housing","12":"product_tag-water-purification-housing","14":"first","15":"instock","16":"shipping-taxable","17":"product-type-simple"},"_links":{"self":[{"href":"https:\/\/lyfilter.com\/it\/wp-json\/wp\/v2\/product\/4806","targetHints":{"allow":["GET"]}}],"collection":[{"href":"https:\/\/lyfilter.com\/it\/wp-json\/wp\/v2\/product"}],"about":[{"href":"https:\/\/lyfilter.com\/it\/wp-json\/wp\/v2\/types\/product"}],"replies":[{"embeddable":true,"href":"https:\/\/lyfilter.com\/it\/wp-json\/wp\/v2\/comments?post=4806"}],"wp:featuredmedia":[{"embeddable":true,"href":"https:\/\/lyfilter.com\/it\/wp-json\/wp\/v2\/media\/4814"}],"wp:attachment":[{"href":"https:\/\/lyfilter.com\/it\/wp-json\/wp\/v2\/media?parent=4806"}],"wp:term":[{"taxonomy":"product_brand","embeddable":true,"href":"https:\/\/lyfilter.com\/it\/wp-json\/wp\/v2\/product_brand?post=4806"},{"taxonomy":"product_cat","embeddable":true,"href":"https:\/\/lyfilter.com\/it\/wp-json\/wp\/v2\/product_cat?post=4806"},{"taxonomy":"product_tag","embeddable":true,"href":"https:\/\/lyfilter.com\/it\/wp-json\/wp\/v2\/product_tag?post=4806"}],"curies":[{"name":"wp","href":"https:\/\/api.w.org\/{rel}","templated":true}]}}