{"id":4768,"date":"2026-04-07T02:18:15","date_gmt":"2026-04-07T02:18:15","guid":{"rendered":"https:\/\/lyfilter.com\/"},"modified":"2026-04-07T02:18:15","modified_gmt":"2026-04-07T02:18:15","slug":"professional-sintered-cartridge-filter-wholesale-for-desalination","status":"publish","type":"product","link":"https:\/\/lyfilter.com\/it\/professional-sintered-cartridge-filter-wholesale-for-desalination\/","title":{"rendered":"Filtro a cartuccia sinterizzato professionale all'ingrosso per la dissalazione"},"content":{"rendered":"<p><b>Vantaggi dell'azienda<\/b><br \/>\n<b>1.<\/b>\u00a0Carbone attivo Lvyuan\u00a0<a href=\"https:\/\/lyfilter.com\/it\/products.html\/\">elemento filtrante<\/a>\u00a0\u00e8 progettato con una serie di sistemi di protezione. \u00c8 dotato di protezione contro la sovrapressione, il sovraccarico, i circuiti elettrici e la perdita di tensione. Il suo mezzo filtrante \u00e8 personalizzabile in base alla diversa qualit\u00e0 dell'acqua nell'applicazione.<br \/>\n<b>2.<\/b>\u00a0Questo prodotto pu\u00f2 portare notevoli vantaggi economici ai clienti ed \u00e8 sempre pi\u00f9 popolare sul mercato. Non contiene leganti, agenti, solventi, materiali antistatici o agenti umidificanti.<br \/>\n<b>3.<\/b>\u00a0Disponiamo di un laboratorio professionale per garantire l'alta qualit\u00e0 di questo prodotto. Ha trovato una variet\u00e0 di applicazioni che vanno dall'industria, ai processi chimici, agli alimenti e alle bevande, ai cosmetici e all'acqua.<br \/>\n<b>4.<\/b>\u00a0Il team QC adotta standard qualitativi professionali per garantire la qualit\u00e0 di questo prodotto. \u00c8 disponibile con un'ampia gamma di lunghezze per alloggiamenti standard e a flusso totale.<br \/>\n<b>5.<\/b>\u00a0L'ispezione e il controllo sono rafforzati per molte volte per assicurarne la qualit\u00e0. \u00c8 adatto all'uso con campioni acquosi e in solvente organico grazie alla sua ampia compatibilit\u00e0 chimica.<\/p>\n<h3 class=\"do-entry-title\">Imballaggio e consegna<\/h3>\n<div class=\"do-entry-list\">\n<dl class=\"do-entry-item\">\n<dt class=\"do-entry-item-key\">Unit\u00e0 di vendita:<\/dt>\n<dd class=\"do-entry-item-val\">Articolo singolo<\/dd>\n<\/dl>\n<dl class=\"do-entry-item\">\n<dt class=\"do-entry-item-key\" title=\"Dimensione della confezione singola:\">Dimensione della confezione singola:<\/dt>\n<dd class=\"do-entry-item-val\">6,5X2,8X25 cm<\/dd>\n<\/dl>\n<dl class=\"do-entry-item\">\n<dt class=\"do-entry-item-key\" title=\"Peso lordo singolo:\">Peso lordo singolo:<\/dt>\n<dd class=\"do-entry-item-val\">0,500 kg<\/dd>\n<\/dl>\n<dl class=\"do-entry-item\">\n<dt class=\"do-entry-item-key\">Tipo di confezione:<\/dt>\n<dd class=\"do-entry-item-val pkg-method\">Prodotti a carbone di sinterizzazione filtro acqua solido CTO carbone attivo in guscio di cocco 25 microns blocco filtro carbone: 53x33x33cm, 64x33x33cm<\/dd>\n<\/dl>\n<dl class=\"do-entry-item\">\n<dt class=\"do-entry-item-key\" title=\"Tempi di consegna\">Tempi di consegna\u00a0<i class=\"next-icon next-icon-help next-icon-xs js-leadtimes-tips\"><\/i>:<\/dt>\n<dd class=\"do-entry-item-val\" title=\"Tempi di consegna\">\n<div class=\"table-responsive\">\n<table class=\"supply-ability-table ui2-table ui2-table-normal ui2-table-zebra ui2-table-hover\">\n<tbody>\n<tr>\n<td>Quantit\u00e0 (pezzi)<\/td>\n<td>1 - 100<\/td>\n<td>101 - 500<\/td>\n<td>501 - 5000<\/td>\n<td>&gt;5000<\/td>\n<\/tr>\n<tr>\n<td>Est. Tempo (giorni)<\/td>\n<td>3<\/td>\n<td>5<\/td>\n<td>10<\/td>\n<td>Da negoziare<\/td>\n<\/tr>\n<\/tbody>\n<\/table>\n<\/div>\n<\/dd>\n<\/dl>\n<\/div>","protected":false},"excerpt":{"rendered":"<table>\n<thead>\n<tr>\n<th>Campo<\/th>\n<th>Valore<\/th>\n<th>Campo<\/th>\n<th>Valore<\/th>\n<\/tr>\n<\/thead>\n<tbody>\n<tr>\n<td>Luogo di origine<\/td>\n<td>Guangdong, Cina<\/td>\n<td>Nome del marchio<\/td>\n<td>OEM\/LVYUAN<\/td>\n<\/tr>\n<tr>\n<td>Numero di modello<\/td>\n<td>LY-CBF<\/td>\n<td>Potenza (W)<\/td>\n<td>0<\/td>\n<\/tr>\n<tr>\n<td>Tensione (V)<\/td>\n<td>0<\/td>\n<td>Servizio post-vendita fornito<\/td>\n<td>nessuno, supporto online<\/td>\n<\/tr>\n<tr>\n<td>Garanzia<\/td>\n<td>nessuno<\/td>\n<td>Tipo<\/td>\n<td>Carbone attivo<\/td>\n<\/tr>\n<tr>\n<td>Utilizzo<\/td>\n<td>Prefiltrazione domestica<\/td>\n<td>Applicazione<\/td>\n<td>Hotel, Auto, Esterno, Garage, RV, Commerciale, Domestico<\/td>\n<\/tr>\n<tr>\n<td>Fonte di alimentazione<\/td>\n<td>Batteria, usb, elettrico, gas, solare, manuale, alimentazione veicolo<\/td>\n<td>Nome del prodotto<\/td>\n<td>Un filtro a carbone a blocco da 25 micron in guscio di cocco<\/td>\n<\/tr>\n<tr>\n<td>Materiale<\/td>\n<td>Carbone di cocco attivo sinterizzato<\/td>\n<td>Lunghezza<\/td>\n<td>10-1050 mm<\/td>\n<\/tr>\n<tr>\n<td>OD<\/td>\n<td>14-121 mm<\/td>\n<td>ID<\/td>\n<td>6-50 mm<\/td>\n<\/tr>\n<tr>\n<td>Tasso di micron<\/td>\n<td>0,5-20um<\/td>\n<td>Valore dello iodio<\/td>\n<td>fino a 1000<\/td>\n<\/tr>\n<tr>\n<td>Portata<\/td>\n<td>\u2264300L\/h<\/td>\n<td><\/td>\n<td><\/td>\n<\/tr>\n<\/tbody>\n<\/table>","protected":false},"featured_media":4769,"comment_status":"open","ping_status":"closed","template":"","meta":{"_gspb_post_css":""},"product_brand":[],"product_cat":[1205],"product_tag":[1244,1826,1534,1827,1825,1184],"class_list":{"0":"post-4768","1":"product","2":"type-product","3":"status-publish","4":"has-post-thumbnail","6":"product_cat-stainless-steel-sintered-filter-cartridge","7":"product_tag-desalination-filter-cartridge","8":"product_tag-industrial-cartridge-filter","9":"product_tag-inversafilterpurification","10":"product_tag-professional-filtration-solution","11":"product_tag-sintered-cartridge-filter","12":"product_tag-wholesale-water-filter","14":"first","15":"instock","16":"shipping-taxable","17":"product-type-simple"},"_links":{"self":[{"href":"https:\/\/lyfilter.com\/it\/wp-json\/wp\/v2\/product\/4768","targetHints":{"allow":["GET"]}}],"collection":[{"href":"https:\/\/lyfilter.com\/it\/wp-json\/wp\/v2\/product"}],"about":[{"href":"https:\/\/lyfilter.com\/it\/wp-json\/wp\/v2\/types\/product"}],"replies":[{"embeddable":true,"href":"https:\/\/lyfilter.com\/it\/wp-json\/wp\/v2\/comments?post=4768"}],"wp:featuredmedia":[{"embeddable":true,"href":"https:\/\/lyfilter.com\/it\/wp-json\/wp\/v2\/media\/4769"}],"wp:attachment":[{"href":"https:\/\/lyfilter.com\/it\/wp-json\/wp\/v2\/media?parent=4768"}],"wp:term":[{"taxonomy":"product_brand","embeddable":true,"href":"https:\/\/lyfilter.com\/it\/wp-json\/wp\/v2\/product_brand?post=4768"},{"taxonomy":"product_cat","embeddable":true,"href":"https:\/\/lyfilter.com\/it\/wp-json\/wp\/v2\/product_cat?post=4768"},{"taxonomy":"product_tag","embeddable":true,"href":"https:\/\/lyfilter.com\/it\/wp-json\/wp\/v2\/product_tag?post=4768"}],"curies":[{"name":"wp","href":"https:\/\/api.w.org\/{rel}","templated":true}]}}