{"id":4731,"date":"2026-04-05T09:30:11","date_gmt":"2026-04-05T09:30:11","guid":{"rendered":"https:\/\/lyfilter.com\/"},"modified":"2026-04-05T09:30:11","modified_gmt":"2026-04-05T09:30:11","slug":"good-selling-steel-filter-housing-factory-price-for-desalination","status":"publish","type":"product","link":"https:\/\/lyfilter.com\/it\/good-selling-steel-filter-housing-factory-price-for-desalination\/","title":{"rendered":"Prezzo di fabbrica dell'alloggiamento del filtro in acciaio di buona vendita per la desalinizzazione"},"content":{"rendered":"<p><b>Vantaggi dell'azienda<\/b><br \/>\n<b>1.<\/b>\u00a0Il nostro team tecnico si \u00e8 dedicato al miglioramento del design,\u00a0<a href=\"https:\/\/lyfilter.com\/it\/\">Filtro Lvyuan<\/a>\u00a0ha ora un design che combina innovazione, estetica e praticit\u00e0. Il materiale filtrante \u00e8 incollato termicamente per evitare il rilascio di fibre e garantire una portata costante.<br \/>\n<b>2.<\/b>\u00a0L'operatore che utilizza questo prodotto si trova spesso in una situazione in cui le condizioni di produzione e i tassi di rendimento sono notevolmente migliorati rispetto al passato. \u00c8 in grado di fornire analisi e risultati accurati per applicazioni di cromatografia ionica sensibili.<br \/>\n<b>3.<\/b>\u00a0Il prodotto \u00e8 testato su vari parametri di qualit\u00e0 dal nostro team di esperti controllori della qualit\u00e0. \u00c8 adatto all'uso con campioni acquosi e in solvente organico grazie alla sua ampia compatibilit\u00e0 chimica.<br \/>\n<b>4.<\/b>\u00a0Basato su una tecnologia collaudata, questo prodotto offre ai clienti prestazioni elevate. Ha un'ampia superficie filtrante efficace<br \/>\n<b>5.<\/b>\u00a0Sono stati applicati numerosi mezzi di controllo scientifici e rigorosi per garantire l'alta qualit\u00e0 del prodotto. Ha trovato una variet\u00e0 di applicazioni che vanno dall'industria, ai processi chimici, agli alimenti e alle bevande, ai cosmetici.<\/p>\n<h3 class=\"do-entry-title\">Imballaggio e consegna<\/h3>\n<div class=\"do-entry-list\">\n<dl class=\"do-entry-item\">\n<dt class=\"do-entry-item-key\">Unit\u00e0 di vendita:<\/dt>\n<dd class=\"do-entry-item-val\">Articolo singolo<\/dd>\n<\/dl>\n<dl class=\"do-entry-item\">\n<dt class=\"do-entry-item-key\" title=\"Dimensione della confezione singola:\">Dimensione della confezione singola:<\/dt>\n<dd class=\"do-entry-item-val\">75X50X75 cm<\/dd>\n<\/dl>\n<dl class=\"do-entry-item\">\n<dt class=\"do-entry-item-key\" title=\"Peso lordo singolo:\">Peso lordo singolo:<\/dt>\n<dd class=\"do-entry-item-val\">30.000 kg<\/dd>\n<\/dl>\n<dl class=\"do-entry-item\">\n<dt class=\"do-entry-item-key\">Tipo di confezione:<\/dt>\n<dd class=\"do-entry-item-val pkg-method\">Microfiltro a carrello mobile in acciaio inox a 2 stadi 10 20 30 40 50 micron per liquori con pompa per liquidi a grande portata: Imballaggio: Scatola standard di esportazione\/come richiesto<\/dd>\n<\/dl>\n<dl class=\"do-entry-item\">\n<dt class=\"do-entry-item-key\" title=\"Tempi di consegna\">Tempi di consegna\u00a0<i class=\"next-icon next-icon-help next-icon-xs js-leadtimes-tips\"><\/i>:<\/dt>\n<dd class=\"do-entry-item-val\" title=\"Tempi di consegna\">\n<div class=\"table-responsive\">\n<table class=\"supply-ability-table ui2-table ui2-table-normal ui2-table-zebra ui2-table-hover\">\n<tbody>\n<tr>\n<td>Quantit\u00e0 (unit\u00e0)<\/td>\n<td>1 - 10<\/td>\n<td>11 - 100<\/td>\n<td>&gt;100<\/td>\n<\/tr>\n<tr>\n<td>Est. Tempo (giorni)<\/td>\n<td>5<\/td>\n<td>10<\/td>\n<td>Da negoziare<\/td>\n<\/tr>\n<\/tbody>\n<\/table>\n<\/div>\n<\/dd>\n<\/dl>\n<\/div>","protected":false},"excerpt":{"rendered":"<table>\n<thead>\n<tr>\n<th>Campo<\/th>\n<th>Valore<\/th>\n<\/tr>\n<\/thead>\n<tbody>\n<tr>\n<td>Luogo di origine<\/td>\n<td>Guangdong, Cina<\/td>\n<\/tr>\n<tr>\n<td>Nome del marchio<\/td>\n<td>LVYUAN\/OEM<\/td>\n<\/tr>\n<tr>\n<td>Garanzia<\/td>\n<td>1 anno<\/td>\n<\/tr>\n<tr>\n<td>Servizio post-vendita fornito<\/td>\n<td>Assistenza online<\/td>\n<\/tr>\n<tr>\n<td>Nome dell'articolo<\/td>\n<td>Carrello mobile Sistema di filtrazione per liquori a 2 stadi in acciaio inox<\/td>\n<\/tr>\n<tr>\n<td>Materiale<\/td>\n<td>SS304 \/ SS316L<\/td>\n<\/tr>\n<tr>\n<td>Materiale del sacco filtrante<\/td>\n<td>SACCHETTO PE \/ SACCHETTO PP<\/td>\n<\/tr>\n<tr>\n<td>Quantit\u00e0 di filtri a sacco<\/td>\n<td>Alloggiamento del filtro a sacco singolo<\/td>\n<\/tr>\n<tr>\n<td>Trattamento della superficie<\/td>\n<td>Lucidato e sabbiato<\/td>\n<\/tr>\n<tr>\n<td>O-ring di tenuta<\/td>\n<td>Silastico \/ NBR \/ EPDM \/ Viton<\/td>\n<\/tr>\n<tr>\n<td>Tipo di tappo superiore installato<\/td>\n<td>Tipo a morsetto \/ tipo a bullone<\/td>\n<\/tr>\n<tr>\n<td>Tipo di ingresso e uscita<\/td>\n<td>Filettatura interna \/ Flangia<\/td>\n<\/tr>\n<tr>\n<td>Tipo di connettore<\/td>\n<td>222 \/ 226 \/ CERVO<\/td>\n<\/tr>\n<tr>\n<td>Metodo di imballaggio<\/td>\n<td>Scatola standard per l'esportazione<\/td>\n<\/tr>\n<\/tbody>\n<\/table>","protected":false},"featured_media":4733,"comment_status":"open","ping_status":"closed","template":"","meta":{"_gspb_post_css":""},"product_brand":[],"product_cat":[15],"product_tag":[1793,1801,1084,1534,1799,1800],"class_list":{"0":"post-4731","1":"product","2":"type-product","3":"status-publish","4":"has-post-thumbnail","6":"product_cat-stainless-steel-filter-housing","7":"product_tag-desalination-filter-housing","8":"product_tag-filtration-system-housing","9":"product_tag-industrial-filter-housing","10":"product_tag-inversafilterpurification","11":"product_tag-steel-filter-housing","12":"product_tag-water-treatment-housing","14":"first","15":"instock","16":"shipping-taxable","17":"product-type-simple"},"_links":{"self":[{"href":"https:\/\/lyfilter.com\/it\/wp-json\/wp\/v2\/product\/4731","targetHints":{"allow":["GET"]}}],"collection":[{"href":"https:\/\/lyfilter.com\/it\/wp-json\/wp\/v2\/product"}],"about":[{"href":"https:\/\/lyfilter.com\/it\/wp-json\/wp\/v2\/types\/product"}],"replies":[{"embeddable":true,"href":"https:\/\/lyfilter.com\/it\/wp-json\/wp\/v2\/comments?post=4731"}],"wp:featuredmedia":[{"embeddable":true,"href":"https:\/\/lyfilter.com\/it\/wp-json\/wp\/v2\/media\/4733"}],"wp:attachment":[{"href":"https:\/\/lyfilter.com\/it\/wp-json\/wp\/v2\/media?parent=4731"}],"wp:term":[{"taxonomy":"product_brand","embeddable":true,"href":"https:\/\/lyfilter.com\/it\/wp-json\/wp\/v2\/product_brand?post=4731"},{"taxonomy":"product_cat","embeddable":true,"href":"https:\/\/lyfilter.com\/it\/wp-json\/wp\/v2\/product_cat?post=4731"},{"taxonomy":"product_tag","embeddable":true,"href":"https:\/\/lyfilter.com\/it\/wp-json\/wp\/v2\/product_tag?post=4731"}],"curies":[{"name":"wp","href":"https:\/\/api.w.org\/{rel}","templated":true}]}}