{"id":4720,"date":"2026-04-05T09:16:10","date_gmt":"2026-04-05T09:16:10","guid":{"rendered":"https:\/\/lyfilter.com\/"},"modified":"2026-04-05T09:16:11","modified_gmt":"2026-04-05T09:16:11","slug":"oem-size-activated-filter-carbon-for-shower-toilet-kitchen","status":"publish","type":"product","link":"https:\/\/lyfilter.com\/it\/oem-size-activated-filter-carbon-for-shower-toilet-kitchen\/","title":{"rendered":"Dimensione dell'OEM carbone attivo del filtro per la doccia\/il gabinetto\/cucina"},"content":{"rendered":"<p>Questo filtro a carbone attivo \u00e8 stato realizzato per sistemi di docce, toilette e cucine che necessitano di acqua pi\u00f9 pulita e gradevole. Aiuta a ridurre gli odori indesiderati e il cloro, favorendo una routine quotidiana pi\u00f9 fresca con un filtraggio affidabile e semplice.<\/p>","protected":false},"excerpt":{"rendered":"<table>\n<thead>\n<tr>\n<th>Campo<\/th>\n<th>Valore<\/th>\n<\/tr>\n<\/thead>\n<tbody>\n<tr>\n<td>Servizio post garanzia<\/td>\n<td>Assistenza online<\/td>\n<\/tr>\n<tr>\n<td>Sede del servizio locale<\/td>\n<td>nessuno<\/td>\n<\/tr>\n<tr>\n<td>Posizione dello showroom<\/td>\n<td>nessuno<\/td>\n<\/tr>\n<tr>\n<td>Video uscita-ispezione<\/td>\n<td>Fornito<\/td>\n<\/tr>\n<tr>\n<td>Rapporto di prova del macchinario<\/td>\n<td>Fornito<\/td>\n<\/tr>\n<tr>\n<td>Tipo di marketing<\/td>\n<td>Prodotto ordinario<\/td>\n<\/tr>\n<tr>\n<td>Garanzia dei componenti principali<\/td>\n<td>1 anno<\/td>\n<\/tr>\n<tr>\n<td>Componenti principali<\/td>\n<td>Recipiente a pressione<\/td>\n<\/tr>\n<tr>\n<td>Condizione<\/td>\n<td>Nuovo<\/td>\n<\/tr>\n<tr>\n<td>Efficienza<\/td>\n<td>98%<\/td>\n<\/tr>\n<tr>\n<td>Costruzione<\/td>\n<td>Rete metallica<\/td>\n<\/tr>\n<tr>\n<td>Luogo di origine<\/td>\n<td>Guangdong, Cina<\/td>\n<\/tr>\n<tr>\n<td>Nome del marchio<\/td>\n<td>Lvyuan\/OEM<\/td>\n<\/tr>\n<tr>\n<td>Garanzia<\/td>\n<td>1 anno<\/td>\n<\/tr>\n<tr>\n<td>Servizio post-vendita fornito<\/td>\n<td>Assistenza online, Assistenza online<\/td>\n<\/tr>\n<tr>\n<td>Parole chiave<\/td>\n<td>carbone attivo per filtri<\/td>\n<\/tr>\n<tr>\n<td>Dimensione<\/td>\n<td>personalizzato<\/td>\n<\/tr>\n<tr>\n<td>Caratteristica<\/td>\n<td>rimuove odori, sedimenti, odori, ecc.<\/td>\n<\/tr>\n<tr>\n<td>Materiale<\/td>\n<td>carbone di cocco, carbone di carbone<\/td>\n<\/tr>\n<tr>\n<td>Applicazione<\/td>\n<td>Prefiltrazione<\/td>\n<\/tr>\n<tr>\n<td>Colore<\/td>\n<td>Nero\/grigio<\/td>\n<\/tr>\n<tr>\n<td>Tipo<\/td>\n<td>Parti del filtro dell'acqua<\/td>\n<\/tr>\n<tr>\n<td>Diametro<\/td>\n<td>personalizzato<\/td>\n<\/tr>\n<tr>\n<td>tasso di micron<\/td>\n<td>5\/10\/25 micron<\/td>\n<\/tr>\n<tr>\n<td>Capacit\u00e0 di approvvigionamento<\/td>\n<td>500 pezzi\/pezzi a settimana<\/td>\n<\/tr>\n<\/tbody>\n<\/table>","protected":false},"featured_media":4727,"comment_status":"open","ping_status":"closed","template":"","meta":{"_gspb_post_css":""},"product_brand":[],"product_cat":[1339],"product_tag":[1789,1534,1792,722,1790,1791],"class_list":{"0":"post-4720","1":"product","2":"type-product","3":"status-publish","4":"has-post-thumbnail","6":"product_cat-carbon-filter","7":"product_tag-activated-carbon-filter","8":"product_tag-inversafilterpurification","9":"product_tag-kitchen-water-filter","10":"product_tag-oem-water-filter","11":"product_tag-shower-water-filter","12":"product_tag-toilet-water-filter","14":"first","15":"instock","16":"shipping-taxable","17":"product-type-simple"},"_links":{"self":[{"href":"https:\/\/lyfilter.com\/it\/wp-json\/wp\/v2\/product\/4720","targetHints":{"allow":["GET"]}}],"collection":[{"href":"https:\/\/lyfilter.com\/it\/wp-json\/wp\/v2\/product"}],"about":[{"href":"https:\/\/lyfilter.com\/it\/wp-json\/wp\/v2\/types\/product"}],"replies":[{"embeddable":true,"href":"https:\/\/lyfilter.com\/it\/wp-json\/wp\/v2\/comments?post=4720"}],"wp:featuredmedia":[{"embeddable":true,"href":"https:\/\/lyfilter.com\/it\/wp-json\/wp\/v2\/media\/4727"}],"wp:attachment":[{"href":"https:\/\/lyfilter.com\/it\/wp-json\/wp\/v2\/media?parent=4720"}],"wp:term":[{"taxonomy":"product_brand","embeddable":true,"href":"https:\/\/lyfilter.com\/it\/wp-json\/wp\/v2\/product_brand?post=4720"},{"taxonomy":"product_cat","embeddable":true,"href":"https:\/\/lyfilter.com\/it\/wp-json\/wp\/v2\/product_cat?post=4720"},{"taxonomy":"product_tag","embeddable":true,"href":"https:\/\/lyfilter.com\/it\/wp-json\/wp\/v2\/product_tag?post=4720"}],"curies":[{"name":"wp","href":"https:\/\/api.w.org\/{rel}","templated":true}]}}