{"id":4712,"date":"2026-04-05T09:09:29","date_gmt":"2026-04-05T09:09:29","guid":{"rendered":"https:\/\/lyfilter.com\/"},"modified":"2026-04-05T09:09:30","modified_gmt":"2026-04-05T09:09:30","slug":"lvyuan-filter-newest-water-filter-element-suppliers-manufacturing-for-water","status":"publish","type":"product","link":"https:\/\/lyfilter.com\/it\/lvyuan-filter-newest-water-filter-element-suppliers-manufacturing-for-water\/","title":{"rendered":"Lvyuan filtro pi\u00f9 recente elemento filtrante dell'acqua fornitori di produzione per l'acqua"},"content":{"rendered":"<p>Gli elementi filtranti per l'acqua di Lvyuan Filter sono costruiti per un'acqua pi\u00f9 pulita e una manutenzione pi\u00f9 semplice. Riducono le impurit\u00e0, proteggono il flusso e supportano una depurazione affidabile per case, luoghi di lavoro e sistemi di trattamento dell'acqua con un'efficienza duratura.<\/p>","protected":false},"excerpt":{"rendered":"<table>\n<thead>\n<tr>\n<th>Campo<\/th>\n<th>Valore<\/th>\n<\/tr>\n<\/thead>\n<tbody>\n<tr>\n<td>Luogo di origine<\/td>\n<td>Guangdong, Cina<\/td>\n<\/tr>\n<tr>\n<td>Nome del marchio<\/td>\n<td>Lvyuan, OEM, ODM<\/td>\n<\/tr>\n<tr>\n<td>Materiale<\/td>\n<td>pp fuso soffiato, pp plissettato<\/td>\n<\/tr>\n<tr>\n<td>Peso<\/td>\n<td>personalizzato<\/td>\n<\/tr>\n<tr>\n<td>Dimensione<\/td>\n<td>personalizzato<\/td>\n<\/tr>\n<tr>\n<td>Garanzia<\/td>\n<td>Non disponibile<\/td>\n<\/tr>\n<tr>\n<td>Caratteristica<\/td>\n<td>aumento dell'area di filtrazione<\/td>\n<\/tr>\n<tr>\n<td>lunghezza<\/td>\n<td>20 pollici \/ 40 pollici \/ 60 pollici<\/td>\n<\/tr>\n<tr>\n<td>Certificazione<\/td>\n<td>SGS<\/td>\n<\/tr>\n<tr>\n<td>Forma<\/td>\n<td>cilindro<\/td>\n<\/tr>\n<tr>\n<td>Utilizzo<\/td>\n<td>trattamento dell'acqua<\/td>\n<\/tr>\n<tr>\n<td>Applicazione<\/td>\n<td>industria<\/td>\n<\/tr>\n<tr>\n<td>Colore<\/td>\n<td>bianco<\/td>\n<\/tr>\n<tr>\n<td>Imballaggio<\/td>\n<td>scatola di carta<\/td>\n<\/tr>\n<tr>\n<td>Altro nome<\/td>\n<td>cartuccia filtrante pieghevole<\/td>\n<\/tr>\n<tr>\n<td>Mezzi filtranti<\/td>\n<td>PP \/ pp fuso soffiato \/ fibra di vetro<\/td>\n<\/tr>\n<tr>\n<td>Servizio post-vendita fornito<\/td>\n<td>Assistenza online<\/td>\n<\/tr>\n<tr>\n<td>Capacit\u00e0 di approvvigionamento<\/td>\n<td>5000 pezzo\/pezzi a settimana<\/td>\n<\/tr>\n<\/tbody>\n<\/table>","protected":false},"featured_media":4715,"comment_status":"open","ping_status":"closed","template":"","meta":{"_gspb_post_css":""},"product_brand":[],"product_cat":[1202],"product_tag":[334,1242,1162,1173,1788,1182],"class_list":{"0":"post-4712","1":"product","2":"type-product","3":"status-publish","4":"has-post-thumbnail","6":"product_cat-filter-cartridge","7":"product_tag-industrial-water-filter","8":"product_tag-lvyuan-filter","9":"product_tag-replacement-water-filter","10":"product_tag-water-filter-cartridge-supplier","11":"product_tag-water-filter-element","12":"product_tag-water-purification-filter","14":"first","15":"instock","16":"shipping-taxable","17":"product-type-simple"},"_links":{"self":[{"href":"https:\/\/lyfilter.com\/it\/wp-json\/wp\/v2\/product\/4712","targetHints":{"allow":["GET"]}}],"collection":[{"href":"https:\/\/lyfilter.com\/it\/wp-json\/wp\/v2\/product"}],"about":[{"href":"https:\/\/lyfilter.com\/it\/wp-json\/wp\/v2\/types\/product"}],"replies":[{"embeddable":true,"href":"https:\/\/lyfilter.com\/it\/wp-json\/wp\/v2\/comments?post=4712"}],"wp:featuredmedia":[{"embeddable":true,"href":"https:\/\/lyfilter.com\/it\/wp-json\/wp\/v2\/media\/4715"}],"wp:attachment":[{"href":"https:\/\/lyfilter.com\/it\/wp-json\/wp\/v2\/media?parent=4712"}],"wp:term":[{"taxonomy":"product_brand","embeddable":true,"href":"https:\/\/lyfilter.com\/it\/wp-json\/wp\/v2\/product_brand?post=4712"},{"taxonomy":"product_cat","embeddable":true,"href":"https:\/\/lyfilter.com\/it\/wp-json\/wp\/v2\/product_cat?post=4712"},{"taxonomy":"product_tag","embeddable":true,"href":"https:\/\/lyfilter.com\/it\/wp-json\/wp\/v2\/product_tag?post=4712"}],"curies":[{"name":"wp","href":"https:\/\/api.w.org\/{rel}","templated":true}]}}