{"id":4699,"date":"2026-04-05T07:25:28","date_gmt":"2026-04-05T07:25:28","guid":{"rendered":"https:\/\/lyfilter.com\/"},"modified":"2026-04-05T07:25:28","modified_gmt":"2026-04-05T07:25:28","slug":"china-factory-stainless-steel-sintered-folding-filter-tube","status":"publish","type":"product","link":"https:\/\/lyfilter.com\/it\/china-factory-stainless-steel-sintered-folding-filter-tube\/","title":{"rendered":"Cina Fabbrica acciaio inox sinterizzato tubo filtro pieghevole"},"content":{"rendered":"<p>Costruito per lavori di filtrazione impegnativi, questo tubo filtrante pieghevole in acciaio inossidabile sinterizzato offre una tenuta sicura, un flusso costante e un utilizzo duraturo. InversaFilterPurification aiuta i sistemi a rimanere pi\u00f9 puliti, pi\u00f9 fluidi e pi\u00f9 facili da mantenere in funzione ogni giorno.<\/p>","protected":false},"excerpt":{"rendered":"<table>\n<thead>\n<tr>\n<th>Servizio post garanzia<\/th>\n<th>Assistenza online<\/th>\n<th>Sede del servizio locale<\/th>\n<th>nessuno<\/th>\n<th>Posizione dello showroom<\/th>\n<th>nessuno<\/th>\n<\/tr>\n<\/thead>\n<tbody>\n<tr>\n<td>Video uscita-ispezione<\/td>\n<td>Fornito<\/td>\n<td>Rapporto di prova del macchinario<\/td>\n<td>Fornito<\/td>\n<td>Tipo di marketing<\/td>\n<td>Prodotto ordinario<\/td>\n<\/tr>\n<tr>\n<td>Garanzia dei componenti principali<\/td>\n<td>1 anno<\/td>\n<td>Componenti principali<\/td>\n<td>Recipiente a pressione<\/td>\n<td>Luogo di origine<\/td>\n<td>Guangdong, Cina<\/td>\n<\/tr>\n<tr>\n<td>Nome del marchio<\/td>\n<td>Lvyuan, OEM, ODM<\/td>\n<td>Garanzia<\/td>\n<td>Non disponibile<\/td>\n<td>Servizio post-vendita fornito<\/td>\n<td>Assistenza online<\/td>\n<\/tr>\n<tr>\n<td>Parole chiave<\/td>\n<td>tubo filtrante pieghevole sinterizzato in acciaio inox<\/td>\n<td>Diametro<\/td>\n<td>Domanda del cliente<\/td>\n<td>Materiale<\/td>\n<td>acciaio inox<\/td>\n<\/tr>\n<tr>\n<td>Forma<\/td>\n<td>cilindro<\/td>\n<td>Utilizzo<\/td>\n<td>trattamento dell'acqua<\/td>\n<td>Applicazione<\/td>\n<td>industria<\/td>\n<\/tr>\n<tr>\n<td>Colore<\/td>\n<td>scheggia<\/td>\n<td>Imballaggio<\/td>\n<td>scatola di carta<\/td>\n<td>lunghezza<\/td>\n<td>10\/20\/30\/40 pollici<\/td>\n<\/tr>\n<tr>\n<td>Vantaggio<\/td>\n<td>riutilizzo<\/td>\n<td>Capacit\u00e0 di approvvigionamento<\/td>\n<td>10000 pezzo\/pezzi al mese<\/td>\n<td><\/td>\n<td><\/td>\n<\/tr>\n<\/tbody>\n<\/table>","protected":false},"featured_media":4700,"comment_status":"open","ping_status":"closed","template":"","meta":{"_gspb_post_css":""},"product_brand":[],"product_cat":[1205],"product_tag":[1778,1777,1757,1534,1776,1136],"class_list":{"0":"post-4699","1":"product","2":"type-product","3":"status-publish","4":"has-post-thumbnail","6":"product_cat-stainless-steel-sintered-filter-cartridge","7":"product_tag-china-filter-factory","8":"product_tag-folding-filter-tube","9":"product_tag-industrial-metal-filter-cartridge","10":"product_tag-inversafilterpurification","11":"product_tag-stainless-steel-sintered-filter-tube","12":"product_tag-water-filter-locks","14":"first","15":"instock","16":"shipping-taxable","17":"product-type-simple"},"_links":{"self":[{"href":"https:\/\/lyfilter.com\/it\/wp-json\/wp\/v2\/product\/4699","targetHints":{"allow":["GET"]}}],"collection":[{"href":"https:\/\/lyfilter.com\/it\/wp-json\/wp\/v2\/product"}],"about":[{"href":"https:\/\/lyfilter.com\/it\/wp-json\/wp\/v2\/types\/product"}],"replies":[{"embeddable":true,"href":"https:\/\/lyfilter.com\/it\/wp-json\/wp\/v2\/comments?post=4699"}],"wp:featuredmedia":[{"embeddable":true,"href":"https:\/\/lyfilter.com\/it\/wp-json\/wp\/v2\/media\/4700"}],"wp:attachment":[{"href":"https:\/\/lyfilter.com\/it\/wp-json\/wp\/v2\/media?parent=4699"}],"wp:term":[{"taxonomy":"product_brand","embeddable":true,"href":"https:\/\/lyfilter.com\/it\/wp-json\/wp\/v2\/product_brand?post=4699"},{"taxonomy":"product_cat","embeddable":true,"href":"https:\/\/lyfilter.com\/it\/wp-json\/wp\/v2\/product_cat?post=4699"},{"taxonomy":"product_tag","embeddable":true,"href":"https:\/\/lyfilter.com\/it\/wp-json\/wp\/v2\/product_tag?post=4699"}],"curies":[{"name":"wp","href":"https:\/\/api.w.org\/{rel}","templated":true}]}}