{"id":4692,"date":"2026-04-05T07:15:49","date_gmt":"2026-04-05T07:15:49","guid":{"rendered":"https:\/\/lyfilter.com\/"},"modified":"2026-04-05T07:15:49","modified_gmt":"2026-04-05T07:15:49","slug":"hand-trolley-stainless-steel-10-microns-housing-filter-17-stage-304-316l-cartridge-water-filter-system-with-gas-air-driven-pump","status":"publish","type":"product","link":"https:\/\/lyfilter.com\/it\/hand-trolley-stainless-steel-10-microns-housing-filter-17-stage-304-316l-cartridge-water-filter-system-with-gas-air-driven-pump\/","title":{"rendered":"Carrello a mano in acciaio inox 10 Microns alloggio filtro 1 ~ 7 fase 304 316L cartuccia sistema di filtraggio dell'acqua con gas pompa ad aria guidata"},"content":{"rendered":"<p>Carrello manuale in acciaio inox 10 microns alloggiamento filtro 1~7 stadi 304 316L sistema di filtraggio dell'acqua a cartuccia con pompa a gas ad aria compressa. Il filtro mobile \u00e8 composto da prefiltro, pompa dell'olio e unit\u00e0 di filtrazione.<\/p>\n<p>rete metallica, per evitare che il solido di grandi dimensioni entri nella pompa, la pompa dell'olio \u00e8 di solito una pompa ad ingranaggi, per convogliare il prodotto non purificato<\/p>\n<p>Il dispositivo di filtraggio \u00e8 una piccola pressa a compressione manuale a piastra e telaio,<\/p>\n<p>utilizzando una speciale carta da filtro come mezzo filtrante. Sotto la pressione della pompa dell'olio, l'olio non purificato entra nel filtro.<\/p>\n<p>filtropressa a piastra e telaio, sar\u00e0 un olio puro dopo aver attraversato la carta da filtro. Le impurit\u00e0 solide<\/p>\n<p>intrappolata nella superficie della carta da filtro, una piccola quantit\u00e0 d'acqua viene assorbita dallo stoma di lana della carta da filtro.<\/p>\n<p>La pressione di filtrazione \u00e8 normale, non superiore a 0,3MPa, quando c'\u00e8 troppa impurit\u00e0 di deposito sul filtro.<\/p>\n<p>superficie della carta, la pressione di filtrazione viene aumentata a 0,35 MPa, oppure quando l'umidit\u00e0 di assorbimento della carta da filtro \u00e8<\/p>\n<p>vicino allo stato di saturazione, l'umidit\u00e0 residua nel filtro dell'olio non cade pi\u00f9, \u00e8 necessario sostituire la carta filtrante. Quando l'olio ha una viscosit\u00e0 elevata, pu\u00f2 essere preriscaldato di nuovo, al fine di ridurre la viscosit\u00e0 per il riutilizzo.<\/p>\n<p>Questo tipo di macchina per la filtrazione dell'olio \u00e8 in grado di rimuovere le impurit\u00e0 solide e una piccola quantit\u00e0 di acqua, ed \u00e8 adatta per la raffinazione generale dell'olio elettrico e dell'olio lubrificante.<\/p>","protected":false},"excerpt":{"rendered":"<table>\n<thead>\n<tr>\n<th>Industrie applicabili<\/th>\n<th>Stabilimento di produzione, Fabbrica di alimenti e bevande, Fattorie, Ristoranti, Negozi di alimentari, Energia e miniere, Negozi di alimenti e bevande<\/th>\n<th>Luogo di origine<\/th>\n<th>Guangdong, Cina<\/th>\n<th>Nome del marchio<\/th>\n<th>Lvyuan\/OEM<\/th>\n<\/tr>\n<\/thead>\n<tbody>\n<tr>\n<td>Materiale<\/td>\n<td>Personalizzato<\/td>\n<td>Peso<\/td>\n<td>Personalizzato<\/td>\n<td>Dimensione<\/td>\n<td>Personalizzato<\/td>\n<\/tr>\n<tr>\n<td>Potenza<\/td>\n<td>Personalizzato<\/td>\n<td>Garanzia<\/td>\n<td>1 anno<\/td>\n<td>Servizio post-vendita fornito<\/td>\n<td>Assistenza online<\/td>\n<\/tr>\n<tr>\n<td>Nome del modello<\/td>\n<td>Filtro con alloggiamento in acciaio inossidabile Sistema di filtraggio dell'acqua a cartuccia a 1~7 stadi<\/td>\n<td>Lunghezza<\/td>\n<td>10 pollici 20 pollici 30 pollici 40 pollici<\/td>\n<td>Utilizzo<\/td>\n<td>Filtrazione di olio\/gas\/aria\/acqua liquida<\/td>\n<\/tr>\n<tr>\n<td>Materiale del corpo principale<\/td>\n<td>Acciaio inox 304 \/ 316L<\/td>\n<td>Tipo di alloggiamento del filtro<\/td>\n<td>Tubolare<\/td>\n<td>Principio<\/td>\n<td>Filtrazione a pressione<\/td>\n<\/tr>\n<tr>\n<td>Fasi<\/td>\n<td>1 - 7 fasi<\/td>\n<td>Imballaggio<\/td>\n<td>Imballaggio in rete o cassa di legno<\/td>\n<td>Filtro<\/td>\n<td>Filtro a sacco e filtro a cartuccia<\/td>\n<\/tr>\n<tr>\n<td>Carrello<\/td>\n<td>Acciaio inox 304\/316L<\/td>\n<td>Capacit\u00e0 di approvvigionamento<\/td>\n<td>100 pezzi al giorno<\/td>\n<td><\/td>\n<td><\/td>\n<\/tr>\n<\/tbody>\n<\/table>","protected":false},"featured_media":4693,"comment_status":"open","ping_status":"closed","template":"","meta":{"_gspb_post_css":""},"product_brand":[],"product_cat":[15],"product_tag":[1768,1769,1767,1534,292,1136],"class_list":{"0":"post-4692","1":"product","2":"type-product","3":"status-publish","4":"has-post-thumbnail","6":"product_cat-stainless-steel-filter-housing","7":"product_tag-10-micron-cartridge-filter","8":"product_tag-gas-air-driven-pump-filter","9":"product_tag-hand-trolley-water-filter-system","10":"product_tag-inversafilterpurification","11":"product_tag-stainless-steel-housing-filter","12":"product_tag-water-filter-locks","14":"first","15":"instock","16":"shipping-taxable","17":"product-type-simple"},"_links":{"self":[{"href":"https:\/\/lyfilter.com\/it\/wp-json\/wp\/v2\/product\/4692","targetHints":{"allow":["GET"]}}],"collection":[{"href":"https:\/\/lyfilter.com\/it\/wp-json\/wp\/v2\/product"}],"about":[{"href":"https:\/\/lyfilter.com\/it\/wp-json\/wp\/v2\/types\/product"}],"replies":[{"embeddable":true,"href":"https:\/\/lyfilter.com\/it\/wp-json\/wp\/v2\/comments?post=4692"}],"wp:featuredmedia":[{"embeddable":true,"href":"https:\/\/lyfilter.com\/it\/wp-json\/wp\/v2\/media\/4693"}],"wp:attachment":[{"href":"https:\/\/lyfilter.com\/it\/wp-json\/wp\/v2\/media?parent=4692"}],"wp:term":[{"taxonomy":"product_brand","embeddable":true,"href":"https:\/\/lyfilter.com\/it\/wp-json\/wp\/v2\/product_brand?post=4692"},{"taxonomy":"product_cat","embeddable":true,"href":"https:\/\/lyfilter.com\/it\/wp-json\/wp\/v2\/product_cat?post=4692"},{"taxonomy":"product_tag","embeddable":true,"href":"https:\/\/lyfilter.com\/it\/wp-json\/wp\/v2\/product_tag?post=4692"}],"curies":[{"name":"wp","href":"https:\/\/api.w.org\/{rel}","templated":true}]}}