{"id":4662,"date":"2026-04-05T06:49:02","date_gmt":"2026-04-05T06:49:02","guid":{"rendered":"https:\/\/lyfilter.com\/"},"modified":"2026-04-05T06:49:02","modified_gmt":"2026-04-05T06:49:02","slug":"lvyuan-water-filter-wholesaler-for-industrysafe-carbon-block-filter-cartridge-exporter-for-water-purifier","status":"publish","type":"product","link":"https:\/\/lyfilter.com\/it\/lvyuan-water-filter-wholesaler-for-industrysafe-carbon-block-filter-cartridge-exporter-for-water-purifier\/","title":{"rendered":"Grossista del filtro dell'acqua di Lvyuan per l'esportatore della cartuccia del filtro del blocco del carbonio di Industrysafe per il depuratore di acqua"},"content":{"rendered":"<p><b>Vantaggi dell'azienda<\/b><br \/>\n<b>1.<\/b>\u00a0La cartuccia filtrante a blocchi di carbone attivo di Lvyuan \u00e8 realizzata con materiali di prima qualit\u00e0 e lavoratori professionisti. Sono disponibili configurazioni personalizzate del tappo terminale per soddisfare requisiti specifici.<br \/>\n<b>2.<\/b>\u00a0La consapevolezza della qualit\u00e0 \u00e8 un altro fattore che contribuisce all'alta qualit\u00e0 della cartuccia filtrante a blocco di carbonio. Ha un'ampia area di filtraggio efficace<br \/>\n<b>3.<\/b>\u00a0La cartuccia filtrante a carbone attivo ottimizza le funzioni della cartuccia filtrante a carbone e ne migliora l'efficienza. \u00c8 progettata con pori graduati che aiutano a trattenere i contaminanti lungo l'intera sezione trasversale per una maggiore efficienza.<br \/>\n<b>4.<\/b>\u00a0Lvyuan adotta l'esperienza avanzata sviluppata per facilitare la manutenzione della cartuccia filtrante a blocco di carbone. Il suo mezzo filtrante \u00e8 personalizzabile in base alla diversa qualit\u00e0 dell'acqua nell'applicazione.<\/p>","protected":false},"excerpt":{"rendered":"<table>\n<thead>\n<tr>\n<th>Industrie applicabili<\/th>\n<th>Impianto di produzione, fabbrica di alimenti e bevande, trattamento delle acque<\/th>\n<th>Servizio post garanzia<\/th>\n<th>Assistenza online<\/th>\n<th>Sede del servizio locale<\/th>\n<th>nessuno<\/th>\n<\/tr>\n<\/thead>\n<tbody>\n<tr>\n<td>Posizione dello showroom<\/td>\n<td>nessuno<\/td>\n<td>Luogo di origine<\/td>\n<td>Guangdong, Cina<\/td>\n<td>Nome del marchio<\/td>\n<td>Lvyuan o OEM\/ODM<\/td>\n<\/tr>\n<tr>\n<td>Materiale<\/td>\n<td>carbone di cocco, carbone di cocco, carbone di carbone<\/td>\n<td>Peso<\/td>\n<td>personalizzato<\/td>\n<td>Dimensione<\/td>\n<td>personalizzato, personalizzato<\/td>\n<\/tr>\n<tr>\n<td>Potenza<\/td>\n<td>0<\/td>\n<td>Garanzia<\/td>\n<td>Non disponibile<\/td>\n<td>Parole chiave<\/td>\n<td>filtro a carbone attivo in guscio di cocco<\/td>\n<\/tr>\n<tr>\n<td>Servizio post-vendita fornito<\/td>\n<td>Assistenza online<\/td>\n<td>Caratteristica<\/td>\n<td>Rimuovere l'odore, il sedimento, l'odore, ecc.<\/td>\n<td>Applicazione<\/td>\n<td>Prefiltrazione<\/td>\n<\/tr>\n<tr>\n<td>Colore<\/td>\n<td>Nero\/grigio<\/td>\n<td>Tipo<\/td>\n<td>Parti del filtro dell'acqua<\/td>\n<td>Diametro<\/td>\n<td>personalizzato<\/td>\n<\/tr>\n<tr>\n<td>tasso di micron<\/td>\n<td>5\/10\/25 micron<\/td>\n<td>Capacit\u00e0 di approvvigionamento<\/td>\n<td>500 pezzi\/pezzi a settimana<\/td>\n<td><\/td>\n<td><\/td>\n<\/tr>\n<\/tbody>\n<\/table>","protected":false},"featured_media":4665,"comment_status":"open","ping_status":"closed","template":"","meta":{"_gspb_post_css":""},"product_brand":[],"product_cat":[1339],"product_tag":[1755,38,1534,1176,1136,1756],"class_list":{"0":"post-4662","1":"product","2":"type-product","3":"status-publish","4":"has-post-thumbnail","6":"product_cat-carbon-filter","7":"product_tag-carbon-block-filter-cartridge","8":"product_tag-industrial-water-filtration","9":"product_tag-inversafilterpurification","10":"product_tag-lvyuan-water-filter","11":"product_tag-water-filter-locks","12":"product_tag-water-purifier-filter-exporter","14":"first","15":"instock","16":"shipping-taxable","17":"product-type-simple"},"_links":{"self":[{"href":"https:\/\/lyfilter.com\/it\/wp-json\/wp\/v2\/product\/4662","targetHints":{"allow":["GET"]}}],"collection":[{"href":"https:\/\/lyfilter.com\/it\/wp-json\/wp\/v2\/product"}],"about":[{"href":"https:\/\/lyfilter.com\/it\/wp-json\/wp\/v2\/types\/product"}],"replies":[{"embeddable":true,"href":"https:\/\/lyfilter.com\/it\/wp-json\/wp\/v2\/comments?post=4662"}],"wp:featuredmedia":[{"embeddable":true,"href":"https:\/\/lyfilter.com\/it\/wp-json\/wp\/v2\/media\/4665"}],"wp:attachment":[{"href":"https:\/\/lyfilter.com\/it\/wp-json\/wp\/v2\/media?parent=4662"}],"wp:term":[{"taxonomy":"product_brand","embeddable":true,"href":"https:\/\/lyfilter.com\/it\/wp-json\/wp\/v2\/product_brand?post=4662"},{"taxonomy":"product_cat","embeddable":true,"href":"https:\/\/lyfilter.com\/it\/wp-json\/wp\/v2\/product_cat?post=4662"},{"taxonomy":"product_tag","embeddable":true,"href":"https:\/\/lyfilter.com\/it\/wp-json\/wp\/v2\/product_tag?post=4662"}],"curies":[{"name":"wp","href":"https:\/\/api.w.org\/{rel}","templated":true}]}}