{"id":4619,"date":"2026-04-05T06:15:24","date_gmt":"2026-04-05T06:15:24","guid":{"rendered":"https:\/\/lyfilter.com\/"},"modified":"2026-04-05T06:15:24","modified_gmt":"2026-04-05T06:15:24","slug":"150-200-micron-180810mm-ss316l-single-bag-filter-housings","status":"publish","type":"product","link":"https:\/\/lyfilter.com\/it\/150-200-micron-180810mm-ss316l-single-bag-filter-housings\/","title":{"rendered":"150 200 Micron 180*810 mm SS316L Alloggiamenti del filtro a sacco singolo"},"content":{"rendered":"<div id=\"ali-anchor-AliMagic-irt6i0\" class=\"magic-0\" data-section=\"AliMagic-irt6i0\" data-section-title=\"Product Description\"><strong>Ingresso dall'alto In acciaio inox, alloggiamento per filtro a sacco singolo con 1 5 10 25 50 75 100 150 200 micron<\/strong><\/div>\n<div class=\"magic-0\" data-section=\"AliMagic-irt6i0\" data-section-title=\"Product Description\"><\/div>\n<div class=\"icbu-pc-images magic-1\">\n<div class=\"flex-layout-v\">\n<div class=\"flex-layout-h magic-1\">\n<div class=\"magic-2\">L'alloggiamento del filtro a sacco \u00e8 un tipo di apparecchiatura filtrante multiuso con struttura innovativa, dimensioni ridotte, funzionamento semplice e flessibile, risparmio energetico, alta efficienza, funzionamento ermetico e forte applicabilit\u00e0. L'alloggiamento del filtro a maniche \u00e8 un nuovo tipo di sistema di filtrazione. All'interno dell'alloggiamento del filtro a maniche, il sacco filtrante \u00e8 supportato da un cestello a rete metallica. Il liquido entra dall'ingresso ed esce dall'uscita dopo essere stato filtrato dal sacco filtrante. Le impurit\u00e0 vengono intercettate nel sacco filtrante e possono essere utilizzate in modo continuo dopo la sostituzione del sacco filtrante.<\/div>\n<div class=\"magic-2\"><\/div>\n<div class=\"magic-2\"><strong>Caratteristica:<\/strong><\/div>\n<div class=\"magic-2\"><\/div>\n<div class=\"magic-2\">\n<ul>\n<li>L'alloggiamento del filtro a maniche ha una struttura compatta e dimensioni ragionevoli. L'installazione e il funzionamento sono semplici e convenienti e occupano uno spazio ridotto.<\/li>\n<li>L'alloggiamento del filtro a sacco ha un'elevata precisione di filtrazione, adatta a qualsiasi particella fine o materia in sospensione, e il campo di filtrazione pu\u00f2 essere compreso tra 0,5 e 100 micron.<\/li>\n<li>Il flusso di lavorazione per unit\u00e0 di area di filtrazione \u00e8 grande, la resistenza di filtrazione \u00e8 piccola e l'efficienza di filtrazione \u00e8 elevata. La funzione di filtrazione di un sacco filtrante per liquidi \u00e8 equivalente a 5-10 volte quella di un sacco filtrante per liquidi.\u00a0<a href=\"https:\/\/lyfilter.com\/it\/products.html\/\">elemento filtrante<\/a>, Il flusso di progettazione pu\u00f2 soddisfare i requisiti di 1~500m3\/h e il costo \u00e8 basso.<\/li>\n<li>L'alloggiamento del filtro a maniche ha un'ampia gamma di impieghi, che possono essere utilizzati per la filtrazione grossolana, la filtrazione intermedia o la filtrazione fine; quando si ottiene lo stesso effetto di filtrazione, rispetto al filtro fine a piastra e a telaio, all'elemento filtrante e ad altre apparecchiature, il costo dell'investimento \u00e8 inferiore e la durata di servizio \u00e8 di lunga durata e a basso costo di filtrazione.<\/li>\n<\/ul>\n<\/div>\n<\/div>\n<\/div>\n<\/div>","protected":false},"excerpt":{"rendered":"<table>\n<thead>\n<tr>\n<th>Campo<\/th>\n<th>Valore<\/th>\n<\/tr>\n<\/thead>\n<tbody>\n<tr>\n<td>Porta di partenza<\/td>\n<td>Guangzhou<\/td>\n<\/tr>\n<tr>\n<td>Capacit\u00e0 di produzione<\/td>\n<td>10000 unit\u00e0\/mese<\/td>\n<\/tr>\n<tr>\n<td>Luogo di origine<\/td>\n<td>Guangdong, Cina<\/td>\n<\/tr>\n<tr>\n<td>Pagamento<\/td>\n<td>T\/T<\/td>\n<\/tr>\n<tr>\n<td>MOQ<\/td>\n<td>1 pezzo<\/td>\n<\/tr>\n<tr>\n<td>Modello<\/td>\n<td>LY-HFPL-7<\/td>\n<\/tr>\n<tr>\n<td>Tempi di consegna<\/td>\n<td>Entro 7 giorni lavorativi<\/td>\n<\/tr>\n<tr>\n<td>Certificazione<\/td>\n<td>ISO 9001<\/td>\n<\/tr>\n<tr>\n<td>Marchio<\/td>\n<td>OEM\/Lvyuan<\/td>\n<\/tr>\n<\/tbody>\n<\/table>","protected":false},"featured_media":4621,"comment_status":"open","ping_status":"closed","template":"","meta":{"_gspb_post_css":""},"product_brand":[],"product_cat":[15],"product_tag":[1733,1734,1510,1534,1732,1320],"class_list":{"0":"post-4619","1":"product","2":"type-product","3":"status-publish","4":"has-post-thumbnail","6":"product_cat-stainless-steel-filter-housing","7":"product_tag-150-micron-bag-filter-housing","8":"product_tag-200-micron-bag-filter-housing","9":"product_tag-industrial-water-filtration-housing","10":"product_tag-inversafilterpurification","11":"product_tag-ss316l-single-bag-filter-housing","12":"product_tag-stainless-steel-bag-filter","14":"first","15":"instock","16":"shipping-taxable","17":"product-type-simple"},"_links":{"self":[{"href":"https:\/\/lyfilter.com\/it\/wp-json\/wp\/v2\/product\/4619","targetHints":{"allow":["GET"]}}],"collection":[{"href":"https:\/\/lyfilter.com\/it\/wp-json\/wp\/v2\/product"}],"about":[{"href":"https:\/\/lyfilter.com\/it\/wp-json\/wp\/v2\/types\/product"}],"replies":[{"embeddable":true,"href":"https:\/\/lyfilter.com\/it\/wp-json\/wp\/v2\/comments?post=4619"}],"wp:featuredmedia":[{"embeddable":true,"href":"https:\/\/lyfilter.com\/it\/wp-json\/wp\/v2\/media\/4621"}],"wp:attachment":[{"href":"https:\/\/lyfilter.com\/it\/wp-json\/wp\/v2\/media?parent=4619"}],"wp:term":[{"taxonomy":"product_brand","embeddable":true,"href":"https:\/\/lyfilter.com\/it\/wp-json\/wp\/v2\/product_brand?post=4619"},{"taxonomy":"product_cat","embeddable":true,"href":"https:\/\/lyfilter.com\/it\/wp-json\/wp\/v2\/product_cat?post=4619"},{"taxonomy":"product_tag","embeddable":true,"href":"https:\/\/lyfilter.com\/it\/wp-json\/wp\/v2\/product_tag?post=4619"}],"curies":[{"name":"wp","href":"https:\/\/api.w.org\/{rel}","templated":true}]}}