{"id":4608,"date":"2026-04-05T06:07:21","date_gmt":"2026-04-05T06:07:21","guid":{"rendered":"https:\/\/lyfilter.com\/"},"modified":"2026-04-05T06:07:21","modified_gmt":"2026-04-05T06:07:21","slug":"50-micron-filter-bag-oem-by-lvyuan-filter","status":"publish","type":"product","link":"https:\/\/lyfilter.com\/it\/50-micron-filter-bag-oem-by-lvyuan-filter\/","title":{"rendered":"50 Micron filtro borsa OEM da Lvyuan filtro"},"content":{"rendered":"<p><b>Dettagli del prodotto del sacchetto filtrante da 50 micron<\/b><\/p>\n<p>&nbsp;<\/p>\n<p><b>Specifiche del prodotto<\/b><\/p>\n<p>Disponibilit\u00e0: OEM<\/p>\n<p>&nbsp;<\/p>\n<p><b>Descrizione del prodotto<\/b><\/p>\n<p>Questo sacchetto filtrante da 50 micron \u00e8 stato sviluppato utilizzando materiali di prima qualit\u00e0 in conformit\u00e0 con gli standard internazionali di qualit\u00e0. Il prodotto ha prestazioni stabili e pu\u00f2 essere conservato in buone condizioni. L'attenzione alle esigenze dei clienti \u00e8 la chiave di volta della continua crescita di Guangzhou Lvyuan Water Purification Equipment Co.<\/p>\n<p><strong>SS 304 316 Sacchetto filtrante in acciaio inox<\/strong><\/p>\n<p>MATERIALE FILTRANTE PREFERITO IN ACCIAIO INOX 304<\/p>\n<p>Il sacchetto in acciaio stainiess fiter \u00e8 realizzato con materiale indeformabile in acciaio inox filato SUS304 o SUS316 e tessuto in una rete secondo le specifiche indicate. La tessitura costituisce una superficie liscia, facile da pulire e utilizzabile pi\u00f9 volte. Allo stesso tempo, \u00e8 adatta alla filtrazione di alcuni liquidi con un elevato contenuto di impurit\u00e0, riducendo cos\u00ec il costo della filtrazione.<\/p>\n<p>ECCIPIENTI DI QUALIT\u00c0 SUPERIORE<\/p>\n<p>Gli accessori di buona qualit\u00e0 sono una condizione indispensabile per la produzione di buoni sacchi filtranti. Solo attraverso il nostro rigoroso controllo dei fornitori \u00e8 possibile selezionare accessori di buona qualit\u00e0 e solo dopo aver superato i test di fluorescenza e di plastificazione possono essere utilizzati per produrre sacchi filtranti.<\/p>","protected":false},"excerpt":{"rendered":"<table>\n<thead>\n<tr>\n<th>Campo<\/th>\n<th>Valore<\/th>\n<\/tr>\n<\/thead>\n<tbody>\n<tr>\n<td>Pagamento<\/td>\n<td>T\/T, garanzia di commercio di Alibaba, paypal<\/td>\n<\/tr>\n<tr>\n<td>Modello<\/td>\n<td>LY-HFPL<\/td>\n<\/tr>\n<tr>\n<td>Tempi di consegna<\/td>\n<td>Entro 7 giorni lavorativi<\/td>\n<\/tr>\n<tr>\n<td>Certificazione<\/td>\n<td>ISO 9001<\/td>\n<\/tr>\n<\/tbody>\n<\/table>","protected":false},"featured_media":4609,"comment_status":"open","ping_status":"closed","template":"","meta":{"_gspb_post_css":""},"product_brand":[],"product_cat":[1054],"product_tag":[1726,1728,1534,1242,1727,1729],"class_list":{"0":"post-4608","1":"product","2":"type-product","3":"status-publish","4":"has-post-thumbnail","6":"product_cat-filter-bag","7":"product_tag-50-micron-filter-bag","8":"product_tag-industrial-filter-bag","9":"product_tag-inversafilterpurification","10":"product_tag-lvyuan-filter","11":"product_tag-oem-filter-bag","12":"product_tag-water-filtration-bag","14":"first","15":"instock","16":"shipping-taxable","17":"product-type-simple"},"_links":{"self":[{"href":"https:\/\/lyfilter.com\/it\/wp-json\/wp\/v2\/product\/4608","targetHints":{"allow":["GET"]}}],"collection":[{"href":"https:\/\/lyfilter.com\/it\/wp-json\/wp\/v2\/product"}],"about":[{"href":"https:\/\/lyfilter.com\/it\/wp-json\/wp\/v2\/types\/product"}],"replies":[{"embeddable":true,"href":"https:\/\/lyfilter.com\/it\/wp-json\/wp\/v2\/comments?post=4608"}],"wp:featuredmedia":[{"embeddable":true,"href":"https:\/\/lyfilter.com\/it\/wp-json\/wp\/v2\/media\/4609"}],"wp:attachment":[{"href":"https:\/\/lyfilter.com\/it\/wp-json\/wp\/v2\/media?parent=4608"}],"wp:term":[{"taxonomy":"product_brand","embeddable":true,"href":"https:\/\/lyfilter.com\/it\/wp-json\/wp\/v2\/product_brand?post=4608"},{"taxonomy":"product_cat","embeddable":true,"href":"https:\/\/lyfilter.com\/it\/wp-json\/wp\/v2\/product_cat?post=4608"},{"taxonomy":"product_tag","embeddable":true,"href":"https:\/\/lyfilter.com\/it\/wp-json\/wp\/v2\/product_tag?post=4608"}],"curies":[{"name":"wp","href":"https:\/\/api.w.org\/{rel}","templated":true}]}}