{"id":4599,"date":"2026-04-05T04:08:31","date_gmt":"2026-04-05T04:08:31","guid":{"rendered":"https:\/\/lyfilter.com\/"},"modified":"2026-04-05T04:08:31","modified_gmt":"2026-04-05T04:08:31","slug":"efficient-sintered-filter-elements-highly-rated-for-purify","status":"publish","type":"product","link":"https:\/\/lyfilter.com\/it\/efficient-sintered-filter-elements-highly-rated-for-purify\/","title":{"rendered":"Elementi filtranti sinterizzati efficienti altamente valutati per purificare"},"content":{"rendered":"<p><b>Vantaggi dell'azienda<\/b><br \/>\n<b>1.<\/b>\u00a0<a href=\"https:\/\/lyfilter.com\/it\/\">Filtro Lvyuan<\/a>\u00a0Gli elementi filtranti sinterizzati sono prodotti da sofisticate attrezzature e da abili lavoratori. Lo strato di supporto interno \u00e8 strettamente connesso al materiale filtrante, rendendolo fortemente resistente agli urti.<br \/>\n<b>2.<\/b>\u00a0La certificazione dimostra anche la buona qualit\u00e0 degli elementi filtranti sinterizzati. Con un gran numero di fori di fissaggio conici all'interno, ha un'elevata capacit\u00e0 di trattenere lo sporco.<br \/>\n<b>3.<\/b>\u00a0elementi filtranti sinterizzati Non solo il materiale \u00e8 accuratamente selezionato, la lavorazione \u00e8 fine, ma ha anche un effetto di supertrazione, piena tenacit\u00e0, prestazioni eccellenti, qualit\u00e0 stabile e affidabile.<br \/>\n<b>4.<\/b>\u00a0elementi filtranti sinterizzati Non solo \u00e8 ragionevole nel design, semplice nella struttura, facile da installare e da utilizzare, ma ha anche una buona resistenza alla corrosione, all'usura e agli urti, \u00e8 durevole e ha una lunga durata.<br \/>\n<b>5.<\/b>\u00a0Gli elementi filtranti sinterizzati sono prodotti in stretta conformit\u00e0 con i requisiti delle norme di gestione della qualit\u00e0 della produzione di bottiglie cosmetiche e hanno superato la rigorosa ispezione di qualit\u00e0 dell'autorit\u00e0 nazionale. Sono prodotti sicuri, ecologici e affidabili.<\/p>","protected":false},"excerpt":{"rendered":"<table>\n<thead>\n<tr>\n<th>Campo<\/th>\n<th>Valore<\/th>\n<\/tr>\n<\/thead>\n<tbody>\n<tr>\n<td>Servizio post garanzia<\/td>\n<td>Assistenza online<\/td>\n<\/tr>\n<tr>\n<td>Sede del servizio locale<\/td>\n<td>nessuno<\/td>\n<\/tr>\n<tr>\n<td>Posizione dello showroom<\/td>\n<td>nessuno<\/td>\n<\/tr>\n<tr>\n<td>Video uscita-ispezione<\/td>\n<td>Fornito<\/td>\n<\/tr>\n<tr>\n<td>Rapporto di prova del macchinario<\/td>\n<td>Fornito<\/td>\n<\/tr>\n<tr>\n<td>Tipo di marketing<\/td>\n<td>Prodotto ordinario<\/td>\n<\/tr>\n<tr>\n<td>Garanzia dei componenti principali<\/td>\n<td>1 anno<\/td>\n<\/tr>\n<tr>\n<td>Componenti principali<\/td>\n<td>Recipiente a pressione<\/td>\n<\/tr>\n<tr>\n<td>Luogo di origine<\/td>\n<td>Guangdong, Cina<\/td>\n<\/tr>\n<tr>\n<td>Nome del marchio<\/td>\n<td>Lvyuan\/OEM<\/td>\n<\/tr>\n<tr>\n<td>Garanzia<\/td>\n<td>1 anno<\/td>\n<\/tr>\n<tr>\n<td>Servizio post-vendita fornito<\/td>\n<td>Assistenza online<\/td>\n<\/tr>\n<tr>\n<td>Caratteristica<\/td>\n<td>buona permeabilit\u00e0<\/td>\n<\/tr>\n<tr>\n<td>Lunghezza<\/td>\n<td>10\/20\/30\/40 pollici o personalizzato<\/td>\n<\/tr>\n<tr>\n<td>Materiale<\/td>\n<td>rete in acciaio inox<\/td>\n<\/tr>\n<tr>\n<td>Forma<\/td>\n<td>cilindro<\/td>\n<\/tr>\n<tr>\n<td>Utilizzo<\/td>\n<td>trattamento dell'acqua<\/td>\n<\/tr>\n<tr>\n<td>Applicazione<\/td>\n<td>industria<\/td>\n<\/tr>\n<tr>\n<td>Colore<\/td>\n<td>scheggia<\/td>\n<\/tr>\n<tr>\n<td>Imballaggio<\/td>\n<td>scatola di carta<\/td>\n<\/tr>\n<tr>\n<td>tasso di rimozione<\/td>\n<td>Da 2 a 200\u03bcm<\/td>\n<\/tr>\n<tr>\n<td>Vantaggio<\/td>\n<td>riutilizzo<\/td>\n<\/tr>\n<tr>\n<td>Capacit\u00e0 di approvvigionamento<\/td>\n<td>500 pezzo\/pezzi al giorno<\/td>\n<\/tr>\n<\/tbody>\n<\/table>","protected":false},"featured_media":4600,"comment_status":"open","ping_status":"closed","template":"","meta":{"_gspb_post_css":""},"product_brand":[],"product_cat":[20],"product_tag":[1722,1714,1534,1723,1721,1182],"class_list":{"0":"post-4599","1":"product","2":"type-product","3":"status-publish","4":"has-post-thumbnail","6":"product_cat-high-flow-filter-cartridge","7":"product_tag-high-efficiency-filter-element","8":"product_tag-industrial-purification-filter","9":"product_tag-inversafilterpurification","10":"product_tag-porous-metal-filter","11":"product_tag-sintered-filter-elements","12":"product_tag-water-purification-filter","14":"first","15":"instock","16":"shipping-taxable","17":"product-type-simple"},"_links":{"self":[{"href":"https:\/\/lyfilter.com\/it\/wp-json\/wp\/v2\/product\/4599","targetHints":{"allow":["GET"]}}],"collection":[{"href":"https:\/\/lyfilter.com\/it\/wp-json\/wp\/v2\/product"}],"about":[{"href":"https:\/\/lyfilter.com\/it\/wp-json\/wp\/v2\/types\/product"}],"replies":[{"embeddable":true,"href":"https:\/\/lyfilter.com\/it\/wp-json\/wp\/v2\/comments?post=4599"}],"wp:featuredmedia":[{"embeddable":true,"href":"https:\/\/lyfilter.com\/it\/wp-json\/wp\/v2\/media\/4600"}],"wp:attachment":[{"href":"https:\/\/lyfilter.com\/it\/wp-json\/wp\/v2\/media?parent=4599"}],"wp:term":[{"taxonomy":"product_brand","embeddable":true,"href":"https:\/\/lyfilter.com\/it\/wp-json\/wp\/v2\/product_brand?post=4599"},{"taxonomy":"product_cat","embeddable":true,"href":"https:\/\/lyfilter.com\/it\/wp-json\/wp\/v2\/product_cat?post=4599"},{"taxonomy":"product_tag","embeddable":true,"href":"https:\/\/lyfilter.com\/it\/wp-json\/wp\/v2\/product_tag?post=4599"}],"curies":[{"name":"wp","href":"https:\/\/api.w.org\/{rel}","templated":true}]}}