{"id":4591,"date":"2026-04-05T04:01:32","date_gmt":"2026-04-05T04:01:32","guid":{"rendered":"https:\/\/lyfilter.com\/"},"modified":"2026-05-08T01:21:00","modified_gmt":"2026-05-08T01:21:00","slug":"high-end-stainless-steel-multi-cartridge-filter-housing-for-biopharmaceutical","status":"publish","type":"product","link":"https:\/\/lyfilter.com\/it\/high-end-stainless-steel-multi-cartridge-filter-housing-for-biopharmaceutical\/","title":{"rendered":"Alloggiamento del filtro a cartuccia multipla in acciaio inossidabile di alta qualit\u00e0 per il settore biofarmaceutico"},"content":{"rendered":"<p>Introduzione<\/p>\n<p>Alta efficacemente 1\/2\/3\/4\/5\/6 stadio filtro olio idraulico unit\u00e0 di purificazione \/ macchina di purificazione olio da cucina. Il filtro mobile \u00e8 composto da prefiltro, pompa dell'olio e unit\u00e0 di filtrazione, prefiltro per una rete metallica,<\/p>\n<p>per evitare che il solido di grandi dimensioni entri nella pompa, la pompa dell'olio \u00e8 solitamente ad ingranaggi, per convogliare il prodotto non depurato<\/p>\n<p>Il dispositivo di filtraggio \u00e8 una piccola pressa a compressione manuale a piastra e telaio,<\/p>\n<p>utilizzando una speciale carta da filtro come mezzo filtrante. Sotto la pressione della pompa dell'olio, l'olio non purificato entra nel filtro.<\/p>\n<p>filtropressa a piastra e telaio, dopo aver attraversato la carta da filtro si ottiene un olio puro. Le impurit\u00e0 solide intrappolate<\/p>\n<p>nella superficie della carta da filtro, una piccola quantit\u00e0 d'acqua viene assorbita dallo stoma di lana della carta da filtro.La filtrazione<\/p>\n<p>La pressione \u00e8 normale, non superiore a 0,3MPa, quando c'\u00e8 un'eccessiva impurit\u00e0 di deposito sulla superficie della carta da filtro,<\/p>\n<p>la pressione del filtro viene aumentata a 0,35 MPa, o quando l'umidit\u00e0 di assorbimento della carta da filtro \u00e8 prossima alla saturazione<\/p>\n<p>stato, l'umidit\u00e0 residua nel filtro dell'olio non scende pi\u00f9, \u00e8 necessario sostituire la carta del filtro. Quando l'olio ha un<\/p>\n<p>alta viscosit\u00e0, pu\u00f2 essere preriscaldamento di nuovo, al fine di ridurre la viscosit\u00e0 per reusing.This tipo di macchina filtro olio<\/p>\n<p>pu\u00f2 rimuovere le impurit\u00e0 solide e una piccola quantit\u00e0 di acqua, \u00e8 adatto per l'olio elettrico generale e<\/p>\n<p>raffinazione dell'olio lubrificante.<\/p>","protected":false},"excerpt":{"rendered":"<table>\n<thead>\n<tr>\n<th>Campo<\/th>\n<th>Valore<\/th>\n<\/tr>\n<\/thead>\n<tbody>\n<tr>\n<td>Industrie applicabili<\/td>\n<td>Negozi di riparazione di macchinari, Fabbrica di alimenti e bevande, Ristorante, Negozio di alimentari, Energia e miniere, Negozi di alimenti e bevande<\/td>\n<\/tr>\n<tr>\n<td>Luogo di origine<\/td>\n<td>Guangdong, Cina<\/td>\n<\/tr>\n<tr>\n<td>Nome del marchio<\/td>\n<td>Lvyuan\/OEM<\/td>\n<\/tr>\n<tr>\n<td>Materiale<\/td>\n<td>Personalizzato<\/td>\n<\/tr>\n<tr>\n<td>Peso<\/td>\n<td>Personalizzato<\/td>\n<\/tr>\n<tr>\n<td>Dimensione<\/td>\n<td>Personalizzato<\/td>\n<\/tr>\n<tr>\n<td>Potenza<\/td>\n<td>Personalizzato<\/td>\n<\/tr>\n<tr>\n<td>Garanzia<\/td>\n<td>1 anno<\/td>\n<\/tr>\n<tr>\n<td>Servizio post-vendita fornito<\/td>\n<td>Assistenza online<\/td>\n<\/tr>\n<tr>\n<td>Nome del modello<\/td>\n<td>Unit\u00e0 di purificazione dell'olio idraulico\/macchina di purificazione dell'olio da cucina<\/td>\n<\/tr>\n<tr>\n<td>Lunghezza<\/td>\n<td>10 pollici 20 pollici 30 pollici 40 pollici<\/td>\n<\/tr>\n<tr>\n<td>Utilizzo<\/td>\n<td>Filtrazione olio-acqua<\/td>\n<\/tr>\n<tr>\n<td>Materiale del corpo principale<\/td>\n<td>Acciaio inox 304 \/ 316<\/td>\n<\/tr>\n<tr>\n<td>Tipo di alloggiamento del filtro<\/td>\n<td>Tubolare<\/td>\n<\/tr>\n<tr>\n<td>Principio<\/td>\n<td>Filtrazione a pressione<\/td>\n<\/tr>\n<tr>\n<td>Fasi<\/td>\n<td>1 - 6 fasi<\/td>\n<\/tr>\n<tr>\n<td>Imballaggio<\/td>\n<td>Imballaggio in rete o cassa di legno<\/td>\n<\/tr>\n<tr>\n<td>Capacit\u00e0 di approvvigionamento<\/td>\n<td>100 Unit\u00e0\/Unit\u00e0 al giorno<\/td>\n<\/tr>\n<\/tbody>\n<\/table>","protected":false},"featured_media":4592,"comment_status":"open","ping_status":"closed","template":"","meta":{"_gspb_post_css":""},"product_brand":[],"product_cat":[15],"product_tag":[1715,1716,1717,1534,1463,34],"class_list":{"0":"post-4591","1":"product","2":"type-product","3":"status-publish","4":"has-post-thumbnail","6":"product_cat-stainless-steel-filter-housing","7":"product_tag-biopharmaceutical-filtration","8":"product_tag-high-purity-filter-housing","9":"product_tag-industrial-water-purification","10":"product_tag-inversafilterpurification","11":"product_tag-multi-cartridge-filter-housing","12":"product_tag-stainless-steel-filter-housing","14":"first","15":"instock","16":"shipping-taxable","17":"product-type-simple"},"_links":{"self":[{"href":"https:\/\/lyfilter.com\/it\/wp-json\/wp\/v2\/product\/4591","targetHints":{"allow":["GET"]}}],"collection":[{"href":"https:\/\/lyfilter.com\/it\/wp-json\/wp\/v2\/product"}],"about":[{"href":"https:\/\/lyfilter.com\/it\/wp-json\/wp\/v2\/types\/product"}],"replies":[{"embeddable":true,"href":"https:\/\/lyfilter.com\/it\/wp-json\/wp\/v2\/comments?post=4591"}],"wp:featuredmedia":[{"embeddable":true,"href":"https:\/\/lyfilter.com\/it\/wp-json\/wp\/v2\/media\/4592"}],"wp:attachment":[{"href":"https:\/\/lyfilter.com\/it\/wp-json\/wp\/v2\/media?parent=4591"}],"wp:term":[{"taxonomy":"product_brand","embeddable":true,"href":"https:\/\/lyfilter.com\/it\/wp-json\/wp\/v2\/product_brand?post=4591"},{"taxonomy":"product_cat","embeddable":true,"href":"https:\/\/lyfilter.com\/it\/wp-json\/wp\/v2\/product_cat?post=4591"},{"taxonomy":"product_tag","embeddable":true,"href":"https:\/\/lyfilter.com\/it\/wp-json\/wp\/v2\/product_tag?post=4591"}],"curies":[{"name":"wp","href":"https:\/\/api.w.org\/{rel}","templated":true}]}}