{"id":4552,"date":"2026-04-05T03:27:37","date_gmt":"2026-04-05T03:27:37","guid":{"rendered":"https:\/\/lyfilter.com\/"},"modified":"2026-04-05T03:27:37","modified_gmt":"2026-04-05T03:27:37","slug":"lvyuan-filter-stainless-steel-filter-elements-series-for-purify","status":"publish","type":"product","link":"https:\/\/lyfilter.com\/it\/lvyuan-filter-stainless-steel-filter-elements-series-for-purify\/","title":{"rendered":"Serie di elementi filtranti in acciaio inossidabile del filtro di Lvyuan per purificare"},"content":{"rendered":"<p><b>Vantaggi dell'azienda<\/b><br \/>\n<b>1.<\/b>\u00a0La produzione di\u00a0<a href=\"https:\/\/lyfilter.com\/it\/\">Filtro Lvyuan<\/a>\u00a0comprende diverse fasi importanti. Esse comprendono principalmente la progettazione del disegno meccanico, la preparazione dei materiali metallici, la fabbricazione e la saldatura dei pezzi, l'assemblaggio e la messa in funzione. La porosit\u00e0 \u00e8 diversa a seconda della profondit\u00e0 del mezzo filtrante.<br \/>\n<b>2.<\/b>\u00a0Il prodotto ha una bassa conducibilit\u00e0 termica ed \u00e8 un buon isolante. Si pu\u00f2 usare per servire in un piatto o per tenere l'acqua calda senza preoccuparsi che sia troppo calda da toccare. Il materiale filtrante \u00e8 incollato termicamente per evitare il rilascio di fibre e garantire una portata costante.<br \/>\n<b>3.<\/b>\u00a0Il prodotto non \u00e8 soggetto a corrosione. La sua superficie \u00e8 stata trattata con uno strato di vernice meccanica che ha una funzione protettiva. Pu\u00f2 controllare efficacemente la precisione di filtrazione<br \/>\n<b>4.<\/b>\u00a0Il prodotto ha una struttura robusta. Ha un design meccanicamente robusto in grado di resistere alle condizioni operative e agli ambienti a cui \u00e8 esposto. \u00c8 disponibile in un'ampia gamma di valori micron da 1 a 100 \u03bcm.<br \/>\n<b>5.<\/b>\u00a0Il prodotto \u00e8 caratterizzato da una buona dissipazione del calore. Le sue prese d'aria favoriscono il flusso d'aria da fronte a retro e lo mantengono fresco, contribuendo al suo funzionamento regolare. \u00c8 progettato con pori graduati che aiutano a trattenere i contaminanti lungo l'intera sezione trasversale per una maggiore efficienza.<\/p>\n<div class=\"pro_aliData\">\n<div class=\"detail-box\">\n<div class=\"scc-wrapper detail-module module-cspu\" data-module=\"cspu\"><\/div>\n<div class=\"scc-wrapper detail-module module-productPackagingAndQuickDetail\" data-spm=\"prilinga1e\">\n<div class=\"widget-detail-overview\">\n<div class=\"do-title\">Panoramica<\/div>\n<div id=\"car-parts-model\"><\/div>\n<div class=\"do-content\">\n<div class=\"do-overview\">\n<div class=\"do-entry do-entry-separate\">\n<div class=\"do-entry-title\">Dettagli rapidi<\/div>\n<\/div>\n<\/div>\n<\/div>\n<\/div>\n<\/div>\n<\/div>\n<\/div>","protected":false},"excerpt":{"rendered":"<table>\n<thead>\n<tr>\n<th>Campo<\/th>\n<th>Valore<\/th>\n<th>Campo<\/th>\n<th>Valore<\/th>\n<\/tr>\n<\/thead>\n<tbody>\n<tr>\n<td>Servizio post garanzia<\/td>\n<td>Assistenza online<\/td>\n<td>Sede del servizio locale<\/td>\n<td>nessuno<\/td>\n<\/tr>\n<tr>\n<td>Posizione dello showroom<\/td>\n<td>nessuno<\/td>\n<td>Video uscita-ispezione<\/td>\n<td>Fornito<\/td>\n<\/tr>\n<tr>\n<td>Rapporto di prova del macchinario<\/td>\n<td>Fornito<\/td>\n<td>Tipo di marketing<\/td>\n<td>Prodotto ordinario<\/td>\n<\/tr>\n<tr>\n<td>Garanzia dei componenti principali<\/td>\n<td>1 anno<\/td>\n<td>Componenti principali<\/td>\n<td>Recipiente a pressione<\/td>\n<\/tr>\n<tr>\n<td>Luogo di origine<\/td>\n<td>Guangdong, Cina<\/td>\n<td>Nome del marchio<\/td>\n<td>Lvyuan\/OEM<\/td>\n<\/tr>\n<tr>\n<td>Garanzia<\/td>\n<td>1 anno<\/td>\n<td>Servizio post-vendita fornito<\/td>\n<td>Assistenza online<\/td>\n<\/tr>\n<tr>\n<td>Nome del prodotto<\/td>\n<td>Cartuccia filtrante pieghettata SS<\/td>\n<td>Tasso di micron<\/td>\n<td>Da 0,1 a 300 micron<\/td>\n<\/tr>\n<tr>\n<td>Dimensione OEM<\/td>\n<td>Disponibile<\/td>\n<td>Lunghezza<\/td>\n<td>5\u2033, 10\u2033, 20\u2033, 30\u2033, 40\u2033, 50\u201d, 60\u201d pollici<\/td>\n<\/tr>\n<tr>\n<td>Acciaio inox Materiale<\/td>\n<td>304, 316, 316L<\/td>\n<td>Modulo di interfaccia<\/td>\n<td>222,226,215, M36, M24, M22, M20 interfaccia filettatura<\/td>\n<\/tr>\n<tr>\n<td>Strato<\/td>\n<td>filtro a cartuccia pieghettato\/mesh<\/td>\n<td>Utilizzo<\/td>\n<td>filtrazione di gas e liquidi<\/td>\n<\/tr>\n<tr>\n<td>Resistenza al calore<\/td>\n<td>- 200 - 500 gradi<\/td>\n<td>Pressione di lavoro<\/td>\n<td>Da 0,1 a 30Mpa<\/td>\n<\/tr>\n<tr>\n<td>Capacit\u00e0 di approvvigionamento<\/td>\n<td>5000 pezzo\/pezzi al giorno<\/td>\n<td>Prodotto<\/td>\n<td>cartuccia filtrante codice 7<\/td>\n<\/tr>\n<\/tbody>\n<\/table>","protected":false},"featured_media":4554,"comment_status":"open","ping_status":"closed","template":"","meta":{"_gspb_post_css":""},"product_brand":[],"product_cat":[18],"product_tag":[1697,1534,1242,1696,1695,340],"class_list":{"0":"post-4552","1":"product","2":"type-product","3":"status-publish","4":"has-post-thumbnail","6":"product_cat-sintered-metal-filters","7":"product_tag-industrial-filtration-element","8":"product_tag-inversafilterpurification","9":"product_tag-lvyuan-filter","10":"product_tag-purification-filter-series","11":"product_tag-stainless-steel-filter-elements","12":"product_tag-water-treatment-filter","14":"first","15":"instock","16":"shipping-taxable","17":"product-type-simple"},"_links":{"self":[{"href":"https:\/\/lyfilter.com\/it\/wp-json\/wp\/v2\/product\/4552","targetHints":{"allow":["GET"]}}],"collection":[{"href":"https:\/\/lyfilter.com\/it\/wp-json\/wp\/v2\/product"}],"about":[{"href":"https:\/\/lyfilter.com\/it\/wp-json\/wp\/v2\/types\/product"}],"replies":[{"embeddable":true,"href":"https:\/\/lyfilter.com\/it\/wp-json\/wp\/v2\/comments?post=4552"}],"wp:featuredmedia":[{"embeddable":true,"href":"https:\/\/lyfilter.com\/it\/wp-json\/wp\/v2\/media\/4554"}],"wp:attachment":[{"href":"https:\/\/lyfilter.com\/it\/wp-json\/wp\/v2\/media?parent=4552"}],"wp:term":[{"taxonomy":"product_brand","embeddable":true,"href":"https:\/\/lyfilter.com\/it\/wp-json\/wp\/v2\/product_brand?post=4552"},{"taxonomy":"product_cat","embeddable":true,"href":"https:\/\/lyfilter.com\/it\/wp-json\/wp\/v2\/product_cat?post=4552"},{"taxonomy":"product_tag","embeddable":true,"href":"https:\/\/lyfilter.com\/it\/wp-json\/wp\/v2\/product_tag?post=4552"}],"curies":[{"name":"wp","href":"https:\/\/api.w.org\/{rel}","templated":true}]}}