{"id":4489,"date":"2026-04-05T02:30:57","date_gmt":"2026-04-05T02:30:57","guid":{"rendered":"https:\/\/lyfilter.com\/"},"modified":"2026-04-05T02:30:57","modified_gmt":"2026-04-05T02:30:57","slug":"lvyuan-ss-bag-filter-wholesale-for-factory","status":"publish","type":"product","link":"https:\/\/lyfilter.com\/it\/lvyuan-ss-bag-filter-wholesale-for-factory\/","title":{"rendered":"Lvyuan SS filtro a sacco all'ingrosso per la fabbrica"},"content":{"rendered":"<h3 class=\"do-entry-title\">Imballaggio e consegna<\/h3>\n<div class=\"do-entry-list\">\n<dl class=\"do-entry-item\">\n<dt class=\"do-entry-item-key\">Unit\u00e0 di vendita:<\/dt>\n<dd class=\"do-entry-item-val\">Articolo singolo<\/dd>\n<\/dl>\n<dl class=\"do-entry-item\">\n<dt class=\"do-entry-item-key\" title=\"Dimensione della confezione singola:\">Dimensione della confezione singola:<\/dt>\n<dd class=\"do-entry-item-val\">65X65X170 cm<\/dd>\n<\/dl>\n<dl class=\"do-entry-item\">\n<dt class=\"do-entry-item-key\" title=\"Peso lordo singolo:\">Peso lordo singolo:<\/dt>\n<dd class=\"do-entry-item-val\">56.500 kg<\/dd>\n<\/dl>\n<dl class=\"do-entry-item\">\n<dt class=\"do-entry-item-key\">Tipo di confezione:<\/dt>\n<dd class=\"do-entry-item-val pkg-method\">scatola di carta e custodia di legno.<\/dd>\n<\/dl>\n<dl class=\"do-entry-item\">\n<dt class=\"do-entry-item-key\" title=\"Tempi di consegna\">Tempi di consegna\u00a0<i class=\"next-icon next-icon-help next-icon-xs js-leadtimes-tips\"><\/i>:<\/dt>\n<dd class=\"do-entry-item-val\" title=\"Tempi di consegna\">\n<div class=\"table-responsive\">\n<table class=\"supply-ability-table ui2-table ui2-table-normal ui2-table-zebra ui2-table-hover\">\n<tbody>\n<tr>\n<td>Quantit\u00e0 (pezzi)<\/td>\n<td>1 - 10<\/td>\n<td>11 - 20<\/td>\n<td>21 - 50<\/td>\n<td>&gt;50<\/td>\n<\/tr>\n<tr>\n<td>Est. Tempo (giorni)<\/td>\n<td>15<\/td>\n<td>25<\/td>\n<td>35<\/td>\n<td>Da negoziare<\/td>\n<\/tr>\n<\/tbody>\n<\/table>\n<\/div>\n<p><b>Vantaggi dell'azienda<\/b><br \/>\n<b>1.<\/b>\u00a0Il filtro a sacco inossidabile Lvyuan \u00e8 progettato con standard elevati. \u00c8 progettato per soddisfare, testare o essere conforme a standard internazionali come la protezione IP, UL e CE. Offre un'eccellente filtrazione e una buona stabilit\u00e0 termica<br \/>\n<b>2.<\/b>\u00a0Questo prodotto non produce ronzii indesiderati che possono causare problemi alle orecchie. Gli operatori possono quindi godere di un ambiente di lavoro tranquillo. Ha un'ampia area di filtraggio efficace<br \/>\n<b>3.<\/b>\u00a0Il filtro a sacco ss \u00e8 caratterizzato da migliori propriet\u00e0 dei filtri a sacco inossidabili e da caratteristiche di alloggiamento dei filtri a sacco inossidabili posseduti. \u00c8 disponibile in un'ampia gamma di lunghezze per gli alloggiamenti standard e a flusso totale.<\/dd>\n<\/dl>\n<\/div>","protected":false},"excerpt":{"rendered":"<table>\n<thead>\n<tr>\n<th>Campo<\/th>\n<th>Valore<\/th>\n<th>Campo<\/th>\n<th>Valore<\/th>\n<\/tr>\n<\/thead>\n<tbody>\n<tr>\n<td>Industrie applicabili<\/td>\n<td>Impianto di produzione, fabbrica di alimenti e bevande, trattamento delle acque<\/td>\n<td>Luogo di origine<\/td>\n<td>Guangdong, Cina<\/td>\n<\/tr>\n<tr>\n<td>Nome del marchio<\/td>\n<td>Lvyuan, OEM, ODM<\/td>\n<td>Materiale<\/td>\n<td>acciaio staniless 304<\/td>\n<\/tr>\n<tr>\n<td>Peso<\/td>\n<td>personalizzato<\/td>\n<td>Dimensione<\/td>\n<td>personalizzato<\/td>\n<\/tr>\n<tr>\n<td>Garanzia<\/td>\n<td>1 anno<\/td>\n<td>Servizio post-vendita fornito<\/td>\n<td>Assistenza online<\/td>\n<\/tr>\n<tr>\n<td>Caratteristica<\/td>\n<td>Buona tenuta<\/td>\n<td>dimensioni del sacco filtrante<\/td>\n<td>180*810 mm<\/td>\n<\/tr>\n<tr>\n<td>Certificazione<\/td>\n<td>SGS<\/td>\n<td>materiale<\/td>\n<td>sus304<\/td>\n<\/tr>\n<tr>\n<td>Utilizzo<\/td>\n<td>filtrazione dell'acqua<\/td>\n<td>Applicazione<\/td>\n<td>industria<\/td>\n<\/tr>\n<tr>\n<td>superficie<\/td>\n<td>lucido\/specchio<\/td>\n<td>Modello<\/td>\n<td>BFW<\/td>\n<\/tr>\n<tr>\n<td>Materia prima<\/td>\n<td>acciaio inox<\/td>\n<td>Pressione di lavoro<\/td>\n<td>100Psi<\/td>\n<\/tr>\n<\/tbody>\n<\/table>","protected":false},"featured_media":4490,"comment_status":"open","ping_status":"closed","template":"","meta":{"_gspb_post_css":""},"product_brand":[],"product_cat":[1135],"product_tag":[1672,1534,1670,1671,1320,1136],"class_list":{"0":"post-4489","1":"product","2":"type-product","3":"status-publish","4":"has-post-thumbnail","6":"product_cat-stainless-steel-bag-filter-housing","7":"product_tag-factory-bag-filter","8":"product_tag-inversafilterpurification","9":"product_tag-lvyuan-ss-bag-filter","10":"product_tag-ss-bag-filter-wholesale","11":"product_tag-stainless-steel-bag-filter","12":"product_tag-water-filter-locks","14":"first","15":"instock","16":"shipping-taxable","17":"product-type-simple"},"_links":{"self":[{"href":"https:\/\/lyfilter.com\/it\/wp-json\/wp\/v2\/product\/4489","targetHints":{"allow":["GET"]}}],"collection":[{"href":"https:\/\/lyfilter.com\/it\/wp-json\/wp\/v2\/product"}],"about":[{"href":"https:\/\/lyfilter.com\/it\/wp-json\/wp\/v2\/types\/product"}],"replies":[{"embeddable":true,"href":"https:\/\/lyfilter.com\/it\/wp-json\/wp\/v2\/comments?post=4489"}],"wp:featuredmedia":[{"embeddable":true,"href":"https:\/\/lyfilter.com\/it\/wp-json\/wp\/v2\/media\/4490"}],"wp:attachment":[{"href":"https:\/\/lyfilter.com\/it\/wp-json\/wp\/v2\/media?parent=4489"}],"wp:term":[{"taxonomy":"product_brand","embeddable":true,"href":"https:\/\/lyfilter.com\/it\/wp-json\/wp\/v2\/product_brand?post=4489"},{"taxonomy":"product_cat","embeddable":true,"href":"https:\/\/lyfilter.com\/it\/wp-json\/wp\/v2\/product_cat?post=4489"},{"taxonomy":"product_tag","embeddable":true,"href":"https:\/\/lyfilter.com\/it\/wp-json\/wp\/v2\/product_tag?post=4489"}],"curies":[{"name":"wp","href":"https:\/\/api.w.org\/{rel}","templated":true}]}}