{"id":4483,"date":"2026-04-04T10:34:10","date_gmt":"2026-04-04T10:34:10","guid":{"rendered":"https:\/\/lyfilter.com\/"},"modified":"2026-04-04T10:34:10","modified_gmt":"2026-04-04T10:34:10","slug":"stainless-filter-housing-iso-9001-by-lvyuan-filter","status":"publish","type":"product","link":"https:\/\/lyfilter.com\/it\/stainless-filter-housing-iso-9001-by-lvyuan-filter\/","title":{"rendered":"Alloggiamento del filtro inossidabile ISO 9001 da Lvyuan Filter"},"content":{"rendered":"<p><b>Dettagli del prodotto Custodia del filtro in acciaio inox<\/b><\/p>\n<p>&nbsp;<\/p>\n<p><b>Specifiche del prodotto<\/b><\/p>\n<p>Disponibilit\u00e0: OEM<\/p>\n<p>Materiale: Acciaio inossidabile<\/p>\n<p>&nbsp;<\/p>\n<p><b>Panoramica rapida<\/b><\/p>\n<p>Le apparecchiature meccaniche di Lvyuan Water Purification Equipment hanno un design ragionevole, una struttura compatta e prestazioni stabili. Inoltre, il nostro prodotto \u00e8 facile e conveniente da utilizzare e installare. Essendo ampiamente riconosciuto da pi\u00f9 clienti, risulta essere efficace che\u00a0<a href=\"https:\/\/lyfilter.com\/it\/\">Filtro Lvyuan<\/a>\u00a0deve prestare attenzione anche alla progettazione dell'alloggiamento del filtro inossidabile. Il buon ambiente della zona di produzione e dell'officina \u00e8 una delle condizioni per migliorare la qualit\u00e0 del prodotto. Concentrandosi sulla qualit\u00e0 dei prodotti, Guangzhou Lvyuan Water Purification Equipment Co., Ltd. ha creato una rete di vendita completa in alcune delle principali citt\u00e0 del Paese.<\/p>\n<p>&nbsp;<\/p>\n<p><b>Descrizione del prodotto<\/b><\/p>\n<p>L'alloggiamento del filtro inossidabile di Lvyuan Water Purification Equipment \u00e8 stato notevolmente migliorato nei seguenti aspetti.<\/p>\n<p><strong>Alloggiamento del filtro blu grande a nucleo singolo in acciaio inox<\/strong><\/p>","protected":false},"excerpt":{"rendered":"<table>\n<thead>\n<tr>\n<th>Campo<\/th>\n<th>Valore<\/th>\n<th>Campo<\/th>\n<th>Valore<\/th>\n<\/tr>\n<\/thead>\n<tbody>\n<tr>\n<td>Porta di partenza<\/td>\n<td>Guangzhou<\/td>\n<td>Capacit\u00e0 di produzione<\/td>\n<td>10000 unit\u00e0\/mese<\/td>\n<\/tr>\n<tr>\n<td>Certificazione<\/td>\n<td>ISO 9001<\/td>\n<td><\/td>\n<td><\/td>\n<\/tr>\n<\/tbody>\n<\/table>","protected":false},"featured_media":4487,"comment_status":"open","ping_status":"closed","template":"","meta":{"_gspb_post_css":""},"product_brand":[],"product_cat":[15],"product_tag":[1534,1303,1186,1541,1136,1443],"class_list":{"0":"post-4483","1":"product","2":"type-product","3":"status-publish","4":"has-post-thumbnail","6":"product_cat-stainless-steel-filter-housing","7":"product_tag-inversafilterpurification","8":"product_tag-iso-9001-filter-housing","9":"product_tag-lvyuan-filter-housing","10":"product_tag-stainless-filter-housing","11":"product_tag-water-filter-locks","12":"product_tag-water-filtration-housing","14":"first","15":"instock","16":"shipping-taxable","17":"product-type-simple"},"_links":{"self":[{"href":"https:\/\/lyfilter.com\/it\/wp-json\/wp\/v2\/product\/4483","targetHints":{"allow":["GET"]}}],"collection":[{"href":"https:\/\/lyfilter.com\/it\/wp-json\/wp\/v2\/product"}],"about":[{"href":"https:\/\/lyfilter.com\/it\/wp-json\/wp\/v2\/types\/product"}],"replies":[{"embeddable":true,"href":"https:\/\/lyfilter.com\/it\/wp-json\/wp\/v2\/comments?post=4483"}],"wp:featuredmedia":[{"embeddable":true,"href":"https:\/\/lyfilter.com\/it\/wp-json\/wp\/v2\/media\/4487"}],"wp:attachment":[{"href":"https:\/\/lyfilter.com\/it\/wp-json\/wp\/v2\/media?parent=4483"}],"wp:term":[{"taxonomy":"product_brand","embeddable":true,"href":"https:\/\/lyfilter.com\/it\/wp-json\/wp\/v2\/product_brand?post=4483"},{"taxonomy":"product_cat","embeddable":true,"href":"https:\/\/lyfilter.com\/it\/wp-json\/wp\/v2\/product_cat?post=4483"},{"taxonomy":"product_tag","embeddable":true,"href":"https:\/\/lyfilter.com\/it\/wp-json\/wp\/v2\/product_tag?post=4483"}],"curies":[{"name":"wp","href":"https:\/\/api.w.org\/{rel}","templated":true}]}}