{"id":4448,"date":"2026-04-04T10:02:01","date_gmt":"2026-04-04T10:02:01","guid":{"rendered":"https:\/\/lyfilter.com\/"},"modified":"2026-04-04T10:02:01","modified_gmt":"2026-04-04T10:02:01","slug":"lvyuan-pleated-sediment-filter-suppliers-for-sea-water","status":"publish","type":"product","link":"https:\/\/lyfilter.com\/it\/lvyuan-pleated-sediment-filter-suppliers-for-sea-water\/","title":{"rendered":"Fornitori di filtri a sedimento pieghettati Lvyuan per l'acqua di mare"},"content":{"rendered":"<p><b>Vantaggi dell'azienda<\/b><br \/>\n<b>1.<\/b>\u00a0<a href=\"https:\/\/lyfilter.com\/it\/pleated-filter-cartridge.html\/\">elemento filtrante pieghettato<\/a>\u00a0\u00e8 il modello classico prodotto da Lvyuan Water Purification Equipment, molto popolare nel mercato cinese. Pu\u00f2 anche filtrare particolato, organismi microbici, ossido ferrico e altre impurit\u00e0.<br \/>\n<b>2.<\/b>\u00a0Guangzhou Lvyuan Water Purification Equipment Co., Ltd. rende noto che la diversit\u00e0, come la qualit\u00e0 e il servizio clienti, \u00e8 un vantaggio competitivo. Il media filtrante \u00e8 incollato termicamente per evitare il rilascio di fibre e garantire una portata costante.<br \/>\n<b>3.<\/b>\u00a0Il prodotto ha un buon punto di fusione. \u00c8 un materiale refrattario ottimizzato che pu\u00f2 impedire la reazione con i materiali fusi. \u00c8 resistente alla putredine, agli acidi e agli alcali, ai solventi organici e inorganici.<br \/>\n<b>4.<\/b>\u00a0Questo prodotto offre rigidit\u00e0 del piano e resistenza alla flessione. Quando si impilano le merci, rimane stabile finch\u00e9 non si raggiunge il carico limite. Il design a gradiente graduato consente di evitare un rapido intasamento.<br \/>\n<b>5.<\/b>\u00a0Il prodotto funziona in modo molto silenzioso. Rispetto alle turbine eoliche e ai dispositivi idroelettrici, che sono incredibilmente rumorosi, non produce alcun rumore. Non secerne materiale dissolubile durante il funzionamento.<\/p>\n<div class=\"pro_aliData\">\n<div class=\"detail-box\">\n<div class=\"scc-wrapper detail-module module-cspu\" data-module=\"cspu\"><\/div>\n<div class=\"scc-wrapper detail-module module-productPackagingAndQuickDetail\" data-spm=\"prilinga1e\">\n<div class=\"widget-detail-overview\">\n<div class=\"do-title\">Panoramica<\/div>\n<div id=\"car-parts-model\"><\/div>\n<div class=\"do-content\">\n<div class=\"do-overview\">\n<div class=\"do-entry do-entry-separate\">\n<div class=\"do-entry-title\">Dettagli rapidi<\/div>\n<\/div>\n<\/div>\n<\/div>\n<\/div>\n<\/div>\n<\/div>\n<\/div>","protected":false},"excerpt":{"rendered":"<table>\n<thead>\n<tr>\n<th>Campo<\/th>\n<th>Valore<\/th>\n<th>Campo<\/th>\n<th>Valore<\/th>\n<\/tr>\n<\/thead>\n<tbody>\n<tr>\n<td>Servizio post garanzia<\/td>\n<td>Assistenza online<\/td>\n<td>Sede del servizio locale<\/td>\n<td>nessuno<\/td>\n<\/tr>\n<tr>\n<td>Posizione dello showroom<\/td>\n<td>nessuno<\/td>\n<td>Video uscita-ispezione<\/td>\n<td>Fornito<\/td>\n<\/tr>\n<tr>\n<td>Rapporto di prova del macchinario<\/td>\n<td>Non disponibile<\/td>\n<td>Tipo di marketing<\/td>\n<td>Prodotto ordinario<\/td>\n<\/tr>\n<tr>\n<td>Garanzia dei componenti principali<\/td>\n<td>Non disponibile<\/td>\n<td>Luogo di origine<\/td>\n<td>Guangdong, Cina<\/td>\n<\/tr>\n<tr>\n<td>Nome del marchio<\/td>\n<td>Lvyuan \/ OEM<\/td>\n<td>Materiale<\/td>\n<td>Elemento filtrante pieghettato<\/td>\n<\/tr>\n<tr>\n<td>Peso<\/td>\n<td>dipende<\/td>\n<td>Dimensione<\/td>\n<td>standard, personalizzazione<\/td>\n<\/tr>\n<tr>\n<td>Potenza<\/td>\n<td>0<\/td>\n<td>Garanzia<\/td>\n<td>Non disponibile<\/td>\n<\/tr>\n<tr>\n<td>Nome del prodotto<\/td>\n<td>filtro a membrana pes<\/td>\n<td>Tasso di micron<\/td>\n<td>0,1, 0,5, 1, 5, 10 ~60um<\/td>\n<\/tr>\n<tr>\n<td>Cartuccia pieghettata Materiale<\/td>\n<td>PP\/PTFE\/PES \/Nylon 6 \/PVDF<\/td>\n<td>Lunghezza<\/td>\n<td>5\u2033, 10\u2033, 20\u2033, 30\u2033, 40\u2033, OEM<\/td>\n<\/tr>\n<tr>\n<td>Mezzi filtranti<\/td>\n<td>Membrana polietersulfore ad alta asimmetria<\/td>\n<td>Tappo terminale<\/td>\n<td>DOE, 222+Fin, 222+Flat, 226+Fin, 226+Flat<\/td>\n<\/tr>\n<tr>\n<td>Materiale della guarnizione\/anello<\/td>\n<td>Silicio\/EPDM\/NBR\/Viton\/Te-lfon<\/td>\n<td>Utilizzo<\/td>\n<td>elementi filtranti per liquidi, parti di filtri per acqua<\/td>\n<\/tr>\n<tr>\n<td>Nucleo interno<\/td>\n<td>PP \/ acciaio inox<\/td>\n<td>Certificazione<\/td>\n<td>SGS\/ISO9001<\/td>\n<\/tr>\n<tr>\n<td>Componenti principali<\/td>\n<td>elemento filtrante a cartuccia<\/td>\n<td>Capacit\u00e0 di approvvigionamento<\/td>\n<td>50000 pezzo\/pezzi al mese elemento filtrante dell'acqua<\/td>\n<\/tr>\n<\/tbody>\n<\/table>","protected":false},"featured_media":4449,"comment_status":"open","ping_status":"closed","template":"","meta":{"_gspb_post_css":""},"product_brand":[],"product_cat":[21],"product_tag":[1534,1643,1645,1644,1544,1136],"class_list":{"0":"post-4448","1":"product","2":"type-product","3":"status-publish","4":"has-post-thumbnail","6":"product_cat-pleated-filter-cartridge","7":"product_tag-inversafilterpurification","8":"product_tag-lvyuan-pleated-sediment-filter","9":"product_tag-marine-water-treatment-filter","10":"product_tag-pleated-water-filter-supplier","11":"product_tag-sea-water-sediment-filter","12":"product_tag-water-filter-locks","14":"first","15":"instock","16":"shipping-taxable","17":"product-type-simple"},"_links":{"self":[{"href":"https:\/\/lyfilter.com\/it\/wp-json\/wp\/v2\/product\/4448","targetHints":{"allow":["GET"]}}],"collection":[{"href":"https:\/\/lyfilter.com\/it\/wp-json\/wp\/v2\/product"}],"about":[{"href":"https:\/\/lyfilter.com\/it\/wp-json\/wp\/v2\/types\/product"}],"replies":[{"embeddable":true,"href":"https:\/\/lyfilter.com\/it\/wp-json\/wp\/v2\/comments?post=4448"}],"wp:featuredmedia":[{"embeddable":true,"href":"https:\/\/lyfilter.com\/it\/wp-json\/wp\/v2\/media\/4449"}],"wp:attachment":[{"href":"https:\/\/lyfilter.com\/it\/wp-json\/wp\/v2\/media?parent=4448"}],"wp:term":[{"taxonomy":"product_brand","embeddable":true,"href":"https:\/\/lyfilter.com\/it\/wp-json\/wp\/v2\/product_brand?post=4448"},{"taxonomy":"product_cat","embeddable":true,"href":"https:\/\/lyfilter.com\/it\/wp-json\/wp\/v2\/product_cat?post=4448"},{"taxonomy":"product_tag","embeddable":true,"href":"https:\/\/lyfilter.com\/it\/wp-json\/wp\/v2\/product_tag?post=4448"}],"curies":[{"name":"wp","href":"https:\/\/api.w.org\/{rel}","templated":true}]}}