{"id":4429,"date":"2026-04-04T09:53:46","date_gmt":"2026-04-04T09:53:46","guid":{"rendered":"https:\/\/lyfilter.com\/"},"modified":"2026-04-04T09:53:47","modified_gmt":"2026-04-04T09:53:47","slug":"20-inch-water-filter-housing-oem-lvyuan-by-lvyuan-filter","status":"publish","type":"product","link":"https:\/\/lyfilter.com\/it\/20-inch-water-filter-housing-oem-lvyuan-by-lvyuan-filter\/","title":{"rendered":"20 pollici acqua filtro alloggiamento OEM\/Lvyuan da Lvyuan filtro"},"content":{"rendered":"<p><b>Vantaggi dell'azienda<\/b><\/p>\n<p>- 20 pollici\u00a0<a href=\"https:\/\/lyfilter.com\/it\/stainless-steel-filter-housing.html\/\">alloggiamento del filtro dell'acqua<\/a>\u00a0convincer\u00e0 gli utenti con caratteristiche interessanti e stili distintivi.<\/p>\n<p>- Ogni aspetto del prodotto \u00e8 rigorosamente testato per soddisfare gli standard di qualit\u00e0 internazionali.<\/p>\n<p>- Guangzhou Lvyuan Water Purification Equipment Co., Ltd. \u00e8 cresciuta in modo significativo e si \u00e8 guadagnata una reputazione di leadership, qualit\u00e0 e integrit\u00e0 nel proprio settore.<\/p>\n<p>&nbsp;<\/p>\n<p><strong>Sistema di filtrazione mobile in acciaio inox<\/strong><\/p>\n<p>L'impianto mobile del sistema di filtrazione a sacchi prodotto da Guangzhou Lvyuan comprende un filtro a sacchi standard (40AM, 80AM, 40AST, 840AST), una pompa a membrana pneumatica a doppia camera Wei Li o Wilden PW25\/50, una scatola di interruttori di controllo, il tubo esterno di uscita DN25, DN50 per il prelievo e la flangia del tubo esterno di ingresso DN25, DN50 per il prelievo o il dispositivo di connessione del filo esterno sono installati sulla piattaforma di installazione del carrello. Pu\u00f2 essere spostata liberamente in qualsiasi linea di produzione con installazione fissa in un solo passaggio per la filtrazione.<\/p>","protected":false},"excerpt":{"rendered":"<table>\n<thead>\n<tr>\n<th>Campo<\/th>\n<th>Valore<\/th>\n<\/tr>\n<\/thead>\n<tbody>\n<tr>\n<td>Porta di partenza<\/td>\n<td>Guangzhou<\/td>\n<\/tr>\n<tr>\n<td>Capacit\u00e0 di produzione<\/td>\n<td>10000 unit\u00e0\/mese<\/td>\n<\/tr>\n<tr>\n<td>Pagamento<\/td>\n<td>T\/T, garanzia di commercio di Alibaba<\/td>\n<\/tr>\n<tr>\n<td>Marchio<\/td>\n<td>OEM\/Lvyuan<\/td>\n<\/tr>\n<\/tbody>\n<\/table>","protected":false},"featured_media":4435,"comment_status":"open","ping_status":"closed","template":"","meta":{"_gspb_post_css":""},"product_brand":[],"product_cat":[15],"product_tag":[1634,1636,1534,1186,1635,1136],"class_list":{"0":"post-4429","1":"product","2":"type-product","3":"status-publish","4":"has-post-thumbnail","6":"product_cat-stainless-steel-filter-housing","7":"product_tag-20-inch-water-filter-housing","8":"product_tag-filter-housing-for-water-system","9":"product_tag-inversafilterpurification","10":"product_tag-lvyuan-filter-housing","11":"product_tag-water-filter-housing-oem","12":"product_tag-water-filter-locks","14":"first","15":"instock","16":"shipping-taxable","17":"product-type-simple"},"_links":{"self":[{"href":"https:\/\/lyfilter.com\/it\/wp-json\/wp\/v2\/product\/4429","targetHints":{"allow":["GET"]}}],"collection":[{"href":"https:\/\/lyfilter.com\/it\/wp-json\/wp\/v2\/product"}],"about":[{"href":"https:\/\/lyfilter.com\/it\/wp-json\/wp\/v2\/types\/product"}],"replies":[{"embeddable":true,"href":"https:\/\/lyfilter.com\/it\/wp-json\/wp\/v2\/comments?post=4429"}],"wp:featuredmedia":[{"embeddable":true,"href":"https:\/\/lyfilter.com\/it\/wp-json\/wp\/v2\/media\/4435"}],"wp:attachment":[{"href":"https:\/\/lyfilter.com\/it\/wp-json\/wp\/v2\/media?parent=4429"}],"wp:term":[{"taxonomy":"product_brand","embeddable":true,"href":"https:\/\/lyfilter.com\/it\/wp-json\/wp\/v2\/product_brand?post=4429"},{"taxonomy":"product_cat","embeddable":true,"href":"https:\/\/lyfilter.com\/it\/wp-json\/wp\/v2\/product_cat?post=4429"},{"taxonomy":"product_tag","embeddable":true,"href":"https:\/\/lyfilter.com\/it\/wp-json\/wp\/v2\/product_tag?post=4429"}],"curies":[{"name":"wp","href":"https:\/\/api.w.org\/{rel}","templated":true}]}}