{"id":4427,"date":"2026-04-04T09:47:11","date_gmt":"2026-04-04T09:47:11","guid":{"rendered":"https:\/\/lyfilter.com\/"},"modified":"2026-04-04T09:47:11","modified_gmt":"2026-04-04T09:47:11","slug":"low-cost-seawater-desalination-plant-for-boat-on-sailing","status":"publish","type":"product","link":"https:\/\/lyfilter.com\/it\/low-cost-seawater-desalination-plant-for-boat-on-sailing\/","title":{"rendered":"Impianto di desalinizzazione dell'acqua di mare a basso costo per la barca a vela"},"content":{"rendered":"<p>Capacit\u00e0: da 5000LPD a 100000LPD<br \/>\nTDS: 800ppm<br \/>\nAcqua potabile adatta a navi residenziali o marittime<\/p>\n<div id=\"J-rich-text-description\">\n<p>- Introduzione alla generazione<\/p>\n<p>Le apparecchiature di desalinizzazione dell'acqua di mare di piccola e media capacit\u00e0 della serie LY-FSHB sono adatte per isole, navi marittime, stazioni e citt\u00e0 costiere. Rimuovono efficacemente il sale non organico, i minerali, il virus organico e i batteri, trasformando l'acqua di mare in acqua potabile applicando la tecnologia avanzata dell'osmosi inversa. L'acqua potabile prodotta \u00e8 adatta al consumo umano o all'irrigazione.<\/p>\n<p>&nbsp;<\/p>\n<p>- Processo breve<\/p>\n<p>Acqua di mare \u2192 serbatoio dell'acqua\u2192 pompa booster\u2192 filtro meccanico \u2192 filtro di sicurezza\u2192 pompa ad alta pressione \u2192 moduli a membrana RO per la desalinizzazione dell'acqua di mare \u2192 serbatoio per l'acqua potabile<\/p>\n<p>&nbsp;<\/p>\n<p>- Vantaggio<\/p>\n<p>&nbsp;<\/p>\n<p>Questa apparecchiatura per l'acqua adatta la membrana a osmosi inversa di desalinizzazione dell'acqua di mare America DOW, che ha un elevato rapporto di desalinizzazione e prestazioni stabili e sicure. La pompa ad alta pressione RO, che ha una protezione ad alta e bassa pressione della macchina, \u00e8 di marca ed \u00e8 utilizzata in particolare per la desalinizzazione dell'acqua di mare. Questo dispositivo pu\u00f2 garantire la sicurezza dell'intera macchina. L'acqua potabile prodotta da questa macchina \u00e8 limpida e priva di sostanze chimiche e pu\u00f2 essere bevuta direttamente.<\/p>\n<p>Questa macchina \u00e8 progettata in dimensioni ridotte, quindi \u00e8 leggera, comoda per l'installazione e l'adattamento. \u00c8 facile da utilizzare e da manutenere.<\/p>\n<p>&nbsp;<\/p>\n<\/div>","protected":false},"excerpt":{"rendered":"<table>\n<thead>\n<tr>\n<th>Campo<\/th>\n<th>Valore<\/th>\n<\/tr>\n<\/thead>\n<tbody>\n<tr>\n<td>Industrie applicabili<\/td>\n<td>Fabbrica di alimenti e bevande, lavori di costruzione, negozi di alimenti e bevande<\/td>\n<\/tr>\n<tr>\n<td>Servizio post garanzia<\/td>\n<td>Assistenza online<\/td>\n<\/tr>\n<tr>\n<td>Sede del servizio locale<\/td>\n<td>nessuno<\/td>\n<\/tr>\n<tr>\n<td>Posizione dello showroom<\/td>\n<td>nessuno<\/td>\n<\/tr>\n<tr>\n<td>Video uscita-ispezione<\/td>\n<td>Fornito<\/td>\n<\/tr>\n<tr>\n<td>Rapporto di prova del macchinario<\/td>\n<td>Fornito<\/td>\n<\/tr>\n<tr>\n<td>Tipo di marketing<\/td>\n<td>Prodotto ordinario<\/td>\n<\/tr>\n<tr>\n<td>Garanzia dei componenti principali<\/td>\n<td>1 anno<\/td>\n<\/tr>\n<tr>\n<td>Componenti principali<\/td>\n<td>Recipiente a pressione, Motore<\/td>\n<\/tr>\n<tr>\n<td>Luogo di origine<\/td>\n<td>Guangdong, Cina<\/td>\n<\/tr>\n<tr>\n<td>Nome del marchio<\/td>\n<td>Lvyuan\/OEM<\/td>\n<\/tr>\n<tr>\n<td>Garanzia<\/td>\n<td>1 anno<\/td>\n<\/tr>\n<tr>\n<td>Servizio post-vendita fornito<\/td>\n<td>Assistenza online<\/td>\n<\/tr>\n<tr>\n<td>tipo1<\/td>\n<td>desalinizzazione dell'acqua di mare<\/td>\n<\/tr>\n<tr>\n<td>tipo2<\/td>\n<td>desalinizzazione dell'acqua amara<\/td>\n<\/tr>\n<tr>\n<td>tipo3<\/td>\n<td>sistema di depurazione dell'acqua ro<\/td>\n<\/tr>\n<tr>\n<td>tariffa dell'acqua<\/td>\n<td>5000LPD-100000LPD<\/td>\n<\/tr>\n<tr>\n<td>tasso di desalinizzazione<\/td>\n<td>98%<\/td>\n<\/tr>\n<tr>\n<td>pressione di lavoro<\/td>\n<td>3,5-6,5MPa<\/td>\n<\/tr>\n<tr>\n<td>utilizzo<\/td>\n<td>fare acqua pura per il veliero<\/td>\n<\/tr>\n<tr>\n<td>processo centrale<\/td>\n<td>membrana ad osmosi inversa<\/td>\n<\/tr>\n<tr>\n<td>sterilizzazione<\/td>\n<td>Sterilizzatore UV<\/td>\n<\/tr>\n<tr>\n<td>utilizzo2<\/td>\n<td>desalinizzazione dell'acqua di mare per imbarcazioni<\/td>\n<\/tr>\n<tr>\n<td>Capacit\u00e0 di approvvigionamento<\/td>\n<td>5 set\/set a settimana<\/td>\n<\/tr>\n<\/tbody>\n<\/table>","protected":false},"featured_media":4428,"comment_status":"open","ping_status":"closed","template":"","meta":{"_gspb_post_css":""},"product_brand":[],"product_cat":[1628],"product_tag":[1630,1534,1629,1632,1631,1633],"class_list":{"0":"post-4427","1":"product","2":"type-product","3":"status-publish","4":"has-post-thumbnail","6":"product_cat-seawater-desalination-plant","7":"product_tag-boat-desalination-system","8":"product_tag-inversafilterpurification","9":"product_tag-low-cost-seawater-desalination-plant","10":"product_tag-marine-water-purification","11":"product_tag-sailing-water-maker","12":"product_tag-seawater-treatment-system","14":"first","15":"instock","16":"shipping-taxable","17":"product-type-simple"},"_links":{"self":[{"href":"https:\/\/lyfilter.com\/it\/wp-json\/wp\/v2\/product\/4427","targetHints":{"allow":["GET"]}}],"collection":[{"href":"https:\/\/lyfilter.com\/it\/wp-json\/wp\/v2\/product"}],"about":[{"href":"https:\/\/lyfilter.com\/it\/wp-json\/wp\/v2\/types\/product"}],"replies":[{"embeddable":true,"href":"https:\/\/lyfilter.com\/it\/wp-json\/wp\/v2\/comments?post=4427"}],"wp:featuredmedia":[{"embeddable":true,"href":"https:\/\/lyfilter.com\/it\/wp-json\/wp\/v2\/media\/4428"}],"wp:attachment":[{"href":"https:\/\/lyfilter.com\/it\/wp-json\/wp\/v2\/media?parent=4427"}],"wp:term":[{"taxonomy":"product_brand","embeddable":true,"href":"https:\/\/lyfilter.com\/it\/wp-json\/wp\/v2\/product_brand?post=4427"},{"taxonomy":"product_cat","embeddable":true,"href":"https:\/\/lyfilter.com\/it\/wp-json\/wp\/v2\/product_cat?post=4427"},{"taxonomy":"product_tag","embeddable":true,"href":"https:\/\/lyfilter.com\/it\/wp-json\/wp\/v2\/product_tag?post=4427"}],"curies":[{"name":"wp","href":"https:\/\/api.w.org\/{rel}","templated":true}]}}