{"id":4405,"date":"2026-04-04T09:09:51","date_gmt":"2026-04-04T09:09:51","guid":{"rendered":"https:\/\/lyfilter.com\/"},"modified":"2026-04-04T09:09:51","modified_gmt":"2026-04-04T09:09:51","slug":"sintered-porous-stainless-steel-filters-for-manufacturing-factory-direct-supply","status":"publish","type":"product","link":"https:\/\/lyfilter.com\/it\/sintered-porous-stainless-steel-filters-for-manufacturing-factory-direct-supply\/","title":{"rendered":"Filtri sinterizzati porosi in acciaio inox per la produzione Fornitura diretta della fabbrica"},"content":{"rendered":"<p><b>Dettagli del prodotto dei filtri sinterizzati in acciaio inossidabile poroso<\/b><\/p>\n<p>&nbsp;<\/p>\n<p><b>Panoramica rapida<\/b><\/p>\n<p>Attrezzatura per la depurazione dell'acqua Lvyuan \u2018s\u00a0<a href=\"https:\/\/lyfilter.com\/it\/products.html\/\">cartucce filtranti per acqua<\/a>,I filtri a cartuccia sono progettati in modo ragionevole. Sono stabili nelle prestazioni e facili da usare. Sono affidabili dal punto di vista della qualit\u00e0 e durevoli nell'uso.\u00a0<a href=\"https:\/\/lyfilter.com\/it\/\">Filtro Lvyuan<\/a>\u00a0I filtri sinterizzati in acciaio inox poroso sono progettati dai migliori designer e dai team indipendenti di ricerca e sviluppo. Il prodotto stesso \u00e8 una perfetta incarnazione della qualit\u00e0 di Lvyuan Filter. Questo prodotto \u00e8 adatto a ogni settore e ha un'ampia prospettiva di mercato.<\/p>\n<p>&nbsp;<\/p>\n<p><b>Introduzione al prodotto<\/b><\/p>\n<p>Rispetto a prodotti simili, i filtri in acciaio inox poroso sinterizzato di Lvyuan Water Purification Equipment presentano i seguenti vantaggi.<\/p>\n<div class=\"pro_aliData\">\n<div class=\"detail-box\">\n<div class=\"scc-wrapper detail-module module-cspu\" data-module=\"cspu\"><\/div>\n<div class=\"scc-wrapper detail-module module-productPackagingAndQuickDetail\" data-spm=\"prilinga1e\">\n<div class=\"widget-detail-overview\">\n<div class=\"do-title\">Panoramica<\/div>\n<div id=\"car-parts-model\"><\/div>\n<div class=\"do-content\">\n<div class=\"do-overview\">\n<div class=\"do-entry do-entry-separate\">\n<div class=\"do-entry-title\">Dettagli rapidi<\/div>\n<div class=\"do-entry-list\">\n<dl id=\"100005642\" class=\"do-entry-item\">\n<dt class=\"do-entry-item\"><span class=\"attr-name J-attr-name\" title=\"Condizione\">Condizioni:<\/span><\/dt>\n<dd class=\"do-entry-item-val\">\n<div class=\"ellipsis\" title=\"Nuovo\">Nuovo<\/div>\n<\/dd>\n<\/dl>\n<dl id=\"224439040\" class=\"do-entry-item\">\n<dt class=\"do-entry-item\"><span class=\"attr-name J-attr-name\" title=\"Industrie applicabili\">Industrie applicabili:<\/span><\/dt>\n<dd class=\"do-entry-item-val\">\n<div class=\"ellipsis\" title=\"Alberghi, Negozi di abbigliamento, Negozi di materiali da costruzione, Impianti di produzione, Negozi di riparazione di macchinari, Fabbrica di alimenti e bevande, Aziende agricole, Ristoranti, Uso domestico, Vendita al dettaglio, Negozio di alimentari, Negozi di stampa, Lavori di costruzione, Energia e miniere, Negozi di alimenti e bevande\">Alberghi, Negozi di abbigliamento, Negozi di materiali da costruzione, Impianti di produzione, Negozi di riparazione di macchinari, Fabbrica di alimenti e bevande, Aziende agricole, Ristoranti, Uso domestico, Vendita al dettaglio, Negozio di alimentari, Negozi di stampa, Lavori di costruzione, Energia e miniere, Negozi di alimenti e bevande<\/div>\n<\/dd>\n<\/dl>\n<\/div>\n<\/div>\n<\/div>\n<\/div>\n<\/div>\n<\/div>\n<\/div>\n<\/div>","protected":false},"excerpt":{"rendered":"<table>\n<thead>\n<tr>\n<th>Campo<\/th>\n<th>Valore<\/th>\n<\/tr>\n<\/thead>\n<tbody>\n<tr>\n<td>Servizio post garanzia<\/td>\n<td>Assistenza online<\/td>\n<\/tr>\n<tr>\n<td>Sede del servizio locale<\/td>\n<td>nessuno<\/td>\n<\/tr>\n<tr>\n<td>Posizione dello showroom<\/td>\n<td>nessuno<\/td>\n<\/tr>\n<tr>\n<td>Video uscita-ispezione<\/td>\n<td>Fornito<\/td>\n<\/tr>\n<tr>\n<td>Rapporto di prova del macchinario<\/td>\n<td>Fornito<\/td>\n<\/tr>\n<tr>\n<td>Tipo di marketing<\/td>\n<td>Prodotto ordinario<\/td>\n<\/tr>\n<tr>\n<td>Garanzia dei componenti principali<\/td>\n<td>1 anno<\/td>\n<\/tr>\n<tr>\n<td>Componenti principali<\/td>\n<td>Recipiente a pressione<\/td>\n<\/tr>\n<tr>\n<td>Luogo di origine<\/td>\n<td>Guangdong, Cina<\/td>\n<\/tr>\n<tr>\n<td>Nome del marchio<\/td>\n<td>Lvyuan\/OEM<\/td>\n<\/tr>\n<tr>\n<td>Garanzia<\/td>\n<td>1 anno<\/td>\n<\/tr>\n<tr>\n<td>Servizio post-vendita fornito<\/td>\n<td>Assistenza online<\/td>\n<\/tr>\n<tr>\n<td>Parole chiave<\/td>\n<td>cartuccia filtrante a rete metallica in acciaio inox<\/td>\n<\/tr>\n<tr>\n<td>Diametro<\/td>\n<td>Domanda del cliente<\/td>\n<\/tr>\n<tr>\n<td>Materiale<\/td>\n<td>acciaio inox<\/td>\n<\/tr>\n<tr>\n<td>Forma<\/td>\n<td>cilindro<\/td>\n<\/tr>\n<tr>\n<td>Utilizzo<\/td>\n<td>trattamento dell'acqua<\/td>\n<\/tr>\n<tr>\n<td>Applicazione<\/td>\n<td>industria<\/td>\n<\/tr>\n<tr>\n<td>Colore<\/td>\n<td>scheggia<\/td>\n<\/tr>\n<tr>\n<td>Imballaggio<\/td>\n<td>scatola di carta<\/td>\n<\/tr>\n<tr>\n<td>lunghezza<\/td>\n<td>10\/20\/30\/40 pollici<\/td>\n<\/tr>\n<tr>\n<td>Vantaggio<\/td>\n<td>riutilizzo<\/td>\n<\/tr>\n<tr>\n<td>Capacit\u00e0 di approvvigionamento<\/td>\n<td>10000 pezzo\/pezzi al mese<\/td>\n<\/tr>\n<\/tbody>\n<\/table>","protected":false},"featured_media":4407,"comment_status":"open","ping_status":"closed","template":"","meta":{"_gspb_post_css":""},"product_brand":[],"product_cat":[18],"product_tag":[1617,1616,1534,1614,1615,1136],"class_list":{"0":"post-4405","1":"product","2":"type-product","3":"status-publish","4":"has-post-thumbnail","6":"product_cat-sintered-metal-filters","7":"product_tag-factory-direct-supply-filter","8":"product_tag-industrial-porous-metal-filter","9":"product_tag-inversafilterpurification","10":"product_tag-sintered-porous-stainless-steel-filter","11":"product_tag-stainless-steel-manufacturing-filter","12":"product_tag-water-filter-locks","14":"first","15":"instock","16":"shipping-taxable","17":"product-type-simple"},"_links":{"self":[{"href":"https:\/\/lyfilter.com\/it\/wp-json\/wp\/v2\/product\/4405","targetHints":{"allow":["GET"]}}],"collection":[{"href":"https:\/\/lyfilter.com\/it\/wp-json\/wp\/v2\/product"}],"about":[{"href":"https:\/\/lyfilter.com\/it\/wp-json\/wp\/v2\/types\/product"}],"replies":[{"embeddable":true,"href":"https:\/\/lyfilter.com\/it\/wp-json\/wp\/v2\/comments?post=4405"}],"wp:featuredmedia":[{"embeddable":true,"href":"https:\/\/lyfilter.com\/it\/wp-json\/wp\/v2\/media\/4407"}],"wp:attachment":[{"href":"https:\/\/lyfilter.com\/it\/wp-json\/wp\/v2\/media?parent=4405"}],"wp:term":[{"taxonomy":"product_brand","embeddable":true,"href":"https:\/\/lyfilter.com\/it\/wp-json\/wp\/v2\/product_brand?post=4405"},{"taxonomy":"product_cat","embeddable":true,"href":"https:\/\/lyfilter.com\/it\/wp-json\/wp\/v2\/product_cat?post=4405"},{"taxonomy":"product_tag","embeddable":true,"href":"https:\/\/lyfilter.com\/it\/wp-json\/wp\/v2\/product_tag?post=4405"}],"curies":[{"name":"wp","href":"https:\/\/api.w.org\/{rel}","templated":true}]}}