{"id":4384,"date":"2026-04-04T08:58:10","date_gmt":"2026-04-04T08:58:10","guid":{"rendered":"https:\/\/lyfilter.com\/"},"modified":"2026-04-04T08:58:10","modified_gmt":"2026-04-04T08:58:10","slug":"lvyuan-filter-pp-sediment-filter-with-good-price-for-water","status":"publish","type":"product","link":"https:\/\/lyfilter.com\/it\/lvyuan-filter-pp-sediment-filter-with-good-price-for-water\/","title":{"rendered":"Lvyuan filtro PP filtro di sedimento con buon prezzo per l'acqua"},"content":{"rendered":"<p><b>Vantaggi dell'azienda<\/b><br \/>\n<b>1.<\/b>\u00a0<a href=\"https:\/\/lyfilter.com\/it\/\">Filtro Lvyuan<\/a>\u00a0\u00e8 costruito con un sofisticato processo di produzione. Deve essere forgiato, pressato, saldato, lavorato meccanicamente, pulito, rivestito, ecc. Essendo saldati termicamente, i suoi tappi non sono soggetti a crepe o cadute.<br \/>\n<b>2.<\/b>\u00a0Il prodotto \u00e8 adatto a un ampio assortimento di applicazioni. \u00c8 realizzato in polipropilene 100%.<br \/>\n<b>3.<\/b>\u00a0Questo prodotto \u00e8 a basso consumo energetico. Quando non \u00e8 in funzione, pu\u00f2 essere messo automaticamente in standby per ridurre al minimo il consumo di energia. \u00c8 in grado di fornire analisi e risultati accurati per applicazioni di cromatografia ionica sensibili.<br \/>\n<b>4.<\/b>\u00a0Questo prodotto ha le caratteristiche di un funzionamento stabile e affidabile. Mantiene il massimo livello senza interruzioni. Offre un'eccellente filtrazione e una buona stabilit\u00e0 termica<br \/>\n<b>5.<\/b>\u00a0La struttura del prodotto \u00e8 stabile. I suoi componenti meccanici sono progettati in modo da essere rigidi e robusti per supportare le parti in movimento. Pu\u00f2 inoltre filtrare particolato, organismi microbici, ossido ferrico e altre impurit\u00e0.<\/p>\n<p>&nbsp;<\/p>\n<h3 class=\"do-entry-title\">Imballaggio e consegna<\/h3>\n<div class=\"do-entry-list\">\n<dl class=\"do-entry-item\">\n<dt class=\"do-entry-item-key\">Unit\u00e0 di vendita:<\/dt>\n<dd class=\"do-entry-item-val\">Articolo singolo<\/dd>\n<\/dl>\n<dl class=\"do-entry-item\">\n<dt class=\"do-entry-item-key\" title=\"Dimensione della confezione singola:\">Dimensione della confezione singola:<\/dt>\n<dd class=\"do-entry-item-val\">20X20X10 cm<\/dd>\n<\/dl>\n<dl class=\"do-entry-item\">\n<dt class=\"do-entry-item-key\" title=\"Peso lordo singolo:\">Peso lordo singolo:<\/dt>\n<dd class=\"do-entry-item-val\">1.000 kg<\/dd>\n<\/dl>\n<dl class=\"do-entry-item\">\n<dt class=\"do-entry-item-key\">Tipo di confezione:<\/dt>\n<dd class=\"do-entry-item-val pkg-method\">SS304 316 filtro a polvere in acciaio inox 40 micron\/filtro a candela in metallo sinterizzato per il sistema di filtrazione del gas: Imballaggio singolo (scatola interna)<\/dd>\n<\/dl>\n<dl class=\"do-entry-item\">\n<dt class=\"do-entry-item-key\" title=\"Tempi di consegna\">Tempi di consegna\u00a0<i class=\"next-icon next-icon-help next-icon-xs js-leadtimes-tips\"><\/i>:<\/dt>\n<dd class=\"do-entry-item-val\" title=\"Tempi di consegna\">\n<div class=\"table-responsive\">\n<table class=\"supply-ability-table ui2-table ui2-table-normal ui2-table-zebra ui2-table-hover\">\n<tbody>\n<tr>\n<td>Quantit\u00e0 (pezzi)<\/td>\n<td>1 - 100<\/td>\n<td>&gt;100<\/td>\n<\/tr>\n<tr>\n<td>Est. Tempo (giorni)<\/td>\n<td>10<\/td>\n<td>Da negoziare<\/td>\n<\/tr>\n<\/tbody>\n<\/table>\n<\/div>\n<\/dd>\n<\/dl>\n<\/div>","protected":false},"excerpt":{"rendered":"<table>\n<thead>\n<tr>\n<th>Campo<\/th>\n<th>Valore<\/th>\n<\/tr>\n<\/thead>\n<tbody>\n<tr>\n<td>Industrie applicabili<\/td>\n<td>Negozi di alimenti e bevande<\/td>\n<\/tr>\n<tr>\n<td>Servizio post garanzia<\/td>\n<td>Assistenza online<\/td>\n<\/tr>\n<tr>\n<td>Sede del servizio locale<\/td>\n<td>nessuno<\/td>\n<\/tr>\n<tr>\n<td>Posizione dello showroom<\/td>\n<td>nessuno<\/td>\n<\/tr>\n<tr>\n<td>Video uscita-ispezione<\/td>\n<td>Fornito<\/td>\n<\/tr>\n<tr>\n<td>Rapporto di prova del macchinario<\/td>\n<td>Fornito<\/td>\n<\/tr>\n<tr>\n<td>Tipo di marketing<\/td>\n<td>Prodotto ordinario<\/td>\n<\/tr>\n<tr>\n<td>Garanzia dei componenti principali<\/td>\n<td>1 anno<\/td>\n<\/tr>\n<tr>\n<td>Componenti principali<\/td>\n<td>Recipiente a pressione<\/td>\n<\/tr>\n<tr>\n<td>Luogo di origine<\/td>\n<td>Cina<\/td>\n<\/tr>\n<tr>\n<td>Garanzia<\/td>\n<td>1 anno<\/td>\n<\/tr>\n<tr>\n<td>Servizio post-vendita fornito<\/td>\n<td>Assistenza online<\/td>\n<\/tr>\n<tr>\n<td>Nome<\/td>\n<td>filtro a candela in metallo sinterizzato<\/td>\n<\/tr>\n<tr>\n<td>Materiale<\/td>\n<td>SS304\/316L<\/td>\n<\/tr>\n<tr>\n<td>Lunghezza<\/td>\n<td>10\/20\/30\/40\/60 pollici<\/td>\n<\/tr>\n<tr>\n<td>Micron<\/td>\n<td>1 - 300um<\/td>\n<\/tr>\n<tr>\n<td>Strati<\/td>\n<td>5 strati<\/td>\n<\/tr>\n<tr>\n<td>Modulo di interfaccia<\/td>\n<td>222,226,215, M36, M24, M22, M20 interfaccia filettatura<\/td>\n<\/tr>\n<tr>\n<td>Resistenza al calore<\/td>\n<td>- 200 - 500 gradi<\/td>\n<\/tr>\n<tr>\n<td>Pressione di lavoro<\/td>\n<td>0,1 - 30Mpa<\/td>\n<\/tr>\n<tr>\n<td>Dimensione<\/td>\n<td>Personalizzato<\/td>\n<\/tr>\n<\/tbody>\n<\/table>","protected":false},"featured_media":4386,"comment_status":"open","ping_status":"closed","template":"","meta":{"_gspb_post_css":""},"product_brand":[],"product_cat":[23],"product_tag":[1607,1534,1605,729,1606,1136],"class_list":{"0":"post-4384","1":"product","2":"type-product","3":"status-publish","4":"has-post-thumbnail","6":"product_cat-pp-filter-cartridge","7":"product_tag-affordable-water-sediment-filter","8":"product_tag-inversafilterpurification","9":"product_tag-lvyuan-pp-sediment-filter","10":"product_tag-polypropylene-filter-cartridge","11":"product_tag-pp-sediment-filter-for-water","12":"product_tag-water-filter-locks","14":"first","15":"instock","16":"shipping-taxable","17":"product-type-simple"},"_links":{"self":[{"href":"https:\/\/lyfilter.com\/it\/wp-json\/wp\/v2\/product\/4384","targetHints":{"allow":["GET"]}}],"collection":[{"href":"https:\/\/lyfilter.com\/it\/wp-json\/wp\/v2\/product"}],"about":[{"href":"https:\/\/lyfilter.com\/it\/wp-json\/wp\/v2\/types\/product"}],"replies":[{"embeddable":true,"href":"https:\/\/lyfilter.com\/it\/wp-json\/wp\/v2\/comments?post=4384"}],"wp:featuredmedia":[{"embeddable":true,"href":"https:\/\/lyfilter.com\/it\/wp-json\/wp\/v2\/media\/4386"}],"wp:attachment":[{"href":"https:\/\/lyfilter.com\/it\/wp-json\/wp\/v2\/media?parent=4384"}],"wp:term":[{"taxonomy":"product_brand","embeddable":true,"href":"https:\/\/lyfilter.com\/it\/wp-json\/wp\/v2\/product_brand?post=4384"},{"taxonomy":"product_cat","embeddable":true,"href":"https:\/\/lyfilter.com\/it\/wp-json\/wp\/v2\/product_cat?post=4384"},{"taxonomy":"product_tag","embeddable":true,"href":"https:\/\/lyfilter.com\/it\/wp-json\/wp\/v2\/product_tag?post=4384"}],"curies":[{"name":"wp","href":"https:\/\/api.w.org\/{rel}","templated":true}]}}