{"id":4372,"date":"2026-04-04T08:49:40","date_gmt":"2026-04-04T08:49:40","guid":{"rendered":"https:\/\/lyfilter.com\/"},"modified":"2026-04-04T08:49:40","modified_gmt":"2026-04-04T08:49:40","slug":"lvyuan-affordable-titanium-filter-suppliers-for-factory","status":"publish","type":"product","link":"https:\/\/lyfilter.com\/it\/lvyuan-affordable-titanium-filter-suppliers-for-factory\/","title":{"rendered":"Fornitori di filtri di titanio a prezzi accessibili Lvyuan per la fabbrica"},"content":{"rendered":"<p><b>Vantaggi dell'azienda<\/b><br \/>\n<b>1.<\/b>\u00a0Tale design di acciaio inossidabile\u00a0<a href=\"https:\/\/lyfilter.com\/it\/sintered-filter-cartridge.html\/\">cartuccia filtrante sinterizzata<\/a>\u00a0potrebbe rivoluzionare l'industria dei filtri in titanio. Essendo saldati termicamente, i suoi tappi non sono soggetti a crepe o cadute.<br \/>\n<b>2.<\/b>\u00a0Con la diffusione del passaparola, il prodotto ha il grande potenziale di conquistare una maggiore quota di mercato in futuro. Pu\u00f2 controllare efficacemente la precisione di filtrazione<br \/>\n<b>3.<\/b>\u00a0Il forte sviluppo del filtro al titanio \u00e8 dovuto alle caratteristiche della cartuccia filtrante in acciaio inox sinterizzato. Intrappola le particelle pi\u00f9 grandi negli strati esterni e cattura le particelle pi\u00f9 piccole nello strato profondo.<br \/>\n<b>4.<\/b>\u00a0Rispetto alla cartuccia filtrante sinterizzata in acciaio inossidabile, il filtro in titanio ha le caratteristiche dei filtri metallici porosi. Ha un'ampia area filtrante effettiva<\/p>\n<p>&nbsp;<\/p>\n<div class=\"scc-wrapper detail-module module-productPackagingAndQuickDetail\" data-spm=\"prilinga1e\">\n<div class=\"widget-detail-overview\">\n<div class=\"do-content\">\n<div class=\"do-overview\">\n<div class=\"do-entry do-entry-full\">\n<h3 class=\"do-entry-title\">Imballaggio e consegna<\/h3>\n<div class=\"do-entry-list\">\n<dl class=\"do-entry-item\">\n<dt class=\"do-entry-item-key\">Unit\u00e0 di vendita:<\/dt>\n<dd class=\"do-entry-item-val\">Articolo singolo<\/dd>\n<\/dl>\n<dl class=\"do-entry-item\">\n<dt class=\"do-entry-item-key\" title=\"Dimensione della confezione singola:\">Dimensione della confezione singola:<\/dt>\n<dd class=\"do-entry-item-val\">20X20X20 cm<\/dd>\n<\/dl>\n<dl class=\"do-entry-item\">\n<dt class=\"do-entry-item-key\" title=\"Peso lordo singolo:\">Peso lordo singolo:<\/dt>\n<dd class=\"do-entry-item-val\">1.000 kg<\/dd>\n<\/dl>\n<dl class=\"do-entry-item\">\n<dt class=\"do-entry-item-key\">Tipo di confezione:<\/dt>\n<dd class=\"do-entry-item-val pkg-method\">Alta qualit\u00e0 10 20 40 pollici titanio polvere filtro micron\/5 micron filtro titanio Dimensioni dell'imballaggio: Imballaggio singolo 1pc\/Box 112*41*41cm\/CTN<\/dd>\n<\/dl>\n<dl class=\"do-entry-item\">\n<dt class=\"do-entry-item-key\" title=\"Tempi di consegna\">Tempi di consegna\u00a0<i class=\"next-icon next-icon-help next-icon-xs js-leadtimes-tips\"><\/i>:<\/dt>\n<dd class=\"do-entry-item-val\" title=\"Tempi di consegna\">\n<div class=\"table-responsive\">\n<table class=\"supply-ability-table ui2-table ui2-table-normal ui2-table-zebra ui2-table-hover\">\n<tbody>\n<tr>\n<td>Quantit\u00e0 (pezzi)<\/td>\n<td>1 - 500<\/td>\n<td>&gt;500<\/td>\n<\/tr>\n<tr>\n<td>Est. Tempo (giorni)<\/td>\n<td>10<\/td>\n<td>Da negoziare<\/td>\n<\/tr>\n<\/tbody>\n<\/table>\n<\/div>\n<\/dd>\n<\/dl>\n<\/div>\n<\/div>\n<\/div>\n<\/div>\n<\/div>\n<\/div>","protected":false},"excerpt":{"rendered":"<table>\n<thead>\n<tr>\n<th>Campo<\/th>\n<th>Valore<\/th>\n<\/tr>\n<\/thead>\n<tbody>\n<tr>\n<td>Industrie applicabili<\/td>\n<td>Uso domestico<\/td>\n<\/tr>\n<tr>\n<td>Servizio post garanzia<\/td>\n<td>Assistenza online<\/td>\n<\/tr>\n<tr>\n<td>Sede del servizio locale<\/td>\n<td>nessuno<\/td>\n<\/tr>\n<tr>\n<td>Posizione dello showroom<\/td>\n<td>nessuno<\/td>\n<\/tr>\n<tr>\n<td>Video uscita-ispezione<\/td>\n<td>Fornito<\/td>\n<\/tr>\n<tr>\n<td>Rapporto di prova del macchinario<\/td>\n<td>Fornito<\/td>\n<\/tr>\n<tr>\n<td>Tipo di marketing<\/td>\n<td>Prodotto ordinario<\/td>\n<\/tr>\n<tr>\n<td>Garanzia dei componenti principali<\/td>\n<td>1 anno<\/td>\n<\/tr>\n<tr>\n<td>Componenti principali<\/td>\n<td>Recipiente a pressione<\/td>\n<\/tr>\n<tr>\n<td>Luogo di origine<\/td>\n<td>Cina<\/td>\n<\/tr>\n<tr>\n<td>Garanzia<\/td>\n<td>1 anno<\/td>\n<\/tr>\n<tr>\n<td>Servizio post-vendita fornito<\/td>\n<td>Assistenza online<\/td>\n<\/tr>\n<tr>\n<td>Nome dell'articolo<\/td>\n<td>filtro micron in polvere di titanio<\/td>\n<\/tr>\n<tr>\n<td>Materiale<\/td>\n<td>Titanio puro 99,6%<\/td>\n<\/tr>\n<tr>\n<td>Lunghezza<\/td>\n<td>10\u201d, 20\u201d, 30\u201d, 40\u201d<\/td>\n<\/tr>\n<tr>\n<td>Interfaccia<\/td>\n<td>222,226,227,Flat,M20,M30,M42<\/td>\n<\/tr>\n<tr>\n<td>Diametro esterno<\/td>\n<td>60 mm<\/td>\n<\/tr>\n<tr>\n<td>Porosit\u00e0<\/td>\n<td>28~50%<\/td>\n<\/tr>\n<tr>\n<td>Tolleranza alla temperatura<\/td>\n<td>\u2264300\u2103 (bagnato)<\/td>\n<\/tr>\n<tr>\n<td>Utilizzo<\/td>\n<td>filtrare acqua minerale, vino, ecc.<\/td>\n<\/tr>\n<tr>\n<td>Modo di lavare<\/td>\n<td>Risciacquo del pozzo e risciacquo posteriore<\/td>\n<\/tr>\n<\/tbody>\n<\/table>","protected":false},"featured_media":4373,"comment_status":"open","ping_status":"closed","template":"","meta":{"_gspb_post_css":""},"product_brand":[],"product_cat":[1141],"product_tag":[1597,1598,1599,1534,1596,1136],"class_list":{"0":"post-4372","1":"product","2":"type-product","3":"status-publish","4":"has-post-thumbnail","6":"product_cat-titanium-filter-cartridge","7":"product_tag-affordable-titanium-filter","8":"product_tag-factory-titanium-filter-supplier","9":"product_tag-industrial-titanium-filter","10":"product_tag-inversafilterpurification","11":"product_tag-lvyuan-titanium-filter","12":"product_tag-water-filter-locks","14":"first","15":"instock","16":"shipping-taxable","17":"product-type-simple"},"_links":{"self":[{"href":"https:\/\/lyfilter.com\/it\/wp-json\/wp\/v2\/product\/4372","targetHints":{"allow":["GET"]}}],"collection":[{"href":"https:\/\/lyfilter.com\/it\/wp-json\/wp\/v2\/product"}],"about":[{"href":"https:\/\/lyfilter.com\/it\/wp-json\/wp\/v2\/types\/product"}],"replies":[{"embeddable":true,"href":"https:\/\/lyfilter.com\/it\/wp-json\/wp\/v2\/comments?post=4372"}],"wp:featuredmedia":[{"embeddable":true,"href":"https:\/\/lyfilter.com\/it\/wp-json\/wp\/v2\/media\/4373"}],"wp:attachment":[{"href":"https:\/\/lyfilter.com\/it\/wp-json\/wp\/v2\/media?parent=4372"}],"wp:term":[{"taxonomy":"product_brand","embeddable":true,"href":"https:\/\/lyfilter.com\/it\/wp-json\/wp\/v2\/product_brand?post=4372"},{"taxonomy":"product_cat","embeddable":true,"href":"https:\/\/lyfilter.com\/it\/wp-json\/wp\/v2\/product_cat?post=4372"},{"taxonomy":"product_tag","embeddable":true,"href":"https:\/\/lyfilter.com\/it\/wp-json\/wp\/v2\/product_tag?post=4372"}],"curies":[{"name":"wp","href":"https:\/\/api.w.org\/{rel}","templated":true}]}}