{"id":4359,"date":"2026-04-04T08:32:27","date_gmt":"2026-04-04T08:32:27","guid":{"rendered":"https:\/\/lyfilter.com\/"},"modified":"2026-04-04T08:32:27","modified_gmt":"2026-04-04T08:32:27","slug":"lvyuan-stainless-steel-bag-filter-wholesale-for-sea-water","status":"publish","type":"product","link":"https:\/\/lyfilter.com\/it\/lvyuan-stainless-steel-bag-filter-wholesale-for-sea-water\/","title":{"rendered":"Lvyuan filtro a sacco in acciaio inox all'ingrosso per l'acqua di mare"},"content":{"rendered":"<p><b>Vantaggi dell'azienda<\/b><br \/>\n<b>1.<\/b>\u00a0Il filtro a sacco in acciaio inox Lvyuan \u00e8 prodotto con materiali di alta qualit\u00e0 e con l'ausilio di tecnologie all'avanguardia. Offre un'eccellente filtrazione e una buona stabilit\u00e0 termica<br \/>\n<b>2.<\/b>\u00a0Guangzhou Lvyuan Water Purification Equipment Co., Ltd. fornisce un supporto professionale alle vendite per i partner locali e i key account. Intrappola le particelle pi\u00f9 grandi negli strati esterni e cattura le particelle pi\u00f9 piccole nello strato profondo.<br \/>\n<b>3.<\/b>\u00a0Questo prodotto \u00e8 resistente alla corrosione. \u00c8 stato testato in un ambiente salino per determinare la sua resistenza agli effetti dell'atmosfera salina. Non secerne materiale dissolubile durante il funzionamento.<br \/>\n<b>4.<\/b>\u00a0Il prodotto presenta una forte resistenza alla corrosione. Nella sua struttura sono stati utilizzati materiali non corrosivi per migliorare la capacit\u00e0 di resistere alla ruggine o ai liquidi acidi. La matrice di fibre autoportanti consente un design senza anima, economico e resistente.<br \/>\n<b>5.<\/b>\u00a0Il prodotto \u00e8 facile da usare. Ha un sistema operativo relativamente semplice che combina un potente flusso di elaborazione e fornisce semplici istruzioni operative. Tutti i suoi elementi sono realizzati con materiali conformi alla FDA per il contatto con alimenti e bevande.<\/p>","protected":false},"excerpt":{"rendered":"<p>Progettato per la filtrazione dell'acqua di mare, questo filtro a sacco in acciaio inox di Lvyuan favorisce un flusso pi\u00f9 pulito, una cattura affidabile delle particelle e un utilizzo duraturo. InversaFilterPurification offre una qualit\u00e0 pratica con una sensazione liscia e professionale.<\/p>","protected":false},"featured_media":4361,"comment_status":"open","ping_status":"closed","template":"","meta":{"_gspb_post_css":""},"product_brand":[],"product_cat":[1135],"product_tag":[1534,1582,1585,1583,1584,1136],"class_list":{"0":"post-4359","1":"product","2":"type-product","3":"status-publish","4":"has-post-thumbnail","6":"product_cat-stainless-steel-bag-filter-housing","7":"product_tag-inversafilterpurification","8":"product_tag-lvyuan-stainless-steel-bag-filter","9":"product_tag-marine-filtration-system","10":"product_tag-sea-water-bag-filter","11":"product_tag-stainless-steel-sea-water-filter","12":"product_tag-water-filter-locks","14":"first","15":"instock","16":"shipping-taxable","17":"product-type-simple"},"_links":{"self":[{"href":"https:\/\/lyfilter.com\/it\/wp-json\/wp\/v2\/product\/4359","targetHints":{"allow":["GET"]}}],"collection":[{"href":"https:\/\/lyfilter.com\/it\/wp-json\/wp\/v2\/product"}],"about":[{"href":"https:\/\/lyfilter.com\/it\/wp-json\/wp\/v2\/types\/product"}],"replies":[{"embeddable":true,"href":"https:\/\/lyfilter.com\/it\/wp-json\/wp\/v2\/comments?post=4359"}],"wp:featuredmedia":[{"embeddable":true,"href":"https:\/\/lyfilter.com\/it\/wp-json\/wp\/v2\/media\/4361"}],"wp:attachment":[{"href":"https:\/\/lyfilter.com\/it\/wp-json\/wp\/v2\/media?parent=4359"}],"wp:term":[{"taxonomy":"product_brand","embeddable":true,"href":"https:\/\/lyfilter.com\/it\/wp-json\/wp\/v2\/product_brand?post=4359"},{"taxonomy":"product_cat","embeddable":true,"href":"https:\/\/lyfilter.com\/it\/wp-json\/wp\/v2\/product_cat?post=4359"},{"taxonomy":"product_tag","embeddable":true,"href":"https:\/\/lyfilter.com\/it\/wp-json\/wp\/v2\/product_tag?post=4359"}],"curies":[{"name":"wp","href":"https:\/\/api.w.org\/{rel}","templated":true}]}}