{"id":4348,"date":"2026-04-04T08:13:40","date_gmt":"2026-04-04T08:13:40","guid":{"rendered":"https:\/\/lyfilter.com\/"},"modified":"2026-04-04T08:13:40","modified_gmt":"2026-04-04T08:13:40","slug":"china-factory-nano-carbon-water-filter-for-water-treatment-purification","status":"publish","type":"product","link":"https:\/\/lyfilter.com\/it\/china-factory-nano-carbon-water-filter-for-water-treatment-purification\/","title":{"rendered":"Cina Fabbrica Nano Carbon Water Filter per il trattamento dell'acqua Purificazione"},"content":{"rendered":"<p>Progettato per la moderna depurazione del trattamento dell'acqua, questo filtro dell'acqua a nano-carbone aiuta a favorire un flusso pi\u00f9 pulito, una migliore riduzione delle impurit\u00e0 e prestazioni quotidiane pi\u00f9 affidabili. InversaFilterPurification offre un valore pratico con una sensazione di filtrazione pulita e affidabile.<\/p>","protected":false},"excerpt":{"rendered":"<table>\n<thead>\n<tr>\n<th>Campo<\/th>\n<th>Valore<\/th>\n<\/tr>\n<\/thead>\n<tbody>\n<tr>\n<td>Industrie applicabili<\/td>\n<td>Impianto di produzione, fabbrica di alimenti e bevande, trattamento delle acque<\/td>\n<\/tr>\n<tr>\n<td>Servizio post garanzia<\/td>\n<td>Assistenza online<\/td>\n<\/tr>\n<tr>\n<td>Sede del servizio locale<\/td>\n<td>nessuno<\/td>\n<\/tr>\n<tr>\n<td>Posizione dello showroom<\/td>\n<td>nessuno<\/td>\n<\/tr>\n<tr>\n<td>Luogo di origine<\/td>\n<td>Guangdong, Cina<\/td>\n<\/tr>\n<tr>\n<td>Nome del marchio<\/td>\n<td>Lvyuan o OEM\/ODM<\/td>\n<\/tr>\n<tr>\n<td>Materiale<\/td>\n<td>carbone di cocco, carbone di cocco, carbone di carbone<\/td>\n<\/tr>\n<tr>\n<td>Peso<\/td>\n<td>personalizzato<\/td>\n<\/tr>\n<tr>\n<td>Dimensione<\/td>\n<td>personalizzato, personalizzato<\/td>\n<\/tr>\n<tr>\n<td>Potenza<\/td>\n<td>0<\/td>\n<\/tr>\n<tr>\n<td>Garanzia<\/td>\n<td>Non disponibile<\/td>\n<\/tr>\n<tr>\n<td>Parole chiave<\/td>\n<td>filtro per l'acqua al nano carbone<\/td>\n<\/tr>\n<tr>\n<td>Servizio post-vendita fornito<\/td>\n<td>Assistenza online<\/td>\n<\/tr>\n<tr>\n<td>Caratteristica<\/td>\n<td>rimuove odori, sedimenti, odori, ecc.<\/td>\n<\/tr>\n<tr>\n<td>Applicazione<\/td>\n<td>Prefiltrazione<\/td>\n<\/tr>\n<tr>\n<td>Colore<\/td>\n<td>Nero\/grigio<\/td>\n<\/tr>\n<tr>\n<td>Tipo<\/td>\n<td>Parti del filtro dell'acqua<\/td>\n<\/tr>\n<tr>\n<td>Diametro<\/td>\n<td>personalizzato<\/td>\n<\/tr>\n<tr>\n<td>tasso di micron<\/td>\n<td>5\/10\/25 micron<\/td>\n<\/tr>\n<tr>\n<td>Capacit\u00e0 di approvvigionamento<\/td>\n<td>500 pezzi\/pezzi a settimana<\/td>\n<\/tr>\n<\/tbody>\n<\/table>","protected":false},"featured_media":4356,"comment_status":"open","ping_status":"closed","template":"","meta":{"_gspb_post_css":""},"product_brand":[],"product_cat":[1339],"product_tag":[1577,1574,1534,1575,1136,1576],"class_list":{"0":"post-4348","1":"product","2":"type-product","3":"status-publish","4":"has-post-thumbnail","6":"product_cat-carbon-filter","7":"product_tag-carbon-water-filter-cartridge","8":"product_tag-china-factory-nano-carbon-water-filter","9":"product_tag-inversafilterpurification","10":"product_tag-nano-carbon-water-filter","11":"product_tag-water-filter-locks","12":"product_tag-water-treatment-purification-filter","14":"first","15":"instock","16":"shipping-taxable","17":"product-type-simple"},"_links":{"self":[{"href":"https:\/\/lyfilter.com\/it\/wp-json\/wp\/v2\/product\/4348","targetHints":{"allow":["GET"]}}],"collection":[{"href":"https:\/\/lyfilter.com\/it\/wp-json\/wp\/v2\/product"}],"about":[{"href":"https:\/\/lyfilter.com\/it\/wp-json\/wp\/v2\/types\/product"}],"replies":[{"embeddable":true,"href":"https:\/\/lyfilter.com\/it\/wp-json\/wp\/v2\/comments?post=4348"}],"wp:featuredmedia":[{"embeddable":true,"href":"https:\/\/lyfilter.com\/it\/wp-json\/wp\/v2\/media\/4356"}],"wp:attachment":[{"href":"https:\/\/lyfilter.com\/it\/wp-json\/wp\/v2\/media?parent=4348"}],"wp:term":[{"taxonomy":"product_brand","embeddable":true,"href":"https:\/\/lyfilter.com\/it\/wp-json\/wp\/v2\/product_brand?post=4348"},{"taxonomy":"product_cat","embeddable":true,"href":"https:\/\/lyfilter.com\/it\/wp-json\/wp\/v2\/product_cat?post=4348"},{"taxonomy":"product_tag","embeddable":true,"href":"https:\/\/lyfilter.com\/it\/wp-json\/wp\/v2\/product_tag?post=4348"}],"curies":[{"name":"wp","href":"https:\/\/api.w.org\/{rel}","templated":true}]}}