{"id":4290,"date":"2026-04-04T07:30:39","date_gmt":"2026-04-04T07:30:39","guid":{"rendered":"https:\/\/lyfilter.com\/"},"modified":"2026-04-04T07:30:39","modified_gmt":"2026-04-04T07:30:39","slug":"pp-pleated-filter-cartridge-wholesaler-for-sea-water","status":"publish","type":"product","link":"https:\/\/lyfilter.com\/it\/pp-pleated-filter-cartridge-wholesaler-for-sea-water\/","title":{"rendered":"PP ha plissettato il grossista della cartuccia del filtro per l'acqua di mare"},"content":{"rendered":"<p><b>Vantaggi dell'azienda<\/b><br \/>\n<b>1.<\/b>\u00a0Il filtro per l'acqua pieghettato Lvyuan 20 micron \u00e8 stato seriamente testato. Le sue propriet\u00e0, come la resistenza, la duttilit\u00e0 e la tenacit\u00e0, sono state verificate da questi test. Pu\u00f2 controllare efficacemente la precisione di filtrazione<br \/>\n<b>2.<\/b>\u00a0Nel corso degli anni abbiamo sviluppato una maggiore competenza nella creazione di pp\u00a0<a href=\"https:\/\/lyfilter.com\/it\/pleated-filter-cartridge.html\/\">cartuccia filtrante pieghettata<\/a>\u00a0. Pu\u00f2 inoltre filtrare particolato, organismi microbici, ossido ferrico e altre impurit\u00e0.<br \/>\n<b>3.<\/b>\u00a0Il prodotto \u00e8 caratterizzato da un'elevata sicurezza durante il funzionamento. \u00c8 infatti dotato di una protezione automatica contro le interruzioni di corrente e i cortocircuiti. \u00c8 disponibile in un'ampia gamma di valori nominali da 1 a 100 \u03bcm.<br \/>\n<b>4.<\/b>\u00a0Il prodotto pu\u00f2 accendersi istantaneamente. I suoi elementi illuminanti ad alta intensit\u00e0 possono non solo resistere all'impatto della corrente istantanea, ma anche entrare per la prima volta nel normale stato di funzionamento. \u00c8 caratterizzato da un'elevata portata e da una precisione di filtraggio stabile.<\/p>","protected":false},"excerpt":{"rendered":"<table>\n<thead>\n<tr>\n<th>Campo<\/th>\n<th>Valore<\/th>\n<\/tr>\n<\/thead>\n<tbody>\n<tr>\n<td>Industrie applicabili<\/td>\n<td>Impianto di produzione, fabbrica di alimenti e bevande, trattamento delle acque<\/td>\n<\/tr>\n<tr>\n<td>Luogo di origine<\/td>\n<td>Guangdong, Cina<\/td>\n<\/tr>\n<tr>\n<td>Nome del marchio<\/td>\n<td>Lvyuan, OEM, ODM<\/td>\n<\/tr>\n<tr>\n<td>Materiale<\/td>\n<td>pp\/PES\/PVDF\/PTFE\/Nylon<\/td>\n<\/tr>\n<tr>\n<td>Peso<\/td>\n<td>personalizzato<\/td>\n<\/tr>\n<tr>\n<td>Dimensione<\/td>\n<td>personalizzato, slim, jumbo<\/td>\n<\/tr>\n<tr>\n<td>Potenza<\/td>\n<td>0<\/td>\n<\/tr>\n<tr>\n<td>Garanzia<\/td>\n<td>Non disponibile<\/td>\n<\/tr>\n<tr>\n<td>Caratteristica<\/td>\n<td>aumento dell'area di filtrazione<\/td>\n<\/tr>\n<tr>\n<td>Certificazione<\/td>\n<td>SGS<\/td>\n<\/tr>\n<tr>\n<td>Forma<\/td>\n<td>cilindro<\/td>\n<\/tr>\n<tr>\n<td>Utilizzo<\/td>\n<td>trattamento dell'acqua<\/td>\n<\/tr>\n<tr>\n<td>Applicazione<\/td>\n<td>industria<\/td>\n<\/tr>\n<tr>\n<td>Colore<\/td>\n<td>bianco<\/td>\n<\/tr>\n<tr>\n<td>Imballaggio<\/td>\n<td>scatola di carta<\/td>\n<\/tr>\n<tr>\n<td>Altro nome<\/td>\n<td>cartuccia filtrante pieghevole<\/td>\n<\/tr>\n<tr>\n<td>tasso di mircron<\/td>\n<td>Da 0,1 micron a 100 micron<\/td>\n<\/tr>\n<tr>\n<td>Servizio post-vendita fornito<\/td>\n<td>Assistenza online<\/td>\n<\/tr>\n<tr>\n<td>Capacit\u00e0 di approvvigionamento<\/td>\n<td>5000 pezzo\/pezzi al mese<\/td>\n<\/tr>\n<\/tbody>\n<\/table>","protected":false},"featured_media":4295,"comment_status":"open","ping_status":"closed","template":"","meta":{"_gspb_post_css":""},"product_brand":[],"product_cat":[21],"product_tag":[1534,1548,1181,1293,1549,1136],"class_list":{"0":"post-4290","1":"product","2":"type-product","3":"status-publish","4":"has-post-thumbnail","6":"product_cat-pleated-filter-cartridge","7":"product_tag-inversafilterpurification","8":"product_tag-pp-filter-wholesaler","9":"product_tag-pp-pleated-filter-cartridge","10":"product_tag-sea-water-filter-cartridge","11":"product_tag-sediment-filtration","12":"product_tag-water-filter-locks","14":"first","15":"instock","16":"shipping-taxable","17":"product-type-simple"},"_links":{"self":[{"href":"https:\/\/lyfilter.com\/it\/wp-json\/wp\/v2\/product\/4290","targetHints":{"allow":["GET"]}}],"collection":[{"href":"https:\/\/lyfilter.com\/it\/wp-json\/wp\/v2\/product"}],"about":[{"href":"https:\/\/lyfilter.com\/it\/wp-json\/wp\/v2\/types\/product"}],"replies":[{"embeddable":true,"href":"https:\/\/lyfilter.com\/it\/wp-json\/wp\/v2\/comments?post=4290"}],"wp:featuredmedia":[{"embeddable":true,"href":"https:\/\/lyfilter.com\/it\/wp-json\/wp\/v2\/media\/4295"}],"wp:attachment":[{"href":"https:\/\/lyfilter.com\/it\/wp-json\/wp\/v2\/media?parent=4290"}],"wp:term":[{"taxonomy":"product_brand","embeddable":true,"href":"https:\/\/lyfilter.com\/it\/wp-json\/wp\/v2\/product_brand?post=4290"},{"taxonomy":"product_cat","embeddable":true,"href":"https:\/\/lyfilter.com\/it\/wp-json\/wp\/v2\/product_cat?post=4290"},{"taxonomy":"product_tag","embeddable":true,"href":"https:\/\/lyfilter.com\/it\/wp-json\/wp\/v2\/product_tag?post=4290"}],"curies":[{"name":"wp","href":"https:\/\/api.w.org\/{rel}","templated":true}]}}