{"id":4276,"date":"2026-04-04T07:14:56","date_gmt":"2026-04-04T07:14:56","guid":{"rendered":"https:\/\/lyfilter.com\/"},"modified":"2026-04-04T07:14:56","modified_gmt":"2026-04-04T07:14:56","slug":"professional-stainless-water-filter-housing-stainless-water-filter-housing-company","status":"publish","type":"product","link":"https:\/\/lyfilter.com\/it\/professional-stainless-water-filter-housing-stainless-water-filter-housing-company\/","title":{"rendered":"Alloggiamento professionale del filtro dell'acqua inossidabile Alloggiamento del filtro dell'acqua inossidabile Azienda"},"content":{"rendered":"<p>Costruito per garantire prestazioni affidabili e pulite, questo alloggiamento per il filtro dell'acqua in acciaio inox conferisce all'impianto una sensazione di sicurezza e professionalit\u00e0. InversaFilterPurification offre una struttura resistente che favorisce un flusso pi\u00f9 sicuro e una tranquillit\u00e0 a lungo termine.<\/p>","protected":false},"excerpt":{"rendered":"<table>\n<thead>\n<tr>\n<th>Campo<\/th>\n<th>Valore<\/th>\n<\/tr>\n<\/thead>\n<tbody>\n<tr>\n<td>Industrie applicabili<\/td>\n<td>Stabilimento di produzione, Fabbrica di alimenti e bevande, Fattorie, Ristoranti, Negozi di alimentari, Energia e miniere, Negozi di alimenti e bevande<\/td>\n<\/tr>\n<tr>\n<td>Luogo di origine<\/td>\n<td>Guangdong, Cina<\/td>\n<\/tr>\n<tr>\n<td>Nome del marchio<\/td>\n<td>Lvyuan\/OEM<\/td>\n<\/tr>\n<tr>\n<td>Materiale<\/td>\n<td>Personalizzato<\/td>\n<\/tr>\n<tr>\n<td>Peso<\/td>\n<td>Personalizzato<\/td>\n<\/tr>\n<tr>\n<td>Dimensione<\/td>\n<td>Personalizzato<\/td>\n<\/tr>\n<tr>\n<td>Potenza<\/td>\n<td>Personalizzato<\/td>\n<\/tr>\n<tr>\n<td>Garanzia<\/td>\n<td>1 anno<\/td>\n<\/tr>\n<tr>\n<td>Servizio post-vendita fornito<\/td>\n<td>Assistenza online<\/td>\n<\/tr>\n<tr>\n<td>Nome del modello<\/td>\n<td>Filtro con alloggiamento in acciaio inossidabile Sistema di filtraggio dell'acqua a cartuccia a 1~7 stadi<\/td>\n<\/tr>\n<tr>\n<td>Lunghezza<\/td>\n<td>10 pollici, 20 pollici, 30 pollici, 40 pollici<\/td>\n<\/tr>\n<tr>\n<td>Utilizzo<\/td>\n<td>Filtrazione di olio\/gas\/aria\/acqua liquida<\/td>\n<\/tr>\n<tr>\n<td>Materiale del corpo principale<\/td>\n<td>Acciaio inox 304 \/ 316L<\/td>\n<\/tr>\n<tr>\n<td>Tipo di alloggiamento del filtro<\/td>\n<td>Tubolare<\/td>\n<\/tr>\n<tr>\n<td>Principio<\/td>\n<td>Filtrazione a pressione<\/td>\n<\/tr>\n<tr>\n<td>Fasi<\/td>\n<td>1 - 7 fasi<\/td>\n<\/tr>\n<tr>\n<td>Imballaggio<\/td>\n<td>Imballaggio in rete o cassa di legno<\/td>\n<\/tr>\n<tr>\n<td>Filtro<\/td>\n<td>Filtro a sacco e filtro a cartuccia<\/td>\n<\/tr>\n<tr>\n<td>Carrello<\/td>\n<td>Acciaio inox 304\/316L<\/td>\n<\/tr>\n<tr>\n<td>Capacit\u00e0 di approvvigionamento<\/td>\n<td>100 pezzi al giorno<\/td>\n<\/tr>\n<\/tbody>\n<\/table>","protected":false},"featured_media":4279,"comment_status":"open","ping_status":"closed","template":"","meta":{"_gspb_post_css":""},"product_brand":[],"product_cat":[15],"product_tag":[38,1534,1542,1541,1540,1136],"class_list":{"0":"post-4276","1":"product","2":"type-product","3":"status-publish","4":"has-post-thumbnail","6":"product_cat-stainless-steel-filter-housing","7":"product_tag-industrial-water-filtration","8":"product_tag-inversafilterpurification","9":"product_tag-secure-water-filter-system","10":"product_tag-stainless-filter-housing","11":"product_tag-stainless-water-filter-housing","12":"product_tag-water-filter-locks","14":"first","15":"instock","16":"shipping-taxable","17":"product-type-simple"},"_links":{"self":[{"href":"https:\/\/lyfilter.com\/it\/wp-json\/wp\/v2\/product\/4276","targetHints":{"allow":["GET"]}}],"collection":[{"href":"https:\/\/lyfilter.com\/it\/wp-json\/wp\/v2\/product"}],"about":[{"href":"https:\/\/lyfilter.com\/it\/wp-json\/wp\/v2\/types\/product"}],"replies":[{"embeddable":true,"href":"https:\/\/lyfilter.com\/it\/wp-json\/wp\/v2\/comments?post=4276"}],"wp:featuredmedia":[{"embeddable":true,"href":"https:\/\/lyfilter.com\/it\/wp-json\/wp\/v2\/media\/4279"}],"wp:attachment":[{"href":"https:\/\/lyfilter.com\/it\/wp-json\/wp\/v2\/media?parent=4276"}],"wp:term":[{"taxonomy":"product_brand","embeddable":true,"href":"https:\/\/lyfilter.com\/it\/wp-json\/wp\/v2\/product_brand?post=4276"},{"taxonomy":"product_cat","embeddable":true,"href":"https:\/\/lyfilter.com\/it\/wp-json\/wp\/v2\/product_cat?post=4276"},{"taxonomy":"product_tag","embeddable":true,"href":"https:\/\/lyfilter.com\/it\/wp-json\/wp\/v2\/product_tag?post=4276"}],"curies":[{"name":"wp","href":"https:\/\/api.w.org\/{rel}","templated":true}]}}