{"id":4235,"date":"2026-04-04T06:43:15","date_gmt":"2026-04-04T06:43:15","guid":{"rendered":"https:\/\/lyfilter.com\/"},"modified":"2026-04-04T06:43:15","modified_gmt":"2026-04-04T06:43:15","slug":"lvyuan-safe-pp-pleated-filter-cartridge-replace-for-water","status":"publish","type":"product","link":"https:\/\/lyfilter.com\/it\/lvyuan-safe-pp-pleated-filter-cartridge-replace-for-water\/","title":{"rendered":"Lvyuan sicuro PP pieghettato cartuccia filtro sostituire per l'acqua"},"content":{"rendered":"<p><b>Vantaggi dell'azienda<\/b><br \/>\n<b>1.<\/b>\u00a0L'intelligentizzazione \u00e8 stata adottata nello sviluppo del filtro per acqua pieghettato Lvyuan 20 micron. \u00c8 sviluppato con un certo grado di automazione e un elevato contenuto tecnologico. Non impartisce sapore, odore o colore al prodotto filtrato.<br \/>\n<b>2.<\/b>\u00a0Il prodotto ha aiutato molto il mio progetto di costruzione a distinguersi dalla massa. Adoro le sue forme e il suo aspetto accattivante\". - Ha detto uno dei nostri clienti. La porosit\u00e0 \u00e8 diversa a seconda della profondit\u00e0 del mezzo filtrante.<br \/>\n<b>3.<\/b>\u00a0Il prodotto \u00e8 molto apprezzato per l'alta qualit\u00e0 e le eccellenti prestazioni e versatilit\u00e0. Con un gran numero di fori di fissaggio conici all'interno, ha un'elevata capacit\u00e0 di trattenere lo sporco.<br \/>\n<b>4.<\/b>\u00a0pp\u00a0<a href=\"https:\/\/lyfilter.com\/it\/pleated-filter-cartridge.html\/\">cartuccia filtrante pieghettata<\/a>\u00a0di Guangzhou Lvyuan Water Purification Equipment Co., Ltd. ha un'eccellente caratteristica di filtro per acqua pieghettato da 20 micron. Non contiene leganti, agenti, solventi, materiali antistatici o agenti umidificanti.<\/p>","protected":false},"excerpt":{"rendered":"<table>\n<thead>\n<tr>\n<th>Industrie applicabili<\/th>\n<th>Impianto di produzione, fabbrica di alimenti e bevande, trattamento delle acque<\/th>\n<th>Luogo di origine<\/th>\n<th>Guangdong, Cina<\/th>\n<\/tr>\n<\/thead>\n<tbody>\n<tr>\n<td>Nome del marchio<\/td>\n<td>Lvyuan, OEM, ODM<\/td>\n<td>Materiale<\/td>\n<td>pp\/PES\/PVDF\/PTFE\/Nylon<\/td>\n<\/tr>\n<tr>\n<td>Peso<\/td>\n<td>personalizzato<\/td>\n<td>Dimensione<\/td>\n<td>personalizzato, slim, jumbo<\/td>\n<\/tr>\n<tr>\n<td>Potenza<\/td>\n<td>0<\/td>\n<td>Garanzia<\/td>\n<td>Non disponibile<\/td>\n<\/tr>\n<tr>\n<td>Caratteristica<\/td>\n<td>aumento dell'area di filtrazione<\/td>\n<td>Certificazione<\/td>\n<td>SGS<\/td>\n<\/tr>\n<tr>\n<td>Forma<\/td>\n<td>cilindro<\/td>\n<td>Utilizzo<\/td>\n<td>trattamento dell'acqua<\/td>\n<\/tr>\n<tr>\n<td>Applicazione<\/td>\n<td>industria<\/td>\n<td>Colore<\/td>\n<td>bianco<\/td>\n<\/tr>\n<tr>\n<td>Imballaggio<\/td>\n<td>scatola di carta<\/td>\n<td>Altro nome<\/td>\n<td>cartuccia filtrante pieghevole<\/td>\n<\/tr>\n<tr>\n<td>tasso di mircron<\/td>\n<td>Da 0,1 micron a 100 micron<\/td>\n<td>Servizio post-vendita fornito<\/td>\n<td>Assistenza online<\/td>\n<\/tr>\n<tr>\n<td>Capacit\u00e0 di approvvigionamento<\/td>\n<td>5000 pezzo\/pezzi a settimana<\/td>\n<td><\/td>\n<td><\/td>\n<\/tr>\n<\/tbody>\n<\/table>","protected":false},"featured_media":4243,"comment_status":"open","ping_status":"closed","template":"","meta":{"_gspb_post_css":""},"product_brand":[],"product_cat":[21],"product_tag":[743,1528,1530,1529,1136,1476],"class_list":{"0":"post-4235","1":"product","2":"type-product","3":"status-publish","4":"has-post-thumbnail","6":"product_cat-pleated-filter-cartridge","7":"product_tag-industrial-water-filter-cartridge","8":"product_tag-lvyuan-pp-pleated-filter-cartridge","9":"product_tag-pleated-filter-replacement","10":"product_tag-safe-pp-water-filter-cartridge","11":"product_tag-water-filter-locks","12":"product_tag-water-purification-filter-cartridge","14":"first","15":"instock","16":"shipping-taxable","17":"product-type-simple"},"_links":{"self":[{"href":"https:\/\/lyfilter.com\/it\/wp-json\/wp\/v2\/product\/4235","targetHints":{"allow":["GET"]}}],"collection":[{"href":"https:\/\/lyfilter.com\/it\/wp-json\/wp\/v2\/product"}],"about":[{"href":"https:\/\/lyfilter.com\/it\/wp-json\/wp\/v2\/types\/product"}],"replies":[{"embeddable":true,"href":"https:\/\/lyfilter.com\/it\/wp-json\/wp\/v2\/comments?post=4235"}],"wp:featuredmedia":[{"embeddable":true,"href":"https:\/\/lyfilter.com\/it\/wp-json\/wp\/v2\/media\/4243"}],"wp:attachment":[{"href":"https:\/\/lyfilter.com\/it\/wp-json\/wp\/v2\/media?parent=4235"}],"wp:term":[{"taxonomy":"product_brand","embeddable":true,"href":"https:\/\/lyfilter.com\/it\/wp-json\/wp\/v2\/product_brand?post=4235"},{"taxonomy":"product_cat","embeddable":true,"href":"https:\/\/lyfilter.com\/it\/wp-json\/wp\/v2\/product_cat?post=4235"},{"taxonomy":"product_tag","embeddable":true,"href":"https:\/\/lyfilter.com\/it\/wp-json\/wp\/v2\/product_tag?post=4235"}],"curies":[{"name":"wp","href":"https:\/\/api.w.org\/{rel}","templated":true}]}}