{"id":4182,"date":"2026-04-04T05:58:10","date_gmt":"2026-04-04T05:58:10","guid":{"rendered":"https:\/\/lyfilter.com\/"},"modified":"2026-04-04T05:58:10","modified_gmt":"2026-04-04T05:58:10","slug":"sintered-metal-filter-10000-units-month-by-lvyuan-filter","status":"publish","type":"product","link":"https:\/\/lyfilter.com\/it\/sintered-metal-filter-10000-units-month-by-lvyuan-filter\/","title":{"rendered":"Filtro metallico sinterizzato 10000 unit\u00e0\/mese da Lvyuan Filter"},"content":{"rendered":"<div class=\"er-fangkuang1\">\n<p>I filtri porosi sinterizzati Lvyuan possono soddisfare le esigenze di diversi clienti. Sono disponibili forme stampate su misura.<\/p>\n<p>PE e HDPE\u00a0<a href=\"https:\/\/lyfilter.com\/it\/sintered-filter-cartridge.html\/\">Cartuccia filtrante sinterizzata<\/a>\uff1a<br \/>\nI prodotti in polietilene poroso sinterizzato (PE) sono la plastica pi\u00f9 comunemente utilizzata.\u00a0<a href=\"https:\/\/lyfilter.com\/it\/products.html\/\">elemento filtrante<\/a>\u00a0nel mondo. La plastica PE porosa \u00e8 una termoplastica robusta e leggera, con una forte resistenza chimica (acidi e alcali) e un'ampia gamma di micron da 1 a 200um. Esistono polietilene ad altissimo peso molecolare (UHMWPE) e polietilene ad alta densit\u00e0 (HDPE) disponibili in tubi, fogli, barre e forme stampate per diverse applicazioni.<\/p>\n<p>Cartuccia filtrante sinterizzata in PTFE:<br \/>\nGli elementi filtranti in PTFE microporoso sono prodotti mediante sinterizzazione di granuli di PTFE (politetrafluoroetilene) puro, senza l'impiego di altre sostanze. Questi elementi filtranti vengono solitamente offerti quando \u00e8 possibile utilizzare solo PTFE puro monouso 100%. Il vantaggio del PTFE \u00e8 una temperatura massima pi\u00f9 elevata, fino a 200\u2103, e una resistenza chimica leggermente migliore. Per ottenere risultati ottimali, questi elementi filtranti devono essere puliti a ultrasuoni.<\/p>\n<p>Cartuccia filtrante sinterizzata in PVDF:<br \/>\nI prodotti in PVDF (fluoruro di polivinilidene) poroso sinterizzato sono una buona scelta in caso di esposizione a condizioni termiche, ultraviolette, ozono e chimiche difficili. I prodotti in PVDF poroso sono estremamente duri e hanno una dimensione media dei pori di 25 micron. Pu\u00f2 lavorare a temperature comprese tra -62 e 149\u2103.<\/p>\n<p>Cartuccia filtrante sinterizzata in PA\/Nylon:<br \/>\nIl nylon, nome commerciale delle poliammidi (PA), \u00e8 un polimero semicristallino che contiene gruppi amminici e carbonilici. Ne esistono numerose versioni. Il nylon\/PA ha un'elevata forza e resistenza termica con una temperatura di rammollimento di 190\u2103. Con temperature di lavoro da -40\u2103 a 121\u2103, i prodotti porosi in PA\/Nylon sinterizzato hanno un'elevata resistenza alla trazione, una buona resistenza all'abrasione e agli agenti chimici e un basso coefficiente di attrito.<\/p>\n<\/div>\n<div class=\"er-fangkuang1\">\n<p>\u00a0 Caratteristiche del prodotto<\/p>\n<div class=\"description\">\n<ul>\n<li><span class=\"font-color\">\u25ea \u00a0\u00a0<\/span>Elevata porosit\u00e0 (60%) per garantire un maggiore flusso per unit\u00e0 di superficie;<\/li>\n<li><span class=\"font-color\">\u25ea\u00a0 \u00a0<\/span>Superficie esterna liscia, le impurit\u00e0 non aderiscono facilmente, il lavaggio posteriore \u00e8 facile e accurato;<\/li>\n<li><span class=\"font-color\">\u25ea\u00a0 \u00a0<\/span>Capacit\u00e0 antivegetativa: le piccole dimensioni del filtro impediscono alle impurit\u00e0 di essere trattenute nel corpo del filtro;<\/li>\n<li><span class=\"font-color\">\u25ea\u00a0 \u00a0<\/span>Resistenza alla corrosione di acidi e alcali forti, resistenza ai solventi organici;<\/li>\n<li><span class=\"font-color\">\u25ea\u00a0 \u00a0<\/span>Eccellenti propriet\u00e0 meccaniche;<\/li>\n<li><span class=\"font-color\">\u25ea\u00a0 \u00a0<\/span>Nessun rilascio di particelle.<\/li>\n<li><span class=\"font-color\">\u25ea\u00a0 \u00a0<\/span>Gamma di prodotti e ampio campo di applicazione<\/li>\n<\/ul>\n<\/div>\n<\/div>","protected":false},"excerpt":{"rendered":"<table>\n<thead>\n<tr>\n<th>Attributo<\/th>\n<th>Valore<\/th>\n<th>Attributo<\/th>\n<th>Valore<\/th>\n<\/tr>\n<\/thead>\n<tbody>\n<tr>\n<td>Dimensioni della cartuccia Fiter<\/td>\n<td><\/td>\n<td>Dimensione regolare (mm)<\/td>\n<td>31x12x1000, 31x20x1000, 38x20x1000, 38x18x1000, 38x20x1200, 38x20x1300, 38x20x150, 38x20x400, 38x20x250, 38x20x200, 38x20x180, 38x20x150, 50x20x1000, 50x31x1000, 50x38x1000, 65x31x1000, 65x38x1000, 64x44x1000, 78x62x750mm, ecc.<\/td>\n<\/tr>\n<tr>\n<td>Altre dimensioni<\/td>\n<td>Personalizzato su richiesta del cliente.<\/td>\n<td>Materiale delle costruzioni<\/td>\n<td><\/td>\n<\/tr>\n<tr>\n<td>Opzione media filtrante<\/td>\n<td>PE, HDPE, PTFE, PVDF, PA\/Nylon ecc.<\/td>\n<td>Tipo di connettore<\/td>\n<td>Piatto, tipo di inserto, tipo di filettatura, aletta<\/td>\n<\/tr>\n<tr>\n<td>Tappi terminali<\/td>\n<td>PP, M36, M30, M25, M22, M14, M12 o su richiesta.<\/td>\n<td>Prestazioni<\/td>\n<td><\/td>\n<\/tr>\n<tr>\n<td>Tasso di rimozione<\/td>\n<td>0,3, 0,45, 1, 3, 5, 10, 20, 30, 40, 50 \u03bcm<\/td>\n<td>Temperatura massima di esercizio<\/td>\n<td>\u2266 82 \u2103<\/td>\n<\/tr>\n<tr>\n<td>Pressione massima di esercizio<\/td>\n<td>6,0 bar<\/td>\n<td><\/td>\n<td><\/td>\n<\/tr>\n<\/tbody>\n<\/table>","protected":false},"featured_media":4183,"comment_status":"open","ping_status":"closed","template":"","meta":{"_gspb_post_css":""},"product_brand":[],"product_cat":[22],"product_tag":[1378,1346,1491,1492,1136,1493],"class_list":{"0":"post-4182","1":"product","2":"type-product","3":"status-publish","4":"has-post-thumbnail","6":"product_cat-sintered-filter-cartridge","7":"product_tag-factory-supply-water-filter","8":"product_tag-industrial-sintered-filter","9":"product_tag-lvyuan-sintered-metal-filter","10":"product_tag-sintered-metal-water-filter","11":"product_tag-water-filter-locks","12":"product_tag-water-purification-metal-filter","14":"first","15":"instock","16":"shipping-taxable","17":"product-type-simple"},"_links":{"self":[{"href":"https:\/\/lyfilter.com\/it\/wp-json\/wp\/v2\/product\/4182","targetHints":{"allow":["GET"]}}],"collection":[{"href":"https:\/\/lyfilter.com\/it\/wp-json\/wp\/v2\/product"}],"about":[{"href":"https:\/\/lyfilter.com\/it\/wp-json\/wp\/v2\/types\/product"}],"replies":[{"embeddable":true,"href":"https:\/\/lyfilter.com\/it\/wp-json\/wp\/v2\/comments?post=4182"}],"wp:featuredmedia":[{"embeddable":true,"href":"https:\/\/lyfilter.com\/it\/wp-json\/wp\/v2\/media\/4183"}],"wp:attachment":[{"href":"https:\/\/lyfilter.com\/it\/wp-json\/wp\/v2\/media?parent=4182"}],"wp:term":[{"taxonomy":"product_brand","embeddable":true,"href":"https:\/\/lyfilter.com\/it\/wp-json\/wp\/v2\/product_brand?post=4182"},{"taxonomy":"product_cat","embeddable":true,"href":"https:\/\/lyfilter.com\/it\/wp-json\/wp\/v2\/product_cat?post=4182"},{"taxonomy":"product_tag","embeddable":true,"href":"https:\/\/lyfilter.com\/it\/wp-json\/wp\/v2\/product_tag?post=4182"}],"curies":[{"name":"wp","href":"https:\/\/api.w.org\/{rel}","templated":true}]}}