{"id":4164,"date":"2026-04-04T03:26:34","date_gmt":"2026-04-04T03:26:34","guid":{"rendered":"https:\/\/lyfilter.com\/"},"modified":"2026-04-04T03:26:34","modified_gmt":"2026-04-04T03:26:34","slug":"lvyuan-new-pleated-water-filter-cartridge-exporter-for-water-purification","status":"publish","type":"product","link":"https:\/\/lyfilter.com\/it\/lvyuan-new-pleated-water-filter-cartridge-exporter-for-water-purification\/","title":{"rendered":"Lvyuan nuovo esportatore pieghettato della cartuccia del filtro dell'acqua per la depurazione dell'acqua"},"content":{"rendered":"<h3 class=\"do-entry-title\">Imballaggio e consegna<\/h3>\n<p><b>Vantaggi dell'azienda<\/b><br \/>\n<b>1.<\/b>\u00a0Il filtro dell'acqua pieghettato Lvyuan 5 micron \u00e8 prodotto con componenti meccanici di alta qualit\u00e0. Si tratta di motori sofisticati, turbine, apparecchiature di trasmissione di potenza, ingranaggi, cambi di velocit\u00e0, frizioni, catene di trasmissione, generatori e simili. Ha una maggiore capacit\u00e0 di trattenere lo sporco e una vita pi\u00f9 lunga<br \/>\n<b>2.<\/b>\u00a0La missione di Guangzhou Lvyuan Water Purification Equipment Co., Ltd. \u00e8 quella di fornire una soluzione superiore di cartucce filtranti pieghettate per l'acqua. \u00c8 adatto all'uso con campioni acquosi e solventi organici grazie alla sua ampia compatibilit\u00e0 chimica.<br \/>\n<b>3.<\/b>\u00a0Questo prodotto ha un'elevata resistenza alla ruggine. La sua superficie \u00e8 trattata con uno strato protettivo di ossido di metallo per evitare gli effetti dell'umidit\u00e0. \u00c8 in grado di fornire analisi e risultati accurati per applicazioni di cromatografia ionica sensibili.<\/p>\n<div class=\"pro_aliData\">\n<div class=\"detail-box\">\n<div class=\"scc-wrapper detail-module module-cspu\" data-module=\"cspu\"><\/div>\n<div class=\"scc-wrapper detail-module module-productPackagingAndQuickDetail\" data-spm=\"prilinga1e\">\n<div class=\"widget-detail-overview\">\n<div class=\"do-title\">Panoramica<\/div>\n<div id=\"car-parts-model\"><\/div>\n<div class=\"do-content\">\n<div class=\"do-overview\">\n<div class=\"do-entry do-entry-separate\">\n<div class=\"do-entry-title\">Dettagli rapidi<\/div>\n<div class=\"do-entry-list\">\n<dl id=\"224439040\" class=\"do-entry-item\">\n<dt class=\"do-entry-item\"><span class=\"attr-name J-attr-name\" title=\"Industrie applicabili\">Industrie applicabili:<\/span><\/dt>\n<dd class=\"do-entry-item-val\">\n<div class=\"ellipsis\" title=\"Alberghi, Negozi di abbigliamento, Negozi di materiali da costruzione, Impianti di produzione, Negozi di riparazione di macchinari, Fabbrica di alimenti e bevande, Aziende agricole, Ristoranti, Uso domestico, Vendita al dettaglio, Negozio di alimentari, Negozi di stampa, Lavori di costruzione, Energia e miniere, Negozi di alimenti e bevande, Azienda pubblicitaria\">Alberghi, Negozi di abbigliamento, Negozi di materiali da costruzione, Impianti di produzione, Negozi di riparazione di macchinari, Fabbrica di alimenti e bevande, Aziende agricole, Ristoranti, Uso domestico, Vendita al dettaglio, Negozio di alimentari, Negozi di stampa, Lavori di costruzione, Energia e miniere, Negozi di alimenti e bevande, Azienda pubblicitaria<\/div>\n<\/dd>\n<\/dl>\n<\/div>\n<\/div>\n<\/div>\n<\/div>\n<\/div>\n<\/div>\n<\/div>\n<\/div>\n<div class=\"do-entry-list\">\n<dl class=\"do-entry-item\">\n<dt class=\"do-entry-item-key\">Unit\u00e0 di vendita:<\/dt>\n<dd class=\"do-entry-item-val\">Articolo singolo<\/dd>\n<\/dl>\n<dl class=\"do-entry-item\">\n<dt class=\"do-entry-item-key\" title=\"Dimensione della confezione singola:\">Dimensione della confezione singola:<\/dt>\n<dd class=\"do-entry-item-val\">68X40X40 cm<\/dd>\n<\/dl>\n<dl class=\"do-entry-item\">\n<dt class=\"do-entry-item-key\" title=\"Peso lordo singolo:\">Peso lordo singolo:<\/dt>\n<dd class=\"do-entry-item-val\">23.000 kg<\/dd>\n<\/dl>\n<dl class=\"do-entry-item\">\n<dt class=\"do-entry-item-key\">Tipo di confezione:<\/dt>\n<dd class=\"do-entry-item-val pkg-method\">Cartuccia filtrante a membrana in PTFE da 10\/20 pollici con tappo terminale ad o-ring in acciaio inox 222 226: 10\u2033 50PZ\/CTN, 20\u2033 25PZ\/CTN, 30\u2033 25PZ\/CTN, 40\u2033 25PZ\/CTN.<\/dd>\n<\/dl>\n<dl class=\"do-entry-item\">\n<dt class=\"do-entry-item-key\" title=\"Tempi di consegna\">Tempi di consegna\u00a0<i class=\"next-icon next-icon-help next-icon-xs js-leadtimes-tips\"><\/i>:<\/dt>\n<dd class=\"do-entry-item-val\" title=\"Tempi di consegna\">\n<div class=\"table-responsive\">\n<table class=\"supply-ability-table ui2-table ui2-table-normal ui2-table-zebra ui2-table-hover\">\n<tbody>\n<tr>\n<td>Quantit\u00e0 (pezzi)<\/td>\n<td>1 - 100<\/td>\n<td>101 - 500<\/td>\n<td>501 - 1000<\/td>\n<td>&gt;1000<\/td>\n<\/tr>\n<tr>\n<td>Est. Tempo (giorni)<\/td>\n<td>2<\/td>\n<td>5<\/td>\n<td>7<\/td>\n<td>Da negoziare<\/td>\n<\/tr>\n<\/tbody>\n<\/table>\n<\/div>\n<\/dd>\n<\/dl>\n<\/div>","protected":false},"excerpt":{"rendered":"<table>\n<thead>\n<tr>\n<th>Attributo<\/th>\n<th>Valore<\/th>\n<th>Attributo<\/th>\n<th>Valore<\/th>\n<\/tr>\n<\/thead>\n<tbody>\n<tr>\n<td>Luogo di origine<\/td>\n<td>Guangdong, Cina<\/td>\n<td>Nome del marchio<\/td>\n<td>Lvyuan\/OEM<\/td>\n<\/tr>\n<tr>\n<td>Materiale<\/td>\n<td>Personalizzato<\/td>\n<td>Peso<\/td>\n<td>Personalizzato<\/td>\n<\/tr>\n<tr>\n<td>Dimensione<\/td>\n<td>Personalizzato<\/td>\n<td>Potenza<\/td>\n<td>0<\/td>\n<\/tr>\n<tr>\n<td>Garanzia<\/td>\n<td>Non disponibile<\/td>\n<td>Nome<\/td>\n<td>Cartuccia filtrante a membrana in PTFE da 10\/20 pollici con classificazione in micron assoluta<\/td>\n<\/tr>\n<tr>\n<td>Materiale della membrana filtrante<\/td>\n<td>Carbonio\/PP\/PVDF\/PTFE\/PES\/Nylon<\/td>\n<td>Lunghezza<\/td>\n<td>5\/10\/20\/30\/40\/50\/60 pollici<\/td>\n<\/tr>\n<tr>\n<td>Conettore<\/td>\n<td>Fin\/222\/226\/215\/DOE\/Thread<\/td>\n<td>Micron<\/td>\n<td>0.22\/0.5\/1\/3\/5\/10\/25\/50\/75\/100\/150<\/td>\n<\/tr>\n<tr>\n<td>Materiale dell'O-ring<\/td>\n<td>EPDM\/Viton\/Silicone\/PTFE<\/td>\n<td>Metodo di sigillatura<\/td>\n<td>Saldatura a caldo<\/td>\n<\/tr>\n<tr>\n<td>Diametro<\/td>\n<td>70 mm\/OEM<\/td>\n<td>Nucleo interno<\/td>\n<td>PP\/SS\/OEM<\/td>\n<\/tr>\n<tr>\n<td>MOQ<\/td>\n<td>Al momento non \u00e8 previsto un numero limitato di<\/td>\n<td>Servizio post-vendita fornito<\/td>\n<td>Assistenza online<\/td>\n<\/tr>\n<\/tbody>\n<\/table>","protected":false},"featured_media":4166,"comment_status":"open","ping_status":"closed","template":"","meta":{"_gspb_post_css":""},"product_brand":[],"product_cat":[1202],"product_tag":[743,1475,1477,1478,1136,1476],"class_list":{"0":"post-4164","1":"product","2":"type-product","3":"status-publish","4":"has-post-thumbnail","6":"product_cat-filter-cartridge","7":"product_tag-industrial-water-filter-cartridge","8":"product_tag-lvyuan-pleated-water-filter-cartridge","9":"product_tag-pleated-water-filter-exporter","10":"product_tag-replacement-pleated-filter","11":"product_tag-water-filter-locks","12":"product_tag-water-purification-filter-cartridge","14":"first","15":"instock","16":"shipping-taxable","17":"product-type-simple"},"_links":{"self":[{"href":"https:\/\/lyfilter.com\/it\/wp-json\/wp\/v2\/product\/4164","targetHints":{"allow":["GET"]}}],"collection":[{"href":"https:\/\/lyfilter.com\/it\/wp-json\/wp\/v2\/product"}],"about":[{"href":"https:\/\/lyfilter.com\/it\/wp-json\/wp\/v2\/types\/product"}],"replies":[{"embeddable":true,"href":"https:\/\/lyfilter.com\/it\/wp-json\/wp\/v2\/comments?post=4164"}],"wp:featuredmedia":[{"embeddable":true,"href":"https:\/\/lyfilter.com\/it\/wp-json\/wp\/v2\/media\/4166"}],"wp:attachment":[{"href":"https:\/\/lyfilter.com\/it\/wp-json\/wp\/v2\/media?parent=4164"}],"wp:term":[{"taxonomy":"product_brand","embeddable":true,"href":"https:\/\/lyfilter.com\/it\/wp-json\/wp\/v2\/product_brand?post=4164"},{"taxonomy":"product_cat","embeddable":true,"href":"https:\/\/lyfilter.com\/it\/wp-json\/wp\/v2\/product_cat?post=4164"},{"taxonomy":"product_tag","embeddable":true,"href":"https:\/\/lyfilter.com\/it\/wp-json\/wp\/v2\/product_tag?post=4164"}],"curies":[{"name":"wp","href":"https:\/\/api.w.org\/{rel}","templated":true}]}}