{"id":4140,"date":"2026-04-04T03:09:09","date_gmt":"2026-04-04T03:09:09","guid":{"rendered":"https:\/\/lyfilter.com\/"},"modified":"2026-04-04T03:09:09","modified_gmt":"2026-04-04T03:09:09","slug":"doe-222-uf-food-grade-ss-304-multi-cartridge-filter-housing","status":"publish","type":"product","link":"https:\/\/lyfilter.com\/it\/doe-222-uf-food-grade-ss-304-multi-cartridge-filter-housing\/","title":{"rendered":"Doe 222 Uf Food Grade SS 304 Alloggiamento del filtro a cartuccia multipla"},"content":{"rendered":"<div class=\"unit-detail-html-tabs__content-attr\">\n<div class=\"unit-product-attrparam\">\n<div class=\"unit-product-attrparam__items row\">\n<div class=\"col-12 col-md-6\">\n<div class=\"unit-product-attrparam__item\"><\/div>\n<\/div>\n<div class=\"col-12 col-md-6\">\n<div class=\"unit-product-attrparam__item\"><\/div>\n<\/div>\n<\/div>\n<\/div>\n<\/div>\n<div class=\"unit-detail-html-tabs__content-html\">\n<div>\n<p><strong>cartuccia in acciaio inox\u00a0<a href=\"https:\/\/lyfilter.com\/it\/stainless-steel-filter-housing.html\/\">alloggiamento del filtro dell'acqua<\/a>\u00a0Introduzione<\/strong><br \/>\nIl\u00a0<a href=\"https:\/\/lyfilter.com\/it\/stainless-steel-filter-housing.html\/\">alloggiamento del filtro in acciaio inox<\/a>\u00a0pu\u00f2 essere utilizzato insieme a vari tipi di cartucce. Le superfici interne ed esterne hanno una finitura lucida, una struttura ragionevole e nessun angolo morto. \u00c8 comodo da installare e da pulire e pu\u00f2 raggiungere gli effetti di filtrazione richiesti dai clienti. Il suo design \u00e8 conforme agli standard GMP dell'industria medica. Il filtro comprende un filtro per liquidi e un filtro per gas.<\/p>\n<p>&nbsp;<\/p>\n<p><strong>Alloggiamento del filtro dell'acqua a cartuccia in acciaio inox Parametri<\/strong><\/p>\n<div class=\"table-responsive\">\n<table>\n<tbody>\n<tr class=\"firstRow\">\n<td valign=\"center\" width=\"210\"><strong>materiale<\/strong><\/td>\n<td valign=\"center\" width=\"353\">SS304 o SS316<\/td>\n<\/tr>\n<tr>\n<td valign=\"center\" width=\"210\"><strong>lunghezza della cartuccia<\/strong><\/td>\n<td valign=\"center\" width=\"353\">10\u2033, 20\u2033 ,30\u2033 ,40\u2033<\/td>\n<\/tr>\n<tr>\n<td valign=\"center\" width=\"210\"><strong>nucleo della cartuccia<\/strong><\/td>\n<td valign=\"center\" width=\"353\">singola o multi-cartuccia<\/td>\n<\/tr>\n<tr>\n<td valign=\"center\" width=\"210\"><strong>Quantit\u00e0 di cartucce<\/strong><\/td>\n<td valign=\"center\" width=\"353\"><strong>Da 1 a 160 pezzi a scelta<\/strong><\/td>\n<\/tr>\n<tr>\n<td valign=\"center\" width=\"210\"><strong>trattamento della superficie<\/strong><\/td>\n<td valign=\"center\" width=\"353\">Esterno lucidato o sabbiato<\/td>\n<\/tr>\n<tr>\n<td valign=\"center\" width=\"210\"><strong>Tipo di tappo superiore installato<\/strong><\/td>\n<td valign=\"center\" width=\"353\">tipo di bulloni di sollevamento, tipo di flangia, tipo di morsetto,<\/td>\n<\/tr>\n<tr>\n<td valign=\"center\" width=\"210\"><strong>connessione di ingresso\/uscita<\/strong><\/td>\n<td valign=\"center\" width=\"353\">Tipo di filettatura, tipo di flangia, tipo di pogoda<\/td>\n<\/tr>\n<tr>\n<td valign=\"center\" width=\"210\"><strong>guarnizione O-ring<\/strong><\/td>\n<td valign=\"center\" width=\"353\">silicio, NBR, EPDM, Viton<\/td>\n<\/tr>\n<tr>\n<td valign=\"center\" width=\"210\"><strong>utilizzo<\/strong><\/td>\n<td valign=\"center\" width=\"353\">filtro per liquidi e gas<\/td>\n<\/tr>\n<tr>\n<td valign=\"center\" width=\"210\"><strong>accettare<\/strong><strong>t<\/strong><\/td>\n<td valign=\"center\" width=\"353\">OEM<\/td>\n<\/tr>\n<\/tbody>\n<\/table>\n<\/div>\n<\/div>\n<\/div>","protected":false},"excerpt":{"rendered":"<table>\n<thead>\n<tr>\n<th>Attributo<\/th>\n<th>Valore<\/th>\n<th>Attributo<\/th>\n<th>Valore<\/th>\n<\/tr>\n<\/thead>\n<tbody>\n<tr>\n<td>Condizione<\/td>\n<td>Nuovo<\/td>\n<td>Modello<\/td>\n<td>LY-HFPL<\/td>\n<\/tr>\n<tr>\n<td>Industrie applicabili<\/td>\n<td>Alberghi, Negozi di abbigliamento, Negozi di materiali da costruzione, Impianti di produzione, Negozi di riparazione di macchinari, Fabbrica di alimenti e bevande, Aziende agricole, Ristoranti, Uso domestico, Vendita al dettaglio, Negozio di alimentari, Negozi di stampa, Lavori di costruzione, Energia e miniere, Negozi di alimenti e bevande, Azienda pubblicitaria<\/td>\n<td>Marchio<\/td>\n<td>OEM\/Lvyuan<\/td>\n<\/tr>\n<tr>\n<td>Servizio post garanzia<\/td>\n<td>Assistenza online<\/td>\n<td>Luogo di origine<\/td>\n<td>Guangdong, Cina<\/td>\n<\/tr>\n<tr>\n<td>Sede del servizio locale<\/td>\n<td>nessuno<\/td>\n<td>Porta di partenza<\/td>\n<td>Guangzhou<\/td>\n<\/tr>\n<tr>\n<td>Posizione dello showroom<\/td>\n<td>nessuno<\/td>\n<td>Materiale<\/td>\n<td>Plissettato<\/td>\n<\/tr>\n<tr>\n<td>Peso<\/td>\n<td>0<\/td>\n<td>Diametro<\/td>\n<td>70 mm\/OEM<\/td>\n<\/tr>\n<tr>\n<td>Dimensione<\/td>\n<td>10\u2033\/20\u2033\/30\u2033\/40\u2033\/50\u2033\/60\u2033<\/td>\n<td>Lunghezza<\/td>\n<td>5 \/ 10 \/ 20 \/ 30 \/ 40 \/ 50 \/ 60 pollici<\/td>\n<\/tr>\n<tr>\n<td>Potenza<\/td>\n<td>0<\/td>\n<td>Nucleo interno<\/td>\n<td>PP\/SS\/OEM<\/td>\n<\/tr>\n<tr>\n<td>Garanzia<\/td>\n<td>Non disponibile<\/td>\n<td>Materiale della membrana filtrante<\/td>\n<td>PP\/PVDF\/PTFE\/PES\/Nylon<\/td>\n<\/tr>\n<tr>\n<td>Nome<\/td>\n<td>Cartuccia filtrante pieghettata industriale in polipropilene PP<\/td>\n<td>Conettore<\/td>\n<td>Fin\/222\/226\/215\/DOE\/Thread<\/td>\n<\/tr>\n<tr>\n<td>Micron<\/td>\n<td>0.22\/0.5\/1\/3\/5\/10\/25\/50\/75\/100\/150<\/td>\n<td>Materiale dell'O-ring<\/td>\n<td>EPDM\/Viton\/Silicone\/Te flon<\/td>\n<\/tr>\n<tr>\n<td>Metodo di sigillatura<\/td>\n<td>Saldatura a caldo<\/td>\n<td>MOQ<\/td>\n<td>1 pezzo<\/td>\n<\/tr>\n<tr>\n<td>Pagamento<\/td>\n<td>T\/T, Western Union, assicurazione del commercio di Alibaba<\/td>\n<td>Tempi di consegna<\/td>\n<td>Entro 7 giorni lavorativi<\/td>\n<\/tr>\n<tr>\n<td>Certificazione<\/td>\n<td>ISO 9001<\/td>\n<td>Capacit\u00e0 di produzione<\/td>\n<td>10000 unit\u00e0\/mese<\/td>\n<\/tr>\n<tr>\n<td>Capacit\u00e0 di approvvigionamento<\/td>\n<td>500 pezzo\/pezzi al giorno<\/td>\n<td><\/td>\n<td><\/td>\n<\/tr>\n<\/tbody>\n<\/table>","protected":false},"featured_media":4142,"comment_status":"open","ping_status":"closed","template":"","meta":{"_gspb_post_css":""},"product_brand":[],"product_cat":[15],"product_tag":[1458,1460,1264,1461,1459,1136],"class_list":{"0":"post-4140","1":"product","2":"type-product","3":"status-publish","4":"has-post-thumbnail","6":"product_cat-stainless-steel-filter-housing","7":"product_tag-doe-222-filter-housing","8":"product_tag-food-grade-ss-304-housing","9":"product_tag-industrial-water-filter-housing","10":"product_tag-multi-cartridge-stainless-filter","11":"product_tag-uf-cartridge-filter-housing","12":"product_tag-water-filter-locks","14":"first","15":"instock","16":"shipping-taxable","17":"product-type-simple"},"_links":{"self":[{"href":"https:\/\/lyfilter.com\/it\/wp-json\/wp\/v2\/product\/4140","targetHints":{"allow":["GET"]}}],"collection":[{"href":"https:\/\/lyfilter.com\/it\/wp-json\/wp\/v2\/product"}],"about":[{"href":"https:\/\/lyfilter.com\/it\/wp-json\/wp\/v2\/types\/product"}],"replies":[{"embeddable":true,"href":"https:\/\/lyfilter.com\/it\/wp-json\/wp\/v2\/comments?post=4140"}],"wp:featuredmedia":[{"embeddable":true,"href":"https:\/\/lyfilter.com\/it\/wp-json\/wp\/v2\/media\/4142"}],"wp:attachment":[{"href":"https:\/\/lyfilter.com\/it\/wp-json\/wp\/v2\/media?parent=4140"}],"wp:term":[{"taxonomy":"product_brand","embeddable":true,"href":"https:\/\/lyfilter.com\/it\/wp-json\/wp\/v2\/product_brand?post=4140"},{"taxonomy":"product_cat","embeddable":true,"href":"https:\/\/lyfilter.com\/it\/wp-json\/wp\/v2\/product_cat?post=4140"},{"taxonomy":"product_tag","embeddable":true,"href":"https:\/\/lyfilter.com\/it\/wp-json\/wp\/v2\/product_tag?post=4140"}],"curies":[{"name":"wp","href":"https:\/\/api.w.org\/{rel}","templated":true}]}}