{"id":4113,"date":"2026-04-03T10:20:13","date_gmt":"2026-04-03T10:20:13","guid":{"rendered":"https:\/\/lyfilter.com\/"},"modified":"2026-04-03T10:20:13","modified_gmt":"2026-04-03T10:20:13","slug":"stainless-steel-water-filter-housing-guangzhou-lvyuan-filter","status":"publish","type":"product","link":"https:\/\/lyfilter.com\/it\/stainless-steel-water-filter-housing-guangzhou-lvyuan-filter\/","title":{"rendered":"Alloggiamento del filtro dell'acqua in acciaio inox Guangzhou - - Lvyuan Filter"},"content":{"rendered":"<p><b>Dettagli sul prodotto\u00a0<a href=\"https:\/\/lyfilter.com\/it\/stainless-steel-filter-housing.html\/\">alloggiamento del filtro dell'acqua in acciaio inox<\/a><\/b><\/p>\n<p>&nbsp;<\/p>\n<p><b>Specifiche del prodotto<\/b><\/p>\n<p>Materiale: Acciaio inossidabile<\/p>\n<p>&nbsp;<\/p>\n<p><b>Descrizione del prodotto<\/b><\/p>\n<p>Per soddisfare le diverse esigenze dei clienti,\u00a0<a href=\"https:\/\/lyfilter.com\/it\/\">Filtro Lvyuan<\/a>\u00a0L'alloggiamento del filtro dell'acqua in acciaio inox \u00e8 progettato con vari stili. Viene sviluppato seguendo da vicino la tecnologia avanzata internazionale e le tendenze di sviluppo. . Trattando i dipendenti con rispetto reciproco, il personale di Lvyuan Filter fornisce sempre il miglior servizio ai clienti.<\/p>\n<p><strong>Cartuccia singola\u00a0<a href=\"https:\/\/lyfilter.com\/it\/stainless-steel-filter-housing.html\/\">Alloggiamento del filtro in acciaio inox<\/a><\/strong><\/p>\n<p>Il filtro a nucleo singolo si divide in due tipi: filtrazione di liquidi e gas, e le dimensioni possono essere suddivise in 5\u2033, 10\u2033, 20\u2033, 30\u2033 e 40\u2033, ecc. La pressione di esercizio \u00e8 generalmente di 0,1Mpa-0,4Mpa. A causa delle diverse dimensioni dei pori dei\u00a0<a href=\"https:\/\/lyfilter.com\/it\/products.html\/\">elemento filtrante<\/a>s, anche le portate sono diverse. Ad esempio, lo standard per la filtrazione di acqua caotica da 0,2um-0,4um \u00e8 di 300-500 kg\/h. Per esempio, per filtrare 5t\/h di acqua sterile, si pu\u00f2 scegliere un filtro a 7 elementi da 0,2 um e 30 pollici. Se nel filtro sono presenti molte impurit\u00e0 e c'\u00e8 viscosit\u00e0, \u00e8 necessario aggiungere un dispositivo di prefiltrazione. La filtrazione dei gas \u00e8 leggermente diversa dalla filtrazione dei liquidi e il volume di filtrazione \u00e8 calcolato come gas cubo al minuto. Elemento filtrante da 10 pollici, diametro dei pori \u03c60,22 um, pressione di 0,12 Mpa, differenza di pressione di 0,01 Mpa, portata di 4-6m3\/min, ampiamente utilizzato nell'industria della fermentazione.<\/p>","protected":false},"excerpt":{"rendered":"<table>\n<thead>\n<tr>\n<th>Articolo<\/th>\n<th>Valore<\/th>\n<th>Articolo<\/th>\n<th>Valore<\/th>\n<\/tr>\n<\/thead>\n<tbody>\n<tr>\n<td>Porta di partenza<\/td>\n<td>Guangzhou<\/td>\n<td>Capacit\u00e0 di produzione<\/td>\n<td>10000 unit\u00e0\/mese<\/td>\n<\/tr>\n<tr>\n<td>Pagamento<\/td>\n<td>T\/T; Garanzia di commercio di Alibaba; paypal<\/td>\n<td>Tempi di consegna<\/td>\n<td>Entro 7 giorni lavorativi<\/td>\n<\/tr>\n<\/tbody>\n<\/table>","protected":false},"featured_media":4118,"comment_status":"open","ping_status":"closed","template":"","meta":{"_gspb_post_css":""},"product_brand":[],"product_cat":[15],"product_tag":[1441,1084,1186,1442,1440,1443],"class_list":{"0":"post-4113","1":"product","2":"type-product","3":"status-publish","4":"has-post-thumbnail","6":"product_cat-stainless-steel-filter-housing","7":"product_tag-guangzhou-water-filter-housing","8":"product_tag-industrial-filter-housing","9":"product_tag-lvyuan-filter-housing","10":"product_tag-stainless-steel-filter-vessel","11":"product_tag-stainless-steel-water-filter-housing","12":"product_tag-water-filtration-housing","14":"first","15":"instock","16":"shipping-taxable","17":"product-type-simple"},"_links":{"self":[{"href":"https:\/\/lyfilter.com\/it\/wp-json\/wp\/v2\/product\/4113","targetHints":{"allow":["GET"]}}],"collection":[{"href":"https:\/\/lyfilter.com\/it\/wp-json\/wp\/v2\/product"}],"about":[{"href":"https:\/\/lyfilter.com\/it\/wp-json\/wp\/v2\/types\/product"}],"replies":[{"embeddable":true,"href":"https:\/\/lyfilter.com\/it\/wp-json\/wp\/v2\/comments?post=4113"}],"wp:featuredmedia":[{"embeddable":true,"href":"https:\/\/lyfilter.com\/it\/wp-json\/wp\/v2\/media\/4118"}],"wp:attachment":[{"href":"https:\/\/lyfilter.com\/it\/wp-json\/wp\/v2\/media?parent=4113"}],"wp:term":[{"taxonomy":"product_brand","embeddable":true,"href":"https:\/\/lyfilter.com\/it\/wp-json\/wp\/v2\/product_brand?post=4113"},{"taxonomy":"product_cat","embeddable":true,"href":"https:\/\/lyfilter.com\/it\/wp-json\/wp\/v2\/product_cat?post=4113"},{"taxonomy":"product_tag","embeddable":true,"href":"https:\/\/lyfilter.com\/it\/wp-json\/wp\/v2\/product_tag?post=4113"}],"curies":[{"name":"wp","href":"https:\/\/api.w.org\/{rel}","templated":true}]}}