{"id":4084,"date":"2026-04-03T08:28:20","date_gmt":"2026-04-03T08:28:20","guid":{"rendered":"https:\/\/lyfilter.com\/"},"modified":"2026-04-24T23:46:15","modified_gmt":"2026-04-24T23:46:15","slug":"sewage-equipment-machine-water-purification-systems","status":"publish","type":"product","link":"https:\/\/lyfilter.com\/it\/sewage-equipment-machine-water-purification-systems\/","title":{"rendered":"Macchina dell'attrezzatura per le acque reflue\/sistemi di depurazione dell'acqua"},"content":{"rendered":"<p>Costruita per il trattamento delle acque reflue, questa macchina supporta un trattamento pi\u00f9 pulito, un flusso costante e una depurazione affidabile. Aiuta gli impianti a gestire la qualit\u00e0 dell'acqua con prestazioni durature e un funzionamento quotidiano pi\u00f9 fluido in loco.<\/p>","protected":false},"excerpt":{"rendered":"<table>\n<thead>\n<tr>\n<th>Articolo<\/th>\n<th>Valore<\/th>\n<th>Articolo<\/th>\n<th>Valore<\/th>\n<\/tr>\n<\/thead>\n<tbody>\n<tr>\n<td>Industrie applicabili<\/td>\n<td>Hotel; Fabbrica di alimenti e bevande; Fattorie; Ristorante; Negozio di alimentari; Energia e miniere; Negozi di alimenti e bevande<\/td>\n<td>Servizio post garanzia<\/td>\n<td>Assistenza tecnica video<\/td>\n<\/tr>\n<tr>\n<td>Sede del servizio locale<\/td>\n<td>nessuno<\/td>\n<td>Posizione dello showroom<\/td>\n<td>nessuno<\/td>\n<\/tr>\n<tr>\n<td>Video uscita-ispezione<\/td>\n<td>Fornito<\/td>\n<td>Rapporto di prova del macchinario<\/td>\n<td>Non disponibile<\/td>\n<\/tr>\n<tr>\n<td>Tipo di marketing<\/td>\n<td>Prodotto caldo 2019<\/td>\n<td>Garanzia dei componenti principali<\/td>\n<td>1 anno<\/td>\n<\/tr>\n<tr>\n<td>Luogo di origine<\/td>\n<td>Guangdong, Cina<\/td>\n<td>Nome del marchio<\/td>\n<td>Guangzhou Lvyuan<\/td>\n<\/tr>\n<tr>\n<td>Garanzia<\/td>\n<td>1 anno<\/td>\n<td>Servizio post-vendita fornito<\/td>\n<td>Assistenza tecnica video<\/td>\n<\/tr>\n<tr>\n<td>Articolo<\/td>\n<td>Impianto di trattamento delle acque reflue MBR<\/td>\n<td>Garanzia<\/td>\n<td>Parte elettrica per un anno<\/td>\n<\/tr>\n<tr>\n<td>certificazione<\/td>\n<td>BV<\/td>\n<td>tecnoloogia 1<\/td>\n<td>tecnologia di separazione a membrana<\/td>\n<\/tr>\n<tr>\n<td>tecnoloogia 2<\/td>\n<td>tecnologia di trattamento biologico<\/td>\n<td>tecnoloogia 3<\/td>\n<td>Modulo a membrana Alpha<\/td>\n<\/tr>\n<tr>\n<td>durevole<\/td>\n<td>Lunga durata di vita<\/td>\n<td>operazione<\/td>\n<td>Semplice<\/td>\n<\/tr>\n<tr>\n<td>manutenzione<\/td>\n<td>conveniente<\/td>\n<td>qualit\u00e0<\/td>\n<td>alto livello<\/td>\n<\/tr>\n<tr>\n<td>Componenti principali<\/td>\n<td>Parte elettronica<\/td>\n<td>Capacit\u00e0 di approvvigionamento<\/td>\n<td>5 pezzi al mese<\/td>\n<\/tr>\n<\/tbody>\n<\/table>","protected":false},"featured_media":4086,"comment_status":"open","ping_status":"closed","template":"","meta":{"_gspb_post_css":""},"product_brand":[],"product_cat":[1147],"product_tag":[636,1423,1420,1424,1422,1421],"class_list":{"0":"post-4084","1":"product","2":"type-product","3":"status-publish","4":"has-post-thumbnail","6":"product_cat-waste-water-treatment-plant","7":"product_tag-industrial-water-treatment","8":"product_tag-purification-system-machine","9":"product_tag-sewage-equipment-machine","10":"product_tag-sewage-treatment-machine","11":"product_tag-wastewater-treatment-equipment","12":"product_tag-water-purification-systems","14":"first","15":"instock","16":"shipping-taxable","17":"product-type-simple"},"_links":{"self":[{"href":"https:\/\/lyfilter.com\/it\/wp-json\/wp\/v2\/product\/4084","targetHints":{"allow":["GET"]}}],"collection":[{"href":"https:\/\/lyfilter.com\/it\/wp-json\/wp\/v2\/product"}],"about":[{"href":"https:\/\/lyfilter.com\/it\/wp-json\/wp\/v2\/types\/product"}],"replies":[{"embeddable":true,"href":"https:\/\/lyfilter.com\/it\/wp-json\/wp\/v2\/comments?post=4084"}],"wp:featuredmedia":[{"embeddable":true,"href":"https:\/\/lyfilter.com\/it\/wp-json\/wp\/v2\/media\/4086"}],"wp:attachment":[{"href":"https:\/\/lyfilter.com\/it\/wp-json\/wp\/v2\/media?parent=4084"}],"wp:term":[{"taxonomy":"product_brand","embeddable":true,"href":"https:\/\/lyfilter.com\/it\/wp-json\/wp\/v2\/product_brand?post=4084"},{"taxonomy":"product_cat","embeddable":true,"href":"https:\/\/lyfilter.com\/it\/wp-json\/wp\/v2\/product_cat?post=4084"},{"taxonomy":"product_tag","embeddable":true,"href":"https:\/\/lyfilter.com\/it\/wp-json\/wp\/v2\/product_tag?post=4084"}],"curies":[{"name":"wp","href":"https:\/\/api.w.org\/{rel}","templated":true}]}}