{"id":4063,"date":"2026-04-03T08:15:55","date_gmt":"2026-04-03T08:15:55","guid":{"rendered":"https:\/\/lyfilter.com\/"},"modified":"2026-04-03T08:15:55","modified_gmt":"2026-04-03T08:15:55","slug":"hot-sale-sintered-ss-filters-sintered-ss-filters-company","status":"publish","type":"product","link":"https:\/\/lyfilter.com\/it\/hot-sale-sintered-ss-filters-sintered-ss-filters-company\/","title":{"rendered":"Vendita calda Filtri SS sinterizzati Azienda di filtri SS sinterizzati"},"content":{"rendered":"<p><b>Dettagli del prodotto Filtri sinterizzati ss<\/b><\/p>\n<p>&nbsp;<\/p>\n<p><b>Informazioni sul prodotto<\/b><\/p>\n<p>Il design dei filtri in acciaio inox sinterizzato \u00e8 molto innovativo e segue le ultime tendenze del settore. Ogni pezzo del prodotto \u00e8 rigorosamente controllato secondo il sistema di qualit\u00e0 internazionale. Ogni cliente \u00e8 importante per Guangzhou Lvyuan Water Purification Equipment Co.<\/p>\n<div class=\"pro_aliData\">\n<div class=\"detail-box\">\n<div class=\"scc-wrapper detail-module module-cspu\" data-module=\"cspu\"><\/div>\n<div class=\"scc-wrapper detail-module module-productPackagingAndQuickDetail\" data-spm=\"prilinga1e\">\n<div class=\"widget-detail-overview\">\n<div class=\"do-title\">Progettati per uso industriale, questi filtri SS sinterizzati combinano resistenza alla corrosione, riutilizzabilit\u00e0 e filtrazione affidabile. Aiutano le aziende a mantenere i processi pi\u00f9 puliti, a ridurre i tempi di inattivit\u00e0 e a ottenere risultati costanti ogni giorno.<\/div>\n<\/div>\n<\/div>\n<\/div>\n<\/div>","protected":false},"excerpt":{"rendered":"<table>\n<thead>\n<tr>\n<th>Articolo<\/th>\n<th>Valore<\/th>\n<th>Articolo<\/th>\n<th>Valore<\/th>\n<\/tr>\n<\/thead>\n<tbody>\n<tr>\n<td>Servizio post garanzia<\/td>\n<td>Assistenza online<\/td>\n<td>Sede del servizio locale<\/td>\n<td>nessuno<\/td>\n<\/tr>\n<tr>\n<td>Posizione dello showroom<\/td>\n<td>nessuno<\/td>\n<td>Video uscita-ispezione<\/td>\n<td>Fornito<\/td>\n<\/tr>\n<tr>\n<td>Rapporto di prova del macchinario<\/td>\n<td>Fornito<\/td>\n<td>Tipo di marketing<\/td>\n<td>Prodotto ordinario<\/td>\n<\/tr>\n<tr>\n<td>Garanzia dei componenti principali<\/td>\n<td>1 anno<\/td>\n<td>Componenti principali<\/td>\n<td>Recipiente a pressione<\/td>\n<\/tr>\n<tr>\n<td>Luogo di origine<\/td>\n<td>Guangdong, Cina<\/td>\n<td>Nome del marchio<\/td>\n<td>Lvyuan\/OEM<\/td>\n<\/tr>\n<tr>\n<td>Garanzia<\/td>\n<td>1 anno<\/td>\n<td>Servizio post-vendita fornito<\/td>\n<td>Assistenza online<\/td>\n<\/tr>\n<tr>\n<td>Parole chiave<\/td>\n<td>filtraggio microporoso sinterizzato<\/td>\n<td>Diametro<\/td>\n<td>Domanda del cliente<\/td>\n<\/tr>\n<tr>\n<td>Materiale<\/td>\n<td>acciaio inox<\/td>\n<td>Forma<\/td>\n<td>cilindro<\/td>\n<\/tr>\n<tr>\n<td>Utilizzo<\/td>\n<td>trattamento dell'acqua<\/td>\n<td>Applicazione<\/td>\n<td>industria<\/td>\n<\/tr>\n<tr>\n<td>Colore<\/td>\n<td>scheggia<\/td>\n<td>Imballaggio<\/td>\n<td>scatola di carta<\/td>\n<\/tr>\n<tr>\n<td>lunghezza<\/td>\n<td>10\/20\/30\/40 pollici<\/td>\n<td>Vantaggio<\/td>\n<td>riutilizzo<\/td>\n<\/tr>\n<tr>\n<td>Capacit\u00e0 di approvvigionamento<\/td>\n<td>10000 pezzo\/pezzi al mese<\/td>\n<td><\/td>\n<td><\/td>\n<\/tr>\n<\/tbody>\n<\/table>","protected":false},"featured_media":4069,"comment_status":"open","ping_status":"closed","template":"","meta":{"_gspb_post_css":""},"product_brand":[],"product_cat":[18],"product_tag":[1071,1411,1208,1412,1410,1400],"class_list":{"0":"post-4063","1":"product","2":"type-product","3":"status-publish","4":"has-post-thumbnail","6":"product_cat-sintered-metal-filters","7":"product_tag-corrosion-resistant-filter","8":"product_tag-industrial-ss-filter","9":"product_tag-reusable-metal-filter","10":"product_tag-sintered-filter-company","11":"product_tag-sintered-ss-filters","12":"product_tag-sintered-stainless-steel-filter","14":"first","15":"instock","16":"shipping-taxable","17":"product-type-simple"},"_links":{"self":[{"href":"https:\/\/lyfilter.com\/it\/wp-json\/wp\/v2\/product\/4063","targetHints":{"allow":["GET"]}}],"collection":[{"href":"https:\/\/lyfilter.com\/it\/wp-json\/wp\/v2\/product"}],"about":[{"href":"https:\/\/lyfilter.com\/it\/wp-json\/wp\/v2\/types\/product"}],"replies":[{"embeddable":true,"href":"https:\/\/lyfilter.com\/it\/wp-json\/wp\/v2\/comments?post=4063"}],"wp:featuredmedia":[{"embeddable":true,"href":"https:\/\/lyfilter.com\/it\/wp-json\/wp\/v2\/media\/4069"}],"wp:attachment":[{"href":"https:\/\/lyfilter.com\/it\/wp-json\/wp\/v2\/media?parent=4063"}],"wp:term":[{"taxonomy":"product_brand","embeddable":true,"href":"https:\/\/lyfilter.com\/it\/wp-json\/wp\/v2\/product_brand?post=4063"},{"taxonomy":"product_cat","embeddable":true,"href":"https:\/\/lyfilter.com\/it\/wp-json\/wp\/v2\/product_cat?post=4063"},{"taxonomy":"product_tag","embeddable":true,"href":"https:\/\/lyfilter.com\/it\/wp-json\/wp\/v2\/product_tag?post=4063"}],"curies":[{"name":"wp","href":"https:\/\/api.w.org\/{rel}","templated":true}]}}