{"id":4053,"date":"2026-04-03T08:09:52","date_gmt":"2026-04-03T08:09:52","guid":{"rendered":"https:\/\/lyfilter.com\/"},"modified":"2026-04-24T23:46:37","modified_gmt":"2026-04-24T23:46:37","slug":"sintered-stainless-steel-filter-oem-by-lvyuan-filter","status":"publish","type":"product","link":"https:\/\/lyfilter.com\/it\/sintered-stainless-steel-filter-oem-by-lvyuan-filter\/","title":{"rendered":"Filtro in acciaio inossidabile sinterizzato OEM da Lvyuan Filter"},"content":{"rendered":"<div class=\"J_module\">\n<div class=\"detail-decorate-json-renderer-container\">\n<div class=\"magic-0\">\n<h3 class=\"magic-1\" data-id=\"title0\">Plastica sinterizzata liquido cartuccia filtro industriale acqua reflua gas trattamento dell'aria<\/h3>\n<\/div>\n<\/div>\n<\/div>\n<div class=\"J_module\">\n<div class=\"detail-decorate-json-renderer-container\">\n<div class=\"magic-0\">\n<div class=\"magic-2\">\n<div class=\"magic-3\">\n<div class=\"magic-4\" data-id=\"paragraph0\">Lvyuan produce ampie gamme di\u00a0<a href=\"https:\/\/lyfilter.com\/it\/sintered-porous-plastic.html\/\">plastica porosa sinterizzata<\/a>\u00a0prodotti filtranti, tra cui PE poroso, HDPE, PTFE, PVDF, PA, Nylon 6, fibra di vetro con forme di tubo, asta, candela, foglio, piastra, disco, bastone ecc. Con vari tassi di filtrazione, forme e caratteristiche, le cartucce filtranti in plastica porosa sinterizzata sono ampiamente utilizzate nel trattamento delle acque, nell'ingegneria chimica, nel trattamento medico, nell'automobile, nella protezione ambientale e in altri settori, come il separatore di acqua e il silenziatore, il tester per la guida in stato di ebbrezza, il tappo cieco per il trattamento mediale, il dispositivo di filtraggio per sciroppo e grasso, le fette antideflagranti per la batteria industriale, le fette antiacido per la batteria dell'automobile, il trattamento delle acque reflue, il sistema di filtraggio per la depurazione delle acque e altro ancora. I filtri porosi sinterizzati Lvyuan possono soddisfare le esigenze di diversi clienti. Sono disponibili forme modellate su misura.<\/div>\n<\/div>\n<\/div>\n<\/div>\n<\/div>\n<\/div>\n<p>&nbsp;<\/p>\n<div class=\"J_module\">\n<div id=\"ali-anchor-AliMagic-9dmlpd\" class=\"magic-5\" data-section=\"AliMagic-9dmlpd\" data-section-title=\"Product Feature\">Caratteristiche del prodotto<\/div>\n<\/div>\n<div class=\"J_module\">\n<div class=\"detail-decorate-json-renderer-container\">\n<div class=\"magic-0\">\n<div class=\"magic-2\">\n<div class=\"magic-3\">\n<div class=\"magic-4\">1. Elevata porosit\u00e0 per garantire un flusso maggiore per unit\u00e0 di superficie; 2. Superficie esterna liscia, le impurit\u00e0 non aderiscono facilmente, il lavaggio posteriore \u00e8 facile e accurato; 3. Capacit\u00e0 anti-fouling: le piccole dimensioni del filtro fanno s\u00ec che le impurit\u00e0 non possano essere trattenute nel corpo del filtro; 4. Resistenza alla corrosione di acidi e alcali forti, resistenza ai solventi organici; 5. Eccellenti propriet\u00e0 meccaniche; 6. Nessun rilascio di particelle. 7. Ampia gamma di prodotti e ampio campo di applicazione<\/div>\n<\/div>\n<\/div>\n<\/div>\n<\/div>\n<\/div>","protected":false},"excerpt":{"rendered":"<table>\n<thead>\n<tr>\n<th>Articolo<\/th>\n<th>Valore<\/th>\n<th>Articolo<\/th>\n<th>Valore<\/th>\n<\/tr>\n<\/thead>\n<tbody>\n<tr>\n<td>Porta di partenza<\/td>\n<td>Guangzhou<\/td>\n<td>Pagamento<\/td>\n<td>T\/T; Alibaba Trade Assurance; PayPal (<a title=\"Trade Assurance protegge i vostri ordini di Alibaba.com\" href=\"https:\/\/tradeassurance.alibaba.com\/?utm_source=chatgpt.com\">tradeassurance.alibaba.com<\/a>)<\/td>\n<\/tr>\n<tr>\n<td>Tempi di consegna<\/td>\n<td>Entro 7 giorni lavorativi<\/td>\n<td>Marchio<\/td>\n<td>OEM\/Lvyuan<\/td>\n<\/tr>\n<\/tbody>\n<\/table>\n<table>\n<thead>\n<tr>\n<th>Articolo<\/th>\n<th>Valore<\/th>\n<th>Articolo<\/th>\n<th>Valore<\/th>\n<\/tr>\n<\/thead>\n<tbody>\n<tr>\n<td>Mezzi filtranti<\/td>\n<td>PE; HDPE; PTFE; PVDF; PA\/Nylon ecc.<\/td>\n<td>Tasso di micron<\/td>\n<td>0,2um; 0,5um; 1um; 3um; 5um; 10um; 25um; 30um; 50um; 75um; 100um; ecc.<\/td>\n<\/tr>\n<tr>\n<td>Dimensione di riferimento (mm)<\/td>\n<td>31x12x1000; 31x20x1000; 38x20x1000; 38x18x1000; 38x20x1200; 38x20x1300; 38x20x150; 38x20x400; 38x20x250; 38x20x200; 38x20x180; 38x20x150; 50x20x1000; 50x31x1000; 50x38x1000; 65x31x1000; 65x38x1000; 64x44x1000; 78x62x750mm; ecc.<\/td>\n<td>Tipo di connettore<\/td>\n<td>DOE; SOE; piatto; inserto; filettatura; 226; 222; 215; M36; M30; M27; M25; M22; M14; M12; o come da richiesta<\/td>\n<\/tr>\n<tr>\n<td>Temperatura massima di esercizio<\/td>\n<td>PE \u226482\u2103; PTFE \u2265200\u2103; PA \u2264120\u2103<\/td>\n<td><\/td>\n<td><\/td>\n<\/tr>\n<\/tbody>\n<\/table>","protected":false},"featured_media":4054,"comment_status":"open","ping_status":"closed","template":"","meta":{"_gspb_post_css":""},"product_brand":[],"product_cat":[24],"product_tag":[1071,1402,1399,1401,1403,1400],"class_list":{"0":"post-4053","1":"product","2":"type-product","3":"status-publish","4":"has-post-thumbnail","6":"product_cat-sintered-porous-plastic","7":"product_tag-corrosion-resistant-filter","8":"product_tag-industrial-metal-filter","9":"product_tag-lvyuan-sintered-stainless-steel-filter","10":"product_tag-oem-stainless-steel-filter","11":"product_tag-reusable-filtration-filter","12":"product_tag-sintered-stainless-steel-filter","14":"first","15":"instock","16":"shipping-taxable","17":"product-type-simple"},"_links":{"self":[{"href":"https:\/\/lyfilter.com\/it\/wp-json\/wp\/v2\/product\/4053","targetHints":{"allow":["GET"]}}],"collection":[{"href":"https:\/\/lyfilter.com\/it\/wp-json\/wp\/v2\/product"}],"about":[{"href":"https:\/\/lyfilter.com\/it\/wp-json\/wp\/v2\/types\/product"}],"replies":[{"embeddable":true,"href":"https:\/\/lyfilter.com\/it\/wp-json\/wp\/v2\/comments?post=4053"}],"wp:featuredmedia":[{"embeddable":true,"href":"https:\/\/lyfilter.com\/it\/wp-json\/wp\/v2\/media\/4054"}],"wp:attachment":[{"href":"https:\/\/lyfilter.com\/it\/wp-json\/wp\/v2\/media?parent=4053"}],"wp:term":[{"taxonomy":"product_brand","embeddable":true,"href":"https:\/\/lyfilter.com\/it\/wp-json\/wp\/v2\/product_brand?post=4053"},{"taxonomy":"product_cat","embeddable":true,"href":"https:\/\/lyfilter.com\/it\/wp-json\/wp\/v2\/product_cat?post=4053"},{"taxonomy":"product_tag","embeddable":true,"href":"https:\/\/lyfilter.com\/it\/wp-json\/wp\/v2\/product_tag?post=4053"}],"curies":[{"name":"wp","href":"https:\/\/api.w.org\/{rel}","templated":true}]}}