{"id":3994,"date":"2026-04-03T07:21:05","date_gmt":"2026-04-03T07:21:05","guid":{"rendered":"https:\/\/lyfilter.com\/"},"modified":"2026-05-08T01:28:01","modified_gmt":"2026-05-08T01:28:01","slug":"swing-bolts-single-bag-basket-type-industrial-water-filter-housing-with-stainless-steel-304-316l-material","status":"publish","type":"product","link":"https:\/\/lyfilter.com\/it\/swing-bolts-single-bag-basket-type-industrial-water-filter-housing-with-stainless-steel-304-316l-material\/","title":{"rendered":"I bulloni dell'oscillazione cestinano il tipo di alloggiamento industriale del filtro dell'acqua della singola borsa con il materiale dell'acciaio inossidabile 304 316L"},"content":{"rendered":"<p>Costruito per la filtrazione di liquidi industriali, questo alloggiamento del filtro dell'acqua a cestello a sacca singola utilizza bulloni oscillanti e acciaio inox 304 o 316L per garantire resistenza, flusso costante e facilit\u00e0 di manutenzione. Supporta un uso quotidiano affidabile in sistemi esigenti.<\/p>","protected":false},"excerpt":{"rendered":"<table>\n<thead>\n<tr>\n<th>Campo<\/th>\n<th>Valore<\/th>\n<\/tr>\n<\/thead>\n<tbody>\n<tr>\n<td>Industrie applicabili<\/td>\n<td>Alberghi, Negozi di abbigliamento, Negozi di materiali da costruzione, Impianti di produzione, Negozi di riparazione di macchinari, Fabbrica di alimenti e bevande, Aziende agricole, Ristoranti, Uso domestico, Vendita al dettaglio, Negozio di alimentari, Negozi di stampa, Lavori di costruzione, Energia e miniere, Negozi di alimenti e bevande, Azienda pubblicitaria<\/td>\n<\/tr>\n<tr>\n<td>Servizio post garanzia<\/td>\n<td>Assistenza online<\/td>\n<\/tr>\n<tr>\n<td>Sede del servizio locale<\/td>\n<td>nessuno<\/td>\n<\/tr>\n<tr>\n<td>Posizione dello showroom<\/td>\n<td>nessuno<\/td>\n<\/tr>\n<tr>\n<td>Luogo di origine<\/td>\n<td>Guangdong, Cina<\/td>\n<\/tr>\n<tr>\n<td>Nome del marchio<\/td>\n<td>Personalizzato<\/td>\n<\/tr>\n<tr>\n<td>Materiale<\/td>\n<td>Personalizzato, SS304 \/ SS316L<\/td>\n<\/tr>\n<tr>\n<td>Peso<\/td>\n<td>Personalizzato<\/td>\n<\/tr>\n<tr>\n<td>Dimensione<\/td>\n<td>Personalizzato<\/td>\n<\/tr>\n<tr>\n<td>Potenza<\/td>\n<td>0<\/td>\n<\/tr>\n<tr>\n<td>Garanzia<\/td>\n<td>1 anno<\/td>\n<\/tr>\n<tr>\n<td>Servizio post-vendita fornito<\/td>\n<td>Assistenza online<\/td>\n<\/tr>\n<tr>\n<td>Nome dell'articolo<\/td>\n<td>Alloggiamento del filtro dell'acqua industriale a sacchetto singolo<\/td>\n<\/tr>\n<tr>\n<td>Materiale del sacco filtrante<\/td>\n<td>SACCHETTO PE \/ SACCHETTO PP<\/td>\n<\/tr>\n<tr>\n<td>Quantit\u00e0 di filtri a sacco<\/td>\n<td>Alloggiamento del filtro a sacco singolo<\/td>\n<\/tr>\n<tr>\n<td>Trattamento della superficie<\/td>\n<td>Lucidato e sabbiato<\/td>\n<\/tr>\n<tr>\n<td>O-ring di tenuta<\/td>\n<td>Silastico \/ NBR \/ EPDM \/ Viton<\/td>\n<\/tr>\n<tr>\n<td>Tipo di tappo superiore installato<\/td>\n<td>Tipo a morsetto \/ tipo a bullone<\/td>\n<\/tr>\n<tr>\n<td>Tipo di ingresso e uscita<\/td>\n<td>Filettatura interna \/ Flangia<\/td>\n<\/tr>\n<tr>\n<td>Tipo di connettore<\/td>\n<td>222 \/ 226 \/ CERVO<\/td>\n<\/tr>\n<tr>\n<td>Metodo di imballaggio<\/td>\n<td>Scatola standard per l'esportazione<\/td>\n<\/tr>\n<tr>\n<td>Unit\u00e0 di vendita<\/td>\n<td>Articolo singolo<\/td>\n<\/tr>\n<tr>\n<td>Dimensione della confezione singola<\/td>\n<td>88X38X68 cm<\/td>\n<\/tr>\n<tr>\n<td>Peso lordo singolo<\/td>\n<td>68.000 kg<\/td>\n<\/tr>\n<tr>\n<td>Tipo di confezione<\/td>\n<td>Filtro industriale a cestello per acqua a sacchetto singolo con bulloni oscillanti e materiale in acciaio inox 304 316L: Imballaggio: Scatola standard di esportazione \/ Come richiesto<\/td>\n<\/tr>\n<tr>\n<td>Tempi di consegna<\/td>\n<td>Quantit\u00e0 (unit\u00e0): 1 - 10, Est. Tempo(giorni): 5; Quantit\u00e0(Unit\u00e0): 11 - 100, Est. Tempo(giorni): 10; Quantit\u00e0(Unit\u00e0): &gt;100, Est. Tempo(giorni): Da negoziare<\/td>\n<\/tr>\n<\/tbody>\n<\/table>","protected":false},"featured_media":3999,"comment_status":"open","ping_status":"closed","template":"","meta":{"_gspb_post_css":""},"product_brand":[],"product_cat":[15],"product_tag":[1357,1355,1354,1356,1358,1136],"class_list":{"0":"post-3994","1":"product","2":"type-product","3":"status-publish","4":"has-post-thumbnail","6":"product_cat-stainless-steel-filter-housing","7":"product_tag-316l-industrial-water-filter","8":"product_tag-basket-type-filter-housing","9":"product_tag-single-bag-filter-housing","10":"product_tag-stainless-steel-304-filter-housing","11":"product_tag-swing-bolts-filter-housing","12":"product_tag-water-filter-locks","14":"first","15":"instock","16":"shipping-taxable","17":"product-type-simple"},"_links":{"self":[{"href":"https:\/\/lyfilter.com\/it\/wp-json\/wp\/v2\/product\/3994","targetHints":{"allow":["GET"]}}],"collection":[{"href":"https:\/\/lyfilter.com\/it\/wp-json\/wp\/v2\/product"}],"about":[{"href":"https:\/\/lyfilter.com\/it\/wp-json\/wp\/v2\/types\/product"}],"replies":[{"embeddable":true,"href":"https:\/\/lyfilter.com\/it\/wp-json\/wp\/v2\/comments?post=3994"}],"wp:featuredmedia":[{"embeddable":true,"href":"https:\/\/lyfilter.com\/it\/wp-json\/wp\/v2\/media\/3999"}],"wp:attachment":[{"href":"https:\/\/lyfilter.com\/it\/wp-json\/wp\/v2\/media?parent=3994"}],"wp:term":[{"taxonomy":"product_brand","embeddable":true,"href":"https:\/\/lyfilter.com\/it\/wp-json\/wp\/v2\/product_brand?post=3994"},{"taxonomy":"product_cat","embeddable":true,"href":"https:\/\/lyfilter.com\/it\/wp-json\/wp\/v2\/product_cat?post=3994"},{"taxonomy":"product_tag","embeddable":true,"href":"https:\/\/lyfilter.com\/it\/wp-json\/wp\/v2\/product_tag?post=3994"}],"curies":[{"name":"wp","href":"https:\/\/api.w.org\/{rel}","templated":true}]}}