{"id":3960,"date":"2026-04-03T07:06:43","date_gmt":"2026-04-03T07:06:43","guid":{"rendered":"https:\/\/lyfilter.com\/"},"modified":"2026-04-03T07:06:43","modified_gmt":"2026-04-03T07:06:43","slug":"factory-customization-4-5-8-sintered-activated-carbon-filter-for-refrigerator-spare-parts-filter-element","status":"publish","type":"product","link":"https:\/\/lyfilter.com\/it\/factory-customization-4-5-8-sintered-activated-carbon-filter-for-refrigerator-spare-parts-filter-element\/","title":{"rendered":"Personalizzazione della fabbrica 4\u2033 5\u2033 8\u2033 filtro a carbone attivo sinterizzato per l'elemento filtrante dei pezzi di ricambio del frigorifero"},"content":{"rendered":"<p>Costruito per il filtraggio dei frigoriferi, questo elemento filtrante a carboni attivi sinterizzati aiuta a ridurre gli odori e le impurit\u00e0 mantenendo l'acqua fresca. Con opzioni da 4, 5 e 8 pollici, offre un pratico adattamento per una facile sostituzione.<\/p>","protected":false},"excerpt":{"rendered":"<table>\n<thead>\n<tr>\n<th>Campo<\/th>\n<th>Valore<\/th>\n<\/tr>\n<\/thead>\n<tbody>\n<tr>\n<td>Luogo di origine<\/td>\n<td>Guangdong, Cina<\/td>\n<\/tr>\n<tr>\n<td>Nome del marchio<\/td>\n<td>OEM\/LVYUAN<\/td>\n<\/tr>\n<tr>\n<td>Materiale<\/td>\n<td>CARBONE, Carbone di cocco attivo sinterizzato<\/td>\n<\/tr>\n<tr>\n<td>Peso<\/td>\n<td>200<\/td>\n<\/tr>\n<tr>\n<td>Dimensione<\/td>\n<td>68x28x250 mm<\/td>\n<\/tr>\n<tr>\n<td>Potenza<\/td>\n<td>0<\/td>\n<\/tr>\n<tr>\n<td>Garanzia<\/td>\n<td>Non disponibile<\/td>\n<\/tr>\n<tr>\n<td>Nome del prodotto<\/td>\n<td>Filtro a carbone attivo sinterizzato di personalizzazione della fabbrica<\/td>\n<\/tr>\n<tr>\n<td>Servizio post-vendita fornito<\/td>\n<td>Assistenza online, Assistenza online<\/td>\n<\/tr>\n<tr>\n<td>Certificazione<\/td>\n<td>SGS\/ISO<\/td>\n<\/tr>\n<tr>\n<td>Lunghezza<\/td>\n<td>10-1050 mm<\/td>\n<\/tr>\n<tr>\n<td>OD<\/td>\n<td>14-121 mm<\/td>\n<\/tr>\n<tr>\n<td>ID<\/td>\n<td>6-50 mm<\/td>\n<\/tr>\n<tr>\n<td>Tasso di micron<\/td>\n<td>0,5-20um<\/td>\n<\/tr>\n<tr>\n<td>Valore dello iodio<\/td>\n<td>fino a 1000<\/td>\n<\/tr>\n<tr>\n<td>Portata<\/td>\n<td>\u2264300L\/h<\/td>\n<\/tr>\n<tr>\n<td>Unit\u00e0 di vendita<\/td>\n<td>Articolo singolo<\/td>\n<\/tr>\n<tr>\n<td>Dimensione della confezione singola<\/td>\n<td>6,5X2,8X25 cm<\/td>\n<\/tr>\n<tr>\n<td>Peso lordo singolo<\/td>\n<td>0,200 kg<\/td>\n<\/tr>\n<tr>\n<td>Tipo di confezione<\/td>\n<td>53x33x33cm, 64x33x33cm<\/td>\n<\/tr>\n<tr>\n<td>Tempi di consegna<\/td>\n<td>Quantit\u00e0 (pezzi): 1 - 100, Est. Tempo(giorni): 3; Quantit\u00e0(Pezzi): 101 - 500, Est. Tempo(giorni): 5; Quantit\u00e0(Pezzi): 501 - 1000, Est. Tempo(giorni): 7; Quantit\u00e0(Pezzi): &gt;1000, Est. Tempo(giorni): Da negoziare<\/td>\n<\/tr>\n<\/tbody>\n<\/table>","protected":false},"featured_media":3965,"comment_status":"open","ping_status":"closed","template":"","meta":{"_gspb_post_css":""},"product_brand":[],"product_cat":[1339],"product_tag":[1343,1342,1341,1162,1340,1136],"class_list":{"0":"post-3960","1":"product","2":"type-product","3":"status-publish","4":"has-post-thumbnail","6":"product_cat-carbon-filter","7":"product_tag-custom-carbon-filter","8":"product_tag-refrigerator-filter-element","9":"product_tag-refrigerator-spare-parts-filter","10":"product_tag-replacement-water-filter","11":"product_tag-sintered-activated-carbon-filter","12":"product_tag-water-filter-locks","14":"first","15":"instock","16":"shipping-taxable","17":"product-type-simple"},"_links":{"self":[{"href":"https:\/\/lyfilter.com\/it\/wp-json\/wp\/v2\/product\/3960","targetHints":{"allow":["GET"]}}],"collection":[{"href":"https:\/\/lyfilter.com\/it\/wp-json\/wp\/v2\/product"}],"about":[{"href":"https:\/\/lyfilter.com\/it\/wp-json\/wp\/v2\/types\/product"}],"replies":[{"embeddable":true,"href":"https:\/\/lyfilter.com\/it\/wp-json\/wp\/v2\/comments?post=3960"}],"wp:featuredmedia":[{"embeddable":true,"href":"https:\/\/lyfilter.com\/it\/wp-json\/wp\/v2\/media\/3965"}],"wp:attachment":[{"href":"https:\/\/lyfilter.com\/it\/wp-json\/wp\/v2\/media?parent=3960"}],"wp:term":[{"taxonomy":"product_brand","embeddable":true,"href":"https:\/\/lyfilter.com\/it\/wp-json\/wp\/v2\/product_brand?post=3960"},{"taxonomy":"product_cat","embeddable":true,"href":"https:\/\/lyfilter.com\/it\/wp-json\/wp\/v2\/product_cat?post=3960"},{"taxonomy":"product_tag","embeddable":true,"href":"https:\/\/lyfilter.com\/it\/wp-json\/wp\/v2\/product_tag?post=3960"}],"curies":[{"name":"wp","href":"https:\/\/api.w.org\/{rel}","templated":true}]}}