{"id":3915,"date":"2026-04-03T06:26:10","date_gmt":"2026-04-03T06:26:10","guid":{"rendered":"https:\/\/lyfilter.com\/"},"modified":"2026-05-08T01:22:03","modified_gmt":"2026-05-08T01:22:03","slug":"lvyuan-hot-sale-commercial-ro-plant-supplier-wholesale-for-industry","status":"publish","type":"product","link":"https:\/\/lyfilter.com\/it\/lvyuan-hot-sale-commercial-ro-plant-supplier-wholesale-for-industry\/","title":{"rendered":"Lvyuan vendita calda commerciale RO impianto fornitore all'ingrosso per l'industria"},"content":{"rendered":"<p>1.Tessile, industria chimica, acqua di processo\/acqua chimica riciclata, prodotti chimici<\/p>\n<p>&nbsp;<\/p>\n<p>produzione depurazione e preparazione dell'acqua ;<\/p>\n<p>&nbsp;<\/p>\n<p>2.Acqua industriale per alimenti e bevande, acqua potabile purificata, bevande, birra,<\/p>\n<p>&nbsp;<\/p>\n<p>liquori, prodotti per la salute come la purificazione e la preparazione dell'acqua;<\/p>\n<p>&nbsp;<\/p>\n<p>3.Acqua di mare, isole di desalinizzazione dell'acqua salmastra, navi, piattaforme di perforazione offshore,<\/p>\n<p>&nbsp;<\/p>\n<p>aree di acqua salmastra<\/p>\n<p>&nbsp;<\/p>\n<p>4.Comunit\u00e0 pi\u00f9 grandi, propriet\u00e0 immobiliari, scuole, fabbriche, ospedali e ristoranti,<\/p>\n<p>&nbsp;<\/p>\n<p>alberghi, saloni di bellezza, mense e altri tipi di imprese e istituzioni.<\/p>\n<p>&nbsp;<\/p>\n<p>5.Circuiti integrati, wafer di silicio, tubi di visualizzazione e altri componenti elettronici di<\/p>\n<p>&nbsp;<\/p>\n<p>acqua industriale elettronica acqua di risciacquo<\/p>\n<p>&nbsp;<\/p>\n<p>6.Can essere utilizzato per il riempimento di acqua in bottiglia, acqua minerale e altri lavori di preparazione<\/p>\n<p>&nbsp;<\/p>","protected":false},"excerpt":{"rendered":"<table>\n<thead>\n<tr>\n<th>Campo<\/th>\n<th>Valore<\/th>\n<\/tr>\n<\/thead>\n<tbody>\n<tr>\n<td>Industrie applicabili<\/td>\n<td>Aziende agricole, lavori di costruzione, negozi di alimentari e bevande<\/td>\n<\/tr>\n<tr>\n<td>Servizio post garanzia<\/td>\n<td>Assistenza online<\/td>\n<\/tr>\n<tr>\n<td>Sede del servizio locale<\/td>\n<td>nessuno<\/td>\n<\/tr>\n<tr>\n<td>Posizione dello showroom<\/td>\n<td>nessuno<\/td>\n<\/tr>\n<tr>\n<td>Video uscita-ispezione<\/td>\n<td>Fornito<\/td>\n<\/tr>\n<tr>\n<td>Rapporto di prova del macchinario<\/td>\n<td>Non disponibile<\/td>\n<\/tr>\n<tr>\n<td>Tipo di marketing<\/td>\n<td>Prodotto ordinario<\/td>\n<\/tr>\n<tr>\n<td>Garanzia dei componenti principali<\/td>\n<td>1 anno<\/td>\n<\/tr>\n<tr>\n<td>Componenti principali<\/td>\n<td>Recipiente a pressione, pompa, motore<\/td>\n<\/tr>\n<tr>\n<td>Luogo di origine<\/td>\n<td>Guangdong, Cina<\/td>\n<\/tr>\n<tr>\n<td>Nome del marchio<\/td>\n<td>Guangzhou Lvyuan<\/td>\n<\/tr>\n<tr>\n<td>Garanzia<\/td>\n<td>1 anno<\/td>\n<\/tr>\n<tr>\n<td>Servizio post-vendita fornito<\/td>\n<td>Assistenza online<\/td>\n<\/tr>\n<tr>\n<td>Articolo 1<\/td>\n<td>sistema di trattamento dell'acqua di mare<\/td>\n<\/tr>\n<tr>\n<td>Voce 2<\/td>\n<td>Valvola di controllo automatica o manuale<\/td>\n<\/tr>\n<tr>\n<td>Articolo 3<\/td>\n<td>Serbatoio in FRP o acciaio inox<\/td>\n<\/tr>\n<tr>\n<td>Articolo 4<\/td>\n<td>Membrana RO di buona qualit\u00e0<\/td>\n<\/tr>\n<tr>\n<td>Voce 5<\/td>\n<td>Portata 1000LPH<\/td>\n<\/tr>\n<tr>\n<td>Voce 6<\/td>\n<td>impianto di trattamento dell'acqua potabile<\/td>\n<\/tr>\n<tr>\n<td>Voce 7<\/td>\n<td>Lampada UV<\/td>\n<\/tr>\n<tr>\n<td>Voce 8<\/td>\n<td>Sistema EDI<\/td>\n<\/tr>\n<tr>\n<td>Voce 9<\/td>\n<td>Materiale del tubo in acciaio inox<\/td>\n<\/tr>\n<tr>\n<td>pacchetto<\/td>\n<td>scatola di legno o cornice di legno<\/td>\n<\/tr>\n<tr>\n<td>Capacit\u00e0 di approvvigionamento<\/td>\n<td>5 pezzi al mese<\/td>\n<\/tr>\n<\/tbody>\n<\/table>","protected":false},"featured_media":3916,"comment_status":"open","ping_status":"closed","template":"","meta":{"_gspb_post_css":""},"product_brand":[],"product_cat":[15],"product_tag":[1312,1310,1309,1313,1136,1311],"class_list":{"0":"post-3915","1":"product","2":"type-product","3":"status-publish","4":"has-post-thumbnail","6":"product_cat-stainless-steel-filter-housing","7":"product_tag-commercial-water-purification-plant","8":"product_tag-industrial-ro-water-system","9":"product_tag-lvyuan-commercial-ro-plant","10":"product_tag-reverse-osmosis-treatment-system","11":"product_tag-water-filter-locks","12":"product_tag-wholesale-ro-plant-supplier","14":"first","15":"instock","16":"shipping-taxable","17":"product-type-simple"},"_links":{"self":[{"href":"https:\/\/lyfilter.com\/it\/wp-json\/wp\/v2\/product\/3915","targetHints":{"allow":["GET"]}}],"collection":[{"href":"https:\/\/lyfilter.com\/it\/wp-json\/wp\/v2\/product"}],"about":[{"href":"https:\/\/lyfilter.com\/it\/wp-json\/wp\/v2\/types\/product"}],"replies":[{"embeddable":true,"href":"https:\/\/lyfilter.com\/it\/wp-json\/wp\/v2\/comments?post=3915"}],"wp:featuredmedia":[{"embeddable":true,"href":"https:\/\/lyfilter.com\/it\/wp-json\/wp\/v2\/media\/3916"}],"wp:attachment":[{"href":"https:\/\/lyfilter.com\/it\/wp-json\/wp\/v2\/media?parent=3915"}],"wp:term":[{"taxonomy":"product_brand","embeddable":true,"href":"https:\/\/lyfilter.com\/it\/wp-json\/wp\/v2\/product_brand?post=3915"},{"taxonomy":"product_cat","embeddable":true,"href":"https:\/\/lyfilter.com\/it\/wp-json\/wp\/v2\/product_cat?post=3915"},{"taxonomy":"product_tag","embeddable":true,"href":"https:\/\/lyfilter.com\/it\/wp-json\/wp\/v2\/product_tag?post=3915"}],"curies":[{"name":"wp","href":"https:\/\/api.w.org\/{rel}","templated":true}]}}